{"id":706,"date":"2024-09-04T15:15:21","date_gmt":"2024-09-04T13:15:21","guid":{"rendered":"https:\/\/lbs.dk\/cnvshf\/?page_id=706"},"modified":"2026-01-19T08:18:12","modified_gmt":"2026-01-19T07:18:12","slug":"taxes-vat","status":"publish","type":"page","link":"https:\/\/canvashifi.com\/cz\/support\/taxes-vat\/","title":{"rendered":"Dan\u011b \/ DPH"},"content":{"rendered":"<section class=\"ct-section\" style=\"color:#ffffff; background-color:rgb(0,0,0)\">\n\t\t<div class=\"ct-section-inner-wrap\">\n\t\t\t<div id=\"le_fulltext_wrapper-block_27e93699e8e29ef41d872ec1977a90d4\" class=\"le_section le_fulltext\">\n\t\t\t\t\t\t\t\t\t\t<div class=\"le_fulltext_first le_w50 le_ta_left\">\n\t\t\t\t\t\t\t<p class=\"bold\"><strong>Dovoz a dan\u011b<\/strong><\/p>\n<h1>Celosv\u011btov\u00e1 jednoduchost - v\u0161e zaji\u0161t\u011bno, \u017e\u00e1dn\u00e1 p\u0159ekvapen\u00ed!<\/h1>\n<p translate=\"no\">M\u00e1me sklady v EU. Pokud nejste v EU, v\u00fdrobek se dov\u00e1\u017e\u00ed na va\u0161e jm\u00e9no. Obdr\u017e\u00edte dovozn\u00ed \u00fa\u010det zahrnuj\u00edc\u00ed ve\u0161ker\u00e9 m\u00edstn\u00ed dan\u011b a cla, kter\u00e9 budete muset zpo\u010d\u00e1tku zaplatit. Nab\u00edz\u00edme v\u0161ak, \u017ee v\u00e1m je proplat\u00edme. Sta\u010d\u00ed, kdy\u017e n\u00e1m nap\u00ed\u0161ete na e-mailovou adresu: <a title=\"mailto:hello@canvashifi.com\" href=\"mailto:hello@canvashifi.com\">hello@canvashifi.com<\/a> s p\u0159ilo\u017een\u00fdm \u010d\u00edslem objedn\u00e1vky a obr\u00e1zkem dovozn\u00edho dokladu. \u010c\u00e1stku pot\u00e9 p\u0159evedeme na kreditn\u00ed\/debetn\u00ed kartu pou\u017eitou p\u0159i n\u00e1kupu.<\/p>\n\t\t\t\t\t\t\t\t<a href=\"\/cz\/support\/contact\/\" class=\"le_btn le_btn_trans_w\">Kontaktujte n\u00e1s<\/a>\n\t\t\t\t\t\t\t\t\t\t\t\t\t<\/div>\n\t\t\t\t\t\t\t\t<\/div>\n\t\t<\/div>\n\t<\/section>\n\n\n\t<section class=\"ct-section\" style=\"color:#ffffff; background-color:rgb(0,0,0)\">\n\t\t<div class=\"ct-section-inner-wrap\">\n\t\t\t<div id=\"le_fulltext_wrapper-block_155bb93d7adbd8ec344bb0207e4988d4\" class=\"le_section le_fulltext\">\n\t\t\t\t\t\t\t\t\t\t<div class=\"le_fulltext_first le_w50 le_ta_left\">\n\t\t\t\t\t\t\t<h2>Jak to funguje?<\/h2>\n<p>M\u00e1me sklady v EU a USA, tak\u017ee n\u00e1kup CANVAS je stejn\u00fd jako objedn\u00e1vka v jak\u00e9mkoli dom\u00e1c\u00edm internetov\u00e9m obchod\u011b. Pokud se nenach\u00e1z\u00edte v EU ani v USA, je v\u00fdrobek dovezen na va\u0161e jm\u00e9no. Obdr\u017e\u00edte dovozn\u00ed \u00fa\u010det zahrnuj\u00edc\u00ed ve\u0161ker\u00e9 m\u00edstn\u00ed dan\u011b a cla, kter\u00e9 budete muset zpo\u010d\u00e1tku zaplatit. Nab\u00edz\u00edme v\u0161ak, \u017ee v\u00e1m je proplat\u00edme. Sta\u010d\u00ed, kdy\u017e n\u00e1m nap\u00ed\u0161ete na e-mailovou adresu: <a href=\"mailto:hello@canvashifi.com\">hello@canvashifi.com<\/a> s p\u0159ilo\u017een\u00fdm \u010d\u00edslem objedn\u00e1vky a obr\u00e1zkem dovozn\u00edho dokladu. \u010c\u00e1stku pot\u00e9 p\u0159evedeme na kreditn\u00ed\/debetn\u00ed kartu pou\u017eitou p\u0159i n\u00e1kupu.<\/p>\n<p>&nbsp;<\/p>\n<p><strong>Bohu\u017eel, a\u010dkoli do t\u011bchto oblast\u00ed a zem\u00ed z\u00e1silky zas\u00edl\u00e1me, nem\u016f\u017eeme hradit dovozn\u00ed n\u00e1klady:<\/strong><\/p>\n<ul>\n<li>Afrika<\/li>\n<li>St\u0159edn\u00ed a Ji\u017en\u00ed Amerika<\/li>\n<li>Banglad\u00e9\u0161<\/li>\n<li>Indie<\/li>\n<li>Indon\u00e9sie<\/li>\n<li>Izrael<\/li>\n<li>Malajsie<\/li>\n<li>Filip\u00edny<\/li>\n<li>Rusko (n\u00e1kup nen\u00ed mo\u017en\u00fd)<\/li>\n<li>Srbsko<\/li>\n<li>Ji\u017en\u00ed Korea<\/li>\n<li>Krocan<\/li>\n<li>Spojen\u00e9 st\u00e1ty americk\u00e9<\/li>\n<li>Kanada<\/li>\n<\/ul>\n<p>Pros\u00edm, <a href=\"\/cz\/support\/contact\/\">po\u0161lete n\u00e1m e-mail<\/a> dal\u0161\u00ed informace.<\/p>\n\t\t\t\t\t\t<\/div>\n\t\t\t\t\t\t\t\t<\/div>\n\t\t<\/div>\n\t<\/section>","protected":false},"excerpt":{"rendered":"","protected":false},"author":1,"featured_media":0,"parent":1524,"menu_order":0,"comment_status":"closed","ping_status":"closed","template":"","meta":{"_acf_changed":false,"footnotes":""},"class_list":["post-706","page","type-page","status-publish","hentry"],"acf":[],"_links":{"self":[{"href":"https:\/\/canvashifi.com\/cz\/wp-json\/wp\/v2\/pages\/706","targetHints":{"allow":["GET"]}}],"collection":[{"href":"https:\/\/canvashifi.com\/cz\/wp-json\/wp\/v2\/pages"}],"about":[{"href":"https:\/\/canvashifi.com\/cz\/wp-json\/wp\/v2\/types\/page"}],"author":[{"embeddable":true,"href":"https:\/\/canvashifi.com\/cz\/wp-json\/wp\/v2\/users\/1"}],"replies":[{"embeddable":true,"href":"https:\/\/canvashifi.com\/cz\/wp-json\/wp\/v2\/comments?post=706"}],"version-history":[{"count":0,"href":"https:\/\/canvashifi.com\/cz\/wp-json\/wp\/v2\/pages\/706\/revisions"}],"up":[{"embeddable":true,"href":"https:\/\/canvashifi.com\/cz\/wp-json\/wp\/v2\/pages\/1524"}],"wp:attachment":[{"href":"https:\/\/canvashifi.com\/cz\/wp-json\/wp\/v2\/media?parent=706"}],"curies":[{"name":"wp","href":"https:\/\/api.w.org\/{rel}","templated":true}]}}