{"id":9489,"date":"2026-04-24T10:41:02","date_gmt":"2026-04-24T08:41:02","guid":{"rendered":"https:\/\/canvashifi.com\/?page_id=9489"},"modified":"2026-04-24T10:49:21","modified_gmt":"2026-04-24T08:49:21","slug":"the-swivel-stand-installation-manual","status":"publish","type":"page","link":"https:\/\/canvashifi.com\/cz\/the-swivel-stand-installation-manual\/","title":{"rendered":"The Swivel Stand - Installation\u00a0manual"},"content":{"rendered":"<section id=\"hero-block_8750c4fe3bb217814d36133981dfa51d\" class=\"hero h-height-xs h-mheight-xl c_width_l heading_xl\" style=\"--txt-color: rgb(10,10,10); --bg-color: #bcbdc0; --overlay-opacity: 0%\">\n        \n        <div class=\"hero__overlay\"><\/div>\n\n        <div class=\"ct-section-inner-wrap hero__content c-position_mc a_txt_center\">\n                            <div class=\"element__subheading\">Pokyny k instalaci<\/div>\n                                        <h1 class=\"element__heading\"><p>OTO\u010cN\u00dd STOJAN<\/p>\n<\/h1>\n            \n            \n                    <\/div>\n    <\/section>\n    \n\n\t<section id=\"text-media-block_ddee43649f040834b03b917fc088c44c\" class=\"text-media heading_s medie-right media-6-cols\" style=\"--txt-color: #000000; --bg-color: #FFFFFF\">\n\t\t<div class=\"text-media__inner a_txt_left text_first no_heading ct-section-inner-wrap\">\n\t\t\t<div class=\"text-media__text\" style=\"grid-column: span 6\">\n\t\t\t\t\n\t\t\t\t\t\t\t\t\t<div class=\"element__text\"><p>V n\u00e1sleduj\u00edc\u00edch 6 kroc\u00edch p\u0159ipoj\u00edte <strong data-start=\"48\" data-end=\"66\">Oto\u010dn\u00fd stojan<\/strong> bezpe\u010dn\u011b p\u0159ipojit k reproduktoru CANVAS a zajistit tak p\u0159esnou a bezprobl\u00e9movou instalaci.<\/p>\n<p>&nbsp;<\/p>\n<p><strong>Sou\u010d\u00e1sti v krabici:<\/strong><\/p>\n<ul>\n<li>1 ks. Kulat\u00e1 ocelov\u00e1 z\u00e1kladna<\/li>\n<li>1 ks. Podp\u011brn\u00fd sloupek<\/li>\n<li>1 ks. Oto\u010dn\u00fd kloub<\/li>\n<li>1 pct. Mont\u00e1\u017en\u00ed dr\u017e\u00e1k<\/li>\n<li>2 ks. Upev\u0148ovac\u00ed \u0161rouby<\/li>\n<\/ul>\n<\/div>\n\t\t\t\t\n\t\t\t\t\t\t\t<\/div>\n\n\t\t\t<div class=\"text-media__media\" style=\"grid-column: span 6\">\n\t\t\t\t\t\t\t\t\t<img decoding=\"async\" src=\"https:\/\/6kutttnx.photoncache.com\/wp-content\/uploads\/sites\/5\/2026\/04\/Inhold-1024x641.jpg\" alt=\"\" \/>\n\t\t\t\t\t\t\t<\/div>\n\t\t<\/div>\n\t<\/section>\n\t\n\n    <section id=\"hero-block_aadbea44893910f9512a694ec10589a4\" class=\"hero h-height-xs h-mheight-l c_width_full heading_xl\" style=\"--txt-color: rgb(10,10,10); --bg-color: #bcbdc0; --overlay-opacity: 0%\">\n        \n        <div class=\"hero__overlay\"><\/div>\n\n        <div class=\"ct-section-inner-wrap hero__content c-position_mc a_txt_center\">\n                                        <h2 class=\"element__heading\"><p>Krok 1 ze 4<\/p>\n<\/h2>\n            \n                            <div class=\"element__text content-size-content_s\">\n                    <p>Mont\u00e1\u017e stojanu<\/p>\n                <\/div>\n            \n                    <\/div>\n    <\/section>\n    \n\n\t<section id=\"text-media-block_82acfa66ed2d8987474a5dfb7a8f66e3\" class=\"text-media heading_s medie-right media-6-cols\" style=\"--txt-color: #000000; --bg-color: #FFFFFF\">\n\t\t<div class=\"text-media__inner a_txt_left text_first  ct-section-inner-wrap\">\n\t\t\t<div class=\"text-media__text\" style=\"grid-column: span 6\">\n\t\t\t\t\t\t\t\t\t<h3 class=\"element__heading\">Mont\u00e1\u017e stojanu<\/h3>\n\t\t\t\t\n\t\t\t\t\t\t\t\t\t<div class=\"element__text\"><div>P\u0159ipevn\u011bte st\u0159edovou ty\u010d ke kulat\u00e9mu podstavci.<\/div>\n<div>Pot\u00e9 na sloup namontujte modul pro nastaven\u00ed ot\u00e1\u010den\u00ed a v\u00fd\u0161ky a naho\u0159e mont\u00e1\u017en\u00ed konzolu CANVAS.<\/div>\n<p><h6><span style=\"color: #ff0000;\">D\u016fle\u017eit\u00e9:<\/span><\/h6>\n<div><span style=\"color: #ff0000;\">P\u0159ed mont\u00e1\u017e\u00ed modulu ot\u00e1\u010den\u00ed se ujist\u011bte, \u017ee je p\u0159edn\u00ed omezovac\u00ed \u0161roub ot\u00e1\u010den\u00ed na st\u0159edov\u00e9m p\u00f3lu uta\u017een tak, aby byl v jedn\u00e9 rovin\u011b s p\u0159edn\u00ed \u010d\u00e1st\u00ed p\u00f3l\u016f.<\/span><\/div>\n<div><span style=\"color: #ff0000;\">Pokud nen\u00ed \u0161roub propl\u00e1chnut\u00fd, nemus\u00ed rota\u010dn\u00ed modul zcela dosednout na m\u00edsto, co\u017e m\u016f\u017ee m\u00edt vliv na stabilitu a p\u0159edn\u00ed omezova\u010d ot\u00e1\u010den\u00ed.<\/span><\/div>\n<div><\/div>\n<p><div>Pevn\u011b ut\u00e1hn\u011bte v\u0161echny \u0161rouby a zajist\u011bte jejich bezpe\u010dnost, ani\u017e byste je p\u0159\u00edli\u0161 utahovali.<\/div>\n<\/div>\n\t\t\t\t\n\t\t\t\t\t\t\t<\/div>\n\n\t\t\t<div class=\"text-media__media\" style=\"grid-column: span 6\">\n\t\t\t\t\t\t\t\t\t<img decoding=\"async\" src=\"https:\/\/6kutttnx.photoncache.com\/wp-content\/uploads\/sites\/5\/2026\/04\/Step2-1024x641.jpg\" alt=\"\" \/>\n\t\t\t\t\t\t\t<\/div>\n\t\t<\/div>\n\t<\/section>\n\t\n\n    <section id=\"hero-block_ed9f64514a0fb143a367f6446dc62061\" class=\"hero h-height-xs h-mheight-l c_width_full heading_xl\" style=\"--txt-color: rgb(10,10,10); --bg-color: #bcbdc0; --overlay-opacity: 0%\">\n        \n        <div class=\"hero__overlay\"><\/div>\n\n        <div class=\"ct-section-inner-wrap hero__content c-position_mc a_txt_center\">\n                                        <h2 class=\"element__heading\"><p>Krok 2 ze 4<\/p>\n<\/h2>\n            \n                            <div class=\"element__text content-size-content_s\">\n                    <p>Ur\u010den\u00ed v\u00fd\u0161ky porostu<\/p>\n                <\/div>\n            \n                    <\/div>\n    <\/section>\n    \n\n\t<section id=\"text-media-block_70d518f7e5e260ac07abbc027703e919\" class=\"text-media heading_s medie-right media-6-cols\" style=\"--txt-color: #000000; --bg-color: #FFFFFF\">\n\t\t<div class=\"text-media__inner a_txt_left text_first  ct-section-inner-wrap\">\n\t\t\t<div class=\"text-media__text\" style=\"grid-column: span 6\">\n\t\t\t\t\t\t\t\t\t<h3 class=\"element__heading\">Ur\u010den\u00ed v\u00fd\u0161ky porostu<\/h3>\n\t\t\t\t\n\t\t\t\t\t\t\t\t\t<div class=\"element__text\"><div>Stojan m\u00e1 t\u0159i p\u0159ednastaven\u00e9 v\u00fd\u0161kov\u00e9 polohy:<\/div>\n<div>80 mm, 150 mm a 230 mm<\/div>\n<div><\/div>\n<div>(m\u011b\u0159eno od podlahy ke spodn\u00ed \u010d\u00e1sti CANVAS).<\/div>\n<\/div>\n\t\t\t\t\n\t\t\t\t\t\t\t<\/div>\n\n\t\t\t<div class=\"text-media__media\" style=\"grid-column: span 6\">\n\t\t\t\t\t\t\t\t\t<img decoding=\"async\" src=\"https:\/\/6kutttnx.photoncache.com\/wp-content\/uploads\/sites\/5\/2026\/04\/step3-1024x892.jpg\" alt=\"\" \/>\n\t\t\t\t\t\t\t<\/div>\n\t\t<\/div>\n\t<\/section>\n\t\n\n\t<section id=\"text-media-block_f788170258658d93841de1e9dd324bfd\" class=\"text-media heading_m medie-left media-6-cols\" style=\"--txt-color: #000000; --bg-color: #FFFFFF\">\n\t\t<div class=\"text-media__inner a_txt_left text_first no_heading ct-section-inner-wrap\">\n\t\t\t<div class=\"text-media__text\" style=\"grid-column: span 6\">\n\t\t\t\t\n\t\t\t\t\t\t\t\t\t<div class=\"element__text\"><p data-start=\"639\" data-end=\"884\">Povolte \u010dty\u0159i zaji\u0161\u0165ovac\u00ed \u0161rouby na st\u0159edov\u00e9m dr\u017e\u00e1ku ty\u010de, nastavte stojan do po\u017eadovan\u00e9 v\u00fd\u0161ky a pot\u00e9 \u0161rouby pevn\u011b ut\u00e1hn\u011bte, abyste zajistili polohu na m\u00edst\u011b.<\/p>\n<p data-start=\"639\" data-end=\"884\">Vy\u0161roubujte p\u0159edn\u00ed omezovac\u00ed \u0161roub ot\u00e1\u010den\u00ed v dr\u017e\u00e1ku a vyzkou\u0161ejte, zda blokuje ot\u00e1\u010den\u00ed dr\u017e\u00e1ku o v\u00edce ne\u017e 45\u00b0.<\/p>\n<\/div>\n\t\t\t\t\n\t\t\t\t\t\t\t<\/div>\n\n\t\t\t<div class=\"text-media__media\" style=\"grid-column: span 6\">\n\t\t\t\t\t\t\t\t\t<img decoding=\"async\" src=\"https:\/\/6kutttnx.photoncache.com\/wp-content\/uploads\/sites\/5\/2026\/04\/step3.2-1024x892.jpg\" alt=\"\" \/>\n\t\t\t\t\t\t\t<\/div>\n\t\t<\/div>\n\t<\/section>\n\t\n\n    <section id=\"hero-block_112c5aedaa9e22cc267af495f2a0d2c5\" class=\"hero h-height-xs h-mheight-l c_width_full heading_xl\" style=\"--txt-color: rgb(10,10,10); --bg-color: #bcbdc0; --overlay-opacity: 0%\">\n        \n        <div class=\"hero__overlay\"><\/div>\n\n        <div class=\"ct-section-inner-wrap hero__content c-position_mc a_txt_center\">\n                                        <h2 class=\"element__heading\"><p>Krok 3 ze 4<\/p>\n<\/h2>\n            \n                            <div class=\"element__text content-size-content_s\">\n                    <p>Mont\u00e1\u017e CANVAS na stojan<\/p>\n                <\/div>\n            \n                    <\/div>\n    <\/section>\n    \n\n\t<section id=\"text-media-block_b406afe319e43c9ded2885ba6c97a1c7\" class=\"text-media heading_m medie-right media-6-cols\" style=\"--txt-color: #000000; --bg-color: #FFFFFF\">\n\t\t<div class=\"text-media__inner rp_bottom a_txt_left text_first  ct-section-inner-wrap\">\n\t\t\t<div class=\"text-media__text\" style=\"grid-column: span 6\">\n\t\t\t\t\t\t\t\t\t<h3 class=\"element__heading\">Mont\u00e1\u017e CANVAS na stojan<\/h3>\n\t\t\t\t\n\t\t\t\t\t\t\t\t\t<div class=\"element__text\"><div>Vlo\u017ete \u0161rouby do dvou horn\u00edch otvor\u016f na CANVAS. Nedotahujte je \u00fapln\u011b. Nechte je 8-10 mm venku, proto\u017ee mus\u00ed z\u016fstat m\u00edrn\u011b voln\u00e9, aby se ve\u0161ly do mont\u00e1\u017en\u00ed konzoly.<\/div>\n<p><div>Opatrn\u011b zvedn\u011bte a um\u00edst\u011bte CANVAS na stojan a dbejte na to, aby byl b\u011bhem procesu \u0159\u00e1dn\u011b podep\u0159en. Zarovnejte CANVAS se dv\u011bma mont\u00e1\u017en\u00edmi otvory na stojanu a p\u0159ed dal\u0161\u00edm postupem se ujist\u011bte, \u017ee spr\u00e1vn\u011b sed\u00ed.<\/div>\n<\/div>\n\t\t\t\t\n\t\t\t\t\t\t\t<\/div>\n\n\t\t\t<div class=\"text-media__media\" style=\"grid-column: span 6\">\n\t\t\t\t\t\t\t\t\t<img decoding=\"async\" src=\"https:\/\/6kutttnx.photoncache.com\/wp-content\/uploads\/sites\/5\/2026\/04\/step4-1024x892.jpg\" alt=\"\" \/>\n\t\t\t\t\t\t\t<\/div>\n\t\t<\/div>\n\t<\/section>\n\t\n\n\t<section id=\"text-media-block_689bd3ae66e0945f0d1576e6e61b83e3\" class=\"text-media heading_s medie-right media-6-cols\" style=\"--txt-color: #000000; --bg-color: #FFFFFF\">\n\t\t<div class=\"text-media__inner rp_top a_txt_left text_first no_heading ct-section-inner-wrap\">\n\t\t\t<div class=\"text-media__text\" style=\"grid-column: span 6\">\n\t\t\t\t\n\t\t\t\t\t\t\t\t\t<div class=\"element__text\"><p>Po vyrovn\u00e1n\u00ed vlo\u017ete dva zadn\u00ed \u0161rouby a pevn\u011b je ut\u00e1hn\u011bte spolu se dv\u011bma horn\u00edmi \u0161rouby, abyste upevnili CANVAS na m\u00edst\u011b. P\u0159ed pokra\u010dov\u00e1n\u00edm se ujist\u011bte, \u017ee je jednotka stabiln\u00ed.<\/p>\n<\/div>\n\t\t\t\t\n\t\t\t\t\t\t\t<\/div>\n\n\t\t\t<div class=\"text-media__media\" style=\"grid-column: span 6\">\n\t\t\t\t\t\t\t\t\t<img decoding=\"async\" src=\"https:\/\/6kutttnx.photoncache.com\/wp-content\/uploads\/sites\/5\/2026\/04\/step4.2-1024x892.jpg\" alt=\"\" \/>\n\t\t\t\t\t\t\t<\/div>\n\t\t<\/div>\n\t<\/section>\n\t\n\n    <section id=\"hero-block_091f5580623feefbe6afb83d102eeca4\" class=\"hero h-height-xl h-mheight-xl c_width_full heading_xl\" style=\"--txt-color: rgb(255,255,255); --overlay-opacity: 50%\">\n                    <picture class=\"hero__background\">\n                                    <source media=\"(max-width: 768px)\" srcset=\"https:\/\/6kutttnx.photoncache.com\/wp-content\/uploads\/sites\/5\/2025\/11\/The_Frame2_800x800.jpg\">\n                                <img decoding=\"async\" src=\"https:\/\/6kutttnx.photoncache.com\/wp-content\/uploads\/sites\/5\/2025\/11\/The_Frame2_1920x840-e1766152598545.jpg\" alt=\"\" \/>\n            <\/picture>\n        \n        <div class=\"hero__overlay\"><\/div>\n\n        <div class=\"ct-section-inner-wrap hero__content c-position_mc a_txt_center\">\n                                        <h2 class=\"element__heading\"><p>Gratulujeme!<\/p>\n<\/h2>\n            \n                            <div class=\"element__text content-size-content_l\">\n                    <p data-start=\"2542\" data-end=\"2629\">Nyn\u00ed jste \u00fasp\u011b\u0161n\u011b nainstalovali CANVAS na oto\u010dn\u00fd stojan.<\/p>\n                <\/div>\n            \n                    <\/div>\n    <\/section>","protected":false},"excerpt":{"rendered":"","protected":false},"author":1334,"featured_media":0,"parent":0,"menu_order":0,"comment_status":"closed","ping_status":"closed","template":"","meta":{"_acf_changed":false,"footnotes":""},"class_list":["post-9489","page","type-page","status-publish","hentry"],"acf":[],"_links":{"self":[{"href":"https:\/\/canvashifi.com\/cz\/wp-json\/wp\/v2\/pages\/9489","targetHints":{"allow":["GET"]}}],"collection":[{"href":"https:\/\/canvashifi.com\/cz\/wp-json\/wp\/v2\/pages"}],"about":[{"href":"https:\/\/canvashifi.com\/cz\/wp-json\/wp\/v2\/types\/page"}],"author":[{"embeddable":true,"href":"https:\/\/canvashifi.com\/cz\/wp-json\/wp\/v2\/users\/1334"}],"replies":[{"embeddable":true,"href":"https:\/\/canvashifi.com\/cz\/wp-json\/wp\/v2\/comments?post=9489"}],"version-history":[{"count":11,"href":"https:\/\/canvashifi.com\/cz\/wp-json\/wp\/v2\/pages\/9489\/revisions"}],"predecessor-version":[{"id":9510,"href":"https:\/\/canvashifi.com\/cz\/wp-json\/wp\/v2\/pages\/9489\/revisions\/9510"}],"wp:attachment":[{"href":"https:\/\/canvashifi.com\/cz\/wp-json\/wp\/v2\/media?parent=9489"}],"curies":[{"name":"wp","href":"https:\/\/api.w.org\/{rel}","templated":true}]}}