{"id":1819,"date":"2025-01-10T12:19:20","date_gmt":"2025-01-10T11:19:20","guid":{"rendered":"https:\/\/lbs.dk\/cnvshf\/?page_id=1819"},"modified":"2025-02-11T09:46:22","modified_gmt":"2025-02-11T08:46:22","slug":"become-a-reseller","status":"publish","type":"page","link":"https:\/\/canvashifi.com\/de\/support\/become-a-reseller\/","title":{"rendered":"Wiederverk\u00e4ufer werden"},"content":{"rendered":"<section class=\"ct-section\">\n\t\t<style>\n\t\t@media (min-width:992px) {\n\t\t\t#le_textmedia_wrapper-block_80906f6942d00f1122878f19fd45e3e5 .le_textmedia_last {\n\t\t\t\tgrid-column: span 6;\n\t\t\t\tdisplay:flex;\n\t\t\t\talign-items:center;\n\t\t\t}\n\t\t\t#le_textmedia_wrapper-block_80906f6942d00f1122878f19fd45e3e5 .le_textmedia_first {\n\t\t\t\tgrid-column: span 6;\n\t\t\t}\n\t\t}\n\t<\/style>\n\t\t<div class=\"ct-section-inner-wrap\">\n\t\t<div id=\"le_textmedia_wrapper-block_80906f6942d00f1122878f19fd45e3e5\" class=\"le_section le_textmedia le_textmedia-img\">\n\t\t\t<div class=\"le_textmedia_first\">\n\t\t\t\t\t<h2>M\u00f6chten Sie einer unserer Partner werden?<\/h2>\n<p>Wir sind auf der Suche nach Handelspartnern, die sich f\u00fcr die Marke CANVAS HiFi begeistern, und nach Distributoren, die uns dabei helfen k\u00f6nnen, erstklassige Einzelh\u00e4ndler zu erreichen und unser Wachstum zu f\u00f6rdern.<\/p>\n<p>Konkret suchen wir nach Menschen und Unternehmen, die:<\/p>\n<ul>\n<li>Ehrgeizig und mit dem Wunsch, uns dabei zu helfen, den Verbrauchern au\u00dfergew\u00f6hnlichen Klang zu bieten<\/li>\n<li>Gut etabliert in wohlhabenden Netzwerken, Innenarchitektur- und Modegesch\u00e4ften, High-End-AV-Gesch\u00e4ften oder Gesch\u00e4ften f\u00fcr hochwertige Unterhaltungselektronik<\/li>\n<li>Kontaktfreudig und in der Lage, sich in der lokalen Gesch\u00e4ftswelt zu vernetzen<\/li>\n<li>Angebot von Produkten renommierter Marken<\/li>\n<li>Erfahrung und fundierte Kenntnisse im regionalen und lokalen Marketing<\/li>\n<\/ul>\n\t\t\t\t\t\t\t<a href=\"\/de\/apply-now\/\" class=\"le_btn le_btn_trans_b\">Jetzt bewerben<\/a>\n\t\t\t\t\t\t\t\t\t<\/div>\n\t\t\t<div class=\"le_textmedia_last medie-right round\">\n\t\t\t\t\t\t\t\t\t<img decoding=\"async\" src=\"https:\/\/6kutttnx.photoncache.com\/wp-content\/uploads\/sites\/5\/2024\/10\/vision-teknologi1-1024x1024.jpg\" alt=\"\" \/>\n\t\t\t\t\t\t\t<\/div>\n\t\t<\/div>\n\t\t<\/div>\n\t<\/section>","protected":false},"excerpt":{"rendered":"","protected":false},"author":1,"featured_media":0,"parent":1524,"menu_order":0,"comment_status":"closed","ping_status":"closed","template":"","meta":{"_acf_changed":false,"footnotes":""},"class_list":["post-1819","page","type-page","status-publish","hentry"],"acf":[],"_links":{"self":[{"href":"https:\/\/canvashifi.com\/de\/wp-json\/wp\/v2\/pages\/1819","targetHints":{"allow":["GET"]}}],"collection":[{"href":"https:\/\/canvashifi.com\/de\/wp-json\/wp\/v2\/pages"}],"about":[{"href":"https:\/\/canvashifi.com\/de\/wp-json\/wp\/v2\/types\/page"}],"author":[{"embeddable":true,"href":"https:\/\/canvashifi.com\/de\/wp-json\/wp\/v2\/users\/1"}],"replies":[{"embeddable":true,"href":"https:\/\/canvashifi.com\/de\/wp-json\/wp\/v2\/comments?post=1819"}],"version-history":[{"count":0,"href":"https:\/\/canvashifi.com\/de\/wp-json\/wp\/v2\/pages\/1819\/revisions"}],"up":[{"embeddable":true,"href":"https:\/\/canvashifi.com\/de\/wp-json\/wp\/v2\/pages\/1524"}],"wp:attachment":[{"href":"https:\/\/canvashifi.com\/de\/wp-json\/wp\/v2\/media?parent=1819"}],"curies":[{"name":"wp","href":"https:\/\/api.w.org\/{rel}","templated":true}]}}