{"id":583,"date":"2024-09-03T15:37:12","date_gmt":"2024-09-03T13:37:12","guid":{"rendered":"https:\/\/lbs.dk\/cnvshf\/?page_id=583"},"modified":"2026-01-20T08:35:21","modified_gmt":"2026-01-20T07:35:21","slug":"technology","status":"publish","type":"page","link":"https:\/\/canvashifi.com\/de\/technology\/","title":{"rendered":"Technologie"},"content":{"rendered":"<section class=\"ct-section\">\n\t\t<style>\n\t\t@media (min-width:992px) {\n\t\t\t#le_textmedia_wrapper-block_e9c74a9a3fae356ec1807f77e7433c03 .le_textmedia_last {\n\t\t\t\tgrid-column: span 6;\n\t\t\t\tdisplay:flex;\n\t\t\t\talign-items:center;\n\t\t\t}\n\t\t\t#le_textmedia_wrapper-block_e9c74a9a3fae356ec1807f77e7433c03 .le_textmedia_first {\n\t\t\t\tgrid-column: span 6;\n\t\t\t}\n\t\t}\n\t<\/style>\n\t\t<div class=\"ct-section-inner-wrap\">\n\t\t<div id=\"le_textmedia_wrapper-block_e9c74a9a3fae356ec1807f77e7433c03\" class=\"le_section le_textmedia le_textmedia-img\">\n\t\t\t<div class=\"le_textmedia_first\">\n\t\t\t\t\t<h2 class=\"h2\">HiFi neu erfunden<\/h2>\n<p>Als das Projekt CANVAS begann, war es unser Ziel, ein Soundsystem zu entwickeln, das sich sowohl mechanisch als auch optisch in Fernseher integrieren l\u00e4sst. Au\u00dferdem wollten wir eine Klangqualit\u00e4t, die zumindest f\u00fcr Hintergrundmusik mit der von High-End-HiFi-Systemen mithalten kann. Der Formfaktor von CANVAS weist jedoch zwei wesentliche, inh\u00e4rente Einschr\u00e4nkungen auf: Die linken und rechten Lautsprecher sind nicht weit genug voneinander entfernt, um ein echtes 3D-Stereobild zu erzeugen. Und wenn es an einer Wand platziert wird, ist der Bass nat\u00fcrlich zu dr\u00f6hnend und au\u00dfer Kontrolle. Wir wussten, dass CANVAS einer einfachen Soundbar weit \u00fcberlegen sein w\u00fcrde. Aber so gut wie ein dediziertes HiFi-System f\u00fcr kritisches, aufmerksames Zuh\u00f6ren? Sogar wir hatten unsere Zweifel. W\u00e4hrend des Entwicklungsprozesses fanden wir jedoch bahnbrechende technologische L\u00f6sungen f\u00fcr beide dieser Einschr\u00e4nkungen.<\/p>\n<p>Lesen Sie weiter, um zu erfahren, wie CANVAS zu einem echten Hi-Fi-Soundsystem wurde.<\/p>\n\t\t\t<\/div>\n\t\t\t<div class=\"le_textmedia_last medie-right round\">\n\t\t\t\t\t\t\t\t\t<img decoding=\"async\" src=\"https:\/\/6kutttnx.photoncache.com\/wp-content\/uploads\/sites\/5\/2024\/10\/vision-teknologi1-1024x1024.jpg\" alt=\"\" \/>\n\t\t\t\t\t\t\t<\/div>\n\t\t<\/div>\n\t\t<\/div>\n\t<\/section>\n\t\n\n\t<section class=\"ct-section\">\n\t\t<style>\n\t\t@media (min-width:992px) {\n\t\t\t#le_textmedia_wrapper-block_15feb2dfe95c1528aab3dd0c5dce4078 .le_textmedia_last {\n\t\t\t\tgrid-column: span 6;\n\t\t\t\tdisplay:flex;\n\t\t\t\talign-items:center;\n\t\t\t}\n\t\t\t#le_textmedia_wrapper-block_15feb2dfe95c1528aab3dd0c5dce4078 .le_textmedia_first {\n\t\t\t\tgrid-column: span 6;\n\t\t\t}\n\t\t}\n\t<\/style>\n\t\t<div class=\"ct-section-inner-wrap\">\n\t\t<div id=\"le_textmedia_wrapper-block_15feb2dfe95c1528aab3dd0c5dce4078\" class=\"le_section le_textmedia le_textmedia-img\">\n\t\t\t<div class=\"le_textmedia_first\">\n\t\t\t\t\t<h3 class=\"h2\">High End Lautsprecherbau<\/h3>\n<p>CANVAS ist wie ein echter High-End-HiFi-Lautsprecher konzipiert und konstruiert und verf\u00fcgt \u00fcber ein High-End-Geh\u00e4use aus Aluminiumdruckguss von SB Acoustics, Bass-\/Mittelt\u00f6ner der n\u00e4chsten Generation mit Papiermembran, hochpr\u00e4zise passive Langhubradiatoren mit steifer Papiermembran und von SB-CANVAS entwickelte Wellenleiter-Hocht\u00f6ner aus Aluminiumdruckguss mit Seidenkalotte, die in die Frontgitter integriert sind und so ein Design ohne Beugung erm\u00f6glichen. Das Geh\u00e4use ist grundsolide, aus satinschwarz lackiertem MDF gefertigt und verf\u00fcgt \u00fcber ein umfangreiches, von CANVAS entwickeltes BridgeBrace(tm)-Strukturverstrebungssystem (Patent angemeldet). Es verf\u00fcgt \u00fcber einen 4-Kanal-DAC und HiFi-Verst\u00e4rker von Burr-Brown sowie fortschrittliche linearphasige DSP-Frequenzen von Analog Devices.<\/p>\n\t\t\t<\/div>\n\t\t\t<div class=\"le_textmedia_last medie-left round\">\n\t\t\t\t\t\t\t\t\t<img decoding=\"async\" src=\"https:\/\/6kutttnx.photoncache.com\/wp-content\/uploads\/sites\/5\/2024\/10\/thumbnail_CANVAS_exploded_render_new_TV_mount_4K_web1-1024x696.jpg\" alt=\"\" \/>\n\t\t\t\t\t\t\t<\/div>\n\t\t<\/div>\n\t\t<\/div>\n\t<\/section>\n\t\n\n\t<section class=\"ct-section\">\n\t\t<style>\n\t\t@media (min-width:992px) {\n\t\t\t#le_textmedia_wrapper-block_121008ad475744da086229e042ba4324 .le_textmedia_last {\n\t\t\t\tgrid-column: span 6;\n\t\t\t\tdisplay:flex;\n\t\t\t\talign-items:center;\n\t\t\t}\n\t\t\t#le_textmedia_wrapper-block_121008ad475744da086229e042ba4324 .le_textmedia_first {\n\t\t\t\tgrid-column: span 6;\n\t\t\t}\n\t\t}\n\t<\/style>\n\t\t<div class=\"ct-section-inner-wrap\">\n\t\t<div id=\"le_textmedia_wrapper-block_121008ad475744da086229e042ba4324\" class=\"le_section le_textmedia le_textmedia-video\">\n\t\t\t<div class=\"le_textmedia_first\">\n\t\t\t\t\t<h3 class=\"h2\">Raumkorrektur<\/h3>\n<p>Um HiFi-B\u00e4sse zu erzielen, m\u00fcssen Lautsprecher normalerweise freistehend und mindestens 30\u201360 cm von der R\u00fcckwand entfernt aufgestellt werden. CANVAS wird normalerweise direkt auf dem Boden an einer Wand oder an einer Wand aufgestellt. Dadurch wird der Bass drastisch verst\u00e4rkt, aber der Klang ist sehr dr\u00f6hnend. Durch die Integration eines Raumkorrektursystems \u00fcber unsere CANVAS-iOS- und Android-Apps k\u00f6nnen wir den Frequenzgang linearisieren, und die Bassverst\u00e4rkung ist pl\u00f6tzlich ein gro\u00dfer Vorteil, mit erh\u00f6hter Leistung im Vergleich zu freistehenden Lautsprechern. Und da die Bassverst\u00e4rkung im Gegensatz zu Raummodi nicht vom Zeitbereich abh\u00e4ngt, klingen DSP-korrigierte Grenzverst\u00e4rkungen gro\u00dfartig. F\u00fcr diese Messungen kann das Mikrofon des iPhones verwendet werden, um diese Korrektur durchzuf\u00fchren \u2013 optional haben wir unser Zen-Smart-Referenzmikrofon, das sowohl mit Android als auch mit dem iPhone verwendet werden kann, um noch bessere Ergebnisse zu erzielen.<\/p>\n\t\t\t<\/div>\n\t\t\t<div class=\"le_textmedia_last medie-right round\">\n\t\t\t\t\t\t\t\t\t<div class=\"le_videogrid autoplay muted playsinline loop\">\n\t\t\t\t\t\t<div class=\"le_videogrid_video_outer\" data-video=\"vd82fd1d2\">\n\t\t\t\t\t\t\t<video class=\"plyr videogrid_video\" data-poster=\"\" autoplay muted playsinline loop controlslist=\"nodownload noplaybackrate nopictureinpicture\" disablepictureinpicture preload=\"none\">\n\t\t\t\t\t\t\t\t<source src=\"https:\/\/6kutttnx.photoncache.com\/wp-content\/uploads\/sites\/5\/2025\/03\/41a8b96ba53b481fb9cc251ccf974280.HD-1080p-7.2Mbps-23085929-1-1.mp4\" type=\"video\/mp4\">\n\t\t\t\t\t\t\t<\/video>\n\t\t\t\t\t\t<\/div>\n\t\t\t\t\t<\/div>\n\t\t\t\t\t\t\t<\/div>\n\t\t<\/div>\n\t\t<\/div>\n\t<\/section>\n\t\n\n\t<section class=\"ct-section\">\n\t\t<style>\n\t\t@media (min-width:992px) {\n\t\t\t#le_textmedia_wrapper-block_80e51cef33f7229d39356869a63ea3e8 .le_textmedia_last {\n\t\t\t\tgrid-column: span 6;\n\t\t\t\tdisplay:flex;\n\t\t\t\talign-items:center;\n\t\t\t}\n\t\t\t#le_textmedia_wrapper-block_80e51cef33f7229d39356869a63ea3e8 .le_textmedia_first {\n\t\t\t\tgrid-column: span 6;\n\t\t\t}\n\t\t}\n\t<\/style>\n\t\t<div class=\"ct-section-inner-wrap\">\n\t\t<div id=\"le_textmedia_wrapper-block_80e51cef33f7229d39356869a63ea3e8\" class=\"le_section le_textmedia le_textmedia-video\">\n\t\t\t<div class=\"le_textmedia_first\">\n\t\t\t\t\t<h3 class=\"h2\">BACCH 3D<\/h3>\n<p>Um aus herk\u00f6mmlichen HiFi-Lautsprechern ein echtes Stereobild zu erhalten, m\u00fcssen diese freistehend und mindestens 30\u201360 cm von der R\u00fcckwand und mindestens 2 Meter voneinander entfernt aufgestellt werden. Dies ist aufgrund eines physikalischen Ph\u00e4nomens namens \u00dcbersprechen erforderlich. Wenn die Lautsprecher n\u00e4her beieinander aufgestellt werden, treffen die Schallwellen, die beispielsweise f\u00fcr Ihr rechtes Ohr bestimmt sind, beide Ohren. Dies verhindert, dass Ihre Ohren und Ihr Gehirn in 3D h\u00f6ren. BACCH 3D (Band-Assembled Crosstalk Cancellation Hierarchy), erfunden von Edgar Choueiri, Professor an der Princeton University (und tats\u00e4chlich Raketenwissenschaftler), funktioniert wie eine digitale Matratze, die zwischen Ihrer Nase und den Lautsprechern platziert wird und sicherstellt, dass Ihr linkes Ohr nur den Ton vom linken Lautsprecher und Ihr rechtes Ohr nur den Ton vom rechten Lautsprecher h\u00f6rt. Dies erzeugt ein echtes 3D-Stereobild, das mit den besten und teuersten eigenst\u00e4ndigen High-End-HiFi-Systemen auf dem Markt mit echter Breite, Tiefe und H\u00f6he im Klangbild mithalten kann. Es ist wichtig zu beachten, dass BACCH 3D kein Filter ist, der dem Klang etwas hinzuf\u00fcgt, wie Hall oder k\u00fcnstlichen Surround-Sound. Es entfernt lediglich Fehler in den Schallwellen, die Ihre Ohren erreichen, sodass Ihre Ohren und Ihr Gehirn in 3D h\u00f6ren k\u00f6nnen, ohne dass der Klang verf\u00e4rbt wird. Und das Beste daran: Es funktioniert mit allen Stereoaufnahmen der letzten 70 Jahre! Dar\u00fcber hinaus entpackt es heruntergemischtes Dolby Atmos f\u00fcr atemberaubenden Surround-Sound f\u00fcr Filme.<\/p>\n\t\t\t<\/div>\n\t\t\t<div class=\"le_textmedia_last medie-left round\">\n\t\t\t\t\t\t\t\t\t<div class=\"le_videogrid controls loop\">\n\t\t\t\t\t\t<div class=\"le_videogrid_video_outer\" data-video=\"v392d930e\">\n\t\t\t\t\t\t\t<video class=\"plyr videogrid_video\" data-poster=\"https:\/\/6kutttnx.photoncache.com\/wp-content\/uploads\/sites\/5\/2025\/02\/3dbacch3_ed19a869-2f0b-4f0b-a2ec-b24cfce8f0d21-836x1024.png\" controls loop controlslist=\"nodownload noplaybackrate nopictureinpicture\" disablepictureinpicture preload=\"none\">\n\t\t\t\t\t\t\t\t<source src=\"https:\/\/6kutttnx.photoncache.com\/wp-content\/uploads\/sites\/5\/2024\/10\/980fb11d9191447787423e04a3df4a57.HD-720p-3.0Mbps-28316894.mp4\" type=\"video\/mp4\">\n\t\t\t\t\t\t\t<\/video>\n\t\t\t\t\t\t<\/div>\n\t\t\t\t\t<\/div>\n\t\t\t\t\t\t\t<\/div>\n\t\t<\/div>\n\t\t<\/div>\n\t<\/section>\n\t\n\n\t<section class=\"ct-section\">\n\t\t<style>\n\t\t@media (min-width:992px) {\n\t\t\t#le_textmedia_wrapper-block_137949cfde57d30a7f2011d1d6566f77 .le_textmedia_last {\n\t\t\t\tgrid-column: span 6;\n\t\t\t\tdisplay:flex;\n\t\t\t\talign-items:center;\n\t\t\t}\n\t\t\t#le_textmedia_wrapper-block_137949cfde57d30a7f2011d1d6566f77 .le_textmedia_first {\n\t\t\t\tgrid-column: span 6;\n\t\t\t}\n\t\t}\n\t<\/style>\n\t\t<div class=\"ct-section-inner-wrap\">\n\t\t<div id=\"le_textmedia_wrapper-block_137949cfde57d30a7f2011d1d6566f77\" class=\"le_section le_textmedia le_textmedia-img\">\n\t\t\t<div class=\"le_textmedia_first\">\n\t\t\t\t\t<h3 class=\"h2\">Universelle TV-Halterung<\/h3>\n<p>Die universelle TV-Halterung erm\u00f6glicht die Montage und Ausrichtung der \u00fcberwiegenden Mehrheit der neuen Fernsehger\u00e4te auf dem Markt, aller Marken und in den beliebtesten Gr\u00f6\u00dfen, 55\", 65\", 75\", 77\", 83\" und 85\". Diese von CANVAS erfundene L\u00f6sung (Patent angemeldet) mit Frontgrills in passender Gr\u00f6\u00dfe gew\u00e4hrleistet eine b\u00fcndige, spaltfreie Ausrichtung von CANVAS-Lautsprechern und Ihrem Fernseher und l\u00e4sst sie zu einer nahtlosen Einheit verschmelzen.<\/p>\n\t\t\t<\/div>\n\t\t\t<div class=\"le_textmedia_last medie-right round\">\n\t\t\t\t\t\t\t\t\t<img decoding=\"async\" src=\"https:\/\/6kutttnx.photoncache.com\/wp-content\/uploads\/sites\/5\/2024\/10\/size1-1024x846.jpg\" alt=\"\" \/>\n\t\t\t\t\t\t\t<\/div>\n\t\t<\/div>\n\t\t<\/div>\n\t<\/section>\n\t\n\n\t<section class=\"ct-section\">\n\t\t<style>\n\t\t@media (min-width:992px) {\n\t\t\t#le_textmedia_wrapper-block_13dabf57b152f1f2a267e6e6837ce4dd .le_textmedia_last {\n\t\t\t\tgrid-column: span 6;\n\t\t\t\tdisplay:flex;\n\t\t\t\talign-items:center;\n\t\t\t}\n\t\t\t#le_textmedia_wrapper-block_13dabf57b152f1f2a267e6e6837ce4dd .le_textmedia_first {\n\t\t\t\tgrid-column: span 6;\n\t\t\t}\n\t\t}\n\t<\/style>\n\t\t<div class=\"ct-section-inner-wrap\">\n\t\t<div id=\"le_textmedia_wrapper-block_13dabf57b152f1f2a267e6e6837ce4dd\" class=\"le_section le_textmedia le_textmedia-img\">\n\t\t\t<div class=\"le_textmedia_first\">\n\t\t\t\t\t<h2 class=\"h2\">Konnektivit\u00e4t<\/h2>\n<p class=\"translation-block\">CANVAS mit Ihrem WLAN zu verbinden ist ganz einfach. Gehen Sie beim iPhone einfach zu den WLAN-Einstellungen, und Sie werden gefragt, ob Sie CANVAS Ihrem Netzwerk hinzuf\u00fcgen m\u00f6chten. Bei\u00a0<a title=\"Android, Google Home and Chromecast are trademarks of Google LLC.\" href=\"\/de\/information\/\" target=\"_self\">Android-Ger\u00e4ten<\/a> f\u00fchrt Sie die\u00a0<a title=\"Android, Google Home and Chromecast are trademarks of Google LLC.\" href=\"\/de\/information\/\" target=\"_self\">Google Home<\/a>-app durch die einfache Einrichtung.<\/p>\n<p>F\u00fcr das Streaming verf\u00fcgt CANVAS \u00fcber ein drahtloses Modul der n\u00e4chsten Generation mit Apple AirPlay 2 und\u00a0<a title=\"Android, Google Home und Chromecast sind Marken von Google LLC.\" href=\"\/de\/information\/\">Google Cast<\/a>, die beide mit allen anderen Lautsprechermarken multiroomkompatibel sind. Dar\u00fcber hinaus unterst\u00fctzt es Roon, Tidal und Spotify. Es verf\u00fcgt auch \u00fcber einen digitalen optischen Toslink-Eingang, um beispielsweise eine SONOS Connect-Box anzuschlie\u00dfen, und einen analogen Eingang mit einem gro\u00dfartigen Burr-Brown ADC, sodass Plattenspieler angeschlossen werden k\u00f6nnen, um Ihre Schallplatten in beispielloser r\u00e4umlicher Wiedergabetreue zu genie\u00dfen.<\/p>\n<p>CANVAS verf\u00fcgt \u00fcber HDMI eARC, was bedeutet, dass es sich nahtlos in Ihren Fernseher integrieren l\u00e4sst. Sie m\u00fcssen nicht daran denken, dass es da ist; es funktioniert einfach nahtlos mit Ihrer TV-Fernbedienung. Sogar eine Apple TV-Fernbedienung kann die Lautst\u00e4rke in CANVAS direkt regeln. Dar\u00fcber hinaus sorgt HDMI eARC daf\u00fcr, dass es keine st\u00f6renden Lippensynchronisationsprobleme gibt, bei denen Bild und Ton bei Filmen, Shows und Konzerten nicht synchron sind.<\/p>\n<p>Android, Google Home und Chromecast sind Marken von Google LLC.<\/p>\n\t\t\t<\/div>\n\t\t\t<div class=\"le_textmedia_last medie-left round\">\n\t\t\t\t\t\t\t\t\t<img decoding=\"async\" src=\"https:\/\/6kutttnx.photoncache.com\/wp-content\/uploads\/sites\/5\/2024\/10\/canvasapp1-1024x1024.jpg\" alt=\"\" \/>\n\t\t\t\t\t\t\t<\/div>\n\t\t<\/div>\n\t\t<\/div>\n\t<\/section>\n\t\n\n\t<section class=\"ct-section\">\n\t\t<style>\n\t\t@media (min-width:992px) {\n\t\t\t#le_textmedia_wrapper-block_7a2f9c195181ecee45a569c33d31cee3 .le_textmedia_last {\n\t\t\t\tgrid-column: span 6;\n\t\t\t\tdisplay:flex;\n\t\t\t\talign-items:center;\n\t\t\t}\n\t\t\t#le_textmedia_wrapper-block_7a2f9c195181ecee45a569c33d31cee3 .le_textmedia_first {\n\t\t\t\tgrid-column: span 6;\n\t\t\t}\n\t\t}\n\t<\/style>\n\t\t<div class=\"ct-section-inner-wrap\">\n\t\t<div id=\"le_textmedia_wrapper-block_7a2f9c195181ecee45a569c33d31cee3\" class=\"le_section le_textmedia le_textmedia-video\">\n\t\t\t<div class=\"le_textmedia_first\">\n\t\t\t\t\t<h2 class=\"h2\">Auch f\u00fcr den professionellen Einsatz<\/h2>\n<p>Peppen Sie Ihren Konferenzraum mit preisgekr\u00f6ntem Sound und raffiniertem d\u00e4nischem Design auf.<br \/>\nMit der perfekten Sprachwiedergabe erfassen Sie jedes Detail im Dialog, und jede Videopr\u00e4sentation wird in optimaler Klangqualit\u00e4t wiedergegeben.<\/p>\n<p>Der einstellbare Abstand zwischen dem CANVAS und dem Fernsehger\u00e4t erm\u00f6glicht die nahtlose Integration Ihrer bevorzugten Videokonferenzkamera, w\u00e4hrend das integrierte Technikfach alle Ger\u00e4te diskret verbirgt - f\u00fcr ein sauberes, elegantes und professionelles Ergebnis.<\/p>\n\t\t\t<\/div>\n\t\t\t<div class=\"le_textmedia_last medie-right round\">\n\t\t\t\t\t\t\t\t\t<div class=\"le_videogrid autoplay muted playsinline loop\">\n\t\t\t\t\t\t<div class=\"le_videogrid_video_outer\" data-video=\"ve6f11cdf\">\n\t\t\t\t\t\t\t<video class=\"plyr videogrid_video\" data-poster=\"\" autoplay muted playsinline loop controlslist=\"nodownload noplaybackrate nopictureinpicture\" disablepictureinpicture preload=\"none\">\n\t\t\t\t\t\t\t\t<source src=\"https:\/\/6kutttnx.photoncache.com\/wp-content\/uploads\/sites\/5\/2026\/01\/Konference_rum_Video.mp4\" type=\"video\/mp4\">\n\t\t\t\t\t\t\t<\/video>\n\t\t\t\t\t\t<\/div>\n\t\t\t\t\t<\/div>\n\t\t\t\t\t\t\t<\/div>\n\t\t<\/div>\n\t\t<\/div>\n\t<\/section>\n\t\n\n\t<section class=\"ct-section\">\n\t\t<style>\n\t\t@media (min-width:992px) {\n\t\t\t#le_textmedia_wrapper-block_6c73f280638e60c704766e002f6ce842 .le_textmedia_last {\n\t\t\t\tgrid-column: span 6;\n\t\t\t\tdisplay:flex;\n\t\t\t\talign-items:center;\n\t\t\t}\n\t\t\t#le_textmedia_wrapper-block_6c73f280638e60c704766e002f6ce842 .le_textmedia_first {\n\t\t\t\tgrid-column: span 6;\n\t\t\t}\n\t\t}\n\t<\/style>\n\t\t<div class=\"ct-section-inner-wrap\">\n\t\t<div id=\"le_textmedia_wrapper-block_6c73f280638e60c704766e002f6ce842\" class=\"le_section le_textmedia le_textmedia-img\">\n\t\t\t<div class=\"le_textmedia_first\">\n\t\t\t\t\t<h2 class=\"h2\">Hybrid-Fu\u00df- \/ Wandhalterung<\/h2>\n<p>Alle CANVAS-Lautsprecher werden mit einer Hybrid-Fu\u00df-\/Wandhalterung geliefert. Diese von CANVAS entwickelte L\u00f6sung (Patent angemeldet) erm\u00f6glicht es Ihnen, auch nach dem Kauf zu entscheiden, wie Sie Ihr CANVAS verwenden m\u00f6chten. Vielleicht sind Sie sich nicht sicher, ob Sie es auf dem Boden oder an der Wand haben m\u00f6chten, oder Sie entscheiden sich sp\u00e4ter anders. Mit dieser L\u00f6sung sind Sie f\u00fcr alle Nutzungssituationen ger\u00fcstet, ohne dass Sie neue Accessoires kaufen m\u00fcssen, um Ihr Wohnzimmer aufzupeppen.<\/p>\n\t\t\t<\/div>\n\t\t\t<div class=\"le_textmedia_last medie-left round\">\n\t\t\t\t\t\t\t\t\t<img decoding=\"async\" src=\"https:\/\/6kutttnx.photoncache.com\/wp-content\/uploads\/sites\/5\/2024\/10\/Mount1-1024x846.jpg\" alt=\"\" \/>\n\t\t\t\t\t\t\t<\/div>\n\t\t<\/div>\n\t\t<\/div>\n\t<\/section>\n\t\n\n\t<section class=\"ct-section\">\n\t\t<style>\n\t\t@media (min-width:992px) {\n\t\t\t#le_textmedia_wrapper-block_176f625bb88e41d2b1f8e75ccca44b4d .le_textmedia_last {\n\t\t\t\tgrid-column: span 6;\n\t\t\t\tdisplay:flex;\n\t\t\t\talign-items:center;\n\t\t\t}\n\t\t\t#le_textmedia_wrapper-block_176f625bb88e41d2b1f8e75ccca44b4d .le_textmedia_first {\n\t\t\t\tgrid-column: span 6;\n\t\t\t}\n\t\t}\n\t<\/style>\n\t\t<div class=\"ct-section-inner-wrap\">\n\t\t<div id=\"le_textmedia_wrapper-block_176f625bb88e41d2b1f8e75ccca44b4d\" class=\"le_section le_textmedia le_textmedia-img\">\n\t\t\t<div class=\"le_textmedia_first\">\n\t\t\t\t\t<h3 class=\"h2\">Zukunftssicher<\/h3>\n<p>CANVAS ist zukunftssicher und bietet automatische drahtlose Software-Updates, f\u00fcr den Fall, dass wir eines Tages eine noch bessere Klangabstimmung entwickeln oder neue Streaming-Formate auf den Markt kommen. Sogar die elektronische Hardware ist so konzipiert, dass sie aufr\u00fcstbar ist, falls eines Tages neue Streaming- oder kabelgebundene Standards auf den Markt kommen, die nicht per Software aufr\u00fcstbar sind.<\/p>\n<p>Der besonders servicefreundliche modulare Aufbau erm\u00f6glicht zudem einen einfachen Austausch von Komponenten, sowohl innerhalb der erweiterten 3-Jahres-Garantie als auch nach Ablauf der Garantiezeit. So ist sichergestellt, dass das Produkt problemlos in Ihrem Haus gewartet werden kann.<\/p>\n\t\t\t<\/div>\n\t\t\t<div class=\"le_textmedia_last medie-right round\">\n\t\t\t\t\t\t\t\t\t<img decoding=\"async\" src=\"https:\/\/6kutttnx.photoncache.com\/wp-content\/uploads\/sites\/5\/2024\/10\/CANVAS_electronics_rendering1-1024x576.jpg\" alt=\"\" \/>\n\t\t\t\t\t\t\t<\/div>\n\t\t<\/div>\n\t\t<\/div>\n\t<\/section>\n\t\n\n\t<section class=\"ct-section\" style=\"color:#000000; background-color:rgba(255,255,255,0)\">\n\t\t<div class=\"ct-section-inner-wrap le_m_section\">\n\t\t\t<div id=\"le_fullmedia_wrapper-block_ce844683bb6a4cc8d934493a2bc7d02e\" class=\"le_section le_fullmedia\">\n\t\t\t\t\t\t\t\t<div class=\"le_fullmedia_second\">\n\t\t\t\t\t\t\n\t\t\t\t\t\t\t\t\t\t\t\t<div class=\"le_video_wrapper\">\n\t\t\t\t\t\t\t<div class=\"le_video_wrapper_inner\">\n\t\t\t\t\t\t\t\t<video class=\"plyr le_video_element\" autoplay muted playsinline loop controlslist=\"nodownload noplaybackrate nopictureinpicture\" disablepictureinpicture preload=\"none\" data-poster=\"\">\n\t\t\t\t\t\t\t\t\t<source src=\"https:\/\/6kutttnx.photoncache.com\/wp-content\/uploads\/sites\/5\/2025\/03\/08f8a44c6b3d4668816b4e24341bc52c.HD-1080p-7.2Mbps-20170021-1.mp4\" type=\"video\/mp4\">\n\t\t\t\t\t\t\t\t<\/video>\n\t\t\t\t\t\t\t<\/div>\n\t\t\t\t\t\t<\/div>\n\t\t\t\t\t\t\t\t\t\t<\/div>\n\t\t\t<\/div>\n\t\t<\/div>\n\t<\/section>\n\n\n\n<p><\/p>","protected":false},"excerpt":{"rendered":"","protected":false},"author":1,"featured_media":0,"parent":0,"menu_order":0,"comment_status":"closed","ping_status":"closed","template":"","meta":{"_acf_changed":false,"footnotes":""},"class_list":["post-583","page","type-page","status-publish","hentry"],"acf":[],"_links":{"self":[{"href":"https:\/\/canvashifi.com\/de\/wp-json\/wp\/v2\/pages\/583","targetHints":{"allow":["GET"]}}],"collection":[{"href":"https:\/\/canvashifi.com\/de\/wp-json\/wp\/v2\/pages"}],"about":[{"href":"https:\/\/canvashifi.com\/de\/wp-json\/wp\/v2\/types\/page"}],"author":[{"embeddable":true,"href":"https:\/\/canvashifi.com\/de\/wp-json\/wp\/v2\/users\/1"}],"replies":[{"embeddable":true,"href":"https:\/\/canvashifi.com\/de\/wp-json\/wp\/v2\/comments?post=583"}],"version-history":[{"count":0,"href":"https:\/\/canvashifi.com\/de\/wp-json\/wp\/v2\/pages\/583\/revisions"}],"wp:attachment":[{"href":"https:\/\/canvashifi.com\/de\/wp-json\/wp\/v2\/media?parent=583"}],"curies":[{"name":"wp","href":"https:\/\/api.w.org\/{rel}","templated":true}]}}