{"id":706,"date":"2024-09-04T15:15:21","date_gmt":"2024-09-04T13:15:21","guid":{"rendered":"https:\/\/lbs.dk\/cnvshf\/?page_id=706"},"modified":"2026-01-19T08:18:12","modified_gmt":"2026-01-19T07:18:12","slug":"taxes-vat","status":"publish","type":"page","link":"https:\/\/canvashifi.com\/de\/support\/taxes-vat\/","title":{"rendered":"Steuern \/ Mehrwertsteuer"},"content":{"rendered":"<section class=\"ct-section\" style=\"color:#ffffff; background-color:rgb(0,0,0)\">\n\t\t<div class=\"ct-section-inner-wrap\">\n\t\t\t<div id=\"le_fulltext_wrapper-block_27e93699e8e29ef41d872ec1977a90d4\" class=\"le_section le_fulltext\">\n\t\t\t\t\t\t\t\t\t\t<div class=\"le_fulltext_first le_w50 le_ta_left\">\n\t\t\t\t\t\t\t<p class=\"bold\"><strong>Import &amp; Steuern<\/strong><\/p>\n<h1>Weltweite Einfachheit \u2013 alles abgedeckt, keine \u00dcberraschungen!<\/h1>\n<p translate=\"no\">Wir haben Lagerh\u00e4user in der EU. Wenn Sie nicht in der EU wohnen, wird die Ware in Ihrem Namen importiert. Sie erhalten eine Einfuhrrechnung mit allen lokalen Steuern und Abgaben, die Sie zun\u00e4chst bezahlen m\u00fcssen. Wir bieten Ihnen jedoch an, Ihnen die Kosten zu erstatten. Sie brauchen uns nur eine E-Mail zu schicken an: <a title=\"mailto:hello@canvashifi.com\" href=\"mailto:hello@canvashifi.com\">hello@canvashifi.com<\/a> mit Ihrer Bestellnummer und einem beigef\u00fcgten Bild der Einfuhrrechnung senden. Wir \u00fcberweisen den Betrag dann auf die f\u00fcr den Kauf verwendete Kredit-\/Debitkarte.<\/p>\n\t\t\t\t\t\t\t\t<a href=\"\/de\/support\/contact\/\" class=\"le_btn le_btn_trans_w\">Kontaktiere uns<\/a>\n\t\t\t\t\t\t\t\t\t\t\t\t\t<\/div>\n\t\t\t\t\t\t\t\t<\/div>\n\t\t<\/div>\n\t<\/section>\n\n\n\t<section class=\"ct-section\" style=\"color:#ffffff; background-color:rgb(0,0,0)\">\n\t\t<div class=\"ct-section-inner-wrap\">\n\t\t\t<div id=\"le_fulltext_wrapper-block_155bb93d7adbd8ec344bb0207e4988d4\" class=\"le_section le_fulltext\">\n\t\t\t\t\t\t\t\t\t\t<div class=\"le_fulltext_first le_w50 le_ta_left\">\n\t\t\t\t\t\t\t<h2>Wie funktioniert das?<\/h2>\n<p>Wir haben Lager in der EU und den USA, daher ist der Kauf eines CANVAS von hier genauso wie die Bestellung in einem inl\u00e4ndischen Webshop. Wenn Sie sich weder in der EU noch in den USA befinden, wird das Produkt in Ihrem Namen importiert. Sie erhalten eine Einfuhrrechnung, die alle lokalen Steuern und Abgaben abdeckt, die Sie zun\u00e4chst bezahlen m\u00fcssen. Wir bieten Ihnen jedoch eine R\u00fcckerstattung an. Sie m\u00fcssen uns lediglich eine E-Mail an <a href=\"mailto:hello@canvashifi.com\">hello@canvashifi.com<\/a> mit Ihrer Bestellnummer und einem beigef\u00fcgten Bild der Einfuhrrechnung senden. Wir \u00fcberweisen den Betrag dann auf die f\u00fcr den Kauf verwendete Kredit-\/Debitkarte.<\/p>\n<p>&nbsp;<\/p>\n<p><strong>Obwohl wir in diese Regionen und L\u00e4nder versenden, k\u00f6nnen wir die Importkosten leider nicht \u00fcbernehmen:<\/strong><\/p>\n<ul>\n<li>Afrika<\/li>\n<li>Mittel- und S\u00fcdamerika<\/li>\n<li>Bangladesch<\/li>\n<li>Indien<\/li>\n<li>Indonesien<\/li>\n<li>Israel<\/li>\n<li>Malaysia<\/li>\n<li>Philippinen<\/li>\n<li>Russland (Kauf ist keine Option)<\/li>\n<li>Serbien<\/li>\n<li>S\u00fcdkorea<\/li>\n<li>T\u00fcrkei<\/li>\n<li>Vereinigte Staaten<\/li>\n<li>Kanada<\/li>\n<\/ul>\n<p>Bitte <a href=\"\/de\/support\/contact\/\">senden Sie uns eine E-Mail<\/a> , um weitere Informationen zu erhalten.<\/p>\n\t\t\t\t\t\t<\/div>\n\t\t\t\t\t\t\t\t<\/div>\n\t\t<\/div>\n\t<\/section>","protected":false},"excerpt":{"rendered":"","protected":false},"author":1,"featured_media":0,"parent":1524,"menu_order":0,"comment_status":"closed","ping_status":"closed","template":"","meta":{"_acf_changed":false,"footnotes":""},"class_list":["post-706","page","type-page","status-publish","hentry"],"acf":[],"_links":{"self":[{"href":"https:\/\/canvashifi.com\/de\/wp-json\/wp\/v2\/pages\/706","targetHints":{"allow":["GET"]}}],"collection":[{"href":"https:\/\/canvashifi.com\/de\/wp-json\/wp\/v2\/pages"}],"about":[{"href":"https:\/\/canvashifi.com\/de\/wp-json\/wp\/v2\/types\/page"}],"author":[{"embeddable":true,"href":"https:\/\/canvashifi.com\/de\/wp-json\/wp\/v2\/users\/1"}],"replies":[{"embeddable":true,"href":"https:\/\/canvashifi.com\/de\/wp-json\/wp\/v2\/comments?post=706"}],"version-history":[{"count":0,"href":"https:\/\/canvashifi.com\/de\/wp-json\/wp\/v2\/pages\/706\/revisions"}],"up":[{"embeddable":true,"href":"https:\/\/canvashifi.com\/de\/wp-json\/wp\/v2\/pages\/1524"}],"wp:attachment":[{"href":"https:\/\/canvashifi.com\/de\/wp-json\/wp\/v2\/media?parent=706"}],"curies":[{"name":"wp","href":"https:\/\/api.w.org\/{rel}","templated":true}]}}