{"id":1858,"date":"2025-01-22T15:11:34","date_gmt":"2025-01-22T14:11:34","guid":{"rendered":"https:\/\/lbs.dk\/cnvshf\/product\/canvas-85-milled-ochre\/"},"modified":"2026-04-15T09:02:14","modified_gmt":"2026-04-15T07:02:14","slug":"canvas-85-milled-ochre","status":"publish","type":"product","link":"https:\/\/canvashifi.com\/de\/products\/canvas-85-milled-ochre\/","title":{"rendered":"CANVAS 85\" Ocker gefr\u00e4st"},"content":{"rendered":"<h2>CANVAS ist ein reines Endprodukt\u00a0<span style=\"color: #70757a; font-family: arial, sans-serif; font-size: 14px;\">-<\/span>\u00a0det er en innovativ id\u00e9<\/h2>\n<p>Die Einf\u00fchrung des CANVAS 85\" markiert eine neue \u00c4ra in Sachen kompakter und stabiler Technologie. Mit seiner raffinierten Front ist dieses Modell so konzipiert, dass es einen Hauch von Eleganz in den Wohnbereich bringt, um einen Kompromiss mit der Qualit\u00e4t zu finden. Falder perfekt ind i indretningen i en hver bolig. CANVAS 85\" er en ideel blanding af form og funktion.<\/p>\n<p><strong>Enest\u00e5ende lydoplevelse med CANVAS<br \/>\n<\/strong>Das CANVAS 85\" ist mit modernsten Lautsprechern ausgestattet, die eine hohe Lautst\u00e4rke bieten, die mit anderen Lautsprechersystemen vergleichbar ist. Hochwertige SB Acoustics-Komponenten und eine pr\u00e4zise Lautst\u00e4rkeregelung sorgen daf\u00fcr, dass der Klang und die Detailtreue durch den Einsatz von Lautsprechern deutlich verbessert werden. Dieses Modell ist ideal f\u00fcr alle, die eine enorme Klangqualit\u00e4t f\u00fcr nur wenige Millimeter suchen.<\/p>\n<p><strong>Rumkorrektur mit BACCH 3D-Technologie<br \/>\n<\/strong>Mit seiner intelligenten Rumkorrektur und der BACCH 3D-Technologie eignet sich der CANVAS 85\" perfekt f\u00fcr die Akustik des Raumes und garantiert ein perfektes, detailgetreues Licht, selbst bei kleinstem Raum. Denne model er et bevis p\u00e5, at h\u00f8j kvalitet og kompakt design kan g\u00e5 h\u00e5nd i h\u00e5nd.<\/p>\n<p><strong>Perfekte Anpassung an alle 85\" TV<\/strong><br \/>\nDesignet af CANVAS 85\" med lysegr\u00e5 front er n\u00f8je udformet for at komplementere og forbedre enhver 85\" tommer TV-oplevelse. Durch die universelle Anpassung garantiert das Modell, dass der CANVAS 85\" bei jedem 85\"-Fernseher, den Sie besitzen, alle Probleme beseitigt und die audiovisuelle Unterversorgung behebt. Erleben Sie eine harmonische Kombination aus visueller und auditiver Qualit\u00e4t in diesem Ger\u00e4t.<\/p>\n<p><strong>Fleksibel montering - v\u00e6gh\u00e6ngt eller st\u00e5ende<\/strong><br \/>\nDer CANVAS 85\" verf\u00fcgt \u00fcber ein elegantes und stabiles Geh\u00e4use, das Ihnen die M\u00f6glichkeit bietet, ein integriertes System in dieses Ger\u00e4t zu integrieren. Wenn Sie eine elegante, durchdachte Halterung f\u00fcr Ersatzplatten oder eine traditionelle, stabile Halterung f\u00fcr eine einfache, flexible Arbeitsfl\u00e4che suchen, k\u00f6nnen Sie das CANVAS 85\" mit einer Frontplatte verwenden, die Sie f\u00fcr eine individuelle, ruhige Halterung verwenden. Med disse fleksible monteringsmuligheder kan du skr\u00e6ddersy din lydoplevelse til netop din boligindretning og hvis dine behov med tiden \u00e6ndres sikre fleksibel placering og mulighed for front i anden st\u00f8rrelse eller farve en nem tilpasning til anden tv-st\u00f8rrelse eller placering.<\/p>\n<p>Se mere om CANVAS p\u00e5 deres international webshop her\u00a0<a title=\"CANVAS HiFi\" href=\"https:\/\/canvashifi.com\/de\/\" target=\"_blank\" rel=\"noopener\">www.canvashifi.com<\/a><\/p>","protected":false},"excerpt":{"rendered":"<p>CANVAS er mere end et produkt\u00a0\u2014\u00a0det er en innovativ id\u00e9 Introduktionen af CANVAS 85\" markerer en ny \u00e6ra inden for kompakt og stilfuld lydteknologi. Med sin raffinerede lysegr\u00e5 front er denne model designet til at tilf\u00f8re et touch af elegance til ethvert rum, uden at g\u00e5 p\u00e5 kompromis med lydkvaliteten. Falder perfekt ind i indretningen [&hellip;]<\/p>\n","protected":false},"featured_media":4179,"template":"","meta":{"_acf_changed":false},"size":[579],"product_brand":[],"product_cat":[153],"product_tag":[166,99],"farve":[],"maerker":[],"serier":[],"kampagne":[],"tempcat":[],"class_list":{"0":"post-1858","1":"product","2":"type-product","3":"status-publish","4":"has-post-thumbnail","6":"size-579","7":"product_cat-canvas","8":"product_tag-canvas-85","9":"product_tag-quickrequest","10":"product_shipping_class-free","12":"first","13":"instock","14":"taxable","15":"shipping-taxable","16":"purchasable","17":"product-type-simple"},"acf":[],"_links":{"self":[{"href":"https:\/\/canvashifi.com\/de\/wp-json\/wp\/v2\/product\/1858","targetHints":{"allow":["GET"]}}],"collection":[{"href":"https:\/\/canvashifi.com\/de\/wp-json\/wp\/v2\/product"}],"about":[{"href":"https:\/\/canvashifi.com\/de\/wp-json\/wp\/v2\/types\/product"}],"wp:featuredmedia":[{"embeddable":true,"href":"https:\/\/canvashifi.com\/de\/wp-json\/wp\/v2\/media\/4179"}],"wp:attachment":[{"href":"https:\/\/canvashifi.com\/de\/wp-json\/wp\/v2\/media?parent=1858"}],"wp:term":[{"taxonomy":"size","embeddable":true,"href":"https:\/\/canvashifi.com\/de\/wp-json\/wp\/v2\/size?post=1858"},{"taxonomy":"product_brand","embeddable":true,"href":"https:\/\/canvashifi.com\/de\/wp-json\/wp\/v2\/product_brand?post=1858"},{"taxonomy":"product_cat","embeddable":true,"href":"https:\/\/canvashifi.com\/de\/wp-json\/wp\/v2\/product_cat?post=1858"},{"taxonomy":"product_tag","embeddable":true,"href":"https:\/\/canvashifi.com\/de\/wp-json\/wp\/v2\/product_tag?post=1858"},{"taxonomy":"farve","embeddable":true,"href":"https:\/\/canvashifi.com\/de\/wp-json\/wp\/v2\/farve?post=1858"},{"taxonomy":"maerker","embeddable":true,"href":"https:\/\/canvashifi.com\/de\/wp-json\/wp\/v2\/maerker?post=1858"},{"taxonomy":"serie","embeddable":true,"href":"https:\/\/canvashifi.com\/de\/wp-json\/wp\/v2\/serier?post=1858"},{"taxonomy":"kampagne","embeddable":true,"href":"https:\/\/canvashifi.com\/de\/wp-json\/wp\/v2\/kampagne?post=1858"},{"taxonomy":"tempcat","embeddable":true,"href":"https:\/\/canvashifi.com\/de\/wp-json\/wp\/v2\/tempcat?post=1858"}],"curies":[{"name":"wp","href":"https:\/\/api.w.org\/{rel}","templated":true}]}}