{"id":1880,"date":"2025-01-21T09:44:05","date_gmt":"2025-01-21T08:44:05","guid":{"rendered":"https:\/\/lbs.dk\/cnvshf\/product\/canvas-83-black\/"},"modified":"2026-04-15T09:16:45","modified_gmt":"2026-04-15T07:16:45","slug":"canvas-83-black","status":"publish","type":"product","link":"https:\/\/canvashifi.com\/de\/product\/canvas-83-black\/","title":{"rendered":"CANVAS 83\" Schwarz"},"content":{"rendered":"<h2>CANVAS ist ein reines Endprodukt\u00a0<span style=\"color: #70757a; font-family: arial, sans-serif; font-size: 14px;\">-<\/span>\u00a0det er en innovativ id\u00e9<\/h2>\n<p>Die Einf\u00fchrung des CANVAS 83\" markiert eine neue \u00c4ra in Sachen kompakter und stabiler Lydentechnologie. Mit seiner raffinierten Front ist das Modell so konzipiert, dass es einen Hauch von Eleganz in den Alltag bringt, um Kompromisse bei der Leistung zu erm\u00f6glichen. Falder perfekt ind i indretningen i en hver bolig. CANVAS 83\" er en ideel blanding af form og funktion.<\/p>\n<p><strong>Enest\u00e5ende lydoplevelse med CANVAS<br \/>\n<\/strong>Das CANVAS 83\" ist mit modernsten Lautsprechern ausgestattet, die eine hohe Lautst\u00e4rke bieten, die mit anderen Lautsprechersystemen vergleichbar ist. Hochwertige SB Acoustics-Komponenten und eine pr\u00e4zise Lautst\u00e4rkeregelung sorgen daf\u00fcr, dass der Klang und die Detailtreue durch den Einsatz von Lautsprechern deutlich verbessert werden. Dieses Modell ist ideal f\u00fcr alle, die eine enorme Klangqualit\u00e4t f\u00fcr nur wenige Millimeter suchen.<\/p>\n<p><strong>Rumkorrektur mit BACCH 3D-Technologie<br \/>\n<\/strong>Mit seiner intelligenten Rumkorrektur und der BACCH 3D-Technologie ist der CANVAS 83\" perfekt f\u00fcr die Akustik des Raumes geeignet und garantiert ein perfektes und detailliertes Licht, selbst bei kleinstem Raum. Denne model er et bevis p\u00e5, at h\u00f8j kvalitet og kompakt design kan g\u00e5 h\u00e5nd i h\u00e5nd.<\/p>\n<p><strong>Perfekte Anpassung an alle 83\" TV<\/strong><br \/>\nDesignet af CANVAS 83\" med sort front er n\u00f8je udformet for at komplementere og forbedre enhver 83\" tommer TV-oplevelse. Durch die universelle Anpassung garantiert das Modell, dass das CANVAS 83\" bei der Verwendung eines 83\"-Fernsehers, den Sie haben, alle Probleme l\u00f6sen kann und die audiovisuelle Unterversorgung behebt. Oplev en s\u00f8ml\u00f8s og harmonisk kombination af visuel og auditiv kvalitet i dit hjem.<\/p>\n<p><strong>Fleksibel montering - v\u00e6gh\u00e6ngt eller st\u00e5ende<\/strong><br \/>\nCANVAS 83\" ist mit einem robusten und stabilen Geh\u00e4use ausgestattet, das Ihnen die M\u00f6glichkeit gibt, ein integriertes System in dieses Ger\u00e4t zu integrieren. Wenn Sie eine elegante, durchdachte Halterung f\u00fcr Ersatzplatten oder eine traditionelle, stabile Halterung f\u00fcr eine einfache, flexible Arbeitsfl\u00e4che suchen, k\u00f6nnen Sie das CANVAS 83\" mit einer Frontplatte verwenden, die Sie f\u00fcr eine pers\u00f6nliche, ruhige Halterung verwenden. Med disse fleksible monteringsmuligheder kan du skr\u00e6ddersy din lydoplevelse til netop din boligindretning og hvis dine behov med tiden \u00e6ndres sikre fleksibel placering og mulighed for front i anden st\u00f8rrelse eller farve en nem tilpasning til anden tv-st\u00f8rrelse eller placering.<\/p>\n<p>Se mere om CANVAS p\u00e5 deres international webshop her\u00a0<a title=\"CANVAS HiFi\" href=\"https:\/\/canvashifi.com\/de\/\" target=\"_blank\" rel=\"noopener\">www.canvashifi.com<\/a><\/p>","protected":false},"excerpt":{"rendered":"<p>CANVAS er mere end et produkt\u00a0\u2014\u00a0det er en innovativ id\u00e9 Introduktionen af CANVAS 83\" markerer en ny \u00e6ra inden for kompakt og stilfuld lydteknologi. Med sin raffinerede sorte front er denne model designet til at tilf\u00f8re et touch af elegance til ethvert rum, uden at g\u00e5 p\u00e5 kompromis med lydkvaliteten. Falder perfekt ind i indretningen [&hellip;]<\/p>\n","protected":false},"featured_media":4205,"template":"","meta":{"_acf_changed":false},"size":[578],"product_brand":[],"product_cat":[153],"product_tag":[165,99],"farve":[122],"maerker":[],"serier":[],"kampagne":[],"tempcat":[],"class_list":{"0":"post-1880","1":"product","2":"type-product","3":"status-publish","4":"has-post-thumbnail","6":"size-578","7":"product_cat-canvas","8":"product_tag-canvas-83","9":"product_tag-quickrequest","10":"product_shipping_class-free","11":"farve-sort","13":"first","14":"instock","15":"featured","16":"taxable","17":"shipping-taxable","18":"purchasable","19":"product-type-simple"},"acf":[],"_links":{"self":[{"href":"https:\/\/canvashifi.com\/de\/wp-json\/wp\/v2\/product\/1880","targetHints":{"allow":["GET"]}}],"collection":[{"href":"https:\/\/canvashifi.com\/de\/wp-json\/wp\/v2\/product"}],"about":[{"href":"https:\/\/canvashifi.com\/de\/wp-json\/wp\/v2\/types\/product"}],"wp:featuredmedia":[{"embeddable":true,"href":"https:\/\/canvashifi.com\/de\/wp-json\/wp\/v2\/media\/4205"}],"wp:attachment":[{"href":"https:\/\/canvashifi.com\/de\/wp-json\/wp\/v2\/media?parent=1880"}],"wp:term":[{"taxonomy":"size","embeddable":true,"href":"https:\/\/canvashifi.com\/de\/wp-json\/wp\/v2\/size?post=1880"},{"taxonomy":"product_brand","embeddable":true,"href":"https:\/\/canvashifi.com\/de\/wp-json\/wp\/v2\/product_brand?post=1880"},{"taxonomy":"product_cat","embeddable":true,"href":"https:\/\/canvashifi.com\/de\/wp-json\/wp\/v2\/product_cat?post=1880"},{"taxonomy":"product_tag","embeddable":true,"href":"https:\/\/canvashifi.com\/de\/wp-json\/wp\/v2\/product_tag?post=1880"},{"taxonomy":"farve","embeddable":true,"href":"https:\/\/canvashifi.com\/de\/wp-json\/wp\/v2\/farve?post=1880"},{"taxonomy":"maerker","embeddable":true,"href":"https:\/\/canvashifi.com\/de\/wp-json\/wp\/v2\/maerker?post=1880"},{"taxonomy":"serie","embeddable":true,"href":"https:\/\/canvashifi.com\/de\/wp-json\/wp\/v2\/serier?post=1880"},{"taxonomy":"kampagne","embeddable":true,"href":"https:\/\/canvashifi.com\/de\/wp-json\/wp\/v2\/kampagne?post=1880"},{"taxonomy":"tempcat","embeddable":true,"href":"https:\/\/canvashifi.com\/de\/wp-json\/wp\/v2\/tempcat?post=1880"}],"curies":[{"name":"wp","href":"https:\/\/api.w.org\/{rel}","templated":true}]}}