{"id":845,"date":"2023-10-23T10:55:02","date_gmt":"2023-10-23T08:55:02","guid":{"rendered":"https:\/\/lbs.dk\/cnvshf\/produkt\/canvas-65-burnt-umber\/"},"modified":"2026-04-15T13:53:57","modified_gmt":"2026-04-15T11:53:57","slug":"canvas-65-burnt-umber","status":"publish","type":"product","link":"https:\/\/canvashifi.com\/de\/products\/canvas-65-burnt-umber\/","title":{"rendered":"CANVAS 65\" Gebrannter Umber"},"content":{"rendered":"<h2>CANVAS ist ein reines Endprodukt\u00a0<span style=\"color: #70757a; font-family: arial, sans-serif; font-size: 14px;\">-<\/span>\u00a0det er en innovativ id\u00e9<\/h2>\n<p>Die Einf\u00fchrung des CANVAS 65\" markiert eine neue \u00c4ra f\u00fcr kompakte und stilsichere Technologie. Med sin raffinerede\u00a0<em>burnt umber<\/em>\u00a0front er denne model designet til tilf\u00f8re et touch af elegance til ethvert rum, uden at g\u00e5 p\u00e5 kompromis med lydkvaliteten. Falder perfekt ind i indretningen i en hver bolig. CANVAS 65\" er en ideel blanding af form og funktion.<\/p>\n<p><strong>Enest\u00e5ende lydoplevelse med CANVAS<br \/>\n<\/strong>Das CANVAS 65\" ist mit modernsten Lautsprechern ausgestattet, die eine hohe Lautst\u00e4rke bieten, die mit anderen Lautsprechersystemen vergleichbar ist. Hochwertige SB Acoustics-Komponenten und eine pr\u00e4zise Lautst\u00e4rkeregelung sorgen daf\u00fcr, dass der Klang und die Detailtreue durch den Einsatz von Lautsprechern deutlich verbessert werden. Dieses Modell ist ideal f\u00fcr alle, die eine enorme Klangqualit\u00e4t f\u00fcr nur wenige Millimeter suchen.<\/p>\n<p><strong>Rumkorrektur mit BACCH 3D-Technologie<br \/>\n<\/strong>Der CANVAS 65\" eignet sich mit seiner intelligenten Rumkorrektur und der BACCH 3D-Technologie perfekt f\u00fcr die Akustik des Raumes und garantiert ein perfektes und detailliertes Licht, selbst bei kleinstem Raum. Denne model er et bevis p\u00e5, at h\u00f8j kvalitet og kompakt design kan g\u00e5 h\u00e5nd i h\u00e5nd.<\/p>\n<p><strong>Perfekte Anpassung an alle 65\" TV<\/strong><br \/>\nDesignet af CANVAS 65\" med\u00a0<em>burnt umber<\/em>\u00a0front er n\u00f8je udformetet for at komplementere og forbedre enhver 65\" tommer TV-oplevelse. Durch die universelle Anpassung garantiert das Modell CANVAS 65\", dass Sie Ihren 65-Zoll-Fernseher problemlos integrieren und Ihre audiovisuellen Bed\u00fcrfnisse befriedigen k\u00f6nnen. Erleben Sie eine harmonische Kombination aus visueller und auditiver Qualit\u00e4t in diesem Ger\u00e4t.<\/p>\n<p><strong>Fleksibel montering - v\u00e6gh\u00e6ngt eller st\u00e5ende<\/strong><br \/>\nDer CANVAS 65\" verf\u00fcgt \u00fcber ein elegantes und stabiles Geh\u00e4use, das Ihnen die M\u00f6glichkeit bietet, ein integriertes System in dieses Ger\u00e4t zu integrieren. Wenn Sie eine elegante, stabile Halterung f\u00fcr Ersatzplatten oder eine traditionelle, stabile Halterung f\u00fcr ein einfaches, flexibles System suchen, k\u00f6nnen Sie den CANVAS 65\" mit\u00a0<em>burnt umber<\/em>\u00a0front alt, hvad du beh\u00f8ver for en personlig og stilfuld ops\u00e6tning. Med disse fleksible monteringsmuligheder kan du skr\u00e6ddersy din lydoplevelse til netop din boligindretning og hvis dine behov med tiden \u00e6ndres sikre fleksibel placering og mulighed for front i anden st\u00f8rrelse eller farve en nem tilpasning til anden tv-st\u00f8rrelse eller placering.<\/p>\n<p>Se mere om CANVAS p\u00e5 deres international webshop her\u00a0<a title=\"CANVAS HiFi\" href=\"https:\/\/canvashifi.com\/de\/\" target=\"_blank\" rel=\"noopener\">www.canvashifi.com<\/a><\/p>","protected":false},"excerpt":{"rendered":"<p>CANVAS er mere end et produkt\u00a0\u2014\u00a0det er en innovativ id\u00e9 Introduktionen af CANVAS 65\" markerer en ny \u00e6ra inden for kompakt og stilfuld\u00a0lydteknologi. Med sin raffinerede\u00a0burnt umber\u00a0front er denne model designet til at tilf\u00f8re et touch af elegance til ethvert rum, uden at g\u00e5 p\u00e5 kompromis med lydkvaliteten. Falder perfekt ind i indretningen i en [&hellip;]<\/p>\n","protected":false},"featured_media":4317,"template":"","meta":{"_acf_changed":false},"size":[575],"product_brand":[],"product_cat":[153],"product_tag":[104,99],"farve":[120],"maerker":[],"serier":[],"kampagne":[],"tempcat":[],"class_list":{"0":"post-845","1":"product","2":"type-product","3":"status-publish","4":"has-post-thumbnail","6":"size-575","7":"product_cat-canvas","8":"product_tag-canvas-65","9":"product_tag-quickrequest","10":"product_shipping_class-free","11":"farve-roed","13":"first","14":"instock","15":"taxable","16":"shipping-taxable","17":"purchasable","18":"product-type-simple"},"acf":[],"_links":{"self":[{"href":"https:\/\/canvashifi.com\/de\/wp-json\/wp\/v2\/product\/845","targetHints":{"allow":["GET"]}}],"collection":[{"href":"https:\/\/canvashifi.com\/de\/wp-json\/wp\/v2\/product"}],"about":[{"href":"https:\/\/canvashifi.com\/de\/wp-json\/wp\/v2\/types\/product"}],"wp:featuredmedia":[{"embeddable":true,"href":"https:\/\/canvashifi.com\/de\/wp-json\/wp\/v2\/media\/4317"}],"wp:attachment":[{"href":"https:\/\/canvashifi.com\/de\/wp-json\/wp\/v2\/media?parent=845"}],"wp:term":[{"taxonomy":"size","embeddable":true,"href":"https:\/\/canvashifi.com\/de\/wp-json\/wp\/v2\/size?post=845"},{"taxonomy":"product_brand","embeddable":true,"href":"https:\/\/canvashifi.com\/de\/wp-json\/wp\/v2\/product_brand?post=845"},{"taxonomy":"product_cat","embeddable":true,"href":"https:\/\/canvashifi.com\/de\/wp-json\/wp\/v2\/product_cat?post=845"},{"taxonomy":"product_tag","embeddable":true,"href":"https:\/\/canvashifi.com\/de\/wp-json\/wp\/v2\/product_tag?post=845"},{"taxonomy":"farve","embeddable":true,"href":"https:\/\/canvashifi.com\/de\/wp-json\/wp\/v2\/farve?post=845"},{"taxonomy":"maerker","embeddable":true,"href":"https:\/\/canvashifi.com\/de\/wp-json\/wp\/v2\/maerker?post=845"},{"taxonomy":"serie","embeddable":true,"href":"https:\/\/canvashifi.com\/de\/wp-json\/wp\/v2\/serier?post=845"},{"taxonomy":"kampagne","embeddable":true,"href":"https:\/\/canvashifi.com\/de\/wp-json\/wp\/v2\/kampagne?post=845"},{"taxonomy":"tempcat","embeddable":true,"href":"https:\/\/canvashifi.com\/de\/wp-json\/wp\/v2\/tempcat?post=845"}],"curies":[{"name":"wp","href":"https:\/\/api.w.org\/{rel}","templated":true}]}}