{"id":860,"date":"2023-10-20T13:48:18","date_gmt":"2023-10-20T11:48:18","guid":{"rendered":"https:\/\/lbs.dk\/cnvshf\/produkt\/canvas-55-ocean-grey\/"},"modified":"2026-04-28T12:13:38","modified_gmt":"2026-04-28T10:13:38","slug":"canvas-55-ocean-grey","status":"publish","type":"product","link":"https:\/\/canvashifi.com\/de\/product\/canvas-55-ocean-grey\/","title":{"rendered":"CANVAS 55\" Ozeangrau"},"content":{"rendered":"<h2>CANVAS er mere end et produkt - det er en innovativ id\u00e9<\/h2>\n<p>Die Einf\u00fchrung des CANVAS 55\" markiert eine neue \u00c4ra f\u00fcr kompakte und stilsichere Technologie. Med sin raffinerede <em>ozeangrau<\/em> front er denne model designet til tilf\u00f8re et touch af elegance til ethvert rum, uden at g\u00e5 p\u00e5 kompromis med lydkvaliteten. Falder perfekt ind i indretningen i en hver bolig. CANVAS 55\" er en ideel blanding af form og funktion.<\/p>\n<p><strong>Enest\u00e5ende lydoplevelse med CANVAS<\/strong><br \/>\nDas CANVAS 55\" ist mit modernsten Lautsprechern ausgestattet, die eine hohe Lautst\u00e4rke bieten, die mit anderen Lautsprechersystemen vergleichbar ist. High-End SB Acoustics komponenter og en pr\u00e6cis lydjustering g\u00f8r, at hver tone og detalje leveres med uovertruffen klarhed. Dieses Modell ist ideal f\u00fcr alle, die eine enorme Klangqualit\u00e4t f\u00fcr nur wenige Millimeter suchen.<\/p>\n<p><strong>Rumkorrektur mit BACCH 3D-Technologie<\/strong><br \/>\nDer CANVAS 55\" ist mit seiner intelligenten Rumkorrektur und der BACCH 3D-Technologie perfekt f\u00fcr die Akustik des Fernsehers geeignet und garantiert ein perfektes und detailliertes Licht, selbst bei kleinstem Raum. Denne model er et bevis p\u00e5, at h\u00f8j kvalitet og kompakt design kan g\u00e5 h\u00e5nd i h\u00e5nd.<\/p>\n<p><strong>Perfekte Anpassung an alle 55\" TV<\/strong><br \/>\nDesignet af CANVAS 55\" med\u00a0<em>ozeangrau<\/em>\u00a0front er n\u00f8je udformetet for at komplementere og forbedre enhver 55\" tommer TV-oplevelse. Durch die universelle Anpassung garantiert das Modell CANVAS 55\", dass Sie Ihren 55\"-Fernseher problemlos integrieren und Ihre audiovisuellen Anspr\u00fcche erf\u00fcllen k\u00f6nnen, wenn Sie ihn verwenden. Erleben Sie eine harmonische Kombination aus visueller und auditiver Qualit\u00e4t in diesem Ger\u00e4t.<\/p>\n<p><strong>Fleksibel montering - v\u00e6gh\u00e6ngt eller st\u00e5ende<\/strong><br \/>\nDer CANVAS 55\" verf\u00fcgt \u00fcber ein elegantes und stabiles Geh\u00e4use, das Ihnen die M\u00f6glichkeit bietet, ein integriertes System in dieses Ger\u00e4t zu integrieren. Wenn Sie eine elegante, stabile Halterung f\u00fcr Ersatzplatten oder eine traditionelle, feste Halterung f\u00fcr eine einfache, flexible Arbeitsfl\u00e4che suchen, k\u00f6nnen Sie den CANVAS 55\" mit\u00a0<em>ozeangrau<\/em>\u00a0front alt, hvad du beh\u00f8ver for en personlig og stilfuld ops\u00e6tning. Med disse fleksible monteringsmuligheder kan du skr\u00e6ddersy din lydoplevelse til netop din boligindretning og hvis dine behov med tiden \u00e6ndres sikre fleksibel placering og mulighed for front i anden st\u00f8rrelse eller farve en nem tilpasning til anden tv-st\u00f8rrelse eller placering.<\/p>\n<p>Se mere om CANVAS p\u00e5 deres international webshop her\u00a0<a title=\"CANVAS HiFi\" href=\"https:\/\/canvashifi.com\/de\/\" target=\"_blank\" rel=\"noopener\">www.canvashifi.com<\/a><\/p>","protected":false},"excerpt":{"rendered":"<p>CANVAS er mere end et produkt \u2014 det er en innovativ id\u00e9 Introduktionen af CANVAS 55\" markerer en ny \u00e6ra inden for kompakt og stilfuld lydteknologi. Med sin raffinerede ocean grey front er denne model designet til at tilf\u00f8re et touch af elegance til ethvert rum, uden at g\u00e5 p\u00e5 kompromis med lydkvaliteten. Falder perfekt [&hellip;]<\/p>\n","protected":false},"featured_media":4361,"template":"","meta":{"_acf_changed":false},"size":[574],"product_brand":[],"product_cat":[153],"product_tag":[103,99],"farve":[118],"maerker":[],"serier":[],"kampagne":[],"tempcat":[],"class_list":{"0":"post-860","1":"product","2":"type-product","3":"status-publish","4":"has-post-thumbnail","6":"size-574","7":"product_cat-canvas","8":"product_tag-canvas-55","9":"product_tag-quickrequest","10":"product_shipping_class-free","11":"farve-graa","13":"first","14":"instock","15":"taxable","16":"shipping-taxable","17":"purchasable","18":"product-type-simple"},"acf":[],"_links":{"self":[{"href":"https:\/\/canvashifi.com\/de\/wp-json\/wp\/v2\/product\/860","targetHints":{"allow":["GET"]}}],"collection":[{"href":"https:\/\/canvashifi.com\/de\/wp-json\/wp\/v2\/product"}],"about":[{"href":"https:\/\/canvashifi.com\/de\/wp-json\/wp\/v2\/types\/product"}],"wp:featuredmedia":[{"embeddable":true,"href":"https:\/\/canvashifi.com\/de\/wp-json\/wp\/v2\/media\/4361"}],"wp:attachment":[{"href":"https:\/\/canvashifi.com\/de\/wp-json\/wp\/v2\/media?parent=860"}],"wp:term":[{"taxonomy":"size","embeddable":true,"href":"https:\/\/canvashifi.com\/de\/wp-json\/wp\/v2\/size?post=860"},{"taxonomy":"product_brand","embeddable":true,"href":"https:\/\/canvashifi.com\/de\/wp-json\/wp\/v2\/product_brand?post=860"},{"taxonomy":"product_cat","embeddable":true,"href":"https:\/\/canvashifi.com\/de\/wp-json\/wp\/v2\/product_cat?post=860"},{"taxonomy":"product_tag","embeddable":true,"href":"https:\/\/canvashifi.com\/de\/wp-json\/wp\/v2\/product_tag?post=860"},{"taxonomy":"farve","embeddable":true,"href":"https:\/\/canvashifi.com\/de\/wp-json\/wp\/v2\/farve?post=860"},{"taxonomy":"maerker","embeddable":true,"href":"https:\/\/canvashifi.com\/de\/wp-json\/wp\/v2\/maerker?post=860"},{"taxonomy":"serie","embeddable":true,"href":"https:\/\/canvashifi.com\/de\/wp-json\/wp\/v2\/serier?post=860"},{"taxonomy":"kampagne","embeddable":true,"href":"https:\/\/canvashifi.com\/de\/wp-json\/wp\/v2\/kampagne?post=860"},{"taxonomy":"tempcat","embeddable":true,"href":"https:\/\/canvashifi.com\/de\/wp-json\/wp\/v2\/tempcat?post=860"}],"curies":[{"name":"wp","href":"https:\/\/api.w.org\/{rel}","templated":true}]}}