{"id":865,"date":"2024-01-12T13:45:41","date_gmt":"2024-01-12T12:45:41","guid":{"rendered":"https:\/\/lbs.dk\/cnvshf\/produkt\/canvas-solo-walnut\/"},"modified":"2026-04-15T09:18:35","modified_gmt":"2026-04-15T07:18:35","slug":"canvas-solo-walnut","status":"publish","type":"product","link":"https:\/\/canvashifi.com\/de\/products\/canvas-solo-walnut\/","title":{"rendered":"CANVAS SOLO Nussbaum"},"content":{"rendered":"<h2>CANVAS SOLO er mere end et produkt\u00a0<span style=\"color: #70757a; font-family: arial, sans-serif; font-size: 14px;\">-<\/span>\u00a0det er en innovativ id\u00e9<\/h2>\n<p>CANVAS SOLO ist ein hochwertiges Ger\u00e4t f\u00fcr moderne HiFi-Anlagen. Mit seiner eleganten Designfront ist es ein idealer Begleiter f\u00fcr Ihr TV-Panel oder ein selbst\u00e4ndiges HiFi-Musiksystem. Die Anlage kann auf den Boden gestellt werden, auf die Toilette gestellt werden oder auf dem Boden aufgestellt werden. Der mittelgro\u00dfe Frontgrill, der dem des CANVAS 55\" entspricht, sorgt f\u00fcr einen angenehmen und gleichm\u00e4\u00dfigen Klang des Systems.<\/p>\n<p><strong>Oplev en fantastisk lydoplevelse med CANVAS SOLO<br \/>\n<\/strong>Das neue HiFi-Level, CANVAS SOLO tilbyder, er intet mindre end imponerende. Uanset om det bruges med eller uden et TV, overskrider CANVAS traditional audiosystemers gr\u00e6nser. Mit diesem Ger\u00e4t k\u00f6nnen Sie Ihre LP-Sammlung aufpeppen, Ihre Lieblingsmusik \u00fcber den Fernseher streamen, Ihre HiFi-Anlage mit dem Fernseher verbinden oder Ihre Musik aus dem Speicher abspielen.<\/p>\n<p><strong>Multifunktionalitet<br \/>\n<\/strong>Als altes HiFi-System ist das CANVAS SOLO eine klasse L\u00f6sung f\u00fcr Sie. Mit der M\u00f6glichkeit, mehrere Ger\u00e4te mit dem Telefon zu synchronisieren, kann das System eine harmonische Lautst\u00e4rke im gesamten Raum erzeugen. Jedes Ger\u00e4t kann auch eine hohe Flexibilit\u00e4t bieten, die konventionelle HiFi-Systeme \u00fcbertrifft.<\/p>","protected":false},"excerpt":{"rendered":"<p>CANVAS SOLO er mere end et produkt\u00a0\u2014\u00a0det er en innovativ id\u00e9 CANVAS SOLO er et \u00e6gte mesterv\u00e6rk inden for moderne HiFi-systemer. Med sin elegante valn\u00f8dstr\u00e6front passer det ind i enhver indretning, om det er som en udvidelse af din TV-oplevelse eller som et selvst\u00e6ndigt HiFi-musiksystem. Det kan h\u00e6nges p\u00e5 v\u00e6ggen, st\u00e5 p\u00e5 en hylde, eller [&hellip;]<\/p>\n","protected":false},"featured_media":4219,"template":"","meta":{"_acf_changed":false},"size":[574],"product_brand":[],"product_cat":[153],"product_tag":[102,99],"farve":[87],"maerker":[],"serier":[],"kampagne":[],"tempcat":[],"class_list":{"0":"post-865","1":"product","2":"type-product","3":"status-publish","4":"has-post-thumbnail","6":"size-574","7":"product_cat-canvas","8":"product_tag-canvas-solo","9":"product_tag-quickrequest","10":"product_shipping_class-free","11":"farve-moerk-trae","13":"first","14":"instock","15":"taxable","16":"shipping-taxable","17":"purchasable","18":"product-type-simple"},"acf":[],"_links":{"self":[{"href":"https:\/\/canvashifi.com\/de\/wp-json\/wp\/v2\/product\/865","targetHints":{"allow":["GET"]}}],"collection":[{"href":"https:\/\/canvashifi.com\/de\/wp-json\/wp\/v2\/product"}],"about":[{"href":"https:\/\/canvashifi.com\/de\/wp-json\/wp\/v2\/types\/product"}],"wp:featuredmedia":[{"embeddable":true,"href":"https:\/\/canvashifi.com\/de\/wp-json\/wp\/v2\/media\/4219"}],"wp:attachment":[{"href":"https:\/\/canvashifi.com\/de\/wp-json\/wp\/v2\/media?parent=865"}],"wp:term":[{"taxonomy":"size","embeddable":true,"href":"https:\/\/canvashifi.com\/de\/wp-json\/wp\/v2\/size?post=865"},{"taxonomy":"product_brand","embeddable":true,"href":"https:\/\/canvashifi.com\/de\/wp-json\/wp\/v2\/product_brand?post=865"},{"taxonomy":"product_cat","embeddable":true,"href":"https:\/\/canvashifi.com\/de\/wp-json\/wp\/v2\/product_cat?post=865"},{"taxonomy":"product_tag","embeddable":true,"href":"https:\/\/canvashifi.com\/de\/wp-json\/wp\/v2\/product_tag?post=865"},{"taxonomy":"farve","embeddable":true,"href":"https:\/\/canvashifi.com\/de\/wp-json\/wp\/v2\/farve?post=865"},{"taxonomy":"maerker","embeddable":true,"href":"https:\/\/canvashifi.com\/de\/wp-json\/wp\/v2\/maerker?post=865"},{"taxonomy":"serie","embeddable":true,"href":"https:\/\/canvashifi.com\/de\/wp-json\/wp\/v2\/serier?post=865"},{"taxonomy":"kampagne","embeddable":true,"href":"https:\/\/canvashifi.com\/de\/wp-json\/wp\/v2\/kampagne?post=865"},{"taxonomy":"tempcat","embeddable":true,"href":"https:\/\/canvashifi.com\/de\/wp-json\/wp\/v2\/tempcat?post=865"}],"curies":[{"name":"wp","href":"https:\/\/api.w.org\/{rel}","templated":true}]}}