{"id":956,"date":"2023-10-23T11:43:37","date_gmt":"2023-10-23T09:43:37","guid":{"rendered":"https:\/\/lbs.dk\/cnvshf\/produkt\/canvas-75-light-grey\/"},"modified":"2026-04-15T08:40:16","modified_gmt":"2026-04-15T06:40:16","slug":"canvas-75-light-grey","status":"publish","type":"product","link":"https:\/\/canvashifi.com\/de\/products\/canvas-75-light-grey\/","title":{"rendered":"CANVAS 75\" Hellgrau"},"content":{"rendered":"<h2>CANVAS ist ein reines Endprodukt\u00a0<span style=\"color: #70757a;font-family: arial, sans-serif;font-size: 14px\">-<\/span>\u00a0det er en innovativ id\u00e9<\/h2>\n<p>Die Einf\u00fchrung des CANVAS 75\" markiert eine neue \u00c4ra in Sachen kompakter und stabiler Technologie. Mit seiner raffinierten Front ist dieses Modell so konzipiert, dass es einen Hauch von Eleganz in den Alltag bringt, um einen Kompromiss mit den hohen Anforderungen zu finden. Falder perfekt ind i indretningen i en hver bolig. CANVAS 75\" er en ideel blanding af form og funktion.<\/p>\n<p><strong>Enest\u00e5ende lydoplevelse med CANVAS<br \/>\n<\/strong>Die CANVAS 75\" ist mit modernsten Lautsprechern ausgestattet, die eine hohe Lautst\u00e4rke bieten, die mit anderen Lautsprechersystemen vergleichbar ist. Hochwertige SB Acoustics-Komponenten und eine pr\u00e4zise Lautst\u00e4rkeregelung sorgen daf\u00fcr, dass der Klang und die Detailtreue durch den Einsatz von Lautsprechern deutlich verbessert werden. Dieses Modell ist ideal f\u00fcr alle, die eine enorme Klangqualit\u00e4t f\u00fcr nur wenige Millimeter suchen.<\/p>\n<p><strong>Rumkorrektur mit BACCH 3D-Technologie<br \/>\n<\/strong>Mit seiner intelligenten Rumkorrektur und der BACCH 3D-Technologie eignet sich CANVAS 75\" perfekt f\u00fcr die Akustik von R\u00e4umen, denn es garantiert ein perfektes und detailliertes Licht, selbst bei kleinsten R\u00e4umen. Denne model er et bevis p\u00e5, at h\u00f8j kvalitet og kompakt design kan g\u00e5 h\u00e5nd i h\u00e5nd.<\/p>\n<p><strong>Perfekte Anpassung an alle 75\" TV<\/strong><br \/>\nDesignet af CANVAS 75\" med lysegr\u00e5\u00a0front er n\u00f8je udformet for at komplementere og forbedre enhver 75\" tommer TV-oplevelse. Med sin universelle tilpasning garanterer denne model, at uanset hvilken 75\" tommer TV du har, vil CANVAS 75\" integrere sig problemfrit og\u00a0forbedre din audiovisuelle underholdning. Oplev en s\u00f8ml\u00f8s og harmonisk kombination af visuel og auditiv kvalitet i dit hjem.<\/p>\n<p><strong>Fleksibel montering - v\u00e6gh\u00e6ngt eller st\u00e5ende<\/strong><br \/>\nCANVAS 75\" kommer med b\u00e5de v\u00e6gh\u00e6ngt og st\u00e5ende beslag, hvilket giver dig fuld frihed til at v\u00e6lge, hvordan du \u00f8nsker at integrere systemet i dit hjem. Uanset om du foretr\u00e6kker en elegant v\u00e6gh\u00e6ngt ops\u00e6tning for at spare plads, eller en traditionel st\u00e5ende placering for en mere fleksibel tilstedev\u00e6relse, har CANVAS 75\" med lysegr\u00e5\u00a0front alt, hvad du beh\u00f8ver for en personlig og stilfuld ops\u00e6tning. Med disse fleksible monteringsmuligheder kan du skr\u00e6ddersy din lydoplevelse til netop din boligindretning og hvis dine behov med tiden \u00e6ndres sikre fleksibel placering og mulighed for front i anden st\u00f8rrelse eller farve en nem tilpasning til anden tv-st\u00f8rrelse eller placering.<\/p>\n<p>Se mere om CANVAS p\u00e5 deres international webshop her\u00a0<a title=\"CANVAS HiFi\" href=\"https:\/\/canvashifi.com\/de\/\" target=\"_blank\" rel=\"noopener\">www.canvashifi.com<\/a><\/p>","protected":false},"excerpt":{"rendered":"<p>CANVAS er mere end et produkt\u00a0\u2014\u00a0det er en innovativ id\u00e9 Introduktionen af CANVAS 75\" markerer en ny \u00e6ra inden for kompakt og stilfuld\u00a0lydteknologi. Med sin raffinerede lysegr\u00e5\u00a0front er denne model designet til at tilf\u00f8re et touch af elegance til ethvert rum, uden at g\u00e5 p\u00e5 kompromis med lydkvaliteten. Falder perfekt ind i indretningen i en [&hellip;]<\/p>\n","protected":false},"featured_media":4303,"template":"","meta":{"_acf_changed":false},"size":[576],"product_brand":[],"product_cat":[153],"product_tag":[105,99],"farve":[118],"maerker":[],"serier":[],"kampagne":[],"tempcat":[],"class_list":{"0":"post-956","1":"product","2":"type-product","3":"status-publish","4":"has-post-thumbnail","6":"size-576","7":"product_cat-canvas","8":"product_tag-canvas-75","9":"product_tag-quickrequest","10":"product_shipping_class-free","11":"farve-graa","13":"first","14":"instock","15":"taxable","16":"shipping-taxable","17":"purchasable","18":"product-type-simple"},"acf":[],"_links":{"self":[{"href":"https:\/\/canvashifi.com\/de\/wp-json\/wp\/v2\/product\/956","targetHints":{"allow":["GET"]}}],"collection":[{"href":"https:\/\/canvashifi.com\/de\/wp-json\/wp\/v2\/product"}],"about":[{"href":"https:\/\/canvashifi.com\/de\/wp-json\/wp\/v2\/types\/product"}],"wp:featuredmedia":[{"embeddable":true,"href":"https:\/\/canvashifi.com\/de\/wp-json\/wp\/v2\/media\/4303"}],"wp:attachment":[{"href":"https:\/\/canvashifi.com\/de\/wp-json\/wp\/v2\/media?parent=956"}],"wp:term":[{"taxonomy":"size","embeddable":true,"href":"https:\/\/canvashifi.com\/de\/wp-json\/wp\/v2\/size?post=956"},{"taxonomy":"product_brand","embeddable":true,"href":"https:\/\/canvashifi.com\/de\/wp-json\/wp\/v2\/product_brand?post=956"},{"taxonomy":"product_cat","embeddable":true,"href":"https:\/\/canvashifi.com\/de\/wp-json\/wp\/v2\/product_cat?post=956"},{"taxonomy":"product_tag","embeddable":true,"href":"https:\/\/canvashifi.com\/de\/wp-json\/wp\/v2\/product_tag?post=956"},{"taxonomy":"farve","embeddable":true,"href":"https:\/\/canvashifi.com\/de\/wp-json\/wp\/v2\/farve?post=956"},{"taxonomy":"maerker","embeddable":true,"href":"https:\/\/canvashifi.com\/de\/wp-json\/wp\/v2\/maerker?post=956"},{"taxonomy":"serie","embeddable":true,"href":"https:\/\/canvashifi.com\/de\/wp-json\/wp\/v2\/serier?post=956"},{"taxonomy":"kampagne","embeddable":true,"href":"https:\/\/canvashifi.com\/de\/wp-json\/wp\/v2\/kampagne?post=956"},{"taxonomy":"tempcat","embeddable":true,"href":"https:\/\/canvashifi.com\/de\/wp-json\/wp\/v2\/tempcat?post=956"}],"curies":[{"name":"wp","href":"https:\/\/api.w.org\/{rel}","templated":true}]}}