{"id":1584,"date":"2024-10-18T08:34:35","date_gmt":"2024-10-18T06:34:35","guid":{"rendered":"https:\/\/lbs.dk\/cnvshf\/?page_id=1584"},"modified":"2025-02-13T11:21:10","modified_gmt":"2025-02-13T10:21:10","slug":"visualize-canvas","status":"publish","type":"page","link":"https:\/\/canvashifi.com\/dk\/visualize-canvas\/","title":{"rendered":"Visualiser CANVAS"},"content":{"rendered":"<section class=\"ct-section\" style=\"color:#ffffff; background-color:rgb(0,0,0)\">\n\t\t<div class=\"ct-section-inner-wrap\">\n\t\t\t<div id=\"le_fulltext_wrapper-block_a5a18bc37b67bf1ef804b3b00a2518b1\" class=\"le_section le_fulltext\">\n\t\t\t\t\t\t\t\t\t\t<div class=\"le_fulltext_first le_w50 le_ta_center\">\n\t\t\t\t\t\t\t<h1>Udforsk CANVAS i din stue<\/h1>\n<p>Har du sv\u00e6rt ved at v\u00e6lge den rigtige frontfarve og st\u00f8rrelse til din CANVAS HiFi? Det er ikke noget problem! Vi har en enkel l\u00f8sning, der fjerner g\u00e6tteriet. Bare forestil dig det perfekte match til dit hjem med AR.<\/p>\n\t\t\t\t\t\t<\/div>\n\t\t\t\t\t\t\t\t<\/div>\n\t\t<\/div>\n\t<\/section>\n\n\n\t<section class=\"ct-section\" style=\"color:#000000; background-color:\">\n\t\t<div class=\"ct-section-inner-wrap\">\n\t\t\t<div id=\"le_fulltext_wrapper-block_82e59c8666e164cdbb33e901ec0d0f71\" class=\"le_section le_fulltext\">\n\t\t\t\t\t\t\t\t\t\t<div class=\"le_fulltext_first le_w66 le_ta_center\">\n\t\t\t\t\t\t\t<div style=\" overflow: hidden; position: relative; padding-top: min(600px ,100%); max-width: 600px; margin-left: auto; margin-right: auto;   \"><iframe style=\" border: 0; height: 100%; left: 0; position: absolute; max-height: 600px; top: 0; width: 100%; \" src=\"https:\/\/mazing.link\/0QdRy04vvl\" allowusermedia=\"\" allowfullscreen=\"\" allow=\"accelerometer; autoplay; encrypted-media; gyroscope; picture-in-picture; camera *; xr-spatial-tracking;\"><\/iframe><\/div>\n\t\t\t\t\t\t<\/div>\n\t\t\t\t\t\t\t\t<\/div>\n\t\t<\/div>\n\t<\/section>\n\n\n\n<div class=\"wp-block-group ct-section ct-section-inner-wrap nopadding-top\"><div class=\"wp-block-group__inner-container is-layout-constrained wp-block-group-is-layout-constrained\">\n<div class=\"wp-block-columns is-layout-flex wp-container-core-columns-is-layout-9d6595d7 wp-block-columns-is-layout-flex\">\n<div class=\"wp-block-column is-layout-flow wp-block-column-is-layout-flow\">\n<figure class=\"wp-block-image size-full\"><a href=\"https:\/\/mazing.link\/0QdRy04vvl\" target=\"_blank\" rel=\" noreferrer noopener\"><img decoding=\"async\" width=\"800\" height=\"800\" src=\"https:\/\/canvashifi.com\/wp-content\/uploads\/sites\/5\/2025\/02\/canvas_55_black_01.jpg\" alt=\"\" class=\"wp-image-2961\" srcset=\"https:\/\/6kutttnx.photoncache.com\/wp-content\/uploads\/sites\/5\/2025\/02\/canvas_55_black_01.jpg 800w, https:\/\/6kutttnx.photoncache.com\/wp-content\/uploads\/sites\/5\/2025\/02\/canvas_55_black_01-150x150.jpg 150w, https:\/\/6kutttnx.photoncache.com\/wp-content\/uploads\/sites\/5\/2025\/02\/canvas_55_black_01-300x300.jpg 300w, https:\/\/6kutttnx.photoncache.com\/wp-content\/uploads\/sites\/5\/2025\/02\/canvas_55_black_01-768x768.jpg 768w, https:\/\/6kutttnx.photoncache.com\/wp-content\/uploads\/sites\/5\/2025\/02\/canvas_55_black_01-12x12.jpg 12w, https:\/\/6kutttnx.photoncache.com\/wp-content\/uploads\/sites\/5\/2025\/02\/canvas_55_black_01-100x100.jpg 100w, https:\/\/6kutttnx.photoncache.com\/wp-content\/uploads\/sites\/5\/2025\/02\/canvas_55_black_01-80x80.jpg 80w, https:\/\/6kutttnx.photoncache.com\/wp-content\/uploads\/sites\/5\/2025\/02\/canvas_55_black_01-600x600.jpg 600w\" sizes=\"(max-width: 800px) 100vw, 800px\" \/><\/a><\/figure>\n<\/div>\n\n\n\n<div class=\"wp-block-column is-layout-flow wp-block-column-is-layout-flow\">\n<figure class=\"wp-block-image size-full\"><a href=\"https:\/\/mazing.link\/OxzUCRnucm\" target=\"_blank\" rel=\" noreferrer noopener\"><img decoding=\"async\" width=\"800\" height=\"800\" src=\"https:\/\/canvashifi.com\/wp-content\/uploads\/sites\/5\/2025\/02\/canvas_55_light-grey1.jpg\" alt=\"\" class=\"wp-image-2960\" srcset=\"https:\/\/6kutttnx.photoncache.com\/wp-content\/uploads\/sites\/5\/2025\/02\/canvas_55_light-grey1.jpg 800w, https:\/\/6kutttnx.photoncache.com\/wp-content\/uploads\/sites\/5\/2025\/02\/canvas_55_light-grey1-150x150.jpg 150w, https:\/\/6kutttnx.photoncache.com\/wp-content\/uploads\/sites\/5\/2025\/02\/canvas_55_light-grey1-300x300.jpg 300w, https:\/\/6kutttnx.photoncache.com\/wp-content\/uploads\/sites\/5\/2025\/02\/canvas_55_light-grey1-768x768.jpg 768w, https:\/\/6kutttnx.photoncache.com\/wp-content\/uploads\/sites\/5\/2025\/02\/canvas_55_light-grey1-12x12.jpg 12w, https:\/\/6kutttnx.photoncache.com\/wp-content\/uploads\/sites\/5\/2025\/02\/canvas_55_light-grey1-100x100.jpg 100w, https:\/\/6kutttnx.photoncache.com\/wp-content\/uploads\/sites\/5\/2025\/02\/canvas_55_light-grey1-80x80.jpg 80w, https:\/\/6kutttnx.photoncache.com\/wp-content\/uploads\/sites\/5\/2025\/02\/canvas_55_light-grey1-600x600.jpg 600w\" sizes=\"(max-width: 800px) 100vw, 800px\" \/><\/a><\/figure>\n<\/div>\n\n\n\n<div class=\"wp-block-column is-layout-flow wp-block-column-is-layout-flow\">\n<figure class=\"wp-block-image size-full\"><a href=\"https:\/\/mazing.link\/_IP8vkjevb\" target=\"_blank\" rel=\" noreferrer noopener\"><img decoding=\"async\" width=\"800\" height=\"800\" src=\"https:\/\/canvashifi.com\/wp-content\/uploads\/sites\/5\/2025\/02\/canvas_55_light-green1.jpg\" alt=\"\" class=\"wp-image-2962\" srcset=\"https:\/\/6kutttnx.photoncache.com\/wp-content\/uploads\/sites\/5\/2025\/02\/canvas_55_light-green1.jpg 800w, https:\/\/6kutttnx.photoncache.com\/wp-content\/uploads\/sites\/5\/2025\/02\/canvas_55_light-green1-150x150.jpg 150w, https:\/\/6kutttnx.photoncache.com\/wp-content\/uploads\/sites\/5\/2025\/02\/canvas_55_light-green1-300x300.jpg 300w, https:\/\/6kutttnx.photoncache.com\/wp-content\/uploads\/sites\/5\/2025\/02\/canvas_55_light-green1-768x768.jpg 768w, https:\/\/6kutttnx.photoncache.com\/wp-content\/uploads\/sites\/5\/2025\/02\/canvas_55_light-green1-12x12.jpg 12w, https:\/\/6kutttnx.photoncache.com\/wp-content\/uploads\/sites\/5\/2025\/02\/canvas_55_light-green1-100x100.jpg 100w, https:\/\/6kutttnx.photoncache.com\/wp-content\/uploads\/sites\/5\/2025\/02\/canvas_55_light-green1-80x80.jpg 80w, https:\/\/6kutttnx.photoncache.com\/wp-content\/uploads\/sites\/5\/2025\/02\/canvas_55_light-green1-600x600.jpg 600w\" sizes=\"(max-width: 800px) 100vw, 800px\" \/><\/a><\/figure>\n<\/div>\n\n\n\n<div class=\"wp-block-column is-layout-flow wp-block-column-is-layout-flow\">\n<figure class=\"wp-block-image size-full\"><a href=\"https:\/\/mazing.link\/XOG2LHoLT1\" target=\"_blank\" rel=\" noreferrer noopener\"><img decoding=\"async\" width=\"800\" height=\"800\" src=\"https:\/\/canvashifi.com\/wp-content\/uploads\/sites\/5\/2025\/02\/canvas_55_dark-blue1.jpg\" alt=\"\" class=\"wp-image-2963\" srcset=\"https:\/\/6kutttnx.photoncache.com\/wp-content\/uploads\/sites\/5\/2025\/02\/canvas_55_dark-blue1.jpg 800w, https:\/\/6kutttnx.photoncache.com\/wp-content\/uploads\/sites\/5\/2025\/02\/canvas_55_dark-blue1-150x150.jpg 150w, https:\/\/6kutttnx.photoncache.com\/wp-content\/uploads\/sites\/5\/2025\/02\/canvas_55_dark-blue1-300x300.jpg 300w, https:\/\/6kutttnx.photoncache.com\/wp-content\/uploads\/sites\/5\/2025\/02\/canvas_55_dark-blue1-768x768.jpg 768w, https:\/\/6kutttnx.photoncache.com\/wp-content\/uploads\/sites\/5\/2025\/02\/canvas_55_dark-blue1-12x12.jpg 12w, https:\/\/6kutttnx.photoncache.com\/wp-content\/uploads\/sites\/5\/2025\/02\/canvas_55_dark-blue1-100x100.jpg 100w, https:\/\/6kutttnx.photoncache.com\/wp-content\/uploads\/sites\/5\/2025\/02\/canvas_55_dark-blue1-80x80.jpg 80w, https:\/\/6kutttnx.photoncache.com\/wp-content\/uploads\/sites\/5\/2025\/02\/canvas_55_dark-blue1-600x600.jpg 600w\" sizes=\"(max-width: 800px) 100vw, 800px\" \/><\/a><\/figure>\n<\/div>\n\n\n\n<div class=\"wp-block-column is-layout-flow wp-block-column-is-layout-flow\">\n<figure class=\"wp-block-image size-full\"><a href=\"https:\/\/mazing.link\/GVPN-wGmhd\" target=\"_blank\" rel=\" noreferrer noopener\"><img decoding=\"async\" width=\"800\" height=\"800\" src=\"https:\/\/canvashifi.com\/wp-content\/uploads\/sites\/5\/2025\/02\/canvas_55_ocean-grey1.jpg\" alt=\"\" class=\"wp-image-2964\" srcset=\"https:\/\/6kutttnx.photoncache.com\/wp-content\/uploads\/sites\/5\/2025\/02\/canvas_55_ocean-grey1.jpg 800w, https:\/\/6kutttnx.photoncache.com\/wp-content\/uploads\/sites\/5\/2025\/02\/canvas_55_ocean-grey1-150x150.jpg 150w, https:\/\/6kutttnx.photoncache.com\/wp-content\/uploads\/sites\/5\/2025\/02\/canvas_55_ocean-grey1-300x300.jpg 300w, https:\/\/6kutttnx.photoncache.com\/wp-content\/uploads\/sites\/5\/2025\/02\/canvas_55_ocean-grey1-768x768.jpg 768w, https:\/\/6kutttnx.photoncache.com\/wp-content\/uploads\/sites\/5\/2025\/02\/canvas_55_ocean-grey1-12x12.jpg 12w, https:\/\/6kutttnx.photoncache.com\/wp-content\/uploads\/sites\/5\/2025\/02\/canvas_55_ocean-grey1-100x100.jpg 100w, https:\/\/6kutttnx.photoncache.com\/wp-content\/uploads\/sites\/5\/2025\/02\/canvas_55_ocean-grey1-80x80.jpg 80w, https:\/\/6kutttnx.photoncache.com\/wp-content\/uploads\/sites\/5\/2025\/02\/canvas_55_ocean-grey1-600x600.jpg 600w\" sizes=\"(max-width: 800px) 100vw, 800px\" \/><\/a><\/figure>\n<\/div>\n<\/div>\n<\/div><\/div>\n\n\n\n<p><\/p>","protected":false},"excerpt":{"rendered":"","protected":false},"author":1,"featured_media":0,"parent":0,"menu_order":0,"comment_status":"closed","ping_status":"closed","template":"","meta":{"_acf_changed":false,"footnotes":""},"class_list":["post-1584","page","type-page","status-publish","hentry"],"acf":[],"_links":{"self":[{"href":"https:\/\/canvashifi.com\/dk\/wp-json\/wp\/v2\/pages\/1584","targetHints":{"allow":["GET"]}}],"collection":[{"href":"https:\/\/canvashifi.com\/dk\/wp-json\/wp\/v2\/pages"}],"about":[{"href":"https:\/\/canvashifi.com\/dk\/wp-json\/wp\/v2\/types\/page"}],"author":[{"embeddable":true,"href":"https:\/\/canvashifi.com\/dk\/wp-json\/wp\/v2\/users\/1"}],"replies":[{"embeddable":true,"href":"https:\/\/canvashifi.com\/dk\/wp-json\/wp\/v2\/comments?post=1584"}],"version-history":[{"count":0,"href":"https:\/\/canvashifi.com\/dk\/wp-json\/wp\/v2\/pages\/1584\/revisions"}],"wp:attachment":[{"href":"https:\/\/canvashifi.com\/dk\/wp-json\/wp\/v2\/media?parent=1584"}],"curies":[{"name":"wp","href":"https:\/\/api.w.org\/{rel}","templated":true}]}}