{"id":5361,"date":"2025-11-24T11:53:12","date_gmt":"2025-11-24T10:53:12","guid":{"rendered":"https:\/\/canvashifi.com\/?page_id=5361"},"modified":"2025-12-11T15:28:00","modified_gmt":"2025-12-11T14:28:00","slug":"the-original-canvas","status":"publish","type":"page","link":"https:\/\/canvashifi.com\/dk\/the-original-canvas\/","title":{"rendered":"The Original Canvas"},"content":{"rendered":"<section id=\"hero-block_0b845c2b2bef58689c6e7186f1b747c1\" class=\"hero h-height-xl h-mheight-xl c_width_m heading_l\" style=\"--txt-color: #FFFFFF; --overlay-opacity: 0%\">\n                    <picture class=\"hero__background\">\n                                    <source media=\"(max-width: 768px)\" srcset=\"https:\/\/6kutttnx.photoncache.com\/wp-content\/uploads\/sites\/5\/2025\/11\/Canvas_800x800.jpg\">\n                                <img decoding=\"async\" src=\"https:\/\/6kutttnx.photoncache.com\/wp-content\/uploads\/sites\/5\/2025\/11\/Canvas_1920x840.jpg\" alt=\"\" \/>\n            <\/picture>\n        \n        <div class=\"hero__overlay\"><\/div>\n\n        <div class=\"ct-section-inner-wrap hero__content c-position_bl a_txt_left\">\n                            <div class=\"element__subheading\">DEN ORIGINALE CANVAS<\/div>\n                                        <h1 class=\"element__heading\"><p>DESIGNET TIL AT F\u00c5 DET FULDE POTENTIALE FREM I HVER ENESTE LYD<\/p>\n<\/h1>\n            \n            \n                    <\/div>\n    <\/section>\n    \n\n\n<div style=\"height:5rem\" aria-hidden=\"true\" class=\"wp-block-spacer canvas_spacer\"><\/div>\n\n\n    <section id=\"text-block-block_758dd5c945a52e7175047e14b13fd9c1\" class=\"text-block heading_m c_width_s place_c a_txt_center\" style=\"--txt-color: #000; --bg-color: #FFFFFF\">\n        <div class=\"text-block__inner ct-section-inner-wrap\">\n                                        <h3 class=\"element__heading\">OPLEV CANVAS - EN NY STANDARD INDEN FOR TV-INTEGRERET HIGH-END HIFI, BYGGET P\u00c5 \u00c6GTE LYDTEKNIK, AVANCERET AKUSTISK DESIGN OG ELEGANT, MODERNE H\u00c5NDV\u00c6RK.<br \/>\r\nET SYSTEM, DER ER SKABT TIL AT LEVERE FANTASTISK LYD, PROBLEMFRI TV-INTEGRATION OG EN FULDST\u00c6NDIG OMSLUTTENDE OPLEVELSE I STUEN - UDEN AT G\u00c5 P\u00c5 KOMPROMIS MED STIL, YDEEVNE ELLER ENKELHED.<\/h3>\n            \n            \n                    <\/div>\n    <\/section>\n    \n\n\n<div style=\"height:5rem\" aria-hidden=\"true\" class=\"wp-block-spacer canvas_spacer\"><\/div>\n\n\n    <section id=\"hero-block_27b1603211422f02ac90667b473aa0e8\" class=\"hero h-height-xl h-mheight-xl c_width_s heading_m\" style=\"--txt-color: #FFFFFF; --overlay-opacity: 5%\">\n                    <picture class=\"hero__background\">\n                                    <source media=\"(max-width: 768px)\" srcset=\"https:\/\/6kutttnx.photoncache.com\/wp-content\/uploads\/sites\/5\/2025\/11\/Canvas2_800x800.jpg\">\n                                <img decoding=\"async\" src=\"https:\/\/6kutttnx.photoncache.com\/wp-content\/uploads\/sites\/5\/2025\/11\/Canvas2_1920x840.jpg\" alt=\"\" \/>\n            <\/picture>\n        \n        <div class=\"hero__overlay\"><\/div>\n\n        <div class=\"ct-section-inner-wrap hero__content c-position_bl a_txt_left\">\n                        \n            \n                    <\/div>\n    <\/section>\n    \n\n\n<div style=\"height:5rem\" aria-hidden=\"true\" class=\"wp-block-spacer canvas_spacer\"><\/div>\n\n\n    <section id=\"text-block-block_0ba6241752924dcf0aa31fcf7b503f70\" class=\"text-block heading_m content-size-content_m c_width_s place_c a_txt_center\" style=\"--txt-color: #000; --bg-color: #FFFFFF\">\n        <div class=\"text-block__inner ct-section-inner-wrap\">\n                                        <h3 class=\"element__heading\">\u00c6GTE HIFI-YDELSE UDEN KOMPROMIS<\/h3>\n            \n                            <div class=\"element__text\"><p>Canvas er konstrueret som et \u00e6gte HiFi-h\u00f8jttalersystem med f\u00f8rsteklasses SB Acoustics-drivere, trykst\u00f8bte aluminiumskonstruktioner, passive radiatorer med lang udstr\u00e5ling og b\u00f8lgestyrede silkediskanter for naturlige detaljer og klarhed. Et stift MDF-kabinet forst\u00e6rket med vores patentanmeldte BridgeBrace\u2122-design undertrykker u\u00f8nskede vibrationer og sikrer ren ydelse ved alle lytteniveauer. Med en 4-kanals Burr-Brown DAC, forst\u00e6rkertrin i h\u00f8j kvalitet og DSP-delefilter med line\u00e6r fase fra Analog Devices leverer Canvas en lyd, der normalt er forbeholdt dedikerede HiFi-ops\u00e6tninger.<\/p>\n<\/div>\n            \n                    <\/div>\n    <\/section>\n    \n\n    <section id=\"loop-block-block_55b5e1f95cecc8baebc4947a33571fea\" class=\"loop-element heading_m dsgn1\" style=\"--txt-color: #000000; --bg-color: #FFFFFF\" data-grid=\"2\">\n        <div class=\"loop-element__wrapper ct-section-inner-wrap\">\n            \n            \n            \n                                                <div class=\"grid-element__items\" style=\"--loopGrid: 2; --loopGap: 2rem;\">\n                        <article class=\"loop-card  dsgn1\" style=\"padding-right:0\">\n                <div class=\"loop-card__link\">\n                        <img decoding=\"async\" src=\"https:\/\/6kutttnx.photoncache.com\/wp-content\/uploads\/sites\/5\/2025\/11\/Pic2_600x700.jpg\" class=\"loop-card__image\">\n                <div class=\"loop-card__contentWrapper\">\n            <div class=\"loop-card_contentInner\">\n                <div class=\"loop-card__contentTitle\">\n                    <div class=\"loop-card__title\">\n                        TILPASNINGSDYGTIG OPS\u00c6TNING OG LANGTIDSHOLDBART DESIGN                    <\/div>\n                                    <\/div>\n                <div class=\"loop-card__content\">Hver enhed indeholder en hybrid fod-\/v\u00e6gmontering, s\u00e5 du kan skifte mellem gulv- og v\u00e6gplacering uden at udskifte systemet.<br \/>\r\n<br \/>\r\nAutomatiske opdateringer og et modul\u00e6rt internt design g\u00f8r, at Canvas er bygget til at holde - nem at servicere, nem at opgradere og altid opdateret.<\/div>            <\/div>\n                    <\/div>\n                <\/div>\n    <\/article>\n<article class=\"loop-card  dsgn1\" style=\"padding-right:0\">\n                <div class=\"loop-card__link\">\n                        <img decoding=\"async\" src=\"https:\/\/6kutttnx.photoncache.com\/wp-content\/uploads\/sites\/5\/2025\/11\/Pic3_600x800-1.jpg\" class=\"loop-card__image\">\n                <div class=\"loop-card__contentWrapper\">\n            <div class=\"loop-card_contentInner\">\n                <div class=\"loop-card__contentTitle\">\n                    <div class=\"loop-card__title\">\n                        FLEKSIBEL PLACERING OG FREMTIDSSIKRET DESIGN                    <\/div>\n                                    <\/div>\n                <div class=\"loop-card__content\">Canvas forvandler en udfordrende placering til en fordel. <br \/>\r\n<br \/>\r\nRoom Correction former den afgr\u00e6nsede bas til en stram, kraftfuld bas, mens BACCH 3D-teknologien fjerner krydstale og giver et rummeligt, tredimensionelt lydbillede - selv n\u00e5r h\u00f8jttalerne st\u00e5r direkte op ad en v\u00e6g.<br \/>\r\n<\/div>            <\/div>\n                    <\/div>\n                <\/div>\n    <\/article>\n                    <\/div>\n                                    <\/div>\n    <\/section>\n    \n\n    <section id=\"hero-block_5e939f7e78661c42ce2db4873a20021d\" class=\"hero h-height-xl h-mheight-auto c_width_l heading_m\" style=\"--txt-color: #FFFFFF; --overlay-opacity: 0%\">\n                    <picture class=\"hero__background\">\n                                    <source media=\"(max-width: 768px)\" srcset=\"https:\/\/6kutttnx.photoncache.com\/wp-content\/uploads\/sites\/5\/2025\/11\/Canvas3_800x800.jpg\">\n                                <img decoding=\"async\" src=\"https:\/\/6kutttnx.photoncache.com\/wp-content\/uploads\/sites\/5\/2025\/11\/Canvas3_1920x840.jpg\" alt=\"\" \/>\n            <\/picture>\n        \n        <div class=\"hero__overlay\"><\/div>\n\n        <div class=\"ct-section-inner-wrap hero__content c-position_bl a_txt_left\">\n                        \n            \n                    <\/div>\n    <\/section>\n    \n\n\n<div style=\"height:5rem\" aria-hidden=\"true\" class=\"wp-block-spacer canvas_spacer\"><\/div>\n\n\n    <section id=\"text-block-block_8e6d20a9e35d830fac19d3f329c65e10\" class=\"text-block heading_m content-size-content_m c_width_m place_c a_txt_center\" style=\"--txt-color: #000; --bg-color: #FFFFFF\">\n        <div class=\"text-block__inner ct-section-inner-wrap\">\n                                        <h3 class=\"element__heading\">PASSER PERFEKT TIL N\u00c6STEN ETHVERT TV<\/h3>\n            \n                            <div class=\"element__text\"><p data-start=\"153\" data-end=\"478\">Det patentanmeldte Universal TV Mount underst\u00f8tter de fleste moderne 55\"-85\" sk\u00e6rme og g\u00f8r det muligt for systemet at smelte sammen med fjernsynet. Frontgitre, der passer i st\u00f8rrelse, skaber et ensartet look, der g\u00f8r dit tv og Canvas til \u00e9t s\u00f8ml\u00f8st m\u00f8bel. Med fleksible monteringsmuligheder, softwareopdateringer og et modul\u00e6rt internt layout er Canvas designet til at v\u00e6re nemt at vedligeholde, fremtidssikret og kunne tilpasses ethvert rum eller enhver ops\u00e6tning.<\/p>\n<\/div>\n            \n                    <\/div>\n    <\/section>\n    \n\n    <section id=\"loop-block-block_e6a25a4a682b76f10abcb5ca0fe7046d\" class=\"loop-element heading_m dsgn1\" style=\"--txt-color: #000000; --bg-color: #FFFFFF\" data-grid=\"2\">\n        <div class=\"loop-element__wrapper ct-section-inner-wrap\">\n            \n            \n            \n                                                <div class=\"grid-element__items\" style=\"--loopGrid: 2; --loopGap: 2rem;\">\n                        <article class=\"loop-card  dsgn1\" style=\"padding-right:0\">\n                <div class=\"loop-card__link\">\n                        <img decoding=\"async\" src=\"https:\/\/6kutttnx.photoncache.com\/wp-content\/uploads\/sites\/5\/2025\/11\/Pic5_600x700.jpg\" class=\"loop-card__image\">\n                <div class=\"loop-card__contentWrapper\">\n            <div class=\"loop-card_contentInner\">\n                <div class=\"loop-card__contentTitle\">\n                    <div class=\"loop-card__title\">\n                        SKR\u00c6DDERSYEDE LYDPROFILER                    <\/div>\n                                    <\/div>\n                <div class=\"loop-card__content\">Canvas forvandler en udfordrende placering til en fordel. <br \/>\r\n<br \/>\r\nRoom Correction former den afgr\u00e6nsede bas til en stram, kraftfuld bas, mens BACCH 3D-teknologien fjerner krydstale og giver et rummeligt, tredimensionelt lydbillede - selv n\u00e5r h\u00f8jttalerne st\u00e5r direkte op ad en v\u00e6g.<br \/>\r\n<\/div>            <\/div>\n                    <\/div>\n                <\/div>\n    <\/article>\n<article class=\"loop-card  dsgn1\" style=\"padding-right:0\">\n                <div class=\"loop-card__link\">\n                        <img decoding=\"async\" src=\"https:\/\/6kutttnx.photoncache.com\/wp-content\/uploads\/sites\/5\/2025\/11\/Pic6_485x648-1.jpg\" class=\"loop-card__image\">\n                <div class=\"loop-card__contentWrapper\">\n            <div class=\"loop-card_contentInner\">\n                <div class=\"loop-card__contentTitle\">\n                    <div class=\"loop-card__title\">\n                        UBEGR\u00c6NSET STREAMING                    <\/div>\n                                    <\/div>\n                <div class=\"loop-card__content\">Tilslut med et enkelt HDMI eARC-kabel, og styr alt direkte med dit tv eller Apple TV-fjernbetjening.<br \/>\r\n<br \/>\r\nPerfekt l\u00e6besynkronisering, automatisk str\u00f8mstyring og intet besv\u00e6r - Canvas reagerer som en del af dit tv.<br \/>\r\nUanset om du streamer playlister eller afspiller vinyl, h\u00e5ndterer Canvas det med klarhed og dybde.<\/div>            <\/div>\n                    <\/div>\n                <\/div>\n    <\/article>\n                    <\/div>\n                                    <\/div>\n    <\/section>\n    \n\n\n<div style=\"height:5rem\" aria-hidden=\"true\" class=\"wp-block-spacer canvas_spacer\"><\/div>\n\n\n\t<section id=\"text-media-block_0199ba5ca6a8ffe687b8cd570ce896b1\" class=\"text-media heading_m medie-left media-6-cols\" style=\"--txt-color: #000000; --bg-color: #FFFFFF\">\n\t\t<div class=\"text-media__inner rp_right rp_left a_txt_left   ct-section-inner-wrap\">\n\t\t\t<div class=\"text-media__text\" style=\"grid-column: span 6\">\n\t\t\t\t\t\t\t\t\t<h3 class=\"element__heading\">UBESV\u00c6RET KONTROL, ENDEL\u00d8S NYDELSE<\/h3>\n\t\t\t\t\n\t\t\t\t\t\t\t\t\t<div class=\"element__text\"><p>Med Apple AirPlay 2, Google Cast, Spotify Connect, TIDAL Connect, Roon og HDMI eARC er du altid et skridt v\u00e6k fra musik, film eller de \u00f8jeblikke, der bev\u00e6ger dig - uanset om det er fra tv, telefon eller netv\u00e6rk. Den analoge indgang med Burr-Brown DAC holder vinyl i live i fuld trov\u00e6rdighed, s\u00e5 l\u00e6nge din pladespiller har et indbygget phono-trin.<\/p>\n<p>Ops\u00e6tningen er \u00f8jeblikkelig. Et enkelt tryk p\u00e5 iPhone eller et guidet flow p\u00e5 Android v\u00e6kker den til live. Derfra er kontrollen ubesv\u00e6ret. Med HDMI eARC reagerer CANVAS p\u00e5 din tv-fjernbetjening, som om den var en del af sk\u00e6rmen - perfekt l\u00e6besynkronisering, naturlig lydstyrke, problemfri integration.<\/p>\n<\/div>\n\t\t\t\t\n\t\t\t\t\t\t\t<\/div>\n\n\t\t\t<div class=\"text-media__media\" style=\"grid-column: span 6\">\n\t\t\t\t\t\t\t\t\t<img decoding=\"async\" src=\"https:\/\/6kutttnx.photoncache.com\/wp-content\/uploads\/sites\/5\/2025\/09\/Canvas-stream-from-app_690x690_crop_center1.jpg\" alt=\"\" \/>\n\t\t\t\t\t\t\t<\/div>\n\t\t<\/div>\n\t<\/section>\n\t\n\n\t<section id=\"text-media-block_05f52c3843bb3af91b3fbcbd088b777b\" class=\"text-media heading_m medie-right media-6-cols\" style=\"--txt-color: #000000; --bg-color: #FFFFFF\">\n\t\t<div class=\"text-media__inner rp_right rp_left a_txt_left   ct-section-inner-wrap\">\n\t\t\t<div class=\"text-media__text\" style=\"grid-column: span 6\">\n\t\t\t\t\t\t\t\t\t<h3 class=\"element__heading\">DANSK DESIGN FUSER HIFI MED DIT TV<\/h3>\n\t\t\t\t\n\t\t\t\t\t\t\t\t\t<div class=\"element__text\"><p>Den grundl\u00e6ggende id\u00e9 bag CANVAS-designet er at smelte hi-fi sammen med dit tv og skabe et harmonisk og funktionelt opholdsrum, der hylder enkelhed, naturlige elementer og minimalisme uden at...<br \/>\nat g\u00e5 p\u00e5 kompromis med lyden.<\/p>\n<p>Denne designfilosofi l\u00e6gger v\u00e6gt p\u00e5 rene linjer, en neutral farvepalet og brug af naturlige materialer som tr\u00e6 og naturinspirerede tekstiler.<\/p>\n<\/div>\n\t\t\t\t\n\t\t\t\t\t\t\t<\/div>\n\n\t\t\t<div class=\"text-media__media\" style=\"grid-column: span 6\">\n\t\t\t\t\t\t\t\t\t<img decoding=\"async\" src=\"https:\/\/6kutttnx.photoncache.com\/wp-content\/uploads\/sites\/5\/2025\/01\/Canvas_85_Ocean_Grey_wall-1024x1024.jpg\" alt=\"\" \/>\n\t\t\t\t\t\t\t<\/div>\n\t\t<\/div>\n\t<\/section>\n\t\n\n                <section class=\"ct-section\">\n                    <div class=\"ct-section-inner-wrap\">\n                        <div class=\"swiper-container swiper_slider canvas-reviewslider-1\">\n                            <div class=\"swiper-wrapper canvasreview_item_content\">\n                                                                    <div class=\"swiper-slide\">\n                                        <div class=\"reviewslider_logo\">\n                                                                                    <\/div>\n\n                                        <div class=\"reviewslider_quote\">\n                                            Canvas Soundbar \u00f8del\u00e6gger konkurrencen p\u00e5 CES 2025 - Best in Show                                        <\/div>\n\n                                        <div class=\"reviewslider_name\">\n                                            CES 2025 - Best in show                                        <\/div>\n\n                                        <a class=\"canvasreview_btn\" href=\"https:\/\/www.youtube.com\/watch?v=6zeZ77-26xE\" target=\"_blank\" rel=\"nofollow noopener\">Se video<\/a>                                    <\/div>\n                                                                        <div class=\"swiper-slide\">\n                                        <div class=\"reviewslider_logo\">\n                                                                                    <\/div>\n\n                                        <div class=\"reviewslider_quote\">\n                                            Canvas HiFi g\u00f8r stort set alting rigtigt.                                        <\/div>\n\n                                        <div class=\"reviewslider_name\">\n                                            HEIMKINO                                        <\/div>\n\n                                        <a class=\"canvasreview_btn\" href=\"https:\/\/canvashifi.com\/wp-content\/uploads\/sites\/5\/2025\/02\/Heimkino_Test.pdf\" target=\"_blank\" rel=\"nofollow\">L\u00e6s artikel<\/a>                                    <\/div>\n                                                                        <div class=\"swiper-slide\">\n                                        <div class=\"reviewslider_logo\">\n                                            <img decoding=\"async\" src=\"https:\/\/6kutttnx.photoncache.com\/wp-content\/uploads\/sites\/5\/2025\/01\/lbicon1.png\" width=\"115\" height=\"133\" alt=\"\" loading=\"lazy\" \/>                                        <\/div>\n\n                                        <div class=\"reviewslider_quote\">\n                                            Canvas HiFi udfordrer de traditionelle kategorier med sin kombination af h\u00f8jttaler, soundbar og m\u00f8bel - alt sammen i \u00e9t produkt. Og lyden er imponerende.                                        <\/div>\n\n                                        <div class=\"reviewslider_name\">\n                                            Lyd og billede \u00c5rets produkt                                        <\/div>\n\n                                        <a class=\"canvasreview_btn\" href=\"https:\/\/www.lbtechreviews.com\/test\/speakers\/canvas-hifi-65\" target=\"_blank\" rel=\"nofollow noopener\">L\u00e6s mere<\/a>                                    <\/div>\n                                                                        <div class=\"swiper-slide\">\n                                        <div class=\"reviewslider_logo\">\n                                            <img decoding=\"async\" src=\"https:\/\/6kutttnx.photoncache.com\/wp-content\/uploads\/sites\/5\/2024\/10\/avf1-3.png\" width=\"120\" height=\"22\" alt=\"\" loading=\"lazy\" \/>                                        <\/div>\n\n                                        <div class=\"reviewslider_quote\">\n                                            Editor's Choice Awards fejrer \u00e5rets bedste produkter. Det er de produkter, som vi synes skiller sig ud fra resten.                                        <\/div>\n\n                                        <div class=\"reviewslider_name\">\n                                            AVForums Editor's Choice Awards                                        <\/div>\n\n                                        <a class=\"canvasreview_btn\" href=\"https:\/\/www.avforums.com\/reviews\/canvas-hifi-speaker-system-review.21890\/\" target=\"_blank\" rel=\"nofollow noopener\">L\u00e6s mere<\/a>                                    <\/div>\n                                                                        <div class=\"swiper-slide\">\n                                        <div class=\"reviewslider_logo\">\n                                                                                    <\/div>\n\n                                        <div class=\"reviewslider_quote\">\n                                            Dette er en af de mest stilfulde og enkle plug-and-play livsstils-hjemmebiografer, jeg nogensinde har set.                                        <\/div>\n\n                                        <div class=\"reviewslider_name\">\n                                            Andrew Robinson                                        <\/div>\n\n                                        <a class=\"canvasreview_btn\" href=\"https:\/\/www.youtube.com\/watch?v=xaQsIl1CXvA\" target=\"_blank\" rel=\"nofollow noopener\">Se anmeldelsen<\/a>                                    <\/div>\n                                                                        <div class=\"swiper-slide\">\n                                        <div class=\"reviewslider_logo\">\n                                                                                    <\/div>\n\n                                        <div class=\"reviewslider_quote\">\n                                            Det er mere naturligt, det er mere virkeligt, man f\u00f8ler faktisk den akustiske kraft, presset fra den, og scenen bliver levende.                                        <\/div>\n\n                                        <div class=\"reviewslider_name\">\n                                            Benji TV                                        <\/div>\n\n                                        <a class=\"canvasreview_btn\" href=\"https:\/\/www.youtube.com\/watch?v=WwBXNtnxBvY\" target=\"_blank\" rel=\"nofollow noopener\">Se anmeldelsen<\/a>                                    <\/div>\n                                                                        <div class=\"swiper-slide\">\n                                        <div class=\"reviewslider_logo\">\n                                                                                    <\/div>\n\n                                        <div class=\"reviewslider_quote\">\n                                            Den g\u00f8r faktisk, hvad de siger, den vil g\u00f8re                                        <\/div>\n\n                                        <div class=\"reviewslider_name\">\n                                            AVForums med f\u00f8rsteh\u00e5ndsindtryk                                        <\/div>\n\n                                        <a class=\"canvasreview_btn\" href=\"https:\/\/www.youtube.com\/watch?v=tGE1m1tj7g0\" target=\"_blank\" rel=\"nofollow noopener\">L\u00e6s artikel<\/a>                                    <\/div>\n                                                                        <div class=\"swiper-slide\">\n                                        <div class=\"reviewslider_logo\">\n                                            <img decoding=\"async\" src=\"https:\/\/6kutttnx.photoncache.com\/wp-content\/uploads\/sites\/5\/2025\/02\/Forbes_logo_black-700x1831-1.png\" width=\"100\" height=\"26\" alt=\"\" loading=\"lazy\" \/>                                        <\/div>\n\n                                        <div class=\"reviewslider_quote\">\n                                            CANVAS afsl\u00f8rer anden generation af designede eksterne tv-lydsystemer - og denne gang er de ikke kun til LG OLED'er                                        <\/div>\n\n                                        <div class=\"reviewslider_name\">\n                                            Forbes                                        <\/div>\n\n                                        <a class=\"canvasreview_btn\" href=\"https:\/\/www.forbes.com\/sites\/johnarcher\/2024\/01\/05\/canvas-unveils-second-gen-designer-external-tv-sound-systemsand-this-time-theyre-not-just-for-lg-oleds\/?sh=d8ab3cc4dcdb\" target=\"_blank\" rel=\"nofollow noopener\">L\u00e6s artikel<\/a>                                    <\/div>\n                                                                <\/div>\n\n                            <div class=\"swiper-pagination\"><\/div>\n                            <div class=\"swiper-button-next\"><\/div>\n                            <div class=\"swiper-button-prev\"><\/div>\n                        <\/div>\n\n                        <script>\n                        document.addEventListener(\"DOMContentLoaded\", function () {\n                            new Swiper(\".canvas-reviewslider-1\", {\n                                loop: true,\n                                navigation: {\n                                    nextEl: \".canvas-reviewslider-1 .swiper-button-next\",\n                                    prevEl: \".canvas-reviewslider-1 .swiper-button-prev\",\n                                },\n                                autoplay: {\n                                    delay: 5000,\n                                },\n                            });\n                        });\n                        <\/script>\n                    <\/div>\n                <\/section>","protected":false},"excerpt":{"rendered":"","protected":false},"author":1334,"featured_media":0,"parent":0,"menu_order":0,"comment_status":"closed","ping_status":"closed","template":"","meta":{"_acf_changed":false,"footnotes":""},"class_list":["post-5361","page","type-page","status-publish","hentry"],"acf":[],"_links":{"self":[{"href":"https:\/\/canvashifi.com\/dk\/wp-json\/wp\/v2\/pages\/5361","targetHints":{"allow":["GET"]}}],"collection":[{"href":"https:\/\/canvashifi.com\/dk\/wp-json\/wp\/v2\/pages"}],"about":[{"href":"https:\/\/canvashifi.com\/dk\/wp-json\/wp\/v2\/types\/page"}],"author":[{"embeddable":true,"href":"https:\/\/canvashifi.com\/dk\/wp-json\/wp\/v2\/users\/1334"}],"replies":[{"embeddable":true,"href":"https:\/\/canvashifi.com\/dk\/wp-json\/wp\/v2\/comments?post=5361"}],"version-history":[{"count":0,"href":"https:\/\/canvashifi.com\/dk\/wp-json\/wp\/v2\/pages\/5361\/revisions"}],"wp:attachment":[{"href":"https:\/\/canvashifi.com\/dk\/wp-json\/wp\/v2\/media?parent=5361"}],"curies":[{"name":"wp","href":"https:\/\/api.w.org\/{rel}","templated":true}]}}