{"id":583,"date":"2024-09-03T15:37:12","date_gmt":"2024-09-03T13:37:12","guid":{"rendered":"https:\/\/lbs.dk\/cnvshf\/?page_id=583"},"modified":"2026-01-20T08:35:21","modified_gmt":"2026-01-20T07:35:21","slug":"technology","status":"publish","type":"page","link":"https:\/\/canvashifi.com\/dk\/technology\/","title":{"rendered":"Teknologi"},"content":{"rendered":"<section class=\"ct-section\">\n\t\t<style>\n\t\t@media (min-width:992px) {\n\t\t\t#le_textmedia_wrapper-block_e9c74a9a3fae356ec1807f77e7433c03 .le_textmedia_last {\n\t\t\t\tgrid-column: span 6;\n\t\t\t\tdisplay:flex;\n\t\t\t\talign-items:center;\n\t\t\t}\n\t\t\t#le_textmedia_wrapper-block_e9c74a9a3fae356ec1807f77e7433c03 .le_textmedia_first {\n\t\t\t\tgrid-column: span 6;\n\t\t\t}\n\t\t}\n\t<\/style>\n\t\t<div class=\"ct-section-inner-wrap\">\n\t\t<div id=\"le_textmedia_wrapper-block_e9c74a9a3fae356ec1807f77e7433c03\" class=\"le_section le_textmedia le_textmedia-img\">\n\t\t\t<div class=\"le_textmedia_first\">\n\t\t\t\t\t<h2 class=\"h2\">HiFi genopfundet<\/h2>\n<p>Da projekt CANVAS begyndte, var vores m\u00e5l at opfinde et lydsystem, der kunne integreres med tv'et, b\u00e5de mekanisk og visuelt. Vi \u00f8nskede ogs\u00e5 en lydkvalitet, der kunne m\u00e5le sig med high-end hi-fi-systemer, i det mindste til baggrundsmusik. Men CANVAS' formfaktor har to store, indbyggede begr\u00e6nsninger: Den venstre og h\u00f8jre h\u00f8jttaler er ikke placeret langt nok fra hinanden til at skabe et \u00e6gte 3D-stereobillede, og da den er placeret op ad en v\u00e6g, er bassen naturligvis for voldsom og ude af kontrol. Vi vidste, at CANVAS ville v\u00e6re langt bedre end en simpel soundbar. Men lige s\u00e5 godt som et dedikeret hi-fi-system til kritisk, opm\u00e6rksom lytning? Selv vi havde vores tvivl. Men i l\u00f8bet af udviklingsprocessen fandt vi banebrydende teknologiske l\u00f8sninger p\u00e5 begge disse begr\u00e6nsninger.<\/p>\n<p>L\u00e6s videre for at finde ud af, hvordan CANVAS blev et \u00e6gte hi-fi-lydsystem.<\/p>\n\t\t\t<\/div>\n\t\t\t<div class=\"le_textmedia_last medie-right round\">\n\t\t\t\t\t\t\t\t\t<img decoding=\"async\" src=\"https:\/\/6kutttnx.photoncache.com\/wp-content\/uploads\/sites\/5\/2024\/10\/vision-teknologi1-1024x1024.jpg\" alt=\"\" \/>\n\t\t\t\t\t\t\t<\/div>\n\t\t<\/div>\n\t\t<\/div>\n\t<\/section>\n\t\n\n\t<section class=\"ct-section\">\n\t\t<style>\n\t\t@media (min-width:992px) {\n\t\t\t#le_textmedia_wrapper-block_15feb2dfe95c1528aab3dd0c5dce4078 .le_textmedia_last {\n\t\t\t\tgrid-column: span 6;\n\t\t\t\tdisplay:flex;\n\t\t\t\talign-items:center;\n\t\t\t}\n\t\t\t#le_textmedia_wrapper-block_15feb2dfe95c1528aab3dd0c5dce4078 .le_textmedia_first {\n\t\t\t\tgrid-column: span 6;\n\t\t\t}\n\t\t}\n\t<\/style>\n\t\t<div class=\"ct-section-inner-wrap\">\n\t\t<div id=\"le_textmedia_wrapper-block_15feb2dfe95c1528aab3dd0c5dce4078\" class=\"le_section le_textmedia le_textmedia-img\">\n\t\t\t<div class=\"le_textmedia_first\">\n\t\t\t\t\t<h3 class=\"h2\">High End-h\u00f8jttalerkonstruktion<\/h3>\n<p>CANVAS er designet og konstrueret som en \u00e6gte High End HiFi-h\u00f8jttaler med High End SB Acoustics st\u00f8bte aluminiumschassis, n\u00e6ste generations bas\/mellemtone-enheder med papirkonus, h\u00f8jpr\u00e6cisions passive slavebasser med stiv papirkonus og lang r\u00e6kkevidde og SB-CANVAS-designede st\u00f8bte aluminiums waveguide silk dome-diskanter, der er integreret i frontgitteret, hvilket giver et design uden diffraktion. Kabinettet er bundsolidt, bygget af satin sortmalet MDF, med omfattende CANVAS-opfundet, BridgeBrace(tm) (patentanmeldt) strukturelt afstivningssystem. Den har en 4-kanals Burr-Brown DAC og HiFi-forst\u00e6rker og avancerede line\u00e6re fase Analog Devices DSP delefiltre.<\/p>\n\t\t\t<\/div>\n\t\t\t<div class=\"le_textmedia_last medie-left round\">\n\t\t\t\t\t\t\t\t\t<img decoding=\"async\" src=\"https:\/\/6kutttnx.photoncache.com\/wp-content\/uploads\/sites\/5\/2024\/10\/thumbnail_CANVAS_exploded_render_new_TV_mount_4K_web1-1024x696.jpg\" alt=\"\" \/>\n\t\t\t\t\t\t\t<\/div>\n\t\t<\/div>\n\t\t<\/div>\n\t<\/section>\n\t\n\n\t<section class=\"ct-section\">\n\t\t<style>\n\t\t@media (min-width:992px) {\n\t\t\t#le_textmedia_wrapper-block_121008ad475744da086229e042ba4324 .le_textmedia_last {\n\t\t\t\tgrid-column: span 6;\n\t\t\t\tdisplay:flex;\n\t\t\t\talign-items:center;\n\t\t\t}\n\t\t\t#le_textmedia_wrapper-block_121008ad475744da086229e042ba4324 .le_textmedia_first {\n\t\t\t\tgrid-column: span 6;\n\t\t\t}\n\t\t}\n\t<\/style>\n\t\t<div class=\"ct-section-inner-wrap\">\n\t\t<div id=\"le_textmedia_wrapper-block_121008ad475744da086229e042ba4324\" class=\"le_section le_textmedia le_textmedia-video\">\n\t\t\t<div class=\"le_textmedia_first\">\n\t\t\t\t\t<h3 class=\"h2\">Korrektion af rum<\/h3>\n<p>Traditionelt skal h\u00f8jttalere placeres fritst\u00e5ende mindst 30-60 cm fra bagv\u00e6ggen for at f\u00e5 hi-fi-bas. CANVAS placeres typisk lige p\u00e5 gulvet op ad en v\u00e6g eller p\u00e5 en v\u00e6g. Dette forst\u00e6rker bassen drastisk, men med en meget boomy lyd som resultat. Ved at integrere et rumkorrektionssystem via vores CANVAS iOS- og Android-apps kan vi linearisere frekvensgangen, og nu er basforst\u00e6rkningen pludselig en stor fordel med \u00f8get output i forhold til fritst\u00e5ende h\u00f8jttalere. Og da basforst\u00e6rkningen ikke er afh\u00e6ngig af tidsdom\u00e6net, i mods\u00e6tning til rumtilstande, lyder DSP-korrigerede boundary gains fantastisk. iPhones mikrofon kan bruges til at foretage disse m\u00e5linger for at k\u00f8re denne korrektion - eventuelt har vi vores Zen smart reference-mikrofon, som kan bruges med b\u00e5de Android og iPhone, for at f\u00e5 endnu bedre resultater.<\/p>\n\t\t\t<\/div>\n\t\t\t<div class=\"le_textmedia_last medie-right round\">\n\t\t\t\t\t\t\t\t\t<div class=\"le_videogrid autoplay muted playsinline loop\">\n\t\t\t\t\t\t<div class=\"le_videogrid_video_outer\" data-video=\"v24eec08d\">\n\t\t\t\t\t\t\t<video class=\"plyr videogrid_video\" data-poster=\"\" autoplay muted playsinline loop controlslist=\"nodownload noplaybackrate nopictureinpicture\" disablepictureinpicture preload=\"none\">\n\t\t\t\t\t\t\t\t<source src=\"https:\/\/6kutttnx.photoncache.com\/wp-content\/uploads\/sites\/5\/2025\/03\/41a8b96ba53b481fb9cc251ccf974280.HD-1080p-7.2Mbps-23085929-1-1.mp4\" type=\"video\/mp4\">\n\t\t\t\t\t\t\t<\/video>\n\t\t\t\t\t\t<\/div>\n\t\t\t\t\t<\/div>\n\t\t\t\t\t\t\t<\/div>\n\t\t<\/div>\n\t\t<\/div>\n\t<\/section>\n\t\n\n\t<section class=\"ct-section\">\n\t\t<style>\n\t\t@media (min-width:992px) {\n\t\t\t#le_textmedia_wrapper-block_80e51cef33f7229d39356869a63ea3e8 .le_textmedia_last {\n\t\t\t\tgrid-column: span 6;\n\t\t\t\tdisplay:flex;\n\t\t\t\talign-items:center;\n\t\t\t}\n\t\t\t#le_textmedia_wrapper-block_80e51cef33f7229d39356869a63ea3e8 .le_textmedia_first {\n\t\t\t\tgrid-column: span 6;\n\t\t\t}\n\t\t}\n\t<\/style>\n\t\t<div class=\"ct-section-inner-wrap\">\n\t\t<div id=\"le_textmedia_wrapper-block_80e51cef33f7229d39356869a63ea3e8\" class=\"le_section le_textmedia le_textmedia-video\">\n\t\t\t<div class=\"le_textmedia_first\">\n\t\t\t\t\t<h3 class=\"h2\">BACCH 3D<\/h3>\n<p>For at f\u00e5 et rigtigt stereobillede fra traditionelle HiFi-h\u00f8jttalere skal de placeres fritst\u00e5ende mindst 30-60 cm fra bagv\u00e6ggen og med mindst 2 meters mellemrum. Det er n\u00f8dvendigt p\u00e5 grund af et fysisk f\u00e6nomen, der kaldes cross-talk. Hvis du placerer h\u00f8jttalerne t\u00e6ttere p\u00e5 hinanden, rammer lydb\u00f8lgerne, der f.eks. er beregnet til dit h\u00f8jre \u00f8re, begge dine \u00f8rer. Det forhindrer dine \u00f8rer og din hjerne i at h\u00f8re i 3D. BACCH 3D (Band-Assembled Crosstalk Cancellation Hierarchy), opfundet af Edgar Choueiri, professor ved Princeton University (og bogstavelig talt raketforsker), fungerer som en digital madras, der placeres fra din n\u00e6se til h\u00f8jttalerne og sikrer, at dit venstre \u00f8re kun h\u00f8rer lyd fra den venstre h\u00f8jttaler, og at dit h\u00f8jre \u00f8re kun h\u00f8rer lyd fra den h\u00f8jre h\u00f8jttaler. Dette bringer \u00e6gte 3D-stereobilleder tilbage, som kan konkurrere med de bedste og dyreste enkeltst\u00e5ende High End HiFi-systemer p\u00e5 markedet, med \u00e6gte bredde, dybde og h\u00f8jde i lydbilledet. Det er vigtigt at bem\u00e6rke, at BACCH 3D ikke er et filter, der tilf\u00f8jer noget til lyden, som f.eks. rumklang eller falsk surround, det fjerner blot fejl i de lydb\u00f8lger, der n\u00e5r dine \u00f8rer, s\u00e5 dine \u00f8rer og hjerne kan h\u00f8re i 3D, uden at lyden bliver farvet. Og det bedste af det hele er, at den fungerer med alle stereooptagelser fra de sidste 70 \u00e5r! Og ikke nok med det, den udpakker nedmixet Dolby Atmos, s\u00e5 du f\u00e5r fantastisk surroundlyd til film.<\/p>\n\t\t\t<\/div>\n\t\t\t<div class=\"le_textmedia_last medie-left round\">\n\t\t\t\t\t\t\t\t\t<div class=\"le_videogrid controls loop\">\n\t\t\t\t\t\t<div class=\"le_videogrid_video_outer\" data-video=\"v6a2ea604\">\n\t\t\t\t\t\t\t<video class=\"plyr videogrid_video\" data-poster=\"https:\/\/6kutttnx.photoncache.com\/wp-content\/uploads\/sites\/5\/2025\/02\/3dbacch3_ed19a869-2f0b-4f0b-a2ec-b24cfce8f0d21-836x1024.png\" controls loop controlslist=\"nodownload noplaybackrate nopictureinpicture\" disablepictureinpicture preload=\"none\">\n\t\t\t\t\t\t\t\t<source src=\"https:\/\/6kutttnx.photoncache.com\/wp-content\/uploads\/sites\/5\/2024\/10\/980fb11d9191447787423e04a3df4a57.HD-720p-3.0Mbps-28316894.mp4\" type=\"video\/mp4\">\n\t\t\t\t\t\t\t<\/video>\n\t\t\t\t\t\t<\/div>\n\t\t\t\t\t<\/div>\n\t\t\t\t\t\t\t<\/div>\n\t\t<\/div>\n\t\t<\/div>\n\t<\/section>\n\t\n\n\t<section class=\"ct-section\">\n\t\t<style>\n\t\t@media (min-width:992px) {\n\t\t\t#le_textmedia_wrapper-block_137949cfde57d30a7f2011d1d6566f77 .le_textmedia_last {\n\t\t\t\tgrid-column: span 6;\n\t\t\t\tdisplay:flex;\n\t\t\t\talign-items:center;\n\t\t\t}\n\t\t\t#le_textmedia_wrapper-block_137949cfde57d30a7f2011d1d6566f77 .le_textmedia_first {\n\t\t\t\tgrid-column: span 6;\n\t\t\t}\n\t\t}\n\t<\/style>\n\t\t<div class=\"ct-section-inner-wrap\">\n\t\t<div id=\"le_textmedia_wrapper-block_137949cfde57d30a7f2011d1d6566f77\" class=\"le_section le_textmedia le_textmedia-img\">\n\t\t\t<div class=\"le_textmedia_first\">\n\t\t\t\t\t<h3 class=\"h2\">Universal TV-beslag<\/h3>\n<p>Det universelle tv-beslag g\u00f8r det muligt at montere og justere langt de fleste nye tv'er p\u00e5 markedet, alle m\u00e6rker og i de mest popul\u00e6re st\u00f8rrelser, 55\", 65\", 75\", 77\", 83\" og 85\". Denne l\u00f8sning, som er opfundet af CANVAS (patentanmeldt), med frontgitre i samme st\u00f8rrelse, sikrer, at CANVAS-h\u00f8jttaleren og tv'et flugter med hinanden og smelter sammen som en s\u00f8ml\u00f8s enhed.<\/p>\n\t\t\t<\/div>\n\t\t\t<div class=\"le_textmedia_last medie-right round\">\n\t\t\t\t\t\t\t\t\t<img decoding=\"async\" src=\"https:\/\/6kutttnx.photoncache.com\/wp-content\/uploads\/sites\/5\/2024\/10\/size1-1024x846.jpg\" alt=\"\" \/>\n\t\t\t\t\t\t\t<\/div>\n\t\t<\/div>\n\t\t<\/div>\n\t<\/section>\n\t\n\n\t<section class=\"ct-section\">\n\t\t<style>\n\t\t@media (min-width:992px) {\n\t\t\t#le_textmedia_wrapper-block_13dabf57b152f1f2a267e6e6837ce4dd .le_textmedia_last {\n\t\t\t\tgrid-column: span 6;\n\t\t\t\tdisplay:flex;\n\t\t\t\talign-items:center;\n\t\t\t}\n\t\t\t#le_textmedia_wrapper-block_13dabf57b152f1f2a267e6e6837ce4dd .le_textmedia_first {\n\t\t\t\tgrid-column: span 6;\n\t\t\t}\n\t\t}\n\t<\/style>\n\t\t<div class=\"ct-section-inner-wrap\">\n\t\t<div id=\"le_textmedia_wrapper-block_13dabf57b152f1f2a267e6e6837ce4dd\" class=\"le_section le_textmedia le_textmedia-img\">\n\t\t\t<div class=\"le_textmedia_first\">\n\t\t\t\t\t<h2 class=\"h2\">Forbindelse<\/h2>\n<p class=\"translation-block\">Det er supernemt at forbinde CANVAS til dit WiFi. P\u00e5 iPhone skal du bare g\u00e5 til WiFi-indstillinger, og s\u00e5 vil den sp\u00f8rge, om du vil slutte CANVAS til dit netv\u00e6rk. For\u00a0<a title=\"Android, Google Home and Chromecast are trademarks of Google LLC.\" href=\"\/dk\/information\/\" target=\"_self\">Android-enheder<\/a>, guider <a title=\"Android, Google Home and Chromecast are trademarks of Google LLC.\" href=\"\/dk\/information\/\" target=\"_self\">Google Home<\/a>-appen dig gennem den nemme ops\u00e6tning.<\/p>\n<p>Til streaming har CANVAS et n\u00e6ste generations tr\u00e5dl\u00f8st modul med Apple AirPlay 2 og\u00a0<a title=\"Android, Google Home og Chromecast er varem\u00e6rker tilh\u00f8rende Google LLC.\" href=\"\/dk\/information\/\">Google Cast<\/a>, som begge er multirumskompatible med alle andre m\u00e6rker af h\u00f8jttalere. Desuden indeholder den Roon, Tidal og Spotify. Den har ogs\u00e5 Toslink digital optisk indgang til tilslutning af f.eks. en SONOS Connect-boks og analog med en fantastisk Burr-Brown ADC, s\u00e5 pladespillere kan tilsluttes, s\u00e5 du kan opleve dine plader i en hidtil uset rumlig trov\u00e6rdighed.<\/p>\n<p>CANVAS har HDMI eARC, hvilket betyder, at den integreres problemfrit med dit tv. Du beh\u00f8ver ikke at t\u00e6nke over, at den er der; den fungerer bare problemfrit sammen med din tv-fjernbetjening. Selv en Apple TV-fjernbetjening kan styre lydstyrken i CANVAS direkte. Desuden sikrer HDMI eARC, at der ikke opst\u00e5r irriterende lip-sync-problemer, hvor billede og lyd ikke er synkroniseret i film, serier og koncerter.<\/p>\n<p>Android, Google Home og Chromecast er varem\u00e6rker tilh\u00f8rende Google LLC.<\/p>\n\t\t\t<\/div>\n\t\t\t<div class=\"le_textmedia_last medie-left round\">\n\t\t\t\t\t\t\t\t\t<img decoding=\"async\" src=\"https:\/\/6kutttnx.photoncache.com\/wp-content\/uploads\/sites\/5\/2024\/10\/canvasapp1-1024x1024.jpg\" alt=\"\" \/>\n\t\t\t\t\t\t\t<\/div>\n\t\t<\/div>\n\t\t<\/div>\n\t<\/section>\n\t\n\n\t<section class=\"ct-section\">\n\t\t<style>\n\t\t@media (min-width:992px) {\n\t\t\t#le_textmedia_wrapper-block_7a2f9c195181ecee45a569c33d31cee3 .le_textmedia_last {\n\t\t\t\tgrid-column: span 6;\n\t\t\t\tdisplay:flex;\n\t\t\t\talign-items:center;\n\t\t\t}\n\t\t\t#le_textmedia_wrapper-block_7a2f9c195181ecee45a569c33d31cee3 .le_textmedia_first {\n\t\t\t\tgrid-column: span 6;\n\t\t\t}\n\t\t}\n\t<\/style>\n\t\t<div class=\"ct-section-inner-wrap\">\n\t\t<div id=\"le_textmedia_wrapper-block_7a2f9c195181ecee45a569c33d31cee3\" class=\"le_section le_textmedia le_textmedia-video\">\n\t\t\t<div class=\"le_textmedia_first\">\n\t\t\t\t\t<h2 class=\"h2\">Ogs\u00e5 til professionel brug<\/h2>\n<p>L\u00f8ft dit m\u00f8delokale med prisbel\u00f8nnet lyd og raffineret dansk design.<br \/>\nMed perfekt stemmegengivelse fanger du hver eneste detalje i dialogen, og hver eneste videopr\u00e6sentation leveres med optimal lydkvalitet.<\/p>\n<p>Den justerbare afstand mellem CANVAS og tv'et giver mulighed for problemfri integration af dit foretrukne videokonferencekamera, mens det integrerede tekniske rum diskret skjuler alt udstyr - og giver et rent, elegant og professionelt resultat.<\/p>\n\t\t\t<\/div>\n\t\t\t<div class=\"le_textmedia_last medie-right round\">\n\t\t\t\t\t\t\t\t\t<div class=\"le_videogrid autoplay muted playsinline loop\">\n\t\t\t\t\t\t<div class=\"le_videogrid_video_outer\" data-video=\"vce56465c\">\n\t\t\t\t\t\t\t<video class=\"plyr videogrid_video\" data-poster=\"\" autoplay muted playsinline loop controlslist=\"nodownload noplaybackrate nopictureinpicture\" disablepictureinpicture preload=\"none\">\n\t\t\t\t\t\t\t\t<source src=\"https:\/\/6kutttnx.photoncache.com\/wp-content\/uploads\/sites\/5\/2026\/01\/Konference_rum_Video.mp4\" type=\"video\/mp4\">\n\t\t\t\t\t\t\t<\/video>\n\t\t\t\t\t\t<\/div>\n\t\t\t\t\t<\/div>\n\t\t\t\t\t\t\t<\/div>\n\t\t<\/div>\n\t\t<\/div>\n\t<\/section>\n\t\n\n\t<section class=\"ct-section\">\n\t\t<style>\n\t\t@media (min-width:992px) {\n\t\t\t#le_textmedia_wrapper-block_6c73f280638e60c704766e002f6ce842 .le_textmedia_last {\n\t\t\t\tgrid-column: span 6;\n\t\t\t\tdisplay:flex;\n\t\t\t\talign-items:center;\n\t\t\t}\n\t\t\t#le_textmedia_wrapper-block_6c73f280638e60c704766e002f6ce842 .le_textmedia_first {\n\t\t\t\tgrid-column: span 6;\n\t\t\t}\n\t\t}\n\t<\/style>\n\t\t<div class=\"ct-section-inner-wrap\">\n\t\t<div id=\"le_textmedia_wrapper-block_6c73f280638e60c704766e002f6ce842\" class=\"le_section le_textmedia le_textmedia-img\">\n\t\t\t<div class=\"le_textmedia_first\">\n\t\t\t\t\t<h2 class=\"h2\">Hybrid fod- \/ v\u00e6gmontering<\/h2>\n<p>Alle CANVAS-h\u00f8jttalere leveres med en hybrid fod-\/v\u00e6gmontering. Denne CANVAS-opfindelse (patentanmeldt) giver dig mulighed for at bestemme, hvordan du vil bruge din CANVAS, selv efter dit k\u00f8b. Du er m\u00e5ske ikke sikker p\u00e5, om du vil have den p\u00e5 gulvet eller p\u00e5 v\u00e6ggen, eller du skifter mening senere. Med denne l\u00f8sning er du d\u00e6kket ind i alle brugssituationer, uden at skulle ud og k\u00f8be nyt tilbeh\u00f8r for at shine din stue op.<\/p>\n\t\t\t<\/div>\n\t\t\t<div class=\"le_textmedia_last medie-left round\">\n\t\t\t\t\t\t\t\t\t<img decoding=\"async\" src=\"https:\/\/6kutttnx.photoncache.com\/wp-content\/uploads\/sites\/5\/2024\/10\/Mount1-1024x846.jpg\" alt=\"\" \/>\n\t\t\t\t\t\t\t<\/div>\n\t\t<\/div>\n\t\t<\/div>\n\t<\/section>\n\t\n\n\t<section class=\"ct-section\">\n\t\t<style>\n\t\t@media (min-width:992px) {\n\t\t\t#le_textmedia_wrapper-block_176f625bb88e41d2b1f8e75ccca44b4d .le_textmedia_last {\n\t\t\t\tgrid-column: span 6;\n\t\t\t\tdisplay:flex;\n\t\t\t\talign-items:center;\n\t\t\t}\n\t\t\t#le_textmedia_wrapper-block_176f625bb88e41d2b1f8e75ccca44b4d .le_textmedia_first {\n\t\t\t\tgrid-column: span 6;\n\t\t\t}\n\t\t}\n\t<\/style>\n\t\t<div class=\"ct-section-inner-wrap\">\n\t\t<div id=\"le_textmedia_wrapper-block_176f625bb88e41d2b1f8e75ccca44b4d\" class=\"le_section le_textmedia le_textmedia-img\">\n\t\t\t<div class=\"le_textmedia_first\">\n\t\t\t\t\t<h3 class=\"h2\">Fremtidssikret<\/h3>\n<p>CANVAS er fremtidssikret med automatiske over-the-air softwareopdateringer, hvis vi en dag finder p\u00e5 en endnu bedre lydindstilling, eller der kommer nye streamingformater. Selv den elektroniske hardware er designet til at kunne opgraderes, hvis der en dag i fremtiden skulle komme nye streaming- eller kabelstandarder, som ikke kan opgraderes softwarem\u00e6ssigt.<\/p>\n<p>Den s\u00e6rligt servicevenlige modulopbygning g\u00f8r det ogs\u00e5 nemt at udskifte komponenter, b\u00e5de inden for den udvidede 3-\u00e5rs garanti og efter garantiens udl\u00f8b. Det sikrer, at produktet nemt kan serviceres i dit hjem.<\/p>\n\t\t\t<\/div>\n\t\t\t<div class=\"le_textmedia_last medie-right round\">\n\t\t\t\t\t\t\t\t\t<img decoding=\"async\" src=\"https:\/\/6kutttnx.photoncache.com\/wp-content\/uploads\/sites\/5\/2024\/10\/CANVAS_electronics_rendering1-1024x576.jpg\" alt=\"\" \/>\n\t\t\t\t\t\t\t<\/div>\n\t\t<\/div>\n\t\t<\/div>\n\t<\/section>\n\t\n\n\t<section class=\"ct-section\" style=\"color:#000000; background-color:rgba(255,255,255,0)\">\n\t\t<div class=\"ct-section-inner-wrap le_m_section\">\n\t\t\t<div id=\"le_fullmedia_wrapper-block_ce844683bb6a4cc8d934493a2bc7d02e\" class=\"le_section le_fullmedia\">\n\t\t\t\t\t\t\t\t<div class=\"le_fullmedia_second\">\n\t\t\t\t\t\t\n\t\t\t\t\t\t\t\t\t\t\t\t<div class=\"le_video_wrapper\">\n\t\t\t\t\t\t\t<div class=\"le_video_wrapper_inner\">\n\t\t\t\t\t\t\t\t<video class=\"plyr le_video_element\" autoplay muted playsinline loop controlslist=\"nodownload noplaybackrate nopictureinpicture\" disablepictureinpicture preload=\"none\" data-poster=\"\">\n\t\t\t\t\t\t\t\t\t<source src=\"https:\/\/6kutttnx.photoncache.com\/wp-content\/uploads\/sites\/5\/2025\/03\/08f8a44c6b3d4668816b4e24341bc52c.HD-1080p-7.2Mbps-20170021-1.mp4\" type=\"video\/mp4\">\n\t\t\t\t\t\t\t\t<\/video>\n\t\t\t\t\t\t\t<\/div>\n\t\t\t\t\t\t<\/div>\n\t\t\t\t\t\t\t\t\t\t<\/div>\n\t\t\t<\/div>\n\t\t<\/div>\n\t<\/section>\n\n\n\n<p><\/p>","protected":false},"excerpt":{"rendered":"","protected":false},"author":1,"featured_media":0,"parent":0,"menu_order":0,"comment_status":"closed","ping_status":"closed","template":"","meta":{"_acf_changed":false,"footnotes":""},"class_list":["post-583","page","type-page","status-publish","hentry"],"acf":[],"_links":{"self":[{"href":"https:\/\/canvashifi.com\/dk\/wp-json\/wp\/v2\/pages\/583","targetHints":{"allow":["GET"]}}],"collection":[{"href":"https:\/\/canvashifi.com\/dk\/wp-json\/wp\/v2\/pages"}],"about":[{"href":"https:\/\/canvashifi.com\/dk\/wp-json\/wp\/v2\/types\/page"}],"author":[{"embeddable":true,"href":"https:\/\/canvashifi.com\/dk\/wp-json\/wp\/v2\/users\/1"}],"replies":[{"embeddable":true,"href":"https:\/\/canvashifi.com\/dk\/wp-json\/wp\/v2\/comments?post=583"}],"version-history":[{"count":0,"href":"https:\/\/canvashifi.com\/dk\/wp-json\/wp\/v2\/pages\/583\/revisions"}],"wp:attachment":[{"href":"https:\/\/canvashifi.com\/dk\/wp-json\/wp\/v2\/media?parent=583"}],"curies":[{"name":"wp","href":"https:\/\/api.w.org\/{rel}","templated":true}]}}