{"id":586,"date":"2024-09-03T15:47:20","date_gmt":"2024-09-03T13:47:20","guid":{"rendered":"https:\/\/lbs.dk\/cnvshf\/?page_id=586"},"modified":"2026-03-02T12:03:57","modified_gmt":"2026-03-02T11:03:57","slug":"designers","status":"publish","type":"page","link":"https:\/\/canvashifi.com\/dk\/designers\/","title":{"rendered":"Design"},"content":{"rendered":"<section class=\"ct-section\">\n\t\t<style>\n\t\t@media (min-width:992px) {\n\t\t\t#le_textmedia_wrapper-block_361e17c15b13ffa41da32310043012b0 .le_textmedia_last {\n\t\t\t\tgrid-column: span 6;\n\t\t\t\tdisplay:flex;\n\t\t\t\talign-items:center;\n\t\t\t}\n\t\t\t#le_textmedia_wrapper-block_361e17c15b13ffa41da32310043012b0 .le_textmedia_first {\n\t\t\t\tgrid-column: span 6;\n\t\t\t}\n\t\t}\n\t<\/style>\n\t\t<div class=\"ct-section-inner-wrap\">\n\t\t<div id=\"le_textmedia_wrapper-block_361e17c15b13ffa41da32310043012b0\" class=\"le_section le_textmedia le_textmedia-img\">\n\t\t\t<div class=\"le_textmedia_first\">\n\t\t\t\t\t<h3>Dansk design<\/h3>\n<p>Den grundl\u00e6ggende id\u00e9 bag CANVAS-designet er at skabe et harmonisk og funktionelt opholdsrum, der hylder enkelhed, naturlige elementer og minimalisme uden at g\u00e5 p\u00e5 kompromis med lyden. Denne designfilosofi l\u00e6gger v\u00e6gt p\u00e5 rene linjer, en neutral farvepalet og brug af naturlige materialer som tr\u00e6 og naturinspirerede tekstiler.<\/p>\n<p>Det nordisk inspirerede udtryk prioriterer ogs\u00e5 funktionalitet og praktisk anvendelighed med fokus p\u00e5 at skabe komfortable og hyggelige atmosf\u00e6rer, der omfavner begrebet \"hygge\".\" Overordnet set s\u00f8ger nordisk design at afbalancere \u00e6stetik med funktionalitet og samtidig skabe en f\u00f8lelse af ro og velv\u00e6re i hjemmet.<\/p>\n<p>Efter at vores team af lydn\u00f8rder havde skabt den perfekte lyd, fik et team af indretningsn\u00f8rder til opgave at designe de perfekte rammer baseret p\u00e5 klassisk dansk design.<\/p>\n\t\t\t<\/div>\n\t\t\t<div class=\"le_textmedia_last medie-left round\">\n\t\t\t\t\t\t\t\t\t<img decoding=\"async\" src=\"https:\/\/6kutttnx.photoncache.com\/wp-content\/uploads\/sites\/5\/2024\/09\/designcanvas21-1024x1024.jpg\" alt=\"\" \/>\n\t\t\t\t\t\t\t<\/div>\n\t\t<\/div>\n\t\t<\/div>\n\t<\/section>\n\t\n\n\t<section class=\"ct-section\">\n\t\t<style>\n\t\t@media (min-width:992px) {\n\t\t\t#le_textmedia_wrapper-block_f611a1fc5ea450653978c281940316d6 .le_textmedia_last {\n\t\t\t\tgrid-column: span 6;\n\t\t\t\tdisplay:flex;\n\t\t\t\talign-items:center;\n\t\t\t}\n\t\t\t#le_textmedia_wrapper-block_f611a1fc5ea450653978c281940316d6 .le_textmedia_first {\n\t\t\t\tgrid-column: span 6;\n\t\t\t}\n\t\t}\n\t<\/style>\n\t\t<div class=\"ct-section-inner-wrap\">\n\t\t<div id=\"le_textmedia_wrapper-block_f611a1fc5ea450653978c281940316d6\" class=\"le_section le_textmedia le_textmedia-img\">\n\t\t\t<div class=\"le_textmedia_first\">\n\t\t\t\t\t<h3>Anne Fabricius M\u00f8ller<\/h3>\n<p>Annes ekstraordin\u00e6re talent er blevet anerkendt over hele verden. Hun er et respekteret medlem af Octo Gruppe og har vist sit arbejde p\u00e5 udstillinger over hele verden. Ud over udstillingerne pryder hendes kunst Det Danske Kunst- og Designmuseum og det anerkendte Drud &amp; K\u00f8ppe Galleri i K\u00f8benhavn.<\/p>\n<p>Priser som Biennaleprisen og legater, herunder st\u00f8tte fra Statens Kunstfond, fejrer Annes enest\u00e5ende evner. Hendes indflydelse r\u00e6kker ud over ros - den er indlejret i disse prestigefyldte anerkendelser.<\/p>\n<p>Annes indflydelse er ikke begr\u00e6nset til gallerier; den er en permanent del af kunstneriske institutioner. Hendes rejse afspejler en urokkelig dedikation, som efterlader et uudsletteligt aftryk p\u00e5 den internationale kunstscene.<\/p>\n\t\t\t<\/div>\n\t\t\t<div class=\"le_textmedia_last medie-right round\">\n\t\t\t\t\t\t\t\t\t<img decoding=\"async\" src=\"https:\/\/6kutttnx.photoncache.com\/wp-content\/uploads\/sites\/5\/2024\/09\/anne1500x15001.jpg\" alt=\"\" \/>\n\t\t\t\t\t\t\t<\/div>\n\t\t<\/div>\n\t\t<\/div>\n\t<\/section>\n\t\n\n\t<section class=\"ct-section\">\n\t\t<style>\n\t\t@media (min-width:992px) {\n\t\t\t#le_textmedia_wrapper-block_34b8bf1290c6326f3d97560581d23e10 .le_textmedia_last {\n\t\t\t\tgrid-column: span 6;\n\t\t\t\tdisplay:flex;\n\t\t\t\talign-items:center;\n\t\t\t}\n\t\t\t#le_textmedia_wrapper-block_34b8bf1290c6326f3d97560581d23e10 .le_textmedia_first {\n\t\t\t\tgrid-column: span 6;\n\t\t\t}\n\t\t}\n\t<\/style>\n\t\t<div class=\"ct-section-inner-wrap\">\n\t\t<div id=\"le_textmedia_wrapper-block_34b8bf1290c6326f3d97560581d23e10\" class=\"le_section le_textmedia le_textmedia-img\">\n\t\t\t<div class=\"le_textmedia_first\">\n\t\t\t\t\t<h3>Design af Anne<\/h3>\n<p>Anne Fabricius M\u00f8ller, der er kendt for sine fantastiske tekstildesigns, bringer sin kreative flair til CANVAS HiFi's h\u00f8jttalere og tilf\u00f8jer en visuel charme til lytteoplevelsen.\u00a0<a title=\"https:\/\/www.canvashifi.com\/products\/canvas-65?variant=47041698464052\" href=\"\/dk\/product\/canvas-65-burnt-umber\/\">Burnt Umber<\/a>,\u00a0<a title=\"https:\/\/www.canvashifi.com\/products\/canvas-65?variant=47041698398516\" href=\"\/dk\/product\/canvas-65-light-green\/\">Light Green<\/a>,\u00a0<a title=\"https:\/\/www.canvashifi.com\/products\/canvas-65?variant=47041698496820\" href=\"\/dk\/product\/canvas-65-organic-green\/\">Organic Green<\/a>\u00a0, der alle er produceret af Kvadrat, afspejler hendes unikke touch, der problemfrit blander stil og praktisk anvendelighed.<\/p>\n<p>Disse h\u00f8jttalere handler ikke kun om lyd; de er et l\u00e6rred for Annes kunstneriske evner. Mens du lytter, skaber hendes design en visuelt tiltalende atmosf\u00e6re, der forst\u00e6rker hvert auditivt \u00f8jeblik. Det er en enkel, men perfekt blanding af kunst og funktion, som forandrer vores m\u00e5de at nyde musik p\u00e5.<\/p>\n<p>Anne Fabricius M\u00f8llers samarbejde med CANVAS HiFi hylder enkelhed og kreativitet. Hver farve og hvert m\u00f8nster fort\u00e6ller en beskeden, men charmerende historie, som fremh\u00e6ver b\u00e5de h\u00f8jttalerne og gl\u00e6den ved at lytte. G\u00f8r dig klar til magien i lyd og design!<\/p>\n\t\t\t\t\t\t\t<a href=\"\/dk\/products\/\" class=\"le_btn le_btn_trans_b\">Udforsk vores frontdesigns<\/a>\n\t\t\t\t\t\t\t\t\t<\/div>\n\t\t\t<div class=\"le_textmedia_last medie-left round\">\n\t\t\t\t\t\t\t\t\t<img decoding=\"async\" src=\"https:\/\/6kutttnx.photoncache.com\/wp-content\/uploads\/sites\/5\/2024\/09\/annefront21-1024x1024.jpg\" alt=\"\" \/>\n\t\t\t\t\t\t\t<\/div>\n\t\t<\/div>\n\t\t<\/div>\n\t<\/section>\n\t\n\n\t<section class=\"ct-section\">\n\t\t<style>\n\t\t@media (min-width:992px) {\n\t\t\t#le_textmedia_wrapper-block_c395bd499e61482547a650fc4a41f34e .le_textmedia_last {\n\t\t\t\tgrid-column: span 6;\n\t\t\t\tdisplay:flex;\n\t\t\t\talign-items:center;\n\t\t\t}\n\t\t\t#le_textmedia_wrapper-block_c395bd499e61482547a650fc4a41f34e .le_textmedia_first {\n\t\t\t\tgrid-column: span 6;\n\t\t\t}\n\t\t}\n\t<\/style>\n\t\t<div class=\"ct-section-inner-wrap\">\n\t\t<div id=\"le_textmedia_wrapper-block_c395bd499e61482547a650fc4a41f34e\" class=\"le_section le_textmedia le_textmedia-img\">\n\t\t\t<div class=\"le_textmedia_first\">\n\t\t\t\t\t<h3>Cristian Zuzunaga<\/h3>\n<p>Cristian Zuzunagas designeventyr startede med studier i typografi og grafisk design p\u00e5 London College of Communication og Royal College of Art i London. I dag bev\u00e6ger han sig mellem de livlige kulturscener i Barcelona og London, hvor han finder inspiration i det moderne livs indviklede v\u00e6vning og de arkitektoniske harmonier i de globale byer.<\/p>\n<p>I en verden, hvor gr\u00e6nserne forsvinder, og kreativiteten ingen gr\u00e6nser kender, indtager Cristian Zuzunaga en ledende rolle og blander s\u00f8ml\u00f8st kunst, mode og design i en kreativ blanding. Denne fusion omformer ikke bare, hvordan vi ser ting, men ogs\u00e5 hvordan vi f\u00f8ler og r\u00f8rer ved dem og omdefinerer essensen af vores tid.<\/p>\n<p>Zuzunagas kreative rejse afspejler ebbe og flod mellem disse to byer og indfanger og afspejler den unikke \u00e5nd i hver af dem. I en verden, der udvikler sig ud over alle gr\u00e6nser, st\u00e5r Zuzunagas kreative evner st\u00e6rkt og legemligg\u00f8r den moderne kreativitets uh\u00e6mmede \u00e5nd.<\/p>\n\t\t\t<\/div>\n\t\t\t<div class=\"le_textmedia_last medie-right round\">\n\t\t\t\t\t\t\t\t\t<img decoding=\"async\" src=\"https:\/\/6kutttnx.photoncache.com\/wp-content\/uploads\/sites\/5\/2024\/09\/christian1500x15001-1024x1024.jpg\" alt=\"\" \/>\n\t\t\t\t\t\t\t<\/div>\n\t\t<\/div>\n\t\t<\/div>\n\t<\/section>\n\t\n\n\t<section class=\"ct-section\">\n\t\t<style>\n\t\t@media (min-width:992px) {\n\t\t\t#le_textmedia_wrapper-block_1feb7b34d007ab7a1a49f756736ecd2e .le_textmedia_last {\n\t\t\t\tgrid-column: span 6;\n\t\t\t\tdisplay:flex;\n\t\t\t\talign-items:center;\n\t\t\t}\n\t\t\t#le_textmedia_wrapper-block_1feb7b34d007ab7a1a49f756736ecd2e .le_textmedia_first {\n\t\t\t\tgrid-column: span 6;\n\t\t\t}\n\t\t}\n\t<\/style>\n\t\t<div class=\"ct-section-inner-wrap\">\n\t\t<div id=\"le_textmedia_wrapper-block_1feb7b34d007ab7a1a49f756736ecd2e\" class=\"le_section le_textmedia le_textmedia-img\">\n\t\t\t<div class=\"le_textmedia_first\">\n\t\t\t\t\t<h3>Design af Zuzunaga<\/h3>\n<p>Ved at v\u00e6lge fra Cristian's mangfoldige udvalg af tekstildesigns har du mulighed for at tilpasse din CANVAS HiFi, s\u00e5 den afspejler et udtryk, der passer perfekt til din personlige stil og indretning. Uanset om det er den markante\u00a0<a title=\"https:\/\/www.canvashifi.com\/products\/canvas-65?variant=47041698300212\" href=\"\/dk\/product\/canvas-65-structure-grey\/\">Structure Grey<\/a>, de indbydende toner af\u00a0<a title=\"https:\/\/www.canvashifi.com\/products\/canvas-65?variant=47041698365748\" href=\"\/dk\/product\/canvas-65-ocean-grey\/\">Ocean Grey<\/a>,\u00a0<a title=\"https:\/\/www.canvashifi.com\/products\/canvas-65?variant=47041698332980\" href=\"\/dk\/product\/canvas-65-dark-blue\/\">Dark Blue<\/a>,\u00a0<a title=\"https:\/\/www.canvashifi.com\/products\/canvas-65?variant=47041698431284\" href=\"\/dk\/product\/canvas-65-umber\/\">Umber<\/a>\u00a0eller den rolige\u00a0<a title=\"https:\/\/www.canvashifi.com\/products\/canvas-65?variant=47041698529588\" href=\"\/dk\/product\/canvas-65-milled-ochre\/\">Milled Ochre<\/a>, giver hvert design, der er omhyggeligt udformet af Cristian Zuzunaga og produceret af Kvadrat, et karakteristisk pr\u00e6g til dit rum. G\u00f8r dit CANVAS til et personligt mesterv\u00e6rk, der ikke kun er visuelt f\u00e6ngslende, men ogs\u00e5 ubesv\u00e6ret passer ind i din specifikke smag og boligindretning og skaber en harmonisk atmosf\u00e6re.<\/p>\n<p>Udforsk kunsten at tilpasse, s\u00e5 din CANVAS bliver et statement piece - et vidnesbyrd om din individualitet inden for design og personligt udtryk.<\/p>\n\t\t\t\t\t\t\t<a href=\"\/dk\/products\/\" class=\"le_btn le_btn_trans_b\">Udforsk vores frontdesigns<\/a>\n\t\t\t\t\t\t\t\t\t<\/div>\n\t\t\t<div class=\"le_textmedia_last medie-left round\">\n\t\t\t\t\t\t\t\t\t<img decoding=\"async\" src=\"https:\/\/6kutttnx.photoncache.com\/wp-content\/uploads\/sites\/5\/2024\/09\/christianfronte1-1024x1024.jpg\" alt=\"\" \/>\n\t\t\t\t\t\t\t<\/div>\n\t\t<\/div>\n\t\t<\/div>\n\t<\/section>\n\t\n\n\t<section class=\"ct-section\">\n\t\t<style>\n\t\t@media (min-width:992px) {\n\t\t\t#le_textmedia_wrapper-block_437cc71a19157c85c87648fdeda838b6 .le_textmedia_last {\n\t\t\t\tgrid-column: span 6;\n\t\t\t\tdisplay:flex;\n\t\t\t\talign-items:center;\n\t\t\t}\n\t\t\t#le_textmedia_wrapper-block_437cc71a19157c85c87648fdeda838b6 .le_textmedia_first {\n\t\t\t\tgrid-column: span 6;\n\t\t\t}\n\t\t}\n\t<\/style>\n\t\t<div class=\"ct-section-inner-wrap\">\n\t\t<div id=\"le_textmedia_wrapper-block_437cc71a19157c85c87648fdeda838b6\" class=\"le_section le_textmedia le_textmedia-img\">\n\t\t\t<div class=\"le_textmedia_first\">\n\t\t\t\t\t<h3>Susanne Helberg<\/h3>\n<p>I sin rolle som indretningsarkitekt har Susanne i mange \u00e5r besk\u00e6ftiget sig med n\u00e6sten alle danske designklassikere inden for m\u00f8belkunst. Med sin omfattende erfaring har hun spillet en afg\u00f8rende rolle i udformningen af det endelige design af CANVAS. Det omfatter indviklede detaljer i form, materialevalg, farvevarianter og praktisk funktionalitet, som kulminerer i en unik l\u00f8sning, der har omdefineret integrationen af \u00e6gte hi-fi-lyd inden for rammerne af godt interi\u00f8rdesign.<\/p>\n<p>Resultatet har vist sig at v\u00e6re s\u00e5 vellykket, at ideen om at udstyre et hjem med autentisk hi-fi af h\u00f8j kvalitet er g\u00e5et fra at v\u00e6re en visuel n\u00f8dvendighed til at blive et transformerende element, der virkelig forbedrer den overordnede \u00e6stetik. Susannes ekspertise har ikke kun l\u00f8ftet den auditive oplevelse, men ogs\u00e5 s\u00f8ml\u00f8st integreret den i interi\u00f8rdesignets visuelle gobelin og vist, hvordan omhyggelige designvalg kan revolutionere sk\u00e6ringspunktet mellem teknologi og \u00e6stetik.<\/p>\n\t\t\t<\/div>\n\t\t\t<div class=\"le_textmedia_last medie-right round\">\n\t\t\t\t\t\t\t\t\t<img decoding=\"async\" src=\"https:\/\/6kutttnx.photoncache.com\/wp-content\/uploads\/sites\/5\/2024\/09\/Susanne1500x15001-1024x1024.jpg\" alt=\"\" \/>\n\t\t\t\t\t\t\t<\/div>\n\t\t<\/div>\n\t\t<\/div>\n\t<\/section>\n\t\n\n\t<section class=\"ct-section\">\n\t\t<style>\n\t\t@media (min-width:992px) {\n\t\t\t#le_textmedia_wrapper-block_273a3f72e9a02ee3da9e3be3946d892c .le_textmedia_last {\n\t\t\t\tgrid-column: span 6;\n\t\t\t\tdisplay:flex;\n\t\t\t\talign-items:center;\n\t\t\t}\n\t\t\t#le_textmedia_wrapper-block_273a3f72e9a02ee3da9e3be3946d892c .le_textmedia_first {\n\t\t\t\tgrid-column: span 6;\n\t\t\t}\n\t\t}\n\t<\/style>\n\t\t<div class=\"ct-section-inner-wrap\">\n\t\t<div id=\"le_textmedia_wrapper-block_273a3f72e9a02ee3da9e3be3946d892c\" class=\"le_section le_textmedia le_textmedia-img\">\n\t\t\t<div class=\"le_textmedia_first\">\n\t\t\t\t\t<h3>Design af Helberg<\/h3>\n<p>N\u00f8jagtigt udvalgte materialer, bl.a. fra det anerkendte danske tekstilm\u00e6rke Kvadrat, og tr\u00e6fronter fremstillet af lokale danske h\u00e5ndv\u00e6rkere, definerer essensen af CANVAS. Den mangfoldige farvepalet med\u00a0<a title=\"https:\/\/www.canvashifi.com\/products\/canvas-65?variant=47041698562356\" href=\"\/dk\/product\/canvas-65-light-oak\/\">Light Oak<\/a>,\u00a0<a title=\"https:\/\/www.canvashifi.com\/products\/canvas-65?variant=47302688014644\" href=\"\/dk\/product\/canvas-65-walnut\/\">Walnut<\/a>\u00a0og\u00a0<a title=\"https:\/\/www.canvashifi.com\/products\/canvas-65?variant=47041698595124\" href=\"\/dk\/product\/canvas-65-mahogany\/\">Mahogany<\/a>, afspejler det omhyggelige design af Susanne Helberg. Denne gennemt\u00e6nkte tilgang sikrer ikke kun en problemfri integration i dit nuv\u00e6rende interi\u00f8rdesign, men giver ogs\u00e5 fleksibilitet til at \u00e6ndre \u00e6stetikken, hvis du beslutter dig for at \u00e6ndre din stil.<\/p>\n<p>Samarbejdet med Kvadrat betyder en forpligtelse til kvalitet og et nik til dansk h\u00e5ndv\u00e6rk. Inddragelsen af lokale kunsth\u00e5ndv\u00e6rkere giver hvert enkelt stykke et strejf af autenticitet, hvilket g\u00f8r CANVAS til ikke bare en h\u00f8jttaler, men en harmonisk blanding af design og kunst. Omfavn farvernes og materialernes alsidighed og vid, at dit CANVAS ikke kun afspejler din nuv\u00e6rende stil, men ogs\u00e5 er et l\u00e6rred for fremtidige forandringer, s\u00e5 dit rum kan udvikle sig med dine designpr\u00e6ferencer over tid.<\/p>\n\t\t\t\t\t\t\t<a href=\"\/dk\/products\/\" class=\"le_btn le_btn_trans_b\">Udforsk vores frontdesigns<\/a>\n\t\t\t\t\t\t\t\t\t<\/div>\n\t\t\t<div class=\"le_textmedia_last medie-left round\">\n\t\t\t\t\t\t\t\t\t<img decoding=\"async\" src=\"https:\/\/6kutttnx.photoncache.com\/wp-content\/uploads\/sites\/5\/2024\/09\/egwrhtjehwr1.jpg\" alt=\"\" \/>\n\t\t\t\t\t\t\t<\/div>\n\t\t<\/div>\n\t\t<\/div>\n\t<\/section>\n\t\n\n\t<section class=\"ct-section\">\n\t\t<style>\n\t\t@media (min-width:992px) {\n\t\t\t#le_textmedia_wrapper-block_c29818436f363617da343da98e460634 .le_textmedia_last {\n\t\t\t\tgrid-column: span 6;\n\t\t\t\tdisplay:flex;\n\t\t\t\talign-items:center;\n\t\t\t}\n\t\t\t#le_textmedia_wrapper-block_c29818436f363617da343da98e460634 .le_textmedia_first {\n\t\t\t\tgrid-column: span 6;\n\t\t\t}\n\t\t}\n\t<\/style>\n\t\t<div class=\"ct-section-inner-wrap\">\n\t\t<div id=\"le_textmedia_wrapper-block_c29818436f363617da343da98e460634\" class=\"le_section le_textmedia le_textmedia-video\">\n\t\t\t<div class=\"le_textmedia_first\">\n\t\t\t\t\t<h3>Ogs\u00e5 smuk bagfra<\/h3>\n<p>CANVAS universal tv-beslag er indbegrebet af elegant og praktisk design. Sig farvel til det grimme rod af kasser og ledninger, der ofte plager underholdningsops\u00e6tninger.<\/p>\n<p>Dette innovative beslag er udformet med et skjult rum, der er smart integreret bag sk\u00e6rmen, og som giver en diskret l\u00f8sning til opbevaring af elektronik, kabler og stikkontakter. Du beh\u00f8ver ikke l\u00e6ngere at tolerere kaoset med sammenfiltrede ledninger eller rodede rum bag dit tv.<\/p>\n<p>Med CANVAS udstr\u00e5ler dit underholdningssystem elegance og orden. Omfavn en s\u00f8ml\u00f8s seeroplevelse uden at g\u00e5 p\u00e5 kompromis med \u00e6stetikken. Forvandl din bolig til en oase af enkelhed og raffinement med det universelle tv-beslag CANVAS - for hvem ville ikke s\u00e6tte pris p\u00e5 et milj\u00f8 uden rod? L\u00f8ft din hjemmeunderholdning med denne gennemt\u00e6nkte l\u00f8sning, hvor form og funktion m\u00f8des uden besv\u00e6r.<\/p>\n\t\t\t\t\t\t\t<a href=\"\/dk\/products\/\" class=\"le_btn le_btn_trans_b\">Udforsk CANVAS HiFi<\/a>\n\t\t\t\t\t\t\t\t\t<\/div>\n\t\t\t<div class=\"le_textmedia_last medie-right round\">\n\t\t\t\t\t\t\t\t\t<div class=\"le_videogrid autoplay muted playsinline loop\">\n\t\t\t\t\t\t<div class=\"le_videogrid_video_outer\" data-video=\"va2c6724f\">\n\t\t\t\t\t\t\t<video class=\"plyr videogrid_video\" data-poster=\"\" autoplay muted playsinline loop controlslist=\"nodownload noplaybackrate nopictureinpicture\" disablepictureinpicture preload=\"none\">\n\t\t\t\t\t\t\t\t<source src=\"https:\/\/6kutttnx.photoncache.com\/wp-content\/uploads\/sites\/5\/2024\/09\/75105554c3c946a4bf9a719932d967d1.HD-1080p-4.8Mbps-22498370.mp4\" type=\"video\/mp4\">\n\t\t\t\t\t\t\t<\/video>\n\t\t\t\t\t\t<\/div>\n\t\t\t\t\t<\/div>\n\t\t\t\t\t\t\t<\/div>\n\t\t<\/div>\n\t\t<\/div>\n\t<\/section>\n\t\n\n\t<section class=\"ct-section\">\n\t\t<style>\n\t\t@media (min-width:992px) {\n\t\t\t#le_textmedia_wrapper-block_06102a06c3a69f9402f90b63fc85fb9f .le_textmedia_last {\n\t\t\t\tgrid-column: span 6;\n\t\t\t\tdisplay:flex;\n\t\t\t\talign-items:center;\n\t\t\t}\n\t\t\t#le_textmedia_wrapper-block_06102a06c3a69f9402f90b63fc85fb9f .le_textmedia_first {\n\t\t\t\tgrid-column: span 6;\n\t\t\t}\n\t\t}\n\t<\/style>\n\t\t<div class=\"ct-section-inner-wrap\">\n\t\t<div id=\"le_textmedia_wrapper-block_06102a06c3a69f9402f90b63fc85fb9f\" class=\"le_section le_textmedia le_textmedia-img\">\n\t\t\t<div class=\"le_textmedia_first\">\n\t\t\t\t\t<h3>Fremtidssikret design<\/h3>\n<p>En unik kombination af hybridstander\/v\u00e6gbeslag og universelt justerbart tv-beslag sikrer, at CANVAS kan tilpasses dine tv-behov, ikke kun nu, men ogs\u00e5 i fremtiden. Uanset om du vil skifte model eller st\u00f8rrelse p\u00e5 dit tv, kan CANVAS tilpasses. Og hvis du vil have et helt nyt udtryk til stuen, kan fronten til enhver tid \u00e6ndres til lige det udtryk, der passer dig.<\/p>\n\t\t\t\t\t\t\t<a href=\"\/dk\/products\/\" class=\"le_btn le_btn_trans_b\">Udforsk CANVAS HiFi<\/a>\n\t\t\t\t\t\t\t\t\t<\/div>\n\t\t\t<div class=\"le_textmedia_last medie-left round\">\n\t\t\t\t\t\t\t\t\t<img decoding=\"async\" src=\"https:\/\/6kutttnx.photoncache.com\/wp-content\/uploads\/sites\/5\/2024\/09\/placeholder1.jpg\" alt=\"\" \/>\n\t\t\t\t\t\t\t<\/div>\n\t\t<\/div>\n\t\t<\/div>\n\t<\/section>\n\t\n\n\t<section class=\"ct-section\">\n\t\t<style>\n\t\t@media (min-width:992px) {\n\t\t\t#le_textmedia_wrapper-block_49e6d4581017973bad61f2b3ebd4c439 .le_textmedia_last {\n\t\t\t\tgrid-column: span 6;\n\t\t\t\tdisplay:flex;\n\t\t\t\talign-items:center;\n\t\t\t}\n\t\t\t#le_textmedia_wrapper-block_49e6d4581017973bad61f2b3ebd4c439 .le_textmedia_first {\n\t\t\t\tgrid-column: span 6;\n\t\t\t}\n\t\t}\n\t<\/style>\n\t\t<div class=\"ct-section-inner-wrap\">\n\t\t<div id=\"le_textmedia_wrapper-block_49e6d4581017973bad61f2b3ebd4c439\" class=\"le_section le_textmedia le_textmedia-video\">\n\t\t\t<div class=\"le_textmedia_first\">\n\t\t\t\t\t<h3>Passer perfekt til dit tv<\/h3>\n<p>F\u00e5s i flere st\u00f8rrelser, bl.a. 55\", 65\", 75\", 77\", 83\" og 85\". CANVAS giver en s\u00f8ml\u00f8s og sofistikeret integration med dit tv. L\u00f8ft din hjemmeunderholdning til nye h\u00f8jder med CANVAS.<\/p>\n\t\t\t\t\t\t\t<a href=\"\/dk\/products\/\" class=\"le_btn le_btn_trans_b\">Udforsk CANVAS HiFi<\/a>\n\t\t\t\t\t\t\t\t\t<\/div>\n\t\t\t<div class=\"le_textmedia_last medie-right round\">\n\t\t\t\t\t\t\t\t\t<div class=\"le_videogrid autoplay muted playsinline loop\">\n\t\t\t\t\t\t<div class=\"le_videogrid_video_outer\" data-video=\"v28ff3427\">\n\t\t\t\t\t\t\t<video class=\"plyr videogrid_video\" data-poster=\"\" autoplay muted playsinline loop controlslist=\"nodownload noplaybackrate nopictureinpicture\" disablepictureinpicture preload=\"none\">\n\t\t\t\t\t\t\t\t<source src=\"https:\/\/6kutttnx.photoncache.com\/wp-content\/uploads\/sites\/5\/2024\/09\/344c13485922490ea47d129b0e59ef9e.HD-1080p-7.2Mbps-17943780-3.mp4\" type=\"video\/mp4\">\n\t\t\t\t\t\t\t<\/video>\n\t\t\t\t\t\t<\/div>\n\t\t\t\t\t<\/div>\n\t\t\t\t\t\t\t<\/div>\n\t\t<\/div>\n\t\t<\/div>\n\t<\/section>\n\t\n\n\t<section class=\"ct-section\">\n\t\t<style>\n\t\t@media (min-width:992px) {\n\t\t\t#le_textmedia_wrapper-block_55aaa1f2984f395136388a7ad19c5869 .le_textmedia_last {\n\t\t\t\tgrid-column: span 6;\n\t\t\t\tdisplay:flex;\n\t\t\t\talign-items:center;\n\t\t\t}\n\t\t\t#le_textmedia_wrapper-block_55aaa1f2984f395136388a7ad19c5869 .le_textmedia_first {\n\t\t\t\tgrid-column: span 6;\n\t\t\t}\n\t\t}\n\t<\/style>\n\t\t<div class=\"ct-section-inner-wrap\">\n\t\t<div id=\"le_textmedia_wrapper-block_55aaa1f2984f395136388a7ad19c5869\" class=\"le_section le_textmedia le_textmedia-img\">\n\t\t\t<div class=\"le_textmedia_first\">\n\t\t\t\t\t<h3>Udforsk CANVAS i din stue<\/h3>\n<p>St\u00e5r du lige nu over for udfordringen med at v\u00e6lge den optimale frontfarve og st\u00f8rrelse til din CANVAS HiFi?<\/p>\n<p>Vi pr\u00e6senterer dig for en enkel, men effektiv l\u00f8sning, der uden besv\u00e6r fjerner g\u00e6tteriet. Gennem innovativ brug af Augmented Reality (AR) kan du forestille dig og skr\u00e6ddersy det perfekte match til dit hjem. Fordyb dig i en virtuel oplevelse, der giver en klar og sikker forh\u00e5ndsvisning af, hvordan CANVAS HiFi problemfrit kan integreres i din bolig.<\/p>\n\t\t\t\t\t\t\t<a href=\"\/dk\/visualize-canvas\/\" class=\"le_btn le_btn_trans_b\">Klik for at visualisere<\/a>\n\t\t\t\t\t\t\t\t\t<\/div>\n\t\t\t<div class=\"le_textmedia_last medie-left round\">\n\t\t\t\t\t\t\t\t\t<img decoding=\"async\" src=\"https:\/\/6kutttnx.photoncache.com\/wp-content\/uploads\/sites\/5\/2024\/09\/AR_visualisering1-1024x683.jpg\" alt=\"\" \/>\n\t\t\t\t\t\t\t<\/div>\n\t\t<\/div>\n\t\t<\/div>\n\t<\/section>","protected":false},"excerpt":{"rendered":"","protected":false},"author":1,"featured_media":0,"parent":0,"menu_order":0,"comment_status":"closed","ping_status":"closed","template":"","meta":{"_acf_changed":false,"footnotes":""},"class_list":["post-586","page","type-page","status-publish","hentry"],"acf":[],"_links":{"self":[{"href":"https:\/\/canvashifi.com\/dk\/wp-json\/wp\/v2\/pages\/586","targetHints":{"allow":["GET"]}}],"collection":[{"href":"https:\/\/canvashifi.com\/dk\/wp-json\/wp\/v2\/pages"}],"about":[{"href":"https:\/\/canvashifi.com\/dk\/wp-json\/wp\/v2\/types\/page"}],"author":[{"embeddable":true,"href":"https:\/\/canvashifi.com\/dk\/wp-json\/wp\/v2\/users\/1"}],"replies":[{"embeddable":true,"href":"https:\/\/canvashifi.com\/dk\/wp-json\/wp\/v2\/comments?post=586"}],"version-history":[{"count":0,"href":"https:\/\/canvashifi.com\/dk\/wp-json\/wp\/v2\/pages\/586\/revisions"}],"wp:attachment":[{"href":"https:\/\/canvashifi.com\/dk\/wp-json\/wp\/v2\/media?parent=586"}],"curies":[{"name":"wp","href":"https:\/\/api.w.org\/{rel}","templated":true}]}}