{"id":6223,"date":"2025-12-19T08:17:13","date_gmt":"2025-12-19T07:17:13","guid":{"rendered":"https:\/\/canvashifi.com\/?page_id=6223"},"modified":"2026-04-17T13:59:21","modified_gmt":"2026-04-17T11:59:21","slug":"the-hifi-frame-installation-manual","status":"publish","type":"page","link":"https:\/\/canvashifi.com\/dk\/the-hifi-frame-installation-manual\/","title":{"rendered":"The HiFi Frame - Installation\u00a0manual"},"content":{"rendered":"<section id=\"hero-block_89f6f2a136c8952b0165e43d60583e2f\" class=\"hero h-height-xs h-mheight-xl c_width_l heading_xl\" style=\"--txt-color: rgb(10,10,10); --bg-color: #bcbdc0; --overlay-opacity: 0%\">\n        \n        <div class=\"hero__overlay\"><\/div>\n\n        <div class=\"ct-section-inner-wrap hero__content c-position_mc a_txt_center\">\n                            <div class=\"element__subheading\">Installationsvejledning<\/div>\n                                        <h1 class=\"element__heading\"><p>THE HIFI FRAME<\/p>\n<\/h1>\n            \n            \n                    <\/div>\n    <\/section>\n    \n\n\t<section id=\"text-media-block_748b61900ee0063331b3dbd46df55275\" class=\"text-media heading_s medie-right media-6-cols\" style=\"--txt-color: #000000; --bg-color: #FFFFFF\">\n\t\t<div class=\"text-media__inner a_txt_left text_first no_heading ct-section-inner-wrap\">\n\t\t\t<div class=\"text-media__text\" style=\"grid-column: span 6\">\n\t\t\t\t\n\t\t\t\t\t\t\t\t\t<div class=\"element__text\"><p>Gennem de f\u00f8lgende 6 trin vil du vedh\u00e6fte <a href=\"https:\/\/canvashifi.com\/dk\/the-hifi-frame\/\" target=\"_blank\" rel=\"noopener\"><strong data-start=\"48\" data-end=\"66\">HiFi-rammen<\/strong><\/a> sikkert til dit tv og din CANVAS-h\u00f8jttaler, hvilket sikrer en pr\u00e6cis og problemfri installation.<\/p>\n<p>&nbsp;<\/p>\n<p><strong>Dele i kassen:<\/strong><\/p>\n<ul>\n<li>2 stk. Vandrette rammeprofiler<\/li>\n<li>2 stk. Lodrette rammeprofiler<\/li>\n<li>2 stk. Gr\u00e5 gummif\u00f8dder<\/li>\n<li>2 pct gummif\u00f8dder skruer<\/li>\n<li>4 stk. Hj\u00f8rnebeslag med skruer<\/li>\n<li>4 stk. Bagplader til hj\u00f8rnebeslag<\/li>\n<li>4 pct f\u00f8dder beslag<\/li>\n<li>12 stk. Sp\u00e6ndingsfjedre<\/li>\n<li>8 stk. 2 mm afstandsstykke<\/li>\n<li>8 stk. 3 mm afstandsstykke<\/li>\n<li>8 stk. 5 mm afstandsstykke<\/li>\n<li>8 stk. 10 mm afstandsstykke<\/li>\n<\/ul>\n<p><span style=\"color: #ff0000;\">Hvis du ikke \u00f8nsker at bruge den gulvst\u00e5ende CANVAS-ops\u00e6tning, skal du springe trin 1 over.<\/span><\/p>\n<\/div>\n\t\t\t\t\n\t\t\t\t\t\t\t<\/div>\n\n\t\t\t<div class=\"text-media__media\" style=\"grid-column: span 6\">\n\t\t\t\t\t\t\t\t\t<img decoding=\"async\" src=\"https:\/\/6kutttnx.photoncache.com\/wp-content\/uploads\/sites\/5\/2026\/04\/indhold-1024x892.png\" alt=\"\" \/>\n\t\t\t\t\t\t\t<\/div>\n\t\t<\/div>\n\t<\/section>\n\t\n\n    <section id=\"hero-block_8f70d1afa1874d84cd4d02955f37cff6\" class=\"hero h-height-xs h-mheight-l c_width_full heading_xl\" style=\"--txt-color: rgb(10,10,10); --bg-color: #bcbdc0; --overlay-opacity: 0%\">\n        \n        <div class=\"hero__overlay\"><\/div>\n\n        <div class=\"ct-section-inner-wrap hero__content c-position_mc a_txt_center\">\n                                        <h2 class=\"element__heading\"><p>Trin 1 af 6<\/p>\n<\/h2>\n            \n                            <div class=\"element__text content-size-content_s\">\n                    <p>Montering af medf\u00f8lgende f\u00f8dder<\/p>\n                <\/div>\n            \n                    <\/div>\n    <\/section>\n    \n\n\t<section id=\"text-media-block_7bd57024c992f49ce1ed1d3cc4c77a02\" class=\"text-media heading_s medie-right media-6-cols\" style=\"--txt-color: #000000; --bg-color: #FFFFFF\">\n\t\t<div class=\"text-media__inner a_txt_left text_first  ct-section-inner-wrap\">\n\t\t\t<div class=\"text-media__text\" style=\"grid-column: span 6\">\n\t\t\t\t\t\t\t\t\t<h3 class=\"element__heading\">Montering af medf\u00f8lgende f\u00f8dder<\/h3>\n\t\t\t\t\n\t\t\t\t\t\t\t\t\t<div class=\"element__text\"><div>Drej forsigtigt CANVAS-enheden for at f\u00e5 adgang til undersiden.<\/div>\n<div>Hvis din CANVAS allerede er udstyret med f\u00f8dder, skal du skrue de originale f\u00f8dder af og fjerne dem.<\/div>\n<div><\/div>\n<div><strong>Identificer monteringshullerne<\/strong><\/div>\n<div><\/div>\n<div>Du vil se to huller p\u00e5 undersiden:<\/div>\n<ul>\n<li>Et hul med gevind (indre position)<\/li>\n<li>Et hul uden gevind (ydre position)<\/li>\n<\/ul>\n<\/div>\n\t\t\t\t\n\t\t\t\t\t\t\t<\/div>\n\n\t\t\t<div class=\"text-media__media\" style=\"grid-column: span 6\">\n\t\t\t\t\t\t\t\t\t<img decoding=\"async\" src=\"https:\/\/6kutttnx.photoncache.com\/wp-content\/uploads\/sites\/5\/2026\/04\/Foot_3-1024x768.jpg\" alt=\"\" \/>\n\t\t\t\t\t\t\t<\/div>\n\t\t<\/div>\n\t<\/section>\n\t\n\n\t<section id=\"text-media-block_a753369ea5142bf5760b63592aec75f3\" class=\"text-media heading_m medie-left media-6-cols\" style=\"--txt-color: #000000; --bg-color: #FFFFFF\">\n\t\t<div class=\"text-media__inner a_txt_left text_first no_heading ct-section-inner-wrap\">\n\t\t\t<div class=\"text-media__text\" style=\"grid-column: span 6\">\n\t\t\t\t\n\t\t\t\t\t\t\t\t\t<div class=\"element__text\"><div>Klarg\u00f8r de nye f\u00f8dder ved at s\u00e6tte de to medf\u00f8lgende ringe (fodbeslag) p\u00e5 hver fod.<\/div>\n<div><\/div>\n<div>Skru de nye f\u00f8dder ind i det indvendige gevindhul.<\/div>\n<div>S\u00f8rg for, at de sidder godt fast, men stram dem ikke for meget.<\/div>\n<div>Vend forsigtigt CANVAS-enheden tilbage til dens oprindelige position.<\/div>\n<\/div>\n\t\t\t\t\n\t\t\t\t\t\t\t<\/div>\n\n\t\t\t<div class=\"text-media__media\" style=\"grid-column: span 6\">\n\t\t\t\t\t\t\t\t\t<img decoding=\"async\" src=\"https:\/\/6kutttnx.photoncache.com\/wp-content\/uploads\/sites\/5\/2026\/04\/Foot_2-1024x512.jpg\" alt=\"\" \/>\n\t\t\t\t\t\t\t<\/div>\n\t\t<\/div>\n\t<\/section>\n\t\n\n    <section id=\"hero-block_86b51675b0f31dd2573e534d545a1067\" class=\"hero h-height-xs h-mheight-l c_width_full heading_xl\" style=\"--txt-color: rgb(10,10,10); --bg-color: #bcbdc0; --overlay-opacity: 0%\">\n        \n        <div class=\"hero__overlay\"><\/div>\n\n        <div class=\"ct-section-inner-wrap hero__content c-position_mc a_txt_center\">\n                                        <h2 class=\"element__heading\"><p>Trin 2 af 6<\/p>\n<\/h2>\n            \n                            <div class=\"element__text content-size-content_s\">\n                    <p>Bestemmelse af afstandsstykkernes st\u00f8rrelse<\/p>\n                <\/div>\n            \n                    <\/div>\n    <\/section>\n    \n\n\t<section id=\"text-media-block_c48388f84019f023999ea0591e0fd1e0\" class=\"text-media heading_s medie-right media-6-cols\" style=\"--txt-color: #000000; --bg-color: #FFFFFF\">\n\t\t<div class=\"text-media__inner a_txt_left text_first  ct-section-inner-wrap\">\n\t\t\t<div class=\"text-media__text\" style=\"grid-column: span 6\">\n\t\t\t\t\t\t\t\t\t<h3 class=\"element__heading\">Bestemmelse af afstandsstykkernes st\u00f8rrelse<\/h3>\n\t\t\t\t\n\t\t\t\t\t\t\t\t\t<div class=\"element__text\"><p>Begynd med at m\u00e5le bredden p\u00e5 dit tv i millimeter (TW). Tr\u00e6k dette m\u00e5l fra rammens indvendige bredde (FW), og divider resultatet med to. Denne beregning bestemmer afstanden mellem tv'et og rammen og hj\u00e6lper dig med at v\u00e6lge den rigtige afstandsholderst\u00f8rrelse.<\/p>\n<p><strong>Rammens indre bredde: <em>(FW)<\/em><\/strong><\/p>\n<ul>\n<li><strong>55\"<\/strong>: 1239 mm.<\/li>\n<li><strong>65\"<\/strong>: 1458 mm.<\/li>\n<li><strong>75\"<\/strong>: 1687 mm.<\/li>\n<li><strong>77\"<\/strong>: 1724 mm.<\/li>\n<li><strong>83\"<\/strong>: 1857 mm.<\/li>\n<li><strong>85\"<\/strong>: 1906 mm.<\/li>\n<\/ul>\n<\/div>\n\t\t\t\t\n\t\t\t\t\t\t\t<\/div>\n\n\t\t\t<div class=\"text-media__media\" style=\"grid-column: span 6\">\n\t\t\t\t\t\t\t\t\t<img decoding=\"async\" src=\"https:\/\/6kutttnx.photoncache.com\/wp-content\/uploads\/sites\/5\/2025\/12\/Spacer-Size-1024x768.jpg\" alt=\"\" \/>\n\t\t\t\t\t\t\t<\/div>\n\t\t<\/div>\n\t<\/section>\n\t\n\n\t<section id=\"text-media-block_979bf683267ee3c925f782da2d7efc18\" class=\"text-media heading_m medie-left media-6-cols\" style=\"--txt-color: #000000; --bg-color: #FFFFFF\">\n\t\t<div class=\"text-media__inner a_txt_left text_first no_heading ct-section-inner-wrap\">\n\t\t\t<div class=\"text-media__text\" style=\"grid-column: span 6\">\n\t\t\t\t\n\t\t\t\t\t\t\t\t\t<div class=\"element__text\"><p data-start=\"639\" data-end=\"884\">I de fleste tilf\u00e6lde kan den samme st\u00f8rrelse afstandsstykke bruges til b\u00e5de de lodrette profiler og den \u00f8verste vandrette profil. F\u00f8r du s\u00e6tter afstandsstykket fast, anbefaler vi, at du pr\u00f8ver at montere det mellem toprammen og tv'et, mens den selvkl\u00e6bende bagside stadig er d\u00e6kket.<\/p>\n<p data-start=\"886\" data-end=\"1144\">Hvis det er n\u00f8dvendigt, kan to afstandsstykker kombineres (f.eks. 2 mm. + 5 mm. for at n\u00e5 7 mm.) for at opn\u00e5 den optimale pasform. Placer afstandsstykkerne i n\u00e6rheden af hvert hj\u00f8rne, ca. 40-60 mm. fra kanten.<\/p>\n<p data-start=\"886\" data-end=\"1144\"><strong>Undg\u00e5 at placere afstandsstykker mere end 60 mm. fra hj\u00f8rnerne, da det kan f\u00e5 rammen til at b\u00f8je udad.<\/strong><\/p>\n<\/div>\n\t\t\t\t\n\t\t\t\t\t\t\t<\/div>\n\n\t\t\t<div class=\"text-media__media\" style=\"grid-column: span 6\">\n\t\t\t\t\t\t\t\t\t<img decoding=\"async\" src=\"https:\/\/6kutttnx.photoncache.com\/wp-content\/uploads\/sites\/5\/2026\/04\/spacers-1024x768.jpg\" alt=\"\" \/>\n\t\t\t\t\t\t\t<\/div>\n\t\t<\/div>\n\t<\/section>\n\t\n\n    <section id=\"hero-block_ab81783ede8afe8a35115312492fc434\" class=\"hero h-height-xs h-mheight-l c_width_full heading_xl\" style=\"--txt-color: rgb(10,10,10); --bg-color: #bcbdc0; --overlay-opacity: 0%\">\n        \n        <div class=\"hero__overlay\"><\/div>\n\n        <div class=\"ct-section-inner-wrap hero__content c-position_mc a_txt_center\">\n                                        <h2 class=\"element__heading\"><p>Trin 3 af 6<\/p>\n<\/h2>\n            \n                            <div class=\"element__text content-size-content_s\">\n                    <p>Forberedelse af de lodrette profiler<\/p>\n                <\/div>\n            \n                    <\/div>\n    <\/section>\n    \n\n\t<section id=\"text-media-block_46ada7483964e84ecb4dc0dc6df50a34\" class=\"text-media heading_m medie-right media-6-cols\" style=\"--txt-color: #000000; --bg-color: #FFFFFF\">\n\t\t<div class=\"text-media__inner a_txt_left text_first  ct-section-inner-wrap\">\n\t\t\t<div class=\"text-media__text\" style=\"grid-column: span 6\">\n\t\t\t\t\t\t\t\t\t<h3 class=\"element__heading\">Forberedelse af de lodrette profiler<\/h3>\n\t\t\t\t\n\t\t\t\t\t\t\t\t\t<div class=\"element__text\"><div>L\u00e6g et bl\u00f8dt t\u00e6ppe p\u00e5 gulvet for at beskytte rammen og gulvet mod ridser under monteringen.<\/div>\n<div><\/div>\n<div>Ret de to V-formede beslag ind mod hinanden.<\/div>\n<div><\/div>\n<div>S\u00f8rg for, at \u201cFace B\u201d p\u00e5 det ene beslag flugter med \u201cB Face\u201d p\u00e5 det andet.<\/div>\n<div><\/div>\n<div>Placer de to V-formede beslag mod hinanden. Denne samling skaber en defineret afstand, der beskytter CANVAS mod direkte kontakt.<\/div>\n<p>N\u00e5r de korrekte afstandsstykker er valgt, monteres hj\u00f8rnebeslagene \u00f8verst og nederst p\u00e5 begge lodrette rammeprofiler. S\u00f8rg for, at alle beslag er orienteret korrekt og sikkert fastgjort, f\u00f8r du forts\u00e6tter.<\/p>\n<\/div>\n\t\t\t\t\n\t\t\t\t\t\t\t<\/div>\n\n\t\t\t<div class=\"text-media__media\" style=\"grid-column: span 6\">\n\t\t\t\t\t\t\t\t\t<img decoding=\"async\" src=\"https:\/\/6kutttnx.photoncache.com\/wp-content\/uploads\/sites\/5\/2026\/04\/Produkter-til-HiFi-1024x768.jpg\" alt=\"\" \/>\n\t\t\t\t\t\t\t<\/div>\n\t\t<\/div>\n\t<\/section>\n\t\n\n    <section id=\"hero-block_ea795d0246ad04ed2573a86bd4517e7b\" class=\"hero h-height-xs h-mheight-l c_width_full heading_xl\" style=\"--txt-color: rgb(10,10,10); --bg-color: #bcbdc0; --overlay-opacity: 0%\">\n        \n        <div class=\"hero__overlay\"><\/div>\n\n        <div class=\"ct-section-inner-wrap hero__content c-position_mc a_txt_center\">\n                                        <h2 class=\"element__heading\"><p>Trin 3 af 5<\/p>\n<\/h2>\n            \n                            <div class=\"element__text content-size-content_s\">\n                    <p>Samling af rammen<\/p>\n                <\/div>\n            \n                    <\/div>\n    <\/section>\n    \n\n\t<section id=\"text-media-block_1500c673d5bcdf7962ae789eefca156f\" class=\"text-media heading_s medie-right media-6-cols\" style=\"--txt-color: #000000; --bg-color: #FFFFFF\">\n\t\t<div class=\"text-media__inner a_txt_left text_first  ct-section-inner-wrap\">\n\t\t\t<div class=\"text-media__text\" style=\"grid-column: span 6\">\n\t\t\t\t\t\t\t\t\t<h3 class=\"element__heading\">Samling af rammen<\/h3>\n\t\t\t\t\n\t\t\t\t\t\t\t\t\t<div class=\"element__text\"><div>Saml topprofilen sammen med sideprofilerne. P\u00e5 dette tidspunkt skal du ikke fastg\u00f8re bundprofilen og undg\u00e5 at stramme hj\u00f8rnebeslagene helt, da rammen skal kunne justeres en smule for at kunne justeres.<\/div>\n<div><\/div>\n<div>Skub forsigtigt den delvist monterede ramme ned over tv'et, s\u00e5 den hviler sikkert p\u00e5 tv'et som st\u00f8tte.<\/div>\n<\/div>\n\t\t\t\t\n\t\t\t\t\t\t\t<\/div>\n\n\t\t\t<div class=\"text-media__media\" style=\"grid-column: span 6\">\n\t\t\t\t\t\t\t\t\t<img decoding=\"async\" src=\"https:\/\/6kutttnx.photoncache.com\/wp-content\/uploads\/sites\/5\/2026\/04\/Produkter-til-HiFi6-1024x768.jpg\" alt=\"\" \/>\n\t\t\t\t\t\t\t<\/div>\n\t\t<\/div>\n\t<\/section>\n\t\n\n    <section id=\"hero-block_01367ab8dcba5a9a0df249d4cc5f8734\" class=\"hero h-height-xs h-mheight-l c_width_full heading_xl\" style=\"--txt-color: rgb(10,10,10); --bg-color: #bcbdc0; --overlay-opacity: 0%\">\n        \n        <div class=\"hero__overlay\"><\/div>\n\n        <div class=\"ct-section-inner-wrap hero__content c-position_mc a_txt_center\">\n                                        <h2 class=\"element__heading\"><p>Trin 5 af 6<\/p>\n<\/h2>\n            \n                            <div class=\"element__text content-size-content_s\">\n                    <p>Endelig justering<\/p>\n                <\/div>\n            \n                    <\/div>\n    <\/section>\n    \n\n\t<section id=\"text-media-block_7d4698590a8ddb61e5abf5c872ca210a\" class=\"text-media heading_s medie-right media-6-cols\" style=\"--txt-color: #000000; --bg-color: #FFFFFF\">\n\t\t<div class=\"text-media__inner a_txt_left text_first  ct-section-inner-wrap\">\n\t\t\t<div class=\"text-media__text\" style=\"grid-column: span 6\">\n\t\t\t\t\t\t\t\t\t<h3 class=\"element__heading\">Endelig justering<\/h3>\n\t\t\t\t\n\t\t\t\t\t\t\t\t\t<div class=\"element__text\"><p>N\u00e5r du har samlet hovedrammen, skal du skubbe den venstre lodrette profil ind i b\u00e5de den \u00f8verste og nederste vandrette profil og stramme skruerne.<\/p>\n<p>For at opn\u00e5 en pr\u00e6cis justering skal du l\u00f8sne et hj\u00f8rne ad gangen og justere efter behov, indtil rammen sidder j\u00e6vnt og symmetrisk.<\/p>\n<\/div>\n\t\t\t\t\n\t\t\t\t\t\t\t<\/div>\n\n\t\t\t<div class=\"text-media__media\" style=\"grid-column: span 6\">\n\t\t\t\t\t\t\t\t\t<img decoding=\"async\" src=\"https:\/\/6kutttnx.photoncache.com\/wp-content\/uploads\/sites\/5\/2025\/12\/Step-4-1024x768.jpg\" alt=\"\" \/>\n\t\t\t\t\t\t\t<\/div>\n\t\t<\/div>\n\t<\/section>\n\t\n\n    <section id=\"hero-block_b344a33aceffd0b0a93af37925e54dc4\" class=\"hero h-height-xs h-mheight-l c_width_full heading_xl\" style=\"--txt-color: rgb(10,10,10); --bg-color: #bcbdc0; --overlay-opacity: 0%\">\n        \n        <div class=\"hero__overlay\"><\/div>\n\n        <div class=\"ct-section-inner-wrap hero__content c-position_mc a_txt_center\">\n                                        <h2 class=\"element__heading\"><p>Trin 6 af 6<\/p>\n<\/h2>\n            \n                            <div class=\"element__text content-size-content_s\">\n                    <p>Fastg\u00f8relse af rammen<\/p>\n                <\/div>\n            \n                    <\/div>\n    <\/section>\n    \n\n\t<section id=\"text-media-block_8da335a5dbfbf3a9e13c554162fe0b09\" class=\"text-media heading_s medie-right media-6-cols\" style=\"--txt-color: #000000; --bg-color: #FFFFFF\">\n\t\t<div class=\"text-media__inner a_txt_left text_first  ct-section-inner-wrap\">\n\t\t\t<div class=\"text-media__text\" style=\"grid-column: span 6\">\n\t\t\t\t\t\t\t\t\t<h3 class=\"element__heading\">Fastg\u00f8relse af rammen<\/h3>\n\t\t\t\t\n\t\t\t\t\t\t\t\t\t<div class=\"element__text\"><p>For at sikre, at rammen flugter med tv'et og CANVAS-h\u00f8jttaleren, skal du installere sp\u00e6ndingsclipsene p\u00e5 bagsiden af rammen. S\u00e6t den ene ende af hver clips ind mellem rammen og bagsiden af tv'et, og tryk og skub derefter den modsatte ende p\u00e5 plads, s\u00e5 begge ender vender mod rammen.<\/p>\n<\/div>\n\t\t\t\t\n\t\t\t\t\t\t\t<\/div>\n\n\t\t\t<div class=\"text-media__media\" style=\"grid-column: span 6\">\n\t\t\t\t\t\t\t\t\t<img decoding=\"async\" src=\"https:\/\/6kutttnx.photoncache.com\/wp-content\/uploads\/sites\/5\/2025\/12\/Step-5-1024x768.jpg\" alt=\"\" \/>\n\t\t\t\t\t\t\t<\/div>\n\t\t<\/div>\n\t<\/section>\n\t\n\n\t<section id=\"text-media-block_c2320d9cc237b9bf8d9e91499702fc93\" class=\"text-media heading_s medie-left media-6-cols\" style=\"--txt-color: #000000; --bg-color: #FFFFFF\">\n\t\t<div class=\"text-media__inner a_txt_left text_first no_heading ct-section-inner-wrap\">\n\t\t\t<div class=\"text-media__text\" style=\"grid-column: span 6\">\n\t\t\t\t\n\t\t\t\t\t\t\t\t\t<div class=\"element__text\"><p>Afh\u00e6ngigt af tv'ets og rammens st\u00f8rrelse skal du bruge 3 til 4 clips p\u00e5 hver sideprofil og langs topprofilen.<\/p>\n<p><strong>Den nederste profil skal v\u00e6re fri for clips.<\/strong><\/p>\n<\/div>\n\t\t\t\t\n\t\t\t\t\t\t\t<\/div>\n\n\t\t\t<div class=\"text-media__media\" style=\"grid-column: span 6\">\n\t\t\t\t\t\t\t\t\t<img decoding=\"async\" src=\"https:\/\/6kutttnx.photoncache.com\/wp-content\/uploads\/sites\/5\/2025\/12\/Step-6-1024x768.jpg\" alt=\"\" \/>\n\t\t\t\t\t\t\t<\/div>\n\t\t<\/div>\n\t<\/section>\n\t\n\n    <section id=\"hero-block_49aeeaef04cdeeb2fbdcf59ea94fa27a\" class=\"hero h-height-xl h-mheight-xl c_width_full heading_xl\" style=\"--txt-color: rgb(255,255,255); --overlay-opacity: 50%\">\n                    <picture class=\"hero__background\">\n                                    <source media=\"(max-width: 768px)\" srcset=\"https:\/\/6kutttnx.photoncache.com\/wp-content\/uploads\/sites\/5\/2025\/11\/The_Frame2_800x800.jpg\">\n                                <img decoding=\"async\" src=\"https:\/\/6kutttnx.photoncache.com\/wp-content\/uploads\/sites\/5\/2025\/11\/The_Frame2_1920x840-e1766152598545.jpg\" alt=\"\" \/>\n            <\/picture>\n        \n        <div class=\"hero__overlay\"><\/div>\n\n        <div class=\"ct-section-inner-wrap hero__content c-position_mc a_txt_center\">\n                                        <h2 class=\"element__heading\"><p>Tillykke med det!<\/p>\n<\/h2>\n            \n                            <div class=\"element__text content-size-content_l\">\n                    <p data-start=\"2542\" data-end=\"2629\">Du har nu installeret The HiFi Frame p\u00e5 dit tv og din CANVAS-h\u00f8jttaler.<\/p>\n                <\/div>\n            \n                    <\/div>\n    <\/section>","protected":false},"excerpt":{"rendered":"","protected":false},"author":1,"featured_media":0,"parent":0,"menu_order":0,"comment_status":"closed","ping_status":"closed","template":"","meta":{"_acf_changed":false,"footnotes":""},"class_list":["post-6223","page","type-page","status-publish","hentry"],"acf":[],"_links":{"self":[{"href":"https:\/\/canvashifi.com\/dk\/wp-json\/wp\/v2\/pages\/6223","targetHints":{"allow":["GET"]}}],"collection":[{"href":"https:\/\/canvashifi.com\/dk\/wp-json\/wp\/v2\/pages"}],"about":[{"href":"https:\/\/canvashifi.com\/dk\/wp-json\/wp\/v2\/types\/page"}],"author":[{"embeddable":true,"href":"https:\/\/canvashifi.com\/dk\/wp-json\/wp\/v2\/users\/1"}],"replies":[{"embeddable":true,"href":"https:\/\/canvashifi.com\/dk\/wp-json\/wp\/v2\/comments?post=6223"}],"version-history":[{"count":0,"href":"https:\/\/canvashifi.com\/dk\/wp-json\/wp\/v2\/pages\/6223\/revisions"}],"wp:attachment":[{"href":"https:\/\/canvashifi.com\/dk\/wp-json\/wp\/v2\/media?parent=6223"}],"curies":[{"name":"wp","href":"https:\/\/api.w.org\/{rel}","templated":true}]}}