{"id":8997,"date":"2026-03-02T14:51:06","date_gmt":"2026-03-02T13:51:06","guid":{"rendered":"https:\/\/canvashifi.com\/?page_id=8997"},"modified":"2026-03-02T15:11:12","modified_gmt":"2026-03-02T14:11:12","slug":"canvas-firmware-update","status":"publish","type":"page","link":"https:\/\/canvashifi.com\/dk\/canvas-firmware-update\/","title":{"rendered":"CANVAS Firmware-opdatering"},"content":{"rendered":"<section id=\"hero-block_59b7f8ae3d403602e9d81c1659a090d2\" class=\"hero h-height-xs h-mheight-xl c_width_l heading_xl\" style=\"--txt-color: rgb(10,10,10); --bg-color: #bcbdc0; --overlay-opacity: 0%\">\n        \n        <div class=\"hero__overlay\"><\/div>\n\n        <div class=\"ct-section-inner-wrap hero__content c-position_mc a_txt_center\">\n                            <div class=\"element__subheading\">Firmware-opdatering<\/div>\n                                        <h1 class=\"element__heading\"><p>HVAD ER NYT?<\/p>\n<\/h1>\n            \n            \n                    <\/div>\n    <\/section>\n    \n\n\t<section id=\"text-media-block_ca9156bb599f2a262796d356d01babac\" class=\"text-media heading_s medie-right media-6-cols\" style=\"--txt-color: #000000; --bg-color: #FFFFFF\">\n\t\t<div class=\"text-media__inner a_txt_left text_first  ct-section-inner-wrap\">\n\t\t\t<div class=\"text-media__text\" style=\"grid-column: span 6\">\n\t\t\t\t\t\t\t\t\t<h3 class=\"element__heading\">Organic Master Tuning - en ny m\u00e5de at opleve CANVAS p\u00e5<\/h3>\n\t\t\t\t\n\t\t\t\t\t\t\t\t\t<div class=\"element__text\"><p>Organic Master Tuning giver dig mulighed for at skifte mellem:<\/p>\n<p><strong>Neutral masterindstilling<\/strong><br \/>\nUdviklet i et ekkofrit kammer for maksimal akustisk pr\u00e6cision.<\/p>\n<p>\u00d8kologisk master-tuning<br \/>\nDesignet i virkelige lyttemilj\u00f8er for at matche typisk hjemmeakustik og skabe en mere medrivende lydoplevelse.<br \/>\nDenne funktion g\u00f8r CANVAS velegnet til b\u00e5de referencelytning og hverdagsbrug.<\/p>\n<\/div>\n\t\t\t\t\n\t\t\t\t\t\t\t<\/div>\n\n\t\t\t<div class=\"text-media__media\" style=\"grid-column: span 6\">\n\t\t\t\t\t\t\t\t\t<img decoding=\"async\" src=\"https:\/\/6kutttnx.photoncache.com\/wp-content\/uploads\/sites\/5\/2026\/03\/Billeder-1024x768.jpg\" alt=\"\" \/>\n\t\t\t\t\t\t\t<\/div>\n\t\t<\/div>\n\t<\/section>\n\t\n\n\t<section id=\"text-media-block_fb77dea38f0f31810f28a59436aaa00b\" class=\"text-media heading_s medie-left media-6-cols\" style=\"--txt-color: #000000; --bg-color: #FFFFFF\">\n\t\t<div class=\"text-media__inner a_txt_left text_first  ct-section-inner-wrap\">\n\t\t\t<div class=\"text-media__text\" style=\"grid-column: span 6\">\n\t\t\t\t\t\t\t\t\t<h3 class=\"element__heading\">Forbedret lydoptimering for alle frontgitre<\/h3>\n\t\t\t\t\n\t\t\t\t\t\t\t\t\t<div class=\"element__text\"><p>Hvert CANVAS-frontgitter (Normal Cover, Design Cover, Wood Cover) p\u00e5virker den akustiske ydeevne.<\/p>\n<p><strong>Den opdaterede CANVAS-app indeholder nu:<\/strong><\/p>\n<li>Individuelle lydprofiler pr. gitter<\/li>\n<li>Automatisk akustisk optimering<\/li>\n<li>Problemfrit skift mellem profiler<\/li>\n<p>Dette sikrer optimal ydeevne uanset konfiguration.<\/p>\n<\/div>\n\t\t\t\t\n\t\t\t\t\t\t\t<\/div>\n\n\t\t\t<div class=\"text-media__media\" style=\"grid-column: span 6\">\n\t\t\t\t\t\t\t\t\t<img decoding=\"async\" src=\"https:\/\/6kutttnx.photoncache.com\/wp-content\/uploads\/sites\/5\/2026\/03\/Billeder2-1024x768.jpg\" alt=\"\" \/>\n\t\t\t\t\t\t\t<\/div>\n\t\t<\/div>\n\t<\/section>\n\t\n\n\t<section id=\"text-media-block_a20f59e7d8a80b9c4f5ed51401172db0\" class=\"text-media heading_m medie-right media-6-cols\" style=\"--txt-color: #000000; --bg-color: #FFFFFF\">\n\t\t<div class=\"text-media__inner a_txt_right text_first  ct-section-inner-wrap\">\n\t\t\t<div class=\"text-media__text\" style=\"grid-column: span 6\">\n\t\t\t\t\t\t\t\t\t<h3 class=\"element__heading\">Lydstyrke ON \/ OFF<\/h3>\n\t\t\t\t\n\t\t\t\t\t\t\t\t\t<div class=\"element__text\"><p>Appen giver nu mulighed for at sl\u00e5<br \/>\nLydstyrke til eller fra.<\/p>\n<p>Dette er is\u00e6r nyttigt, n\u00e5r man ser film med lav lydstyrke, da deaktivering af Organic Master Tuning Sound Optimizations Loudness forbedrer taleklarheden betydeligt.<\/p>\n<\/div>\n\t\t\t\t\n\t\t\t\t\t\t\t<\/div>\n\n\t\t\t<div class=\"text-media__media\" style=\"grid-column: span 6\">\n\t\t\t\t\t\t\t\t\t<img decoding=\"async\" src=\"https:\/\/6kutttnx.photoncache.com\/wp-content\/uploads\/sites\/5\/2026\/03\/Billeder3-1024x768.jpg\" alt=\"\" \/>\n\t\t\t\t\t\t\t<\/div>\n\t\t<\/div>\n\t<\/section>\n\t\n\n    <section id=\"hero-block_9d8fa239409e8b31b637643c04c8f0f7\" class=\"hero h-height-xs h-mheight-l c_width_full heading_l\" style=\"--txt-color: rgb(10,10,10); --bg-color: #bcbdc0; --overlay-opacity: 0%\">\n        \n        <div class=\"hero__overlay\"><\/div>\n\n        <div class=\"ct-section-inner-wrap hero__content c-position_mc a_txt_center\">\n                                        <h3 class=\"element__heading\"><p>BACCH 3D PLUS<\/p>\n<\/h3>\n            \n                            <div class=\"element__text content-size-content_s\">\n                    <p>En forbedret version, der giver endnu bedre lydkvalitet og kanaladskillelse, hvilket giver et endnu st\u00f8rre lydbillede end f\u00f8r. <\/p>\n                <\/div>\n            \n                    <\/div>\n    <\/section>\n    \n\n\t<section id=\"text-media-block_5227fff635a962e3e11000ad38f2a9b4\" class=\"text-media heading_m medie-right media-6-cols\" style=\"--txt-color: #000000; --bg-color: #FFFFFF\">\n\t\t<div class=\"text-media__inner a_txt_left text_first  ct-section-inner-wrap\">\n\t\t\t<div class=\"text-media__text\" style=\"grid-column: span 6\">\n\t\t\t\t\t\t\t\t\t<h3 class=\"element__heading\">ROON READY-FUNKTIONALITET<\/h3>\n\t\t\t\t\n\t\t\t\t\t\t\t\t\t<div class=\"element__text\"><p>Brugere af ROON kan nu tilf\u00f8je CANVAS til deres liste over enheder, der styres af den elegante ROON-app, med fuld underst\u00f8ttelse af Hi-Res-indhold.<\/p>\n<\/div>\n\t\t\t\t\n\t\t\t\t\t\t\t<\/div>\n\n\t\t\t<div class=\"text-media__media\" style=\"grid-column: span 6\">\n\t\t\t\t\t\t\t\t\t<img decoding=\"async\" src=\"https:\/\/6kutttnx.photoncache.com\/wp-content\/uploads\/sites\/5\/2026\/03\/Billeder4-1024x768.jpg\" alt=\"\" \/>\n\t\t\t\t\t\t\t<\/div>\n\t\t<\/div>\n\t<\/section>\n\t\n\n\t<section id=\"text-media-block_1b055a41b77c72e44d082eccb9701e26\" class=\"text-media heading_m medie-left media-6-cols\" style=\"--txt-color: #000000; --bg-color: #FFFFFF\">\n\t\t<div class=\"text-media__inner a_txt_right text_first  ct-section-inner-wrap\">\n\t\t\t<div class=\"text-media__text\" style=\"grid-column: span 6\">\n\t\t\t\t\t\t\t\t\t<h3 class=\"element__heading\">OPTICAL INPUT<\/h3>\n\t\t\t\t\n\t\t\t\t\t\t\t\t\t<div class=\"element__text\"><p>Nu f\u00f8lger AUX-indstillingen \u201cFixed \/ Variable\u201d, som giver mulighed for at v\u00e6lge mellem at bruge volumenkontrollen i CANVAS eller det tilsluttede udstyr. <\/p>\n<p>Dette er en fantastisk funktion, hvis man kombinerer CANVAS med en Surround-processor.<\/p>\n<\/div>\n\t\t\t\t\n\t\t\t\t\t\t\t<\/div>\n\n\t\t\t<div class=\"text-media__media\" style=\"grid-column: span 6\">\n\t\t\t\t\t\t\t\t\t<img decoding=\"async\" src=\"https:\/\/6kutttnx.photoncache.com\/wp-content\/uploads\/sites\/5\/2026\/03\/Billeder5-1024x768.jpg\" alt=\"\" \/>\n\t\t\t\t\t\t\t<\/div>\n\t\t<\/div>\n\t<\/section>\n\t\n\n    <section id=\"hero-block_5a3889eba34e25087b9165e3a47f6536\" class=\"hero h-height-xs h-mheight-l c_width_full heading_xl\" style=\"--txt-color: rgb(10,10,10); --bg-color: #bcbdc0; --overlay-opacity: 0%\">\n        \n        <div class=\"hero__overlay\"><\/div>\n\n        <div class=\"ct-section-inner-wrap hero__content c-position_mc a_txt_center\">\n                                        <h3 class=\"element__heading\"><p>FORBEDRET AUTOMATISK SKIFT AF INPUT<\/p>\n<\/h3>\n            \n                            <div class=\"element__text content-size-content_s\">\n                    <p>Nu med kun et sekunds forsinkelse, n\u00e5r der registreres et signal, hvilket g\u00f8r den ideel til dem, der bruger CANVAS som centerh\u00f8jttaler i en<br \/>\nOps\u00e6tning af hjemmebiograf. <\/p>\n<p>Prioriteringsr\u00e6kkef\u00f8lgen for automatisk inputskift er blevet revideret, s\u00e5 den passer bedre til virkelighedens scenarier. <\/p>\n<p>Det er nu muligt at streame musik, mens tv'et er t\u00e6ndt.<\/p>\n                <\/div>\n            \n                    <\/div>\n    <\/section>\n    \n\n\t<section id=\"text-media-block_a37033aaef1aa74284f49004b0b021da\" class=\"text-media heading_m medie-right media-6-cols\" style=\"--txt-color: #000000; --bg-color: #FFFFFF\">\n\t\t<div class=\"text-media__inner a_txt_left text_first  ct-section-inner-wrap\">\n\t\t\t<div class=\"text-media__text\" style=\"grid-column: span 6\">\n\t\t\t\t\t\t\t\t\t<h3 class=\"element__heading\">LETTERE ADGANG I APPEN<\/h3>\n\t\t\t\t\n\t\t\t\t\t\t\t\t\t<div class=\"element__text\"><p>Den nye app husker, hvilken enhed der var tilsluttet, sidst den var i brug, hvilket betyder, at det ikke l\u00e6ngere er n\u00f8dvendigt at v\u00e6lge CANVAS-enheden, hver gang appen \u00e5bnes.<\/p>\n<\/div>\n\t\t\t\t\n\t\t\t\t\t\t\t<\/div>\n\n\t\t\t<div class=\"text-media__media\" style=\"grid-column: span 6\">\n\t\t\t\t\t\t\t\t\t<img decoding=\"async\" src=\"https:\/\/6kutttnx.photoncache.com\/wp-content\/uploads\/sites\/5\/2026\/03\/Billeder6-1024x768.jpg\" alt=\"\" \/>\n\t\t\t\t\t\t\t<\/div>\n\t\t<\/div>\n\t<\/section>\n\t\n\n\t<section id=\"text-media-block_1dc6042ead3ea1bd1161aa0ec0ecb889\" class=\"text-media heading_m medie-left media-6-cols\" style=\"--txt-color: #000000; --bg-color: #FFFFFF\">\n\t\t<div class=\"text-media__inner a_txt_right text_first  ct-section-inner-wrap\">\n\t\t\t<div class=\"text-media__text\" style=\"grid-column: span 6\">\n\t\t\t\t\t\t\t\t\t<h3 class=\"element__heading\">OPS\u00c6TNINGSGUIDEN<\/h3>\n\t\t\t\t\n\t\t\t\t\t\t\t\t\t<div class=\"element__text\"><p>En helt ny ops\u00e6tningsguide f\u00f8rer dig gennem ops\u00e6tningsprocessen trin for trin p\u00e5 en enkel og intuitiv m\u00e5de. Der er \u00e9n ops\u00e6tningsguide, som d\u00e6kker alle enheder, hvilket g\u00f8r ops\u00e6tningsprocessen s\u00e5 nem som muligt.<\/p>\n<p><strong>- FORBEDRET RUMKORREKTION:<\/strong><br \/>\nN\u00e5r du starter rumkalibreringsfunktionen, kan du v\u00e6lge mellem 3 forskellige rumst\u00f8rrelseskategorier, hvilket giver en endnu mere effektiv rumkorrektion.<\/p>\n<\/div>\n\t\t\t\t\n\t\t\t\t\t\t\t<\/div>\n\n\t\t\t<div class=\"text-media__media\" style=\"grid-column: span 6\">\n\t\t\t\t\t\t\t\t\t<img decoding=\"async\" src=\"https:\/\/6kutttnx.photoncache.com\/wp-content\/uploads\/sites\/5\/2026\/03\/Billeder7-1024x768.jpg\" alt=\"\" \/>\n\t\t\t\t\t\t\t<\/div>\n\t\t<\/div>\n\t<\/section>\n\t\n\n\t<section id=\"text-media-block_98142b32b57eeb1243512bbe4cc910f6\" class=\"text-media heading_m medie-right media-6-cols\" style=\"--txt-color: #000000; --bg-color: #FFFFFF\">\n\t\t<div class=\"text-media__inner a_txt_right text_first  ct-section-inner-wrap\">\n\t\t\t<div class=\"text-media__text\" style=\"grid-column: span 6\">\n\t\t\t\t\t\t\t\t\t<h3 class=\"element__heading\">GOOGLE CAST<\/h3>\n\t\t\t\t\n\t\t\t\t\t\t\t\t\t<div class=\"element__text\"><p>Nu deaktiveret som standard. N\u00e5r den er aktiveret, vil den konstant s\u00f8ge efter CAST-enheder p\u00e5 netv\u00e6rket, hvilket belaster netv\u00e6rket og de interne enheder mere.<br \/>\nprocessor. <\/p>\n<p>I stedet skal Google Cast-funktionaliteten aktiveres separat.<\/p>\n<\/div>\n\t\t\t\t\n\t\t\t\t\t\t\t<\/div>\n\n\t\t\t<div class=\"text-media__media\" style=\"grid-column: span 6\">\n\t\t\t\t\t\t\t\t\t<img decoding=\"async\" src=\"https:\/\/6kutttnx.photoncache.com\/wp-content\/uploads\/sites\/5\/2026\/03\/Billeder8-1024x768.jpg\" alt=\"\" \/>\n\t\t\t\t\t\t\t<\/div>\n\t\t<\/div>\n\t<\/section>\n\t\n\n    <section id=\"hero-block_d99e16f9d45cb8f47532e1898388151a\" class=\"hero h-height-xs h-mheight-l c_width_full heading_xl\" style=\"--txt-color: rgb(10,10,10); --bg-color: #bcbdc0; --overlay-opacity: 0%\">\n        \n        <div class=\"hero__overlay\"><\/div>\n\n        <div class=\"ct-section-inner-wrap hero__content c-position_mc a_txt_center\">\n                                        <h2 class=\"element__heading\"><p>ST\u00d8TTE TIL FJERNBETJENING<\/p>\n<\/h2>\n            \n                            <div class=\"element__text content-size-content_s\">\n                    <p>CANVAS underst\u00f8tter nu fjernbetjeningsintegration, s\u00e5 du kan betjene n\u00f8glefunktioner direkte fra en kompatibel fjernbetjening.<\/p>\n                <\/div>\n            \n                    <\/div>\n    <\/section>\n    \n\n\t<section id=\"text-media-block_cc4523217815433756a7e230f82c315a\" class=\"text-media heading_s medie-left media-6-cols\" style=\"--txt-color: #000000; --bg-color: #FFFFFF\">\n\t\t<div class=\"text-media__inner a_txt_left text_first  ct-section-inner-wrap\">\n\t\t\t<div class=\"text-media__text\" style=\"grid-column: span 6\">\n\t\t\t\t\t\t\t\t\t<h3 class=\"element__heading\">FABRIKSNULSTILLING<\/h3>\n\t\t\t\t\n\t\t\t\t\t\t\t\t\t<div class=\"element__text\"><p>Kan nu udf\u00f8res fra standby, hvilket forenkler brugen af denne funktion.<\/p>\n<\/div>\n\t\t\t\t\n\t\t\t\t\t\t\t<\/div>\n\n\t\t\t<div class=\"text-media__media\" style=\"grid-column: span 6\">\n\t\t\t\t\t\t\t\t\t<img decoding=\"async\" src=\"https:\/\/6kutttnx.photoncache.com\/wp-content\/uploads\/sites\/5\/2026\/03\/Billeder9-1024x768.jpg\" alt=\"\" \/>\n\t\t\t\t\t\t\t<\/div>\n\t\t<\/div>\n\t<\/section>","protected":false},"excerpt":{"rendered":"","protected":false},"author":1334,"featured_media":0,"parent":0,"menu_order":0,"comment_status":"closed","ping_status":"closed","template":"","meta":{"_acf_changed":false,"footnotes":""},"class_list":["post-8997","page","type-page","status-publish","hentry"],"acf":[],"_links":{"self":[{"href":"https:\/\/canvashifi.com\/dk\/wp-json\/wp\/v2\/pages\/8997","targetHints":{"allow":["GET"]}}],"collection":[{"href":"https:\/\/canvashifi.com\/dk\/wp-json\/wp\/v2\/pages"}],"about":[{"href":"https:\/\/canvashifi.com\/dk\/wp-json\/wp\/v2\/types\/page"}],"author":[{"embeddable":true,"href":"https:\/\/canvashifi.com\/dk\/wp-json\/wp\/v2\/users\/1334"}],"replies":[{"embeddable":true,"href":"https:\/\/canvashifi.com\/dk\/wp-json\/wp\/v2\/comments?post=8997"}],"version-history":[{"count":0,"href":"https:\/\/canvashifi.com\/dk\/wp-json\/wp\/v2\/pages\/8997\/revisions"}],"wp:attachment":[{"href":"https:\/\/canvashifi.com\/dk\/wp-json\/wp\/v2\/media?parent=8997"}],"curies":[{"name":"wp","href":"https:\/\/api.w.org\/{rel}","templated":true}]}}