{"id":9511,"date":"2026-04-24T11:31:25","date_gmt":"2026-04-24T09:31:25","guid":{"rendered":"https:\/\/canvashifi.com\/?page_id=9511"},"modified":"2026-04-24T12:02:04","modified_gmt":"2026-04-24T10:02:04","slug":"the-remote-installation-manual","status":"publish","type":"page","link":"https:\/\/canvashifi.com\/dk\/the-remote-installation-manual\/","title":{"rendered":"The Remote - Installation\u00a0manual"},"content":{"rendered":"<section id=\"hero-block_d586c820933f75ad011e479a961a1df4\" class=\"hero h-height-xs h-mheight-xl c_width_l heading_xl\" style=\"--txt-color: rgb(10,10,10); --bg-color: #bcbdc0; --overlay-opacity: 0%\">\n        \n        <div class=\"hero__overlay\"><\/div>\n\n        <div class=\"ct-section-inner-wrap hero__content c-position_mc a_txt_center\">\n                            <div class=\"element__subheading\">Fjernops\u00e6tning og parring<\/div>\n                                        <h1 class=\"element__heading\"><p>DEN FJERNEDE<\/p>\n<\/h1>\n            \n            \n                    <\/div>\n    <\/section>\n    \n\n\t<section class=\"ct-section\" style=\"color:#000000; background-color:rgba(255,255,255,0)\">\n\t\t<div class=\"ct-section-inner-wrap le_m_section\">\n\t\t\t<div id=\"le_fullmedia_wrapper-block_f7ef12e4d197612248f1085110aab706\" class=\"le_section le_fullmedia\">\n\t\t\t\t\t\t\t\t<div class=\"le_fullmedia_second\">\n\t\t\t\t\t\t\n\t\t\t\t\t\t<img decoding=\"async\" src=\"https:\/\/6kutttnx.photoncache.com\/wp-content\/uploads\/sites\/5\/2026\/04\/Remote-buttons.jpg\">\t\t\t\t<\/div>\n\t\t\t<\/div>\n\t\t<\/div>\n\t<\/section>\n\n\n\t<section id=\"text-media-block_7d69e729216bebc0e8756f9fe0898d16\" class=\"text-media heading_m medie-right media-4-cols\" style=\"--txt-color: #000000; --bg-color: #FFFFFF\">\n\t\t<div class=\"text-media__inner a_txt_left text_first  ct-section-inner-wrap\">\n\t\t\t<div class=\"text-media__text\" style=\"grid-column: span 8\">\n\t\t\t\t\t\t\t\t\t<h3 class=\"element__heading\">Fjernbetjening - knapfunktion<\/h3>\n\t\t\t\t\n\t\t\t\t\t\t\t\t\t<div class=\"element__text\"><p><strong>D\u00e6mpet<\/strong><br \/>\nSlukker \u00f8jeblikkeligt for al lydoutput for fuldst\u00e6ndig diskretion. Tryk igen for at genoprette lyden til dens tidligere niveau.<\/p>\n<p>&nbsp;<br \/>\n<strong>T\u00e6nd\/sluk<\/strong><br \/>\nT\u00e6nder ubesv\u00e6ret for systemet eller s\u00e6tter det i standbytilstand, hvilket sikrer en problemfri overgang mellem brug og hvile.<\/p>\n<p>&nbsp;<br \/>\n<strong>Volumen-indikator<\/strong><br \/>\nGiver en klar og raffineret visuel repr\u00e6sentation af det aktuelle lydstyrkeniveau, hvilket giver mulighed for pr\u00e6cise og intuitive justeringer.<\/p>\n<p>&nbsp;<br \/>\n<strong>Input Inducator<\/strong><br \/>\nViser den aktuelt aktive indgangskilde, s\u00e5 du f\u00e5r et klart overblik over, hvor dit lydsignal kommer fra.<br \/>\n<em>Bem\u00e6rk: CANVAS 2.0 underst\u00f8tter ikke Bluetooth-lydinput.<\/em><\/p>\n<p>&nbsp;<br \/>\n<strong>Lydstyrke op\/ned<\/strong><br \/>\nJusterer lydniveauet i j\u00e6vne, kontrollerede trin, s\u00e5 du kan finjustere lytteoplevelsen, s\u00e5 den passer til dine pr\u00e6ferencer.<\/p>\n<p>&nbsp;<br \/>\n<strong>Input-\u00e6ndring<\/strong><br \/>\nSkifter nemt mellem tilg\u00e6ngelige inputkilder og giver hurtig adgang til tilsluttede enheder. CANVAS har automatisk indgangsregistrering. Det betyder, at den automatisk v\u00e5gner og registrerer en indgang med signal og afspiller fra den p\u00e5g\u00e6ldende enhed.<\/p>\n<p>\nHvis mere end \u00e9n indgang har signal, v\u00e6lger den den indgang, der har h\u00f8jest prioritet.<\/p>\n<p>\n<em>Den prioriterede r\u00e6kkef\u00f8lge er Streaming, HDMI og AUX\/Toslink.<\/em><\/p>\n<p>&nbsp;<br \/>\n<strong>Forrige (Forrige)<\/strong><br \/>\nVender tilbage til det forrige spor, kapitel eller valg, s\u00e5 du kan gense tidligere indhold med et enkelt tryk.<\/p>\n<p>&nbsp;<br \/>\n<strong>N\u00e6ste<\/strong><br \/>\nG\u00e5r videre til det n\u00e6ste spor, kapitel eller udvalg og sikrer uafbrudt progression gennem dit indhold.<\/p>\n<p>&nbsp;<br \/>\n<strong>Afspil \/ Pause<\/strong><br \/>\nStyr afspilningen intuitivt - start eller s\u00e6t dit lyd- eller videoindhold p\u00e5 pause med et enkelt, f\u00f8lsomt tryk.<\/p>\n<p>&nbsp;<br \/>\n<strong>Opladningsport<\/strong><br \/>\nEt diskret integreret tilslutningspunkt, der bruges til at oplade fjernbetjeningen, s\u00e5 den altid er klar til brug.<\/p>\n<\/div>\n\t\t\t\t\n\t\t\t\t\t\t\t<\/div>\n\n\t\t\t<div class=\"text-media__media\" style=\"grid-column: span 4\">\n\t\t\t\t\t\t\t\t\t<img decoding=\"async\" src=\"https:\/\/6kutttnx.photoncache.com\/wp-content\/uploads\/sites\/5\/2026\/04\/IMG_0164-699x1024.jpg\" alt=\"\" \/>\n\t\t\t\t\t\t\t<\/div>\n\t\t<\/div>\n\t<\/section>\n\t\n\n\t<section class=\"ct-section\" style=\"color:#000000; background-color:rgba(255,255,255,0)\">\n\t\t<div class=\"ct-section-inner-wrap\">\n\t\t\t<div id=\"le_fulltext_wrapper-block_11ebbd6bffbbe700a78ea6c6eedab6d8\" class=\"le_section le_fulltext\">\n\t\t\t\t\t\t\t<\/div>\n\t\t<\/div>\n\t<\/section>\n\n\n    <section id=\"hero-block_40af9e8fa4e2db38e7136eeeff3875d7\" class=\"hero h-height-xs h-mheight-l c_width_full heading_xl\" style=\"--txt-color: rgb(10,10,10); --bg-color: #bcbdc0; --overlay-opacity: 0%\">\n        \n        <div class=\"hero__overlay\"><\/div>\n\n        <div class=\"ct-section-inner-wrap hero__content c-position_mc a_txt_center\">\n                                        <h2 class=\"element__heading\"><p>FJERNOPS\u00c6TNING OG PARRING<\/p>\n<\/h2>\n            \n            \n                    <\/div>\n    <\/section>\n    \n\n\t<section id=\"text-media-block_acba0d855e5627d7c57d9d6080ee4745\" class=\"text-media heading_m medie-right media-4-cols\" style=\"--txt-color: #000000; --bg-color: #FFFFFF\">\n\t\t<div class=\"text-media__inner a_txt_left text_first  ct-section-inner-wrap\">\n\t\t\t<div class=\"text-media__text\" style=\"grid-column: span 8\">\n\t\t\t\t\t\t\t\t\t<h3 class=\"element__heading\">Fjernops\u00e6tning og parring<\/h3>\n\t\t\t\t\n\t\t\t\t\t\t\t\t\t<div class=\"element__text\"><p><strong>Trin 1: Oplad fjernbetjeningen<\/strong><br \/>\nBegynd med at oplade fjernbetjeningen helt ved hj\u00e6lp af det medf\u00f8lgende ladekabel. <\/p>\n<p>\nSlut kablet til opladningsporten p\u00e5 fjernbetjeningen, og s\u00f8rg for, at det sidder korrekt. Lad fjernbetjeningen oplade tilstr\u00e6kkeligt f\u00f8r brug for at sikre stabil drift under ops\u00e6tningen.<\/p>\n<p><p>&nbsp;<br \/>\n<strong>Trin 2: T\u00e6nd for CANVAS<\/strong><br \/>\nS\u00f8rg for, at dit CANVAS-system er t\u00e6ndt, f\u00f8r du p\u00e5begynder parringsprocessen. Fjernbetjeningen kan ikke parres, hvis systemet er slukket eller i standbytilstand.<\/p>\n<p>&nbsp;<\/p>\n<p>\n<strong>Trin 3: Bekr\u00e6ft fjernfunktionalitet<\/strong><br \/>\nTryk p\u00e5 knappen \u201cPil op\u201d for at bekr\u00e6fte, at fjernbetjeningen har tilstr\u00e6kkelig str\u00f8m. <\/p>\n<p>\nHold \u00f8je med LED-indikatoren i n\u00e6rheden af opladningsporten. Hvis LED'en lyser, er der str\u00f8m p\u00e5 fjernbetjeningen, og den er klar til parring. Hvis ikke, skal du forts\u00e6tte opladningen, indtil indikatoren reagerer.<\/p>\n<p><p>&nbsp;<\/p>\n<p><strong>Trin 4: \u00c5bn CANVAS-appen<\/strong><br \/>\n\u00c5bn CANVAS-appen p\u00e5 din mobile enhed. S\u00f8rg for, at din enhed er forbundet til det samme netv\u00e6rk som dit CANVAS-system for at opn\u00e5 optimal forbindelse.<\/p>\n<p>&nbsp;<\/p>\n<p><strong>Trin 5: Naviger til avancerede indstillinger<\/strong><br \/>\nI appen skal du finde og \u00e5bne menuen \u201cAvancerede indstillinger\u201d.<br \/>\nDette afsnit indeholder yderligere konfigurationsmuligheder, herunder fjernparring.<\/p>\n<p>&nbsp;<\/p>\n<p><strong>Trin 6: Aktiv\u00e9r fjernparringstilstand<\/strong><br \/>\nAktiv\u00e9r parringsfunktionen for CANVAS-fjernbetjeningen. N\u00e5r den er aktiveret, g\u00e5r systemet i parringstilstand og begynder at s\u00f8ge efter fjernbetjeningen.<\/p>\n<p>&nbsp;<br \/>\n<strong>Trin 7: Fuldf\u00f8r parring<\/strong><br \/>\nCANVAS-appen registrerer automatisk fjernbetjeningen og opretter forbindelse til den.<br \/>\nN\u00e5r parringsprocessen er afsluttet, er fjernbetjeningen klar til brug.<\/p>\n<\/div>\n\t\t\t\t\n\t\t\t\t\t\t\t<\/div>\n\n\t\t\t<div class=\"text-media__media\" style=\"grid-column: span 4\">\n\t\t\t\t\t\t\t\t\t<img decoding=\"async\" src=\"https:\/\/6kutttnx.photoncache.com\/wp-content\/uploads\/sites\/5\/2026\/04\/remote_bund-1024x768.png\" alt=\"\" \/>\n\t\t\t\t\t\t\t<\/div>\n\t\t<\/div>\n\t<\/section>","protected":false},"excerpt":{"rendered":"","protected":false},"author":1334,"featured_media":0,"parent":0,"menu_order":0,"comment_status":"closed","ping_status":"closed","template":"","meta":{"_acf_changed":false,"footnotes":""},"class_list":["post-9511","page","type-page","status-publish","hentry"],"acf":[],"_links":{"self":[{"href":"https:\/\/canvashifi.com\/dk\/wp-json\/wp\/v2\/pages\/9511","targetHints":{"allow":["GET"]}}],"collection":[{"href":"https:\/\/canvashifi.com\/dk\/wp-json\/wp\/v2\/pages"}],"about":[{"href":"https:\/\/canvashifi.com\/dk\/wp-json\/wp\/v2\/types\/page"}],"author":[{"embeddable":true,"href":"https:\/\/canvashifi.com\/dk\/wp-json\/wp\/v2\/users\/1334"}],"replies":[{"embeddable":true,"href":"https:\/\/canvashifi.com\/dk\/wp-json\/wp\/v2\/comments?post=9511"}],"version-history":[{"count":33,"href":"https:\/\/canvashifi.com\/dk\/wp-json\/wp\/v2\/pages\/9511\/revisions"}],"predecessor-version":[{"id":9554,"href":"https:\/\/canvashifi.com\/dk\/wp-json\/wp\/v2\/pages\/9511\/revisions\/9554"}],"wp:attachment":[{"href":"https:\/\/canvashifi.com\/dk\/wp-json\/wp\/v2\/media?parent=9511"}],"curies":[{"name":"wp","href":"https:\/\/api.w.org\/{rel}","templated":true}]}}