{"id":1595,"date":"2024-10-21T09:46:04","date_gmt":"2024-10-21T07:46:04","guid":{"rendered":"https:\/\/lbs.dk\/cnvshf\/?page_id=1595"},"modified":"2025-01-30T11:23:25","modified_gmt":"2025-01-30T10:23:25","slug":"faq","status":"publish","type":"page","link":"https:\/\/canvashifi.com\/es\/support\/faq\/","title":{"rendered":"FAQ"},"content":{"rendered":"<div class=\"wp-block-group ct-section ct-section-inner-wrap\"><div class=\"wp-block-group__inner-container is-layout-constrained wp-block-group-is-layout-constrained\">\n<div class=\"wp-block-columns is-layout-flex wp-container-core-columns-is-layout-9d6595d7 wp-block-columns-is-layout-flex\">\n<div class=\"wp-block-column is-layout-flow wp-block-column-is-layout-flow\">\n<p><strong>Encuentre su respuesta<\/strong><\/p>\n\n\n\n<h1 class=\"wp-block-heading\">FAQ<\/h1>\n\n\n\n<p>Bienvenido a la secci\u00f3n de preguntas frecuentes de CANVAS, donde abordamos las preguntas m\u00e1s comunes y ofrecemos respuestas para ayudarle a navegar por su experiencia con los productos HiFi de CANVAS. Si tiene alguna pregunta espec\u00edfica o necesita m\u00e1s ayuda, no dude en ponerse en contacto con nuestro equipo de asistencia.<\/p>\n<\/div>\n\n\n\n<div class=\"wp-block-column is-layout-flow wp-block-column-is-layout-flow\"><div id=\"block_d9348e9868602d53131565d744af8048\" class=\"canvas_specifications_acc col_rounded\" style=\"background-color:rgb(255,255,255)\">\t\t\t\t\t\t<div class=\"canvas_spec_item\">\n\t\t\t\t\t\t\t<div class=\"canvas_spec_item_label\">\n\t\t\t\t\t\t\t\t<div class=\"accLabel\">\u00bfC\u00f3mo se instala CANVAS HiFi?<\/div><span class=\"canvas_spec_trigger\"><img decoding=\"async\" src=\"https:\/\/lbs.dk\/wp-content\/plugins\/lbs-base\/assets\/images\/chevron-down.svg\"><\/span>\t\t\t\t\t\t\t<\/div>\n\t\t\t\t\t\t\t<div class=\"canvas_spec_item_value\">\n\t\t\t\t\t\t\t\t<p>Puede encontrar nuestro manual de usuario tanto en formato escrito como en un v\u00eddeo tutorial paso a paso\u00a0<a title=\"Manual del usuario\" href=\"\/es\/support\/user-manual\/\"><strong>aqu\u00ed.<\/strong><\/a><\/p>\n\t\t\t\t\t\t\t<\/div>\n\t\t\t\t\t\t<\/div>\n\t\t\t\t\t\t\t\t\t\t\t<div class=\"canvas_spec_item\">\n\t\t\t\t\t\t\t<div class=\"canvas_spec_item_label\">\n\t\t\t\t\t\t\t\t<div class=\"accLabel\">\u00bfSe puede utilizar CANVAS con televisores de todos los tama\u00f1os?<\/div><span class=\"canvas_spec_trigger\"><img decoding=\"async\" src=\"https:\/\/lbs.dk\/wp-content\/plugins\/lbs-base\/assets\/images\/chevron-down.svg\"><\/span>\t\t\t\t\t\t\t<\/div>\n\t\t\t\t\t\t\t<div class=\"canvas_spec_item_value\">\n\t\t\t\t\t\t\t\t<p>S\u00ed, CANVAS se puede utilizar con todos los tama\u00f1os de TV, pero conseguir\u00e1 el mejor resultado de dise\u00f1o\ncon\u00a0<strong>55\"<\/strong>,\u00a0<strong>65\"<\/strong>,\u00a0<strong>75\",<\/strong>\u00a0<strong>77\", 83\" <\/strong>o <strong>85\"<\/strong> si pide CANVAS que se ajusten perfectamente al tama\u00f1o. Para todos los dem\u00e1s tama\u00f1os, recomendamos a los clientes que cuelguen CANVAS debajo del televisor o de pie en una estanter\u00eda, tal y como har\u00edan normalmente con una barra de sonido.<\/p>\n\t\t\t\t\t\t\t<\/div>\n\t\t\t\t\t\t<\/div>\n\t\t\t\t\t\t\t\t\t\t\t<div class=\"canvas_spec_item\">\n\t\t\t\t\t\t\t<div class=\"canvas_spec_item_label\">\n\t\t\t\t\t\t\t\t<div class=\"accLabel\">\u00bfSe pueden montar todos los televisores en CANVAS?<\/div><span class=\"canvas_spec_trigger\"><img decoding=\"async\" src=\"https:\/\/lbs.dk\/wp-content\/plugins\/lbs-base\/assets\/images\/chevron-down.svg\"><\/span>\t\t\t\t\t\t\t<\/div>\n\t\t\t\t\t\t\t<div class=\"canvas_spec_item_value\">\n\t\t\t\t\t\t\t\t<p>S\u00ed, todos los televisores de pantalla plana se pueden montar en CANVAS, pero en t\u00e9rminos de dise\u00f1o los tama\u00f1os <strong>55\"<\/strong>,\u00a0<strong>65\"<\/strong>,\u00a0<strong>75\",<\/strong>\u00a0<strong>77\", 83\" <\/strong>o <strong>85\"<\/strong> ser\u00e1n los que mejor se adapten. El soporte universal incluido no s\u00f3lo garantiza que puedas utilizar tu televisor actual, sino que la flexibilidad del soporte tambi\u00e9n garantiza que CANVAS se adapte a un televisor m\u00e1s nuevo si decides actualizarlo. Si elige un televisor m\u00e1s grande al actualizarlo, CANVAS tambi\u00e9n puede adaptarse al dise\u00f1o simplemente a\u00f1adiendo un frontal m\u00e1s grande.<\/p>\n\t\t\t\t\t\t\t<\/div>\n\t\t\t\t\t\t<\/div>\n\t\t\t\t\t\t\t\t\t\t\t<div class=\"canvas_spec_item\">\n\t\t\t\t\t\t\t<div class=\"canvas_spec_item_label\">\n\t\t\t\t\t\t\t\t<div class=\"accLabel\">\u00bfSe puede utilizar CANVAS sin televisor?<\/div><span class=\"canvas_spec_trigger\"><img decoding=\"async\" src=\"https:\/\/lbs.dk\/wp-content\/plugins\/lbs-base\/assets\/images\/chevron-down.svg\"><\/span>\t\t\t\t\t\t\t<\/div>\n\t\t\t\t\t\t\t<div class=\"canvas_spec_item_value\">\n\t\t\t\t\t\t\t\t<p>S\u00ed, CANVAS se puede utilizar con el televisor apagado o sin televisor como equipo de m\u00fasica HiFi de pie en una estanter\u00eda o colgado en la pared.<\/p>\n<p>Cuando el televisor est\u00e1 apagado o si no hay ning\u00fan televisor conectado, CANVAS debe manejarse con su tableta, ordenador o smartphone, donde tendr\u00e1 acceso ilimitado a su m\u00fasica favorita u otros entretenimientos.<\/p>\n\t\t\t\t\t\t\t<\/div>\n\t\t\t\t\t\t<\/div>\n\t\t\t\t\t\t\t\t\t\t\t<div class=\"canvas_spec_item\">\n\t\t\t\t\t\t\t<div class=\"canvas_spec_item_label\">\n\t\t\t\t\t\t\t\t<div class=\"accLabel\">\u00bfCu\u00e1l es su pol\u00edtica de env\u00edos?<\/div><span class=\"canvas_spec_trigger\"><img decoding=\"async\" src=\"https:\/\/lbs.dk\/wp-content\/plugins\/lbs-base\/assets\/images\/chevron-down.svg\"><\/span>\t\t\t\t\t\t\t<\/div>\n\t\t\t\t\t\t\t<div class=\"canvas_spec_item_value\">\n\t\t\t\t\t\t\t\t<p>Cuando usted encarga un producto CANVAS, nosotros nos hacemos cargo de los gastos de env\u00edo (para pedidos superiores a 2000 euros), los aranceles de importaci\u00f3n, el seguro y todos los impuestos; es decir, todos los gastos hasta la puerta de su casa. Esta simplicidad para nosotros le garantiza que puede estar tranquilo, sabiendo que no se a\u00f1adir\u00e1 ning\u00fan coste adicional al importar nuestros productos.<\/p>\n<p>Hay una excepci\u00f3n. No cubrimos las comisiones de las tarjetas de cr\u00e9dito\/d\u00e9bito. Recomendamos Visa en lugar de Mastercard, ya que es m\u00e1s barata en comisiones por transacciones en el extranjero.<\/p>\n<p>&nbsp;<\/p>\n<h5>\u00bfC\u00f3mo funciona esto?<\/h5>\n<p>Dentro de la UE y EE.UU., ser\u00e1 como comprar cualquier otra cosa en una tienda web ubicada en su pa\u00eds, ya que tenemos almacenes en estas regiones. Fuera de la UE y EE.UU. recibir\u00e1 una factura de importaci\u00f3n, incluidos los impuestos locales de su pa\u00eds. Tendr\u00e1 que pagar esta factura, ya que el producto se importa a su nombre.Se trata de un procedimiento est\u00e1ndar, pero le ofrecemos cubrir esta factura de importaci\u00f3n. Para ello, env\u00edenos un correo electr\u00f3nico a\u00a0<a title=\"hello@canvashifi.com\" href=\"mailto:hello@canvashifi.com\">hello@canvashifi.com<\/a>\u00a0con su n\u00famero de pedido y adjunte una foto de la factura de importaci\u00f3n. A continuaci\u00f3n, le reembolsaremos el coste correspondiente directamente a la tarjeta que utiliz\u00f3 para la compra.<\/p>\n<p><a title=\"Impuestos \/ IVA\" href=\"\/es\/support\/taxes-vat\/\"><strong>Leer m\u00e1s<\/strong><\/a><\/p>\n\t\t\t\t\t\t\t<\/div>\n\t\t\t\t\t\t<\/div>\n\t\t\t\t\t\t\t\t\t\t\t<div class=\"canvas_spec_item\">\n\t\t\t\t\t\t\t<div class=\"canvas_spec_item_label\">\n\t\t\t\t\t\t\t\t<div class=\"accLabel\">\u00bfY si no me gusta el producto?<\/div><span class=\"canvas_spec_trigger\"><img decoding=\"async\" src=\"https:\/\/lbs.dk\/wp-content\/plugins\/lbs-base\/assets\/images\/chevron-down.svg\"><\/span>\t\t\t\t\t\t\t<\/div>\n\t\t\t\t\t\t\t<div class=\"canvas_spec_item_value\">\n\t\t\t\t\t\t\t\t<h5>El proceso de devoluci\u00f3n<\/h5>\n<p>Tan seguros como estamos de CANVAS, entendemos que no todo es para todos. Si cree que CANVAS no es para usted, lo primero que deber\u00e1 hacer es enviar un correo electr\u00f3nico en un plazo de 30 d\u00edas tras recibir los productos a <a href=\"mailto:hello@canvashifi.com\">hello@canvashifi.com<\/a> e informarnos de que desea devolver su compra. Por favor, aseg\u00farese de incluir el motivo. Es muy importante que embale el CANVAS exactamente como lo recibi\u00f3 en la caja de env\u00edo original. Poco despu\u00e9s, responderemos a su solicitud. Se le enviar\u00e1 por correo electr\u00f3nico una etiqueta de env\u00edo prepagada, que deber\u00e1 pegar en la caja y entregar en una tienda UPS cercana. En la mayor\u00eda de pa\u00edses, la recogida tambi\u00e9n puede organizarse en la fecha deseada, pero requerir\u00eda que estuvieras en casa todo el d\u00eda.<\/p>\n<p translate=\"no\">Espere a que el producto aterrice en un destino aprobado por CANVAS. Este proceso suele tardar entre 3 y 10 d\u00edas laborables. Depende totalmente de la procedencia del producto. Una vez recibido el producto, lo inspeccionaremos para asegurarnos de que ha llegado con todos los materiales originales y en perfecto estado. Si todo parece correcto, como casi siempre, nos pondremos en contacto con usted para informarle de que hemos recibido el producto y de que estamos tramitando el reembolso. Seg\u00fan nuestra experiencia, el dinero suele tardar entre 7 y 10 d\u00edas en volver a su cuenta. La tasa de devoluci\u00f3n de 100 euros \/ 200 euros se deducir\u00e1 del importe a reembolsar. La tarifa de devoluci\u00f3n es por producto enviado.<\/p>\n<p>Si se le han cobrado impuestos de importaci\u00f3n en sus productos entregados, usted es responsable de reclamar un reembolso del transportista dado que le cobr\u00f3 (DHL, FedEx, TNT, UPS).<\/p>\n\t\t\t\t\t\t\t<\/div>\n\t\t\t\t\t\t<\/div>\n\t\t\t\t\t\t\t\t\t\t\t<div class=\"canvas_spec_item\">\n\t\t\t\t\t\t\t<div class=\"canvas_spec_item_label\">\n\t\t\t\t\t\t\t\t<div class=\"accLabel\">Nuestra pol\u00edtica de garant\u00eda<\/div><span class=\"canvas_spec_trigger\"><img decoding=\"async\" src=\"https:\/\/lbs.dk\/wp-content\/plugins\/lbs-base\/assets\/images\/chevron-down.svg\"><\/span>\t\t\t\t\t\t\t<\/div>\n\t\t\t\t\t\t\t<div class=\"canvas_spec_item_value\">\n\t\t\t\t\t\t\t\t<ul>\n<li>CANVAS ofrece una garant\u00eda ampliada de 3 a\u00f1os en todos los productos vendidos.<\/li>\n<li>La garant\u00eda cubre los defectos de fabricaci\u00f3n, que incluye piezas de repuesto y mano de obra.<\/li>\n<li>La garant\u00eda no cubre ara\u00f1azos\/da\u00f1os menores, desgaste, uso indebido, conexi\u00f3n incorrecta, mantenimiento general inadecuado, acabado de la carcasa agrietado, robo o incendio.<\/li>\n<li>La garant\u00eda s\u00f3lo es v\u00e1lida si va acompa\u00f1ada de un certificado de garant\u00eda que contenga informaci\u00f3n que incluya la fecha de compra.<\/li>\n<li>Si un caso de garant\u00eda requiere la sustituci\u00f3n de piezas que ya no est\u00e1n disponibles, las sustituiremos por un componente o producto similar.<\/li>\n<\/ul>\n<p>Si crees que CANVAS no es para ti, lo primero que debes hacer es enviar un correo electr\u00f3nico en un plazo de 14 d\u00edas desde la recepci\u00f3n de los productos o de 45 d\u00edas si vives en un pa\u00eds sin tiendas f\u00edsicas.<\/p>\n<p>Enviar a <a href=\"mailto:hello@canvashifi.com\">hello@canvashifi.com<\/a><\/p>\n<p>&nbsp;<\/p>\n<h5>\u00bfQu\u00e9 ocurre si se rompe algo?<\/h5>\n<p>Le alegrar\u00e1 saber que hemos dise\u00f1ado nuestros productos para que usted mismo pueda repararlos f\u00e1cilmente, por lo que no es necesario realizar env\u00edos de ida y vuelta en caso de que se rompa alguna pieza. P\u00f3ngase en contacto con nosotros y le indicaremos c\u00f3mo cambiar el controlador, el m\u00f3dulo de amplificaci\u00f3n o cualquier otro elemento similar.<\/p>\n<p>Le proporcionaremos las piezas necesarias, junto con la orientaci\u00f3n sobre c\u00f3mo cambiar la pieza en cuesti\u00f3n de minutos - conf\u00ede en nosotros, \u00a1es extremadamente f\u00e1cil! Durante este proceso, por supuesto, usted todav\u00eda est\u00e1 cubierto por nuestra garant\u00eda.<\/p>\n<p>En caso de que sea necesario devolver un producto a nosotros, se requiere el embalaje original para el env\u00edo de devoluci\u00f3n.<\/p>\n\t\t\t\t\t\t\t<\/div>\n\t\t\t\t\t\t<\/div>\n\t\t\t\t\t<\/div><script>\n\t\t\tdocument.addEventListener(\"DOMContentLoaded\", function() {\n\t\t\t\tdocument.querySelectorAll(\".canvas_spec_item_label\").forEach(trigger => {\n\t\t\t\t\ttrigger.addEventListener(\"click\", function() {\n\t\t\t\t\t\tconst specItem = this.closest(\".canvas_spec_item\");\n\t\t\t\t\t\tif (specItem) {\n\t\t\t\t\t\t\tspecItem.classList.toggle(\"active\");\n\t\t\t\t\t\t}\n\t\t\t\t\t});\n\t\t\t\t});\n\t\t\t});\n\t\t\t<\/script><\/div>\n<\/div>\n<\/div><\/div>\n\n\n\n<div class=\"wp-block-group ct-section ct-section-inner-wrap\"><div class=\"wp-block-group__inner-container is-layout-constrained wp-block-group-is-layout-constrained\">\n<div class=\"wp-block-columns col_align-b is-layout-flex wp-container-core-columns-is-layout-9d6595d7 wp-block-columns-is-layout-flex\">\n<div class=\"wp-block-column is-layout-flow wp-block-column-is-layout-flow\">\n<p><strong>P\u00f3ngase en contacto con nosotros<\/strong><\/p>\n\n\n\n<h2 class=\"wp-block-heading\">\u00bfNo encuentra la respuesta?<\/h2>\n\n\n\n<p>Valoramos sus preguntas, comentarios y consultas. Nuestro equipo est\u00e1 a su disposici\u00f3n para facilitarle toda la informaci\u00f3n que necesite o resolver cualquier duda que pueda tener. Tanto si es un cliente que busca asistencia para sus productos como si es un socio potencial interesado en colaborar o simplemente desea conectar con CANVAS, s\u00f3lo tiene que enviarnos un mensaje.<\/p>\n\n\n\n<p>Esperamos atenderle y saber de usted.<\/p>\n<\/div>\n\n\n\n<div class=\"wp-block-column is-layout-flow wp-block-column-is-layout-flow\"><div class='fluentform ff-default fluentform_wrapper_4  ff_guten_block ff_guten_block-4 ffs_default_wrap'><form data-form_id=\"4\" id=\"fluentform_4\" class=\"frm-fluent-form fluent_form_4 ff-el-form-top ff_form_instance_4_1 ff-form-loading ffs_default\" data-form_instance=\"ff_form_instance_4_1\" method=\"POST\" action=\"\" ><fieldset  style=\"border: none!important;margin: 0!important;padding: 0!important;background-color: transparent!important;box-shadow: none!important;outline: none!important; min-inline-size: 100%;\">\n                    <legend class=\"ff_screen_reader_title\" style=\"display: block; margin: 0!important;padding: 0!important;height: 0!important;text-indent: -999999px;width: 0!important;overflow:hidden;\">P\u00f3ngase en contacto con<\/legend>        <div\n                style=\"display: none!important; position: absolute!important; transform: translateX(1000%)!important;\"\n                class=\"ff-el-group ff-hpsf-container\"\n        >\n            <div class=\"ff-el-input--label asterisk-right\">\n                <label for=\"ff_4_item_sf\" aria-label=\"Notificar a\">\n                    Notificar a                <\/label>\n            <\/div>\n            <div class=\"ff-el-input--content\">\n                <input type=\"text\"\n                       name=\"item_4__fluent_sf\"\n                       class=\"ff-el-form-control\"\n                       id=\"ff_4_item_sf\"\n                \/>\n            <\/div>\n        <\/div>\n        <input type='hidden' name='__fluent_form_embded_post_id' value='1595' \/><input type=\"hidden\" id=\"_fluentform_4_fluentformnonce\" name=\"_fluentform_4_fluentformnonce\" value=\"3dda23e2e6\" \/><input type=\"hidden\" name=\"_wp_http_referer\" value=\"\/es\/wp-json\/wp\/v2\/pages\/1595?currency=USD\" \/><div data-name=\"ff_cn_id_1\"  class='ff-t-container ff-column-container ff_columns_total_2'><div class='ff-t-cell ff-t-column-1' style='flex-basis: 50%;'><div class='ff-el-group ff-el-form-hide_label'><div class=\"ff-el-input--label ff-el-is-required asterisk-right\"><label for='ff_4_input_text' id='label_ff_4_input_text' aria-label=\"Nombre\">Nombre<\/label><\/div><div class='ff-el-input--content'><input type=\"text\" name=\"input_text\" class=\"ff-el-form-control\" placeholder=\"Nombre\" data-name=\"input_text\" id=\"ff_4_input_text\"  aria-invalid=\"false\" aria-required=\"true\"><\/div><\/div><\/div><div class='ff-t-cell ff-t-column-2' style='flex-basis: 50%;'><div class='ff-el-group ff-el-form-hide_label'><div class=\"ff-el-input--label ff-el-is-required asterisk-right\"><label for='ff_4_email' id='label_ff_4_email' aria-label=\"Email\">Email<\/label><\/div><div class='ff-el-input--content'><input type=\"email\" name=\"email\" id=\"ff_4_email\" class=\"ff-el-form-control\" placeholder=\"Email\" data-name=\"email\"  aria-invalid=\"false\" aria-required=\"true\"><\/div><\/div><\/div><\/div><div class='ff-el-group ff-el-form-hide_label'><div class=\"ff-el-input--label asterisk-right\"><label for='ff_4_description' id='label_ff_4_description' aria-label=\"Mensaje\">Mensaje<\/label><\/div><div class='ff-el-input--content'><textarea aria-required=\"false\" aria-labelledby=\"label_ff_4_description\" name=\"description\" id=\"ff_4_description\" class=\"ff-el-form-control\" placeholder=\"Mensaje\" rows=\"6\" cols=\"2\" data-name=\"description\" ><\/textarea><\/div><\/div><div class='ff-el-group ff-text-left le_btn-ff le_btn_trans_b-ff ff_submit_btn_wrapper'><button type=\"submit\" class=\"ff-btn ff-btn-submit ff-btn-md ff_btn_no_style\"  aria-label=\"Enviar mensaje\">Enviar mensaje<\/button><\/div><\/fieldset><input type=\"hidden\" name=\"trp-form-language\" value=\"es\"\/><\/form><div id='fluentform_4_errors' class='ff-errors-in-stack ff_form_instance_4_1 ff-form-loading_errors ff_form_instance_4_1_errors'><\/div><\/div>            <script type=\"text\/javascript\">\n                window.fluent_form_ff_form_instance_4_1 = {\"id\":\"4\",\"settings\":{\"layout\":{\"labelPlacement\":\"top\",\"helpMessagePlacement\":\"with_label\",\"errorMessagePlacement\":\"inline\",\"cssClassName\":\"\",\"asteriskPlacement\":\"asterisk-right\"},\"restrictions\":{\"denyEmptySubmission\":{\"enabled\":false}}},\"form_instance\":\"ff_form_instance_4_1\",\"form_id_selector\":\"fluentform_4\",\"rules\":{\"input_text\":{\"required\":{\"value\":true,\"message\":\"This field is required\",\"global_message\":\"This field is required\",\"global\":true}},\"email\":{\"required\":{\"value\":true,\"message\":\"This field is required\",\"global_message\":\"This field is required\",\"global\":true},\"email\":{\"value\":true,\"message\":\"This field must contain a valid email\",\"global_message\":\"This field must contain a valid email\",\"global\":true}},\"description\":{\"required\":{\"value\":false,\"message\":\"This field is required\",\"global_message\":\"This field is required\",\"global\":true}}},\"debounce_time\":300};\n                            <\/script>\n            <\/div>\n<\/div>\n<\/div><\/div>","protected":false},"excerpt":{"rendered":"<p>Find your answer FAQ Welcome to the CANVAS FAQ section, where we address common questions and provide answers to help you navigate your experience with CANVAS HiFi products. If you have any specific inquiries or require further assistance, please don't hesitate to reach out to our dedicated support team. Contact us Can't find your answer? [&hellip;]<\/p>\n","protected":false},"author":1,"featured_media":0,"parent":1524,"menu_order":0,"comment_status":"closed","ping_status":"closed","template":"","meta":{"_acf_changed":false,"footnotes":""},"class_list":["post-1595","page","type-page","status-publish","hentry"],"acf":[],"_links":{"self":[{"href":"https:\/\/canvashifi.com\/es\/wp-json\/wp\/v2\/pages\/1595","targetHints":{"allow":["GET"]}}],"collection":[{"href":"https:\/\/canvashifi.com\/es\/wp-json\/wp\/v2\/pages"}],"about":[{"href":"https:\/\/canvashifi.com\/es\/wp-json\/wp\/v2\/types\/page"}],"author":[{"embeddable":true,"href":"https:\/\/canvashifi.com\/es\/wp-json\/wp\/v2\/users\/1"}],"replies":[{"embeddable":true,"href":"https:\/\/canvashifi.com\/es\/wp-json\/wp\/v2\/comments?post=1595"}],"version-history":[{"count":0,"href":"https:\/\/canvashifi.com\/es\/wp-json\/wp\/v2\/pages\/1595\/revisions"}],"up":[{"embeddable":true,"href":"https:\/\/canvashifi.com\/es\/wp-json\/wp\/v2\/pages\/1524"}],"wp:attachment":[{"href":"https:\/\/canvashifi.com\/es\/wp-json\/wp\/v2\/media?parent=1595"}],"curies":[{"name":"wp","href":"https:\/\/api.w.org\/{rel}","templated":true}]}}