{"id":5361,"date":"2025-11-24T11:53:12","date_gmt":"2025-11-24T10:53:12","guid":{"rendered":"https:\/\/canvashifi.com\/?page_id=5361"},"modified":"2025-12-11T15:28:00","modified_gmt":"2025-12-11T14:28:00","slug":"the-original-canvas","status":"publish","type":"page","link":"https:\/\/canvashifi.com\/es\/the-original-canvas\/","title":{"rendered":"The Original Canvas"},"content":{"rendered":"<section id=\"hero-block_0b845c2b2bef58689c6e7186f1b747c1\" class=\"hero h-height-xl h-mheight-xl c_width_m heading_l\" style=\"--txt-color: #FFFFFF; --overlay-opacity: 0%\">\n                    <picture class=\"hero__background\">\n                                    <source media=\"(max-width: 768px)\" srcset=\"https:\/\/6kutttnx.photoncache.com\/wp-content\/uploads\/sites\/5\/2025\/11\/Canvas_800x800.jpg\">\n                                <img decoding=\"async\" src=\"https:\/\/6kutttnx.photoncache.com\/wp-content\/uploads\/sites\/5\/2025\/11\/Canvas_1920x840.jpg\" alt=\"\" \/>\n            <\/picture>\n        \n        <div class=\"hero__overlay\"><\/div>\n\n        <div class=\"ct-section-inner-wrap hero__content c-position_bl a_txt_left\">\n                            <div class=\"element__subheading\">EL CANVAS ORIGINAL<\/div>\n                                        <h1 class=\"element__heading\"><p>DISE\u00d1ADO PARA SACAR TODO EL POTENCIAL DE CADA SONIDO<\/p>\n<\/h1>\n            \n            \n                    <\/div>\n    <\/section>\n    \n\n\n<div style=\"height:5rem\" aria-hidden=\"true\" class=\"wp-block-spacer canvas_spacer\"><\/div>\n\n\n    <section id=\"text-block-block_758dd5c945a52e7175047e14b13fd9c1\" class=\"text-block heading_m c_width_s place_c a_txt_center\" style=\"--txt-color: #000; --bg-color: #FFFFFF\">\n        <div class=\"text-block__inner ct-section-inner-wrap\">\n                                        <h3 class=\"element__heading\">EXPERIMENTE EL CANVAS: UN NUEVO EST\u00c1NDAR EN EQUIPOS DE ALTA FIDELIDAD INTEGRADOS EN LA TELEVISI\u00d3N, CREADOS A PARTIR DE UNA AUT\u00c9NTICA INGENIER\u00cdA DE AUDIO, UN AVANZADO DISE\u00d1O AC\u00daSTICO Y UNA ELEGANTE ARTESAN\u00cdA MODERNA.<br \/>\r\nUN SISTEMA CREADO PARA OFRECER UN SONIDO ASOMBROSO, UNA INTEGRACI\u00d3N PERFECTA CON EL TELEVISOR Y UNA EXPERIENCIA TOTALMENTE ENVOLVENTE EN EL SAL\u00d3N, SIN RENUNCIAR AL ESTILO, EL RENDIMIENTO NI LA SENCILLEZ.<\/h3>\n            \n            \n                    <\/div>\n    <\/section>\n    \n\n\n<div style=\"height:5rem\" aria-hidden=\"true\" class=\"wp-block-spacer canvas_spacer\"><\/div>\n\n\n    <section id=\"hero-block_27b1603211422f02ac90667b473aa0e8\" class=\"hero h-height-xl h-mheight-xl c_width_s heading_m\" style=\"--txt-color: #FFFFFF; --overlay-opacity: 5%\">\n                    <picture class=\"hero__background\">\n                                    <source media=\"(max-width: 768px)\" srcset=\"https:\/\/6kutttnx.photoncache.com\/wp-content\/uploads\/sites\/5\/2025\/11\/Canvas2_800x800.jpg\">\n                                <img decoding=\"async\" src=\"https:\/\/6kutttnx.photoncache.com\/wp-content\/uploads\/sites\/5\/2025\/11\/Canvas2_1920x840.jpg\" alt=\"\" \/>\n            <\/picture>\n        \n        <div class=\"hero__overlay\"><\/div>\n\n        <div class=\"ct-section-inner-wrap hero__content c-position_bl a_txt_left\">\n                        \n            \n                    <\/div>\n    <\/section>\n    \n\n\n<div style=\"height:5rem\" aria-hidden=\"true\" class=\"wp-block-spacer canvas_spacer\"><\/div>\n\n\n    <section id=\"text-block-block_0ba6241752924dcf0aa31fcf7b503f70\" class=\"text-block heading_m content-size-content_m c_width_s place_c a_txt_center\" style=\"--txt-color: #000; --bg-color: #FFFFFF\">\n        <div class=\"text-block__inner ct-section-inner-wrap\">\n                                        <h3 class=\"element__heading\">AUT\u00c9NTICO RENDIMIENTO DE ALTA FIDELIDAD SIN CONCESIONES<\/h3>\n            \n                            <div class=\"element__text\"><p>Canvas se ha dise\u00f1ado como un aut\u00e9ntico sistema de altavoces HiFi, utilizando transductores SB Acoustics de primera calidad, estructuras de aluminio fundido a presi\u00f3n, radiadores pasivos de larga excursi\u00f3n y tweeters de seda guiados por ondas para lograr un detalle y una claridad naturales. Un recinto r\u00edgido de MDF reforzado con nuestro dise\u00f1o BridgeBrace\u2122 pendiente de patente suprime las vibraciones no deseadas, garantizando un rendimiento limpio en todos los niveles de escucha. Con un DAC Burr-Brown de 4 canales, una etapa de amplificaci\u00f3n de alta calidad y crossovers DSP de fase lineal de Analog Devices, Canvas ofrece un sonido normalmente reservado para configuraciones HiFi dedicadas.<\/p>\n<\/div>\n            \n                    <\/div>\n    <\/section>\n    \n\n    <section id=\"loop-block-block_55b5e1f95cecc8baebc4947a33571fea\" class=\"loop-element heading_m dsgn1\" style=\"--txt-color: #000000; --bg-color: #FFFFFF\" data-grid=\"2\">\n        <div class=\"loop-element__wrapper ct-section-inner-wrap\">\n            \n            \n            \n                                                <div class=\"grid-element__items\" style=\"--loopGrid: 2; --loopGap: 2rem;\">\n                        <article class=\"loop-card  dsgn1\" style=\"padding-right:0\">\n                <div class=\"loop-card__link\">\n                        <img decoding=\"async\" src=\"https:\/\/6kutttnx.photoncache.com\/wp-content\/uploads\/sites\/5\/2025\/11\/Pic2_600x700.jpg\" class=\"loop-card__image\">\n                <div class=\"loop-card__contentWrapper\">\n            <div class=\"loop-card_contentInner\">\n                <div class=\"loop-card__contentTitle\">\n                    <div class=\"loop-card__title\">\n                        CONFIGURACI\u00d3N ADAPTABLE Y DISE\u00d1O DURADERO                    <\/div>\n                                    <\/div>\n                <div class=\"loop-card__content\">Cada unidad incluye un soporte h\u00edbrido de pie\/pared, que permite cambiar entre la colocaci\u00f3n en el suelo o en la pared sin cambiar el sistema.<br \/>\r\n<br \/>\r\nLas actualizaciones autom\u00e1ticas y un dise\u00f1o interno modular hacen que Canvas est\u00e9 construido para durar: f\u00e1cil de mantener, f\u00e1cil de actualizar y siempre al d\u00eda.<\/div>            <\/div>\n                    <\/div>\n                <\/div>\n    <\/article>\n<article class=\"loop-card  dsgn1\" style=\"padding-right:0\">\n                <div class=\"loop-card__link\">\n                        <img decoding=\"async\" src=\"https:\/\/6kutttnx.photoncache.com\/wp-content\/uploads\/sites\/5\/2025\/11\/Pic3_600x800-1.jpg\" class=\"loop-card__image\">\n                <div class=\"loop-card__contentWrapper\">\n            <div class=\"loop-card_contentInner\">\n                <div class=\"loop-card__contentTitle\">\n                    <div class=\"loop-card__title\">\n                        COLOCACI\u00d3N FLEXIBLE Y DISE\u00d1O PREPARADO PARA EL FUTURO                    <\/div>\n                                    <\/div>\n                <div class=\"loop-card__content\">Canvas transforma el reto de la colocaci\u00f3n en una ventaja. <br \/>\r\n<br \/>\r\nLa tecnolog\u00eda BACCH 3D elimina la diafon\u00eda para conseguir un sonido tridimensional y espacioso, incluso cuando los altavoces se colocan directamente contra una pared.<br \/>\r\n<\/div>            <\/div>\n                    <\/div>\n                <\/div>\n    <\/article>\n                    <\/div>\n                                    <\/div>\n    <\/section>\n    \n\n    <section id=\"hero-block_5e939f7e78661c42ce2db4873a20021d\" class=\"hero h-height-xl h-mheight-auto c_width_l heading_m\" style=\"--txt-color: #FFFFFF; --overlay-opacity: 0%\">\n                    <picture class=\"hero__background\">\n                                    <source media=\"(max-width: 768px)\" srcset=\"https:\/\/6kutttnx.photoncache.com\/wp-content\/uploads\/sites\/5\/2025\/11\/Canvas3_800x800.jpg\">\n                                <img decoding=\"async\" src=\"https:\/\/6kutttnx.photoncache.com\/wp-content\/uploads\/sites\/5\/2025\/11\/Canvas3_1920x840.jpg\" alt=\"\" \/>\n            <\/picture>\n        \n        <div class=\"hero__overlay\"><\/div>\n\n        <div class=\"ct-section-inner-wrap hero__content c-position_bl a_txt_left\">\n                        \n            \n                    <\/div>\n    <\/section>\n    \n\n\n<div style=\"height:5rem\" aria-hidden=\"true\" class=\"wp-block-spacer canvas_spacer\"><\/div>\n\n\n    <section id=\"text-block-block_8e6d20a9e35d830fac19d3f329c65e10\" class=\"text-block heading_m content-size-content_m c_width_m place_c a_txt_center\" style=\"--txt-color: #000; --bg-color: #FFFFFF\">\n        <div class=\"text-block__inner ct-section-inner-wrap\">\n                                        <h3 class=\"element__heading\">SE ADAPTA PERFECTAMENTE A CASI CUALQUIER TELEVISOR<\/h3>\n            \n                            <div class=\"element__text\"><p data-start=\"153\" data-end=\"478\">El soporte universal para televisor, pendiente de patente, admite la mayor\u00eda de las pantallas modernas de 55\"-85\" y permite que el sistema se fusione visualmente con el televisor. Las rejillas frontales de tama\u00f1o a juego crean un aspecto enrasado y unificado, convirtiendo el televisor y Canvas en un mueble sin fisuras. Con opciones de montaje flexibles, actualizaciones de software y un dise\u00f1o interno modular, Canvas est\u00e1 dise\u00f1ado para ser f\u00e1cil de mantener, preparado para el futuro y adaptable a cualquier habitaci\u00f3n o configuraci\u00f3n.<\/p>\n<\/div>\n            \n                    <\/div>\n    <\/section>\n    \n\n    <section id=\"loop-block-block_e6a25a4a682b76f10abcb5ca0fe7046d\" class=\"loop-element heading_m dsgn1\" style=\"--txt-color: #000000; --bg-color: #FFFFFF\" data-grid=\"2\">\n        <div class=\"loop-element__wrapper ct-section-inner-wrap\">\n            \n            \n            \n                                                <div class=\"grid-element__items\" style=\"--loopGrid: 2; --loopGap: 2rem;\">\n                        <article class=\"loop-card  dsgn1\" style=\"padding-right:0\">\n                <div class=\"loop-card__link\">\n                        <img decoding=\"async\" src=\"https:\/\/6kutttnx.photoncache.com\/wp-content\/uploads\/sites\/5\/2025\/11\/Pic5_600x700.jpg\" class=\"loop-card__image\">\n                <div class=\"loop-card__contentWrapper\">\n            <div class=\"loop-card_contentInner\">\n                <div class=\"loop-card__contentTitle\">\n                    <div class=\"loop-card__title\">\n                        PERFILES DE SONIDO A MEDIDA                    <\/div>\n                                    <\/div>\n                <div class=\"loop-card__content\">Canvas transforma el reto de la colocaci\u00f3n en una ventaja. <br \/>\r\n<br \/>\r\nLa tecnolog\u00eda BACCH 3D elimina la diafon\u00eda para conseguir un sonido tridimensional y espacioso, incluso cuando los altavoces se colocan directamente contra una pared.<br \/>\r\n<\/div>            <\/div>\n                    <\/div>\n                <\/div>\n    <\/article>\n<article class=\"loop-card  dsgn1\" style=\"padding-right:0\">\n                <div class=\"loop-card__link\">\n                        <img decoding=\"async\" src=\"https:\/\/6kutttnx.photoncache.com\/wp-content\/uploads\/sites\/5\/2025\/11\/Pic6_485x648-1.jpg\" class=\"loop-card__image\">\n                <div class=\"loop-card__contentWrapper\">\n            <div class=\"loop-card_contentInner\">\n                <div class=\"loop-card__contentTitle\">\n                    <div class=\"loop-card__title\">\n                        STREAMING ILIMITADO                    <\/div>\n                                    <\/div>\n                <div class=\"loop-card__content\">Con\u00e9ctalo con un solo cable HDMI eARC y contr\u00f3lalo todo directamente con tu televisor o mando a distancia Apple TV.<br \/>\r\n<br \/>\r\nSincronizaci\u00f3n labial perfecta, control autom\u00e1tico de la alimentaci\u00f3n y cero complicaciones: Canvas responde como si fuera parte de tu televisor.<br \/>\r\nYa sea que est\u00e9s transmitiendo listas de reproducci\u00f3n o reproduciendo vinilos, Canvas lo maneja con claridad y profundidad.<\/div>            <\/div>\n                    <\/div>\n                <\/div>\n    <\/article>\n                    <\/div>\n                                    <\/div>\n    <\/section>\n    \n\n\n<div style=\"height:5rem\" aria-hidden=\"true\" class=\"wp-block-spacer canvas_spacer\"><\/div>\n\n\n\t<section id=\"text-media-block_0199ba5ca6a8ffe687b8cd570ce896b1\" class=\"text-media heading_m medie-left media-6-cols\" style=\"--txt-color: #000000; --bg-color: #FFFFFF\">\n\t\t<div class=\"text-media__inner rp_right rp_left a_txt_left   ct-section-inner-wrap\">\n\t\t\t<div class=\"text-media__text\" style=\"grid-column: span 6\">\n\t\t\t\t\t\t\t\t\t<h3 class=\"element__heading\">CONTROL SIN ESFUERZO, DISFRUTE SIN FIN<\/h3>\n\t\t\t\t\n\t\t\t\t\t\t\t\t\t<div class=\"element__text\"><p>Con Apple AirPlay 2, Google Cast, Spotify Connect, TIDAL Connect, Roon y HDMI eARC, siempre estar\u00e1s a un paso de la m\u00fasica, las pel\u00edculas o los momentos que te emocionan, ya sea desde la televisi\u00f3n, el tel\u00e9fono o la red. La entrada anal\u00f3gica con DAC Burr-Brown mantiene vivos los vinilos con total fidelidad, siempre que tu giradiscos tenga etapa de fono integrada.<\/p>\n<p>La configuraci\u00f3n es instant\u00e1nea. Un solo toque en iPhone o un flujo guiado en Android le da vida. A partir de ah\u00ed, el control no supone ning\u00fan esfuerzo. Con HDMI eARC, CANVAS responde al mando a distancia del televisor como si fuera parte de la pantalla: sincronizaci\u00f3n labial perfecta, volumen natural, integraci\u00f3n perfecta.<\/p>\n<\/div>\n\t\t\t\t\n\t\t\t\t\t\t\t<\/div>\n\n\t\t\t<div class=\"text-media__media\" style=\"grid-column: span 6\">\n\t\t\t\t\t\t\t\t\t<img decoding=\"async\" src=\"https:\/\/6kutttnx.photoncache.com\/wp-content\/uploads\/sites\/5\/2025\/09\/Canvas-stream-from-app_690x690_crop_center1.jpg\" alt=\"\" \/>\n\t\t\t\t\t\t\t<\/div>\n\t\t<\/div>\n\t<\/section>\n\t\n\n\t<section id=\"text-media-block_05f52c3843bb3af91b3fbcbd088b777b\" class=\"text-media heading_m medie-right media-6-cols\" style=\"--txt-color: #000000; --bg-color: #FFFFFF\">\n\t\t<div class=\"text-media__inner rp_right rp_left a_txt_left   ct-section-inner-wrap\">\n\t\t\t<div class=\"text-media__text\" style=\"grid-column: span 6\">\n\t\t\t\t\t\t\t\t\t<h3 class=\"element__heading\">DISE\u00d1O DAN\u00c9S FUSING HiFi WITH YOUR TV<\/h3>\n\t\t\t\t\n\t\t\t\t\t\t\t\t\t<div class=\"element__text\"><p>La idea fundamental del dise\u00f1o de CANVAS es fusionar el equipo de alta fidelidad con el televisor y crear un espacio armonioso y funcional que celebre la sencillez, los elementos naturales y el minimalismo sin<br \/>\ncomprometer el sonido.<\/p>\n<p>Esta filosof\u00eda de dise\u00f1o hace hincapi\u00e9 en las l\u00edneas limpias, una paleta de colores neutros y el uso de materiales naturales como la madera y los tejidos inspirados en la naturaleza.<\/p>\n<\/div>\n\t\t\t\t\n\t\t\t\t\t\t\t<\/div>\n\n\t\t\t<div class=\"text-media__media\" style=\"grid-column: span 6\">\n\t\t\t\t\t\t\t\t\t<img decoding=\"async\" src=\"https:\/\/6kutttnx.photoncache.com\/wp-content\/uploads\/sites\/5\/2025\/01\/Canvas_85_Ocean_Grey_wall-1024x1024.jpg\" alt=\"\" \/>\n\t\t\t\t\t\t\t<\/div>\n\t\t<\/div>\n\t<\/section>\n\t\n\n                <section class=\"ct-section\">\n                    <div class=\"ct-section-inner-wrap\">\n                        <div class=\"swiper-container swiper_slider canvas-reviewslider-1\">\n                            <div class=\"swiper-wrapper canvasreview_item_content\">\n                                                                    <div class=\"swiper-slide\">\n                                        <div class=\"reviewslider_logo\">\n                                                                                    <\/div>\n\n                                        <div class=\"reviewslider_quote\">\n                                            La barra de sonido Canvas destroza a la competencia en CES 2025 - Best in Show                                        <\/div>\n\n                                        <div class=\"reviewslider_name\">\n                                            CES 2025 - El mejor de la exposici\u00f3n                                        <\/div>\n\n                                        <a class=\"canvasreview_btn\" href=\"https:\/\/www.youtube.com\/watch?v=6zeZ77-26xE\" target=\"_blank\" rel=\"nofollow noopener\">Ver el v\u00eddeo<\/a>                                    <\/div>\n                                                                        <div class=\"swiper-slide\">\n                                        <div class=\"reviewslider_logo\">\n                                                                                    <\/div>\n\n                                        <div class=\"reviewslider_quote\">\n                                            Canvas HiFi lo hace casi todo bien.                                        <\/div>\n\n                                        <div class=\"reviewslider_name\">\n                                            HEIMKINO                                        <\/div>\n\n                                        <a class=\"canvasreview_btn\" href=\"https:\/\/canvashifi.com\/wp-content\/uploads\/sites\/5\/2025\/02\/Heimkino_Test.pdf\" target=\"_blank\" rel=\"nofollow\">Leer el art\u00edculo<\/a>                                    <\/div>\n                                                                        <div class=\"swiper-slide\">\n                                        <div class=\"reviewslider_logo\">\n                                            <img decoding=\"async\" src=\"https:\/\/6kutttnx.photoncache.com\/wp-content\/uploads\/sites\/5\/2025\/01\/lbicon1.png\" width=\"115\" height=\"133\" alt=\"\" loading=\"lazy\" \/>                                        <\/div>\n\n                                        <div class=\"reviewslider_quote\">\n                                            Canvas HiFi desaf\u00eda las categor\u00edas tradicionales con su combinaci\u00f3n de altavoz, barra de sonido y mueble, todo en un solo producto. Y el sonido es impresionante.                                        <\/div>\n\n                                        <div class=\"reviewslider_name\">\n                                            Lyd og billede Producto del a\u00f1o                                        <\/div>\n\n                                        <a class=\"canvasreview_btn\" href=\"https:\/\/www.lbtechreviews.com\/test\/speakers\/canvas-hifi-65\" target=\"_blank\" rel=\"nofollow noopener\">Leer m\u00e1s<\/a>                                    <\/div>\n                                                                        <div class=\"swiper-slide\">\n                                        <div class=\"reviewslider_logo\">\n                                            <img decoding=\"async\" src=\"https:\/\/6kutttnx.photoncache.com\/wp-content\/uploads\/sites\/5\/2024\/10\/avf1-3.png\" width=\"120\" height=\"22\" alt=\"\" loading=\"lazy\" \/>                                        <\/div>\n\n                                        <div class=\"reviewslider_quote\">\n                                            Los Editor's Choice Awards premian los mejores productos del a\u00f1o. Son los art\u00edculos que, en nuestra opini\u00f3n, destacan por encima de los dem\u00e1s.                                        <\/div>\n\n                                        <div class=\"reviewslider_name\">\n                                            Premios AVForums Editor's Choice                                        <\/div>\n\n                                        <a class=\"canvasreview_btn\" href=\"https:\/\/www.avforums.com\/reviews\/canvas-hifi-speaker-system-review.21890\/\" target=\"_blank\" rel=\"nofollow noopener\">Leer m\u00e1s<\/a>                                    <\/div>\n                                                                        <div class=\"swiper-slide\">\n                                        <div class=\"reviewslider_logo\">\n                                                                                    <\/div>\n\n                                        <div class=\"reviewslider_quote\">\n                                            Se trata de uno de los sistemas de cine en casa plug-and-play m\u00e1s elegantes y sencillos que jam\u00e1s he visto.                                        <\/div>\n\n                                        <div class=\"reviewslider_name\">\n                                            Andrew Robinson                                        <\/div>\n\n                                        <a class=\"canvasreview_btn\" href=\"https:\/\/www.youtube.com\/watch?v=xaQsIl1CXvA\" target=\"_blank\" rel=\"nofollow noopener\">Ver la rese\u00f1a<\/a>                                    <\/div>\n                                                                        <div class=\"swiper-slide\">\n                                        <div class=\"reviewslider_logo\">\n                                                                                    <\/div>\n\n                                        <div class=\"reviewslider_quote\">\n                                            Es m\u00e1s natural, m\u00e1s real, sientes la potencia ac\u00fastica, la presi\u00f3n, y la escena cobra vida.                                        <\/div>\n\n                                        <div class=\"reviewslider_name\">\n                                            Benji TV                                        <\/div>\n\n                                        <a class=\"canvasreview_btn\" href=\"https:\/\/www.youtube.com\/watch?v=WwBXNtnxBvY\" target=\"_blank\" rel=\"nofollow noopener\">Ver la rese\u00f1a<\/a>                                    <\/div>\n                                                                        <div class=\"swiper-slide\">\n                                        <div class=\"reviewslider_logo\">\n                                                                                    <\/div>\n\n                                        <div class=\"reviewslider_quote\">\n                                            Realmente hace lo que dicen que va a hacer                                        <\/div>\n\n                                        <div class=\"reviewslider_name\">\n                                            AVForums con las primeras impresiones                                        <\/div>\n\n                                        <a class=\"canvasreview_btn\" href=\"https:\/\/www.youtube.com\/watch?v=tGE1m1tj7g0\" target=\"_blank\" rel=\"nofollow noopener\">Leer el art\u00edculo<\/a>                                    <\/div>\n                                                                        <div class=\"swiper-slide\">\n                                        <div class=\"reviewslider_logo\">\n                                            <img decoding=\"async\" src=\"https:\/\/6kutttnx.photoncache.com\/wp-content\/uploads\/sites\/5\/2025\/02\/Forbes_logo_black-700x1831-1.png\" width=\"100\" height=\"26\" alt=\"\" loading=\"lazy\" \/>                                        <\/div>\n\n                                        <div class=\"reviewslider_quote\">\n                                            CANVAS presenta la segunda generaci\u00f3n de sistemas de sonido externos para televisores, y esta vez no son s\u00f3lo para los OLED de LG                                        <\/div>\n\n                                        <div class=\"reviewslider_name\">\n                                            Forbes                                        <\/div>\n\n                                        <a class=\"canvasreview_btn\" href=\"https:\/\/www.forbes.com\/sites\/johnarcher\/2024\/01\/05\/canvas-unveils-second-gen-designer-external-tv-sound-systemsand-this-time-theyre-not-just-for-lg-oleds\/?sh=d8ab3cc4dcdb\" target=\"_blank\" rel=\"nofollow noopener\">Leer el art\u00edculo<\/a>                                    <\/div>\n                                                                <\/div>\n\n                            <div class=\"swiper-pagination\"><\/div>\n                            <div class=\"swiper-button-next\"><\/div>\n                            <div class=\"swiper-button-prev\"><\/div>\n                        <\/div>\n\n                        <script>\n                        document.addEventListener(\"DOMContentLoaded\", function () {\n                            new Swiper(\".canvas-reviewslider-1\", {\n                                loop: true,\n                                navigation: {\n                                    nextEl: \".canvas-reviewslider-1 .swiper-button-next\",\n                                    prevEl: \".canvas-reviewslider-1 .swiper-button-prev\",\n                                },\n                                autoplay: {\n                                    delay: 5000,\n                                },\n                            });\n                        });\n                        <\/script>\n                    <\/div>\n                <\/section>","protected":false},"excerpt":{"rendered":"","protected":false},"author":1334,"featured_media":0,"parent":0,"menu_order":0,"comment_status":"closed","ping_status":"closed","template":"","meta":{"_acf_changed":false,"footnotes":""},"class_list":["post-5361","page","type-page","status-publish","hentry"],"acf":[],"_links":{"self":[{"href":"https:\/\/canvashifi.com\/es\/wp-json\/wp\/v2\/pages\/5361","targetHints":{"allow":["GET"]}}],"collection":[{"href":"https:\/\/canvashifi.com\/es\/wp-json\/wp\/v2\/pages"}],"about":[{"href":"https:\/\/canvashifi.com\/es\/wp-json\/wp\/v2\/types\/page"}],"author":[{"embeddable":true,"href":"https:\/\/canvashifi.com\/es\/wp-json\/wp\/v2\/users\/1334"}],"replies":[{"embeddable":true,"href":"https:\/\/canvashifi.com\/es\/wp-json\/wp\/v2\/comments?post=5361"}],"version-history":[{"count":0,"href":"https:\/\/canvashifi.com\/es\/wp-json\/wp\/v2\/pages\/5361\/revisions"}],"wp:attachment":[{"href":"https:\/\/canvashifi.com\/es\/wp-json\/wp\/v2\/media?parent=5361"}],"curies":[{"name":"wp","href":"https:\/\/api.w.org\/{rel}","templated":true}]}}