{"id":6223,"date":"2025-12-19T08:17:13","date_gmt":"2025-12-19T07:17:13","guid":{"rendered":"https:\/\/canvashifi.com\/?page_id=6223"},"modified":"2026-04-17T13:59:21","modified_gmt":"2026-04-17T11:59:21","slug":"the-hifi-frame-installation-manual","status":"publish","type":"page","link":"https:\/\/canvashifi.com\/es\/the-hifi-frame-installation-manual\/","title":{"rendered":"The HiFi Frame - Installation\u00a0manual"},"content":{"rendered":"<section id=\"hero-block_89f6f2a136c8952b0165e43d60583e2f\" class=\"hero h-height-xs h-mheight-xl c_width_l heading_xl\" style=\"--txt-color: rgb(10,10,10); --bg-color: #bcbdc0; --overlay-opacity: 0%\">\n        \n        <div class=\"hero__overlay\"><\/div>\n\n        <div class=\"ct-section-inner-wrap hero__content c-position_mc a_txt_center\">\n                            <div class=\"element__subheading\">Instrucciones de instalaci\u00f3n<\/div>\n                                        <h1 class=\"element__heading\"><p>THE HIFI FRAME<\/p>\n<\/h1>\n            \n            \n                    <\/div>\n    <\/section>\n    \n\n\t<section id=\"text-media-block_748b61900ee0063331b3dbd46df55275\" class=\"text-media heading_s medie-right media-6-cols\" style=\"--txt-color: #000000; --bg-color: #FFFFFF\">\n\t\t<div class=\"text-media__inner a_txt_left text_first no_heading ct-section-inner-wrap\">\n\t\t\t<div class=\"text-media__text\" style=\"grid-column: span 6\">\n\t\t\t\t\n\t\t\t\t\t\t\t\t\t<div class=\"element__text\"><p>A trav\u00e9s de los siguientes 6 pasos, adjuntar\u00e1s <a href=\"https:\/\/canvashifi.com\/es\/the-hifi-frame\/\" target=\"_blank\" rel=\"noopener\"><strong data-start=\"48\" data-end=\"66\">The HiFi Frame<\/strong><\/a> de forma segura al televisor y al altavoz CANVAS, garantizando una instalaci\u00f3n precisa y sin fisuras.<\/p>\n<p>&nbsp;<\/p>\n<p><strong>Piezas en la caja:<\/strong><\/p>\n<ul>\n<li>2 piezas Perfiles de marco horizontales<\/li>\n<li>2 piezas Perfiles de marco verticales<\/li>\n<li>2 unid. Pies de goma gris<\/li>\n<li>2 pct tornillos pies de goma<\/li>\n<li>4 unid. Escuadras con tornillos<\/li>\n<li>4 piezas Escuadra de soporte de placas traseras<\/li>\n<li>4 pct pies soportes<\/li>\n<li>12 unid. Muelles de tensi\u00f3n<\/li>\n<li>8 piezas Distanciador de 2 mm<\/li>\n<li>8 piezas Separador de 3 mm<\/li>\n<li>8 piezas Distanciador de 5 mm<\/li>\n<li>8 piezas Distanciador de 10 mm<\/li>\n<\/ul>\n<p><span style=\"color: #ff0000;\">Si no desea utilizar la configuraci\u00f3n CANVAS de pie, omita el paso 1.<\/span><\/p>\n<\/div>\n\t\t\t\t\n\t\t\t\t\t\t\t<\/div>\n\n\t\t\t<div class=\"text-media__media\" style=\"grid-column: span 6\">\n\t\t\t\t\t\t\t\t\t<img decoding=\"async\" src=\"https:\/\/6kutttnx.photoncache.com\/wp-content\/uploads\/sites\/5\/2026\/04\/indhold-1024x892.png\" alt=\"\" \/>\n\t\t\t\t\t\t\t<\/div>\n\t\t<\/div>\n\t<\/section>\n\t\n\n    <section id=\"hero-block_8f70d1afa1874d84cd4d02955f37cff6\" class=\"hero h-height-xs h-mheight-l c_width_full heading_xl\" style=\"--txt-color: rgb(10,10,10); --bg-color: #bcbdc0; --overlay-opacity: 0%\">\n        \n        <div class=\"hero__overlay\"><\/div>\n\n        <div class=\"ct-section-inner-wrap hero__content c-position_mc a_txt_center\">\n                                        <h2 class=\"element__heading\"><p>Paso 1 de 6<\/p>\n<\/h2>\n            \n                            <div class=\"element__text content-size-content_s\">\n                    <p>Instalaci\u00f3n de los pies suministrados<\/p>\n                <\/div>\n            \n                    <\/div>\n    <\/section>\n    \n\n\t<section id=\"text-media-block_7bd57024c992f49ce1ed1d3cc4c77a02\" class=\"text-media heading_s medie-right media-6-cols\" style=\"--txt-color: #000000; --bg-color: #FFFFFF\">\n\t\t<div class=\"text-media__inner a_txt_left text_first  ct-section-inner-wrap\">\n\t\t\t<div class=\"text-media__text\" style=\"grid-column: span 6\">\n\t\t\t\t\t\t\t\t\t<h3 class=\"element__heading\">Instalaci\u00f3n de los pies suministrados<\/h3>\n\t\t\t\t\n\t\t\t\t\t\t\t\t\t<div class=\"element__text\"><div>Gire con cuidado la unidad CANVAS para acceder a la parte inferior.<\/div>\n<div>Si su CANVAS ya est\u00e1 equipado con pies, desenrosque y retire los pies originales.<\/div>\n<div><\/div>\n<div><strong>Identifique los orificios de montaje<\/strong><\/div>\n<div><\/div>\n<div>Ver\u00e1s dos agujeros en la parte inferior:<\/div>\n<ul>\n<li>Un orificio roscado (posici\u00f3n interior)<\/li>\n<li>Un orificio no roscado (posici\u00f3n exterior)<\/li>\n<\/ul>\n<\/div>\n\t\t\t\t\n\t\t\t\t\t\t\t<\/div>\n\n\t\t\t<div class=\"text-media__media\" style=\"grid-column: span 6\">\n\t\t\t\t\t\t\t\t\t<img decoding=\"async\" src=\"https:\/\/6kutttnx.photoncache.com\/wp-content\/uploads\/sites\/5\/2026\/04\/Foot_3-1024x768.jpg\" alt=\"\" \/>\n\t\t\t\t\t\t\t<\/div>\n\t\t<\/div>\n\t<\/section>\n\t\n\n\t<section id=\"text-media-block_a753369ea5142bf5760b63592aec75f3\" class=\"text-media heading_m medie-left media-6-cols\" style=\"--txt-color: #000000; --bg-color: #FFFFFF\">\n\t\t<div class=\"text-media__inner a_txt_left text_first no_heading ct-section-inner-wrap\">\n\t\t\t<div class=\"text-media__text\" style=\"grid-column: span 6\">\n\t\t\t\t\n\t\t\t\t\t\t\t\t\t<div class=\"element__text\"><div>Prepare los nuevos pies fijando los dos anillos suministrados (soportes de los pies) en cada pie.<\/div>\n<div><\/div>\n<div>Atornille los nuevos pies en el orificio roscado interior.<\/div>\n<div>Aseg\u00farese de que est\u00e9n bien sujetos, pero no los apriete demasiado.<\/div>\n<div>Gire con cuidado la unidad CANVAS hasta su posici\u00f3n original.<\/div>\n<\/div>\n\t\t\t\t\n\t\t\t\t\t\t\t<\/div>\n\n\t\t\t<div class=\"text-media__media\" style=\"grid-column: span 6\">\n\t\t\t\t\t\t\t\t\t<img decoding=\"async\" src=\"https:\/\/6kutttnx.photoncache.com\/wp-content\/uploads\/sites\/5\/2026\/04\/Foot_2-1024x512.jpg\" alt=\"\" \/>\n\t\t\t\t\t\t\t<\/div>\n\t\t<\/div>\n\t<\/section>\n\t\n\n    <section id=\"hero-block_86b51675b0f31dd2573e534d545a1067\" class=\"hero h-height-xs h-mheight-l c_width_full heading_xl\" style=\"--txt-color: rgb(10,10,10); --bg-color: #bcbdc0; --overlay-opacity: 0%\">\n        \n        <div class=\"hero__overlay\"><\/div>\n\n        <div class=\"ct-section-inner-wrap hero__content c-position_mc a_txt_center\">\n                                        <h2 class=\"element__heading\"><p>Paso 2 de 6<\/p>\n<\/h2>\n            \n                            <div class=\"element__text content-size-content_s\">\n                    <p>Determinar el tama\u00f1o del espaciador<\/p>\n                <\/div>\n            \n                    <\/div>\n    <\/section>\n    \n\n\t<section id=\"text-media-block_c48388f84019f023999ea0591e0fd1e0\" class=\"text-media heading_s medie-right media-6-cols\" style=\"--txt-color: #000000; --bg-color: #FFFFFF\">\n\t\t<div class=\"text-media__inner a_txt_left text_first  ct-section-inner-wrap\">\n\t\t\t<div class=\"text-media__text\" style=\"grid-column: span 6\">\n\t\t\t\t\t\t\t\t\t<h3 class=\"element__heading\">Determinar el tama\u00f1o del espaciador<\/h3>\n\t\t\t\t\n\t\t\t\t\t\t\t\t\t<div class=\"element__text\"><p>Empieza midiendo la anchura de tu televisor en mil\u00edmetros (TW). Reste esta medida de la anchura interior del marco (FW) y divida el resultado por dos. Este c\u00e1lculo determina la distancia entre el televisor y el marco y le ayuda a seleccionar el tama\u00f1o correcto del separador.<\/p>\n<p><strong>Anchura interior del marco: <em>(FW)<\/em><\/strong><\/p>\n<ul>\n<li><strong>55\"<\/strong>: 1239 mm.<\/li>\n<li><strong>65\"<\/strong>: 1458 mm.<\/li>\n<li><strong>75\"<\/strong>: 1687 mm.<\/li>\n<li><strong>77\"<\/strong>: 1724 mm.<\/li>\n<li><strong>83\"<\/strong>: 1857 mm.<\/li>\n<li><strong>85\"<\/strong>: 1906 mm.<\/li>\n<\/ul>\n<\/div>\n\t\t\t\t\n\t\t\t\t\t\t\t<\/div>\n\n\t\t\t<div class=\"text-media__media\" style=\"grid-column: span 6\">\n\t\t\t\t\t\t\t\t\t<img decoding=\"async\" src=\"https:\/\/6kutttnx.photoncache.com\/wp-content\/uploads\/sites\/5\/2025\/12\/Spacer-Size-1024x768.jpg\" alt=\"\" \/>\n\t\t\t\t\t\t\t<\/div>\n\t\t<\/div>\n\t<\/section>\n\t\n\n\t<section id=\"text-media-block_979bf683267ee3c925f782da2d7efc18\" class=\"text-media heading_m medie-left media-6-cols\" style=\"--txt-color: #000000; --bg-color: #FFFFFF\">\n\t\t<div class=\"text-media__inner a_txt_left text_first no_heading ct-section-inner-wrap\">\n\t\t\t<div class=\"text-media__text\" style=\"grid-column: span 6\">\n\t\t\t\t\n\t\t\t\t\t\t\t\t\t<div class=\"element__text\"><p data-start=\"639\" data-end=\"884\">En la mayor\u00eda de los casos, se puede utilizar el mismo tama\u00f1o de espaciador para los perfiles verticales y el perfil horizontal superior. Antes de fijar el espaciador, se recomienda probarlo entre el marco superior y el televisor mientras el adhesivo est\u00e9 a\u00fan cubierto.<\/p>\n<p data-start=\"886\" data-end=\"1144\">Si es necesario, se pueden combinar dos espaciadores (por ejemplo, 2 mm. + 5 mm. para llegar a 7 mm.) para lograr el ajuste \u00f3ptimo. Coloque los separadores cerca de cada esquina, aproximadamente a 40-60 mm. del borde.<\/p>\n<p data-start=\"886\" data-end=\"1144\"><strong>Evite colocar distanciadores a m\u00e1s de 60 mm. de las esquinas, ya que esto puede provocar que el marco se doble hacia fuera.<\/strong><\/p>\n<\/div>\n\t\t\t\t\n\t\t\t\t\t\t\t<\/div>\n\n\t\t\t<div class=\"text-media__media\" style=\"grid-column: span 6\">\n\t\t\t\t\t\t\t\t\t<img decoding=\"async\" src=\"https:\/\/6kutttnx.photoncache.com\/wp-content\/uploads\/sites\/5\/2026\/04\/spacers-1024x768.jpg\" alt=\"\" \/>\n\t\t\t\t\t\t\t<\/div>\n\t\t<\/div>\n\t<\/section>\n\t\n\n    <section id=\"hero-block_ab81783ede8afe8a35115312492fc434\" class=\"hero h-height-xs h-mheight-l c_width_full heading_xl\" style=\"--txt-color: rgb(10,10,10); --bg-color: #bcbdc0; --overlay-opacity: 0%\">\n        \n        <div class=\"hero__overlay\"><\/div>\n\n        <div class=\"ct-section-inner-wrap hero__content c-position_mc a_txt_center\">\n                                        <h2 class=\"element__heading\"><p>Paso 3 de 6<\/p>\n<\/h2>\n            \n                            <div class=\"element__text content-size-content_s\">\n                    <p>Preparaci\u00f3n de los perfiles verticales<\/p>\n                <\/div>\n            \n                    <\/div>\n    <\/section>\n    \n\n\t<section id=\"text-media-block_46ada7483964e84ecb4dc0dc6df50a34\" class=\"text-media heading_m medie-right media-6-cols\" style=\"--txt-color: #000000; --bg-color: #FFFFFF\">\n\t\t<div class=\"text-media__inner a_txt_left text_first  ct-section-inner-wrap\">\n\t\t\t<div class=\"text-media__text\" style=\"grid-column: span 6\">\n\t\t\t\t\t\t\t\t\t<h3 class=\"element__heading\">Preparaci\u00f3n de los perfiles verticales<\/h3>\n\t\t\t\t\n\t\t\t\t\t\t\t\t\t<div class=\"element__text\"><div>Coloque una manta suave o una alfombra en el suelo para proteger el armaz\u00f3n y el suelo de ara\u00f1azos durante el montaje.<\/div>\n<div><\/div>\n<div>Alinee los dos soportes en forma de V entre s\u00ed.<\/div>\n<div><\/div>\n<div>Aseg\u00farese de que la \u201cCara B\u201d de un soporte est\u00e9 alineada con la \u201cCara B\u201d del otro.<\/div>\n<div><\/div>\n<div>Coloque los dos soportes en forma de V uno contra otro. Este montaje crea una separaci\u00f3n definida que protege al CANVAS del contacto directo.<\/div>\n<p>Una vez seleccionados los espaciadores correctos, monte los soportes de esquina en la parte superior e inferior de ambos perfiles verticales del marco. Aseg\u00farese de que todos los soportes est\u00e1n orientados correctamente y bien fijados antes de continuar.<\/p>\n<\/div>\n\t\t\t\t\n\t\t\t\t\t\t\t<\/div>\n\n\t\t\t<div class=\"text-media__media\" style=\"grid-column: span 6\">\n\t\t\t\t\t\t\t\t\t<img decoding=\"async\" src=\"https:\/\/6kutttnx.photoncache.com\/wp-content\/uploads\/sites\/5\/2026\/04\/Produkter-til-HiFi-1024x768.jpg\" alt=\"\" \/>\n\t\t\t\t\t\t\t<\/div>\n\t\t<\/div>\n\t<\/section>\n\t\n\n    <section id=\"hero-block_ea795d0246ad04ed2573a86bd4517e7b\" class=\"hero h-height-xs h-mheight-l c_width_full heading_xl\" style=\"--txt-color: rgb(10,10,10); --bg-color: #bcbdc0; --overlay-opacity: 0%\">\n        \n        <div class=\"hero__overlay\"><\/div>\n\n        <div class=\"ct-section-inner-wrap hero__content c-position_mc a_txt_center\">\n                                        <h2 class=\"element__heading\"><p>Paso 3 de 5<\/p>\n<\/h2>\n            \n                            <div class=\"element__text content-size-content_s\">\n                    <p>Montaje del bastidor<\/p>\n                <\/div>\n            \n                    <\/div>\n    <\/section>\n    \n\n\t<section id=\"text-media-block_1500c673d5bcdf7962ae789eefca156f\" class=\"text-media heading_s medie-right media-6-cols\" style=\"--txt-color: #000000; --bg-color: #FFFFFF\">\n\t\t<div class=\"text-media__inner a_txt_left text_first  ct-section-inner-wrap\">\n\t\t\t<div class=\"text-media__text\" style=\"grid-column: span 6\">\n\t\t\t\t\t\t\t\t\t<h3 class=\"element__heading\">Montaje del bastidor<\/h3>\n\t\t\t\t\n\t\t\t\t\t\t\t\t\t<div class=\"element__text\"><div>Ensamble el perfil superior junto con los perfiles laterales. En esta fase, no fije el perfil inferior y evite apretar completamente los soportes de las esquinas, ya que el marco debe quedar ligeramente ajustable para su alineaci\u00f3n.<\/div>\n<div><\/div>\n<div>Deslice con cuidado el marco parcialmente montado hacia abajo sobre el televisor, dejando que descanse firmemente sobre el televisor para apoyarse.<\/div>\n<\/div>\n\t\t\t\t\n\t\t\t\t\t\t\t<\/div>\n\n\t\t\t<div class=\"text-media__media\" style=\"grid-column: span 6\">\n\t\t\t\t\t\t\t\t\t<img decoding=\"async\" src=\"https:\/\/6kutttnx.photoncache.com\/wp-content\/uploads\/sites\/5\/2026\/04\/Produkter-til-HiFi6-1024x768.jpg\" alt=\"\" \/>\n\t\t\t\t\t\t\t<\/div>\n\t\t<\/div>\n\t<\/section>\n\t\n\n    <section id=\"hero-block_01367ab8dcba5a9a0df249d4cc5f8734\" class=\"hero h-height-xs h-mheight-l c_width_full heading_xl\" style=\"--txt-color: rgb(10,10,10); --bg-color: #bcbdc0; --overlay-opacity: 0%\">\n        \n        <div class=\"hero__overlay\"><\/div>\n\n        <div class=\"ct-section-inner-wrap hero__content c-position_mc a_txt_center\">\n                                        <h2 class=\"element__heading\"><p>Paso 5 de 6<\/p>\n<\/h2>\n            \n                            <div class=\"element__text content-size-content_s\">\n                    <p>Alineaci\u00f3n final<\/p>\n                <\/div>\n            \n                    <\/div>\n    <\/section>\n    \n\n\t<section id=\"text-media-block_7d4698590a8ddb61e5abf5c872ca210a\" class=\"text-media heading_s medie-right media-6-cols\" style=\"--txt-color: #000000; --bg-color: #FFFFFF\">\n\t\t<div class=\"text-media__inner a_txt_left text_first  ct-section-inner-wrap\">\n\t\t\t<div class=\"text-media__text\" style=\"grid-column: span 6\">\n\t\t\t\t\t\t\t\t\t<h3 class=\"element__heading\">Alineaci\u00f3n final<\/h3>\n\t\t\t\t\n\t\t\t\t\t\t\t\t\t<div class=\"element__text\"><p>Una vez montado el bastidor principal, deslice el perfil vertical izquierdo en los perfiles horizontales superior e inferior y apriete los tornillos.<\/p>\n<p>Para lograr una alineaci\u00f3n precisa, afloje ligeramente una esquina a la vez y ajuste seg\u00fan sea necesario hasta que el marco se asiente de manera uniforme y sim\u00e9trica.<\/p>\n<\/div>\n\t\t\t\t\n\t\t\t\t\t\t\t<\/div>\n\n\t\t\t<div class=\"text-media__media\" style=\"grid-column: span 6\">\n\t\t\t\t\t\t\t\t\t<img decoding=\"async\" src=\"https:\/\/6kutttnx.photoncache.com\/wp-content\/uploads\/sites\/5\/2025\/12\/Step-4-1024x768.jpg\" alt=\"\" \/>\n\t\t\t\t\t\t\t<\/div>\n\t\t<\/div>\n\t<\/section>\n\t\n\n    <section id=\"hero-block_b344a33aceffd0b0a93af37925e54dc4\" class=\"hero h-height-xs h-mheight-l c_width_full heading_xl\" style=\"--txt-color: rgb(10,10,10); --bg-color: #bcbdc0; --overlay-opacity: 0%\">\n        \n        <div class=\"hero__overlay\"><\/div>\n\n        <div class=\"ct-section-inner-wrap hero__content c-position_mc a_txt_center\">\n                                        <h2 class=\"element__heading\"><p>Paso 6 de 6<\/p>\n<\/h2>\n            \n                            <div class=\"element__text content-size-content_s\">\n                    <p>Fijaci\u00f3n del marco<\/p>\n                <\/div>\n            \n                    <\/div>\n    <\/section>\n    \n\n\t<section id=\"text-media-block_8da335a5dbfbf3a9e13c554162fe0b09\" class=\"text-media heading_s medie-right media-6-cols\" style=\"--txt-color: #000000; --bg-color: #FFFFFF\">\n\t\t<div class=\"text-media__inner a_txt_left text_first  ct-section-inner-wrap\">\n\t\t\t<div class=\"text-media__text\" style=\"grid-column: span 6\">\n\t\t\t\t\t\t\t\t\t<h3 class=\"element__heading\">Fijaci\u00f3n del marco<\/h3>\n\t\t\t\t\n\t\t\t\t\t\t\t\t\t<div class=\"element__text\"><p>Para que el marco quede a ras con el televisor y el altavoz CANVAS, instale los clips tensores en la parte posterior del marco. Inserte un extremo de cada clip entre el marco y la parte posterior del televisor y, a continuaci\u00f3n, presione y deslice el extremo opuesto hasta su posici\u00f3n, con ambos extremos orientados hacia el marco.<\/p>\n<\/div>\n\t\t\t\t\n\t\t\t\t\t\t\t<\/div>\n\n\t\t\t<div class=\"text-media__media\" style=\"grid-column: span 6\">\n\t\t\t\t\t\t\t\t\t<img decoding=\"async\" src=\"https:\/\/6kutttnx.photoncache.com\/wp-content\/uploads\/sites\/5\/2025\/12\/Step-5-1024x768.jpg\" alt=\"\" \/>\n\t\t\t\t\t\t\t<\/div>\n\t\t<\/div>\n\t<\/section>\n\t\n\n\t<section id=\"text-media-block_c2320d9cc237b9bf8d9e91499702fc93\" class=\"text-media heading_s medie-left media-6-cols\" style=\"--txt-color: #000000; --bg-color: #FFFFFF\">\n\t\t<div class=\"text-media__inner a_txt_left text_first no_heading ct-section-inner-wrap\">\n\t\t\t<div class=\"text-media__text\" style=\"grid-column: span 6\">\n\t\t\t\t\n\t\t\t\t\t\t\t\t\t<div class=\"element__text\"><p>Dependiendo del tama\u00f1o del televisor y del marco, utilice de 3 a 4 clips en cada perfil lateral y a lo largo del perfil superior.<\/p>\n<p><strong>El perfil inferior debe quedar libre de clips.<\/strong><\/p>\n<\/div>\n\t\t\t\t\n\t\t\t\t\t\t\t<\/div>\n\n\t\t\t<div class=\"text-media__media\" style=\"grid-column: span 6\">\n\t\t\t\t\t\t\t\t\t<img decoding=\"async\" src=\"https:\/\/6kutttnx.photoncache.com\/wp-content\/uploads\/sites\/5\/2025\/12\/Step-6-1024x768.jpg\" alt=\"\" \/>\n\t\t\t\t\t\t\t<\/div>\n\t\t<\/div>\n\t<\/section>\n\t\n\n    <section id=\"hero-block_49aeeaef04cdeeb2fbdcf59ea94fa27a\" class=\"hero h-height-xl h-mheight-xl c_width_full heading_xl\" style=\"--txt-color: rgb(255,255,255); --overlay-opacity: 50%\">\n                    <picture class=\"hero__background\">\n                                    <source media=\"(max-width: 768px)\" srcset=\"https:\/\/6kutttnx.photoncache.com\/wp-content\/uploads\/sites\/5\/2025\/11\/The_Frame2_800x800.jpg\">\n                                <img decoding=\"async\" src=\"https:\/\/6kutttnx.photoncache.com\/wp-content\/uploads\/sites\/5\/2025\/11\/The_Frame2_1920x840-e1766152598545.jpg\" alt=\"\" \/>\n            <\/picture>\n        \n        <div class=\"hero__overlay\"><\/div>\n\n        <div class=\"ct-section-inner-wrap hero__content c-position_mc a_txt_center\">\n                                        <h2 class=\"element__heading\"><p>\u00a1Felicidades!<\/p>\n<\/h2>\n            \n                            <div class=\"element__text content-size-content_l\">\n                    <p data-start=\"2542\" data-end=\"2629\">Ya ha instalado correctamente el HiFi Frame en su televisor y altavoz CANVAS.<\/p>\n                <\/div>\n            \n                    <\/div>\n    <\/section>","protected":false},"excerpt":{"rendered":"","protected":false},"author":1,"featured_media":0,"parent":0,"menu_order":0,"comment_status":"closed","ping_status":"closed","template":"","meta":{"_acf_changed":false,"footnotes":""},"class_list":["post-6223","page","type-page","status-publish","hentry"],"acf":[],"_links":{"self":[{"href":"https:\/\/canvashifi.com\/es\/wp-json\/wp\/v2\/pages\/6223","targetHints":{"allow":["GET"]}}],"collection":[{"href":"https:\/\/canvashifi.com\/es\/wp-json\/wp\/v2\/pages"}],"about":[{"href":"https:\/\/canvashifi.com\/es\/wp-json\/wp\/v2\/types\/page"}],"author":[{"embeddable":true,"href":"https:\/\/canvashifi.com\/es\/wp-json\/wp\/v2\/users\/1"}],"replies":[{"embeddable":true,"href":"https:\/\/canvashifi.com\/es\/wp-json\/wp\/v2\/comments?post=6223"}],"version-history":[{"count":0,"href":"https:\/\/canvashifi.com\/es\/wp-json\/wp\/v2\/pages\/6223\/revisions"}],"wp:attachment":[{"href":"https:\/\/canvashifi.com\/es\/wp-json\/wp\/v2\/media?parent=6223"}],"curies":[{"name":"wp","href":"https:\/\/api.w.org\/{rel}","templated":true}]}}