{"id":646,"date":"2024-09-04T14:15:56","date_gmt":"2024-09-04T12:15:56","guid":{"rendered":"https:\/\/lbs.dk\/cnvshf\/?page_id=646"},"modified":"2025-03-15T12:59:22","modified_gmt":"2025-03-15T11:59:22","slug":"story","status":"publish","type":"page","link":"https:\/\/canvashifi.com\/es\/story\/","title":{"rendered":"Historia"},"content":{"rendered":"<section class=\"ct-section\" style=\"color:#000000; background-color:rgba(255,255,255,0)\">\n\t\t<div class=\"ct-section-inner-wrap\">\n\t\t\t<div id=\"le_fulltext_wrapper-block_bdc12dbb97f84cfed0dd4a4c04142816\" class=\"le_section le_fulltext\">\n\t\t\t\t\t\t\t\t\t\t<div class=\"le_fulltext_first le_w50 le_ta_center\">\n\t\t\t\t\t\t\t<h1>La visi\u00f3n<\/h1>\n<p>Nuestro viaje con CANVAS HiFi comenz\u00f3 con una gran visi\u00f3n: crear un sistema de sonido que se fusionara a la perfecci\u00f3n con los televisores, tanto mec\u00e1nica como visualmente. Pero no nos detuvimos ah\u00ed; nuestro objetivo era garantizar que este sistema de sonido pudiera rivalizar con los sistemas HiFi independientes, al menos a la hora de proporcionar la m\u00fasica de fondo perfecta. Sin embargo, \u00e9ramos muy conscientes de los formidables retos que nos aguardaban. En el mundo del audio, nos enfrentamos a dos obst\u00e1culos importantes.<\/p>\n<p>El primero eran los graves salvajes e incontrolables que a menudo plagaban sistemas como el nuestro debido a las limitaciones de colocaci\u00f3n.<\/p>\n<p>La segunda era la ausencia de imagen est\u00e9reo tridimensional, causada por la proximidad de los altavoces izquierdo y derecho, apretados a s\u00f3lo un metro (aproximadamente tres pies) el uno del otro.<\/p>\n<p>Estas limitaciones eran inherentes a nuestro nuevo factor de forma para un sistema HiFi, y podr\u00edan haber descarrilado f\u00e1cilmente nuestras ambiciones. Sin embargo, al embarcarnos en este ambicioso viaje, nos negamos a aceptar la derrota. Nuestro equipo de dedicados ingenieros y entusiastas del sonido se vio impulsado por la b\u00fasqueda incesante de la perfecci\u00f3n. Estaba claro que necesit\u00e1bamos soluciones tecnol\u00f3gicas rompedoras para superar estos retos y reinventar el HiFi convirtiendo CANVAS en un aut\u00e9ntico sistema de sonido HiFi.<\/p>\n\t\t\t\t\t\t<\/div>\n\t\t\t\t\t\t\t\t<\/div>\n\t\t<\/div>\n\t<\/section>\n\n\n\t<section class=\"ct-section\">\n\t\t<style>\n\t\t@media (min-width:992px) {\n\t\t\t#le_textmedia_wrapper-block_9db4869369ed631d3b3e2366fbc41392 .le_textmedia_last {\n\t\t\t\tgrid-column: span 6;\n\t\t\t\tdisplay:flex;\n\t\t\t\talign-items:center;\n\t\t\t}\n\t\t\t#le_textmedia_wrapper-block_9db4869369ed631d3b3e2366fbc41392 .le_textmedia_first {\n\t\t\t\tgrid-column: span 6;\n\t\t\t}\n\t\t}\n\t<\/style>\n\t\t<div class=\"ct-section-inner-wrap\">\n\t\t<div id=\"le_textmedia_wrapper-block_9db4869369ed631d3b3e2366fbc41392\" class=\"le_section le_textmedia le_textmedia-video\">\n\t\t\t<div class=\"le_textmedia_first\">\n\t\t\t\t\t<h2>La muerte lenta de la alta fidelidad<\/h2>\n<p>A lo largo de muchos a\u00f1os, el sonido de calidad HiFi se ha ido erosionando poco a poco a medida que los fabricantes se esforzaban por satisfacer los deseos de los clientes de un sonido que ocupe el menor espacio posible pero que pueda hacerlo todo. El resultado es que hoy en d\u00eda muchos hogares han acabado con peque\u00f1os armarios de metal o pl\u00e1stico llenos de unidades de altavoces que sobresalen en todas direcciones y que, en realidad, no ofrecen ni aut\u00e9ntico sonido HiFi ni verdadero sonido de cine en casa.<\/p>\n<p>Es como en el cuento cl\u00e1sico del autor dan\u00e9s H. C. Andersen, \"El traje nuevo del emperador\", donde todos se convencen mutuamente de que el emperador est\u00e1 vestido con espl\u00e9ndidas ropas hasta que un ni\u00f1o dice que est\u00e1 completamente desnudo.<\/p>\n<p>Del mismo modo, el verdadero sonido HiFi se ha ido despojando capa a capa durante mucho tiempo hasta que muchos se han alejado tanto de las aut\u00e9nticas experiencias HiFi que casi han olvidado c\u00f3mo deber\u00eda sonar. CANVAS ha revivido estas virtudes, y su visi\u00f3n es volver a vestir los hogares de todo el mundo con aut\u00e9nticas experiencias de sonido HiFi.<\/p>\n\t\t\t<\/div>\n\t\t\t<div class=\"le_textmedia_last medie-left round\">\n\t\t\t\t\t\t\t\t\t<div class=\"le_videogrid autoplay muted playsinline loop\">\n\t\t\t\t\t\t<div class=\"le_videogrid_video_outer\" data-video=\"v8bfc7b8b\">\n\t\t\t\t\t\t\t<video class=\"plyr videogrid_video\" data-poster=\"\" autoplay muted playsinline loop controlslist=\"nodownload noplaybackrate nopictureinpicture\" disablepictureinpicture preload=\"none\">\n\t\t\t\t\t\t\t\t<source src=\"https:\/\/6kutttnx.photoncache.com\/wp-content\/uploads\/sites\/5\/2025\/03\/f404bbf0787f462f9484fd5a891e18df.HD-1080p-7.2Mbps-21657086-1.mp4\" type=\"video\/mp4\">\n\t\t\t\t\t\t\t<\/video>\n\t\t\t\t\t\t<\/div>\n\t\t\t\t\t<\/div>\n\t\t\t\t\t\t\t<\/div>\n\t\t<\/div>\n\t\t<\/div>\n\t<\/section>\n\t\n\n\t<section class=\"ct-section\">\n\t\t<style>\n\t\t@media (min-width:992px) {\n\t\t\t#le_textmedia_wrapper-block_8a504521d9b971ef7eb79fde24be1c90 .le_textmedia_last {\n\t\t\t\tgrid-column: span 6;\n\t\t\t\tdisplay:flex;\n\t\t\t\talign-items:center;\n\t\t\t}\n\t\t\t#le_textmedia_wrapper-block_8a504521d9b971ef7eb79fde24be1c90 .le_textmedia_first {\n\t\t\t\tgrid-column: span 6;\n\t\t\t}\n\t\t}\n\t<\/style>\n\t\t<div class=\"ct-section-inner-wrap\">\n\t\t<div id=\"le_textmedia_wrapper-block_8a504521d9b971ef7eb79fde24be1c90\" class=\"le_section le_textmedia le_textmedia-img\">\n\t\t\t<div class=\"le_textmedia_first\">\n\t\t\t\t\t<h3>El nacimiento de CANVAS<\/h3>\n<p>CANVAS HiFi naci\u00f3 de la pasi\u00f3n y el ingenio de dos personas extraordinarias: nuestra directora t\u00e9cnica, Kim Neeper Rasmussen, y nuestro director general, Laust Nielsen. Su historia es el testimonio de una dedicaci\u00f3n inquebrantable, un amor de toda la vida por el sonido y un compromiso compartido con la creaci\u00f3n de experiencias de usuario excepcionales que comenz\u00f3 en sus primeros d\u00edas.<\/p>\n<p>Kim y Laust tienen la suerte de encontrarse en 2019. Durante muchos a\u00f1os, Kim hab\u00eda puesto a punto multitud de inventos que, combinados, hab\u00edan resuelto el reto de crear aut\u00e9nticas experiencias HiFi con un dise\u00f1o que encajara a la perfecci\u00f3n en cada televisor. Pronto qued\u00f3 claro que ambos se complementaban a la perfecci\u00f3n, ya que los conocimientos t\u00e9cnicos de Kim armonizaban con la perspicacia de Laust para entender las necesidades de los clientes. En los a\u00f1os siguientes, la colaboraci\u00f3n se intensific\u00f3 y en 2022 fundaron su empresa conjunta CANVAS HiFi.<\/p>\n\t\t\t<\/div>\n\t\t\t<div class=\"le_textmedia_last medie-right round\">\n\t\t\t\t\t\t\t\t\t<img decoding=\"async\" src=\"https:\/\/6kutttnx.photoncache.com\/wp-content\/uploads\/sites\/5\/2025\/02\/yrwhgsdv1.jpg\" alt=\"\" \/>\n\t\t\t\t\t\t\t<\/div>\n\t\t<\/div>\n\t\t<\/div>\n\t<\/section>\n\t\n\n\t<section class=\"ct-section\">\n\t\t<style>\n\t\t@media (min-width:992px) {\n\t\t\t#le_textmedia_wrapper-block_26745e3a8245ab49e9640bc9292c946d .le_textmedia_last {\n\t\t\t\tgrid-column: span 6;\n\t\t\t\tdisplay:flex;\n\t\t\t\talign-items:center;\n\t\t\t}\n\t\t\t#le_textmedia_wrapper-block_26745e3a8245ab49e9640bc9292c946d .le_textmedia_first {\n\t\t\t\tgrid-column: span 6;\n\t\t\t}\n\t\t}\n\t<\/style>\n\t\t<div class=\"ct-section-inner-wrap\">\n\t\t<div id=\"le_textmedia_wrapper-block_26745e3a8245ab49e9640bc9292c946d\" class=\"le_section le_textmedia le_textmedia-img\">\n\t\t\t<div class=\"le_textmedia_first\">\n\t\t\t\t\t<h3>Conexi\u00f3n con el sonido<\/h3>\n<p>Tanto Kim como Laust se sintieron cautivados por el mundo del sonido desde muy j\u00f3venes. No se trataba de un inter\u00e9s pasajero, sino de una pasi\u00f3n profundamente arraigada que sent\u00f3 las bases del trabajo de sus vidas.<\/p>\n<p>Laust Nielsen, custodio en segunda generaci\u00f3n de una empresa familiar especializada en la venta y el servicio de los mejores productos de la industria HiFi, aprendi\u00f3 desde muy joven la importancia de ofrecer no s\u00f3lo sonido, sino tambi\u00e9n experiencias inolvidables al usuario. Su educaci\u00f3n le inculc\u00f3 una comprensi\u00f3n innata de c\u00f3mo crear productos que resonaran con los deseos de los clientes. A lo largo de los a\u00f1os, se ha encargado de una serie de conceptos de venta de productos HiFi, perfeccionando su experiencia y su capacidad para conectar con los clientes.<\/p>\n<p>Ya de peque\u00f1o, Laust Nielsen se ha sumergido en el mundo del sonido y la imagen, especializ\u00e1ndose en el intrincado \u00e1mbito de alinear los deseos de los clientes de experiencias sonoras y visuales impecables dentro de sus espacios vitales.<\/p>\n\t\t\t<\/div>\n\t\t\t<div class=\"le_textmedia_last medie-left round\">\n\t\t\t\t\t\t\t\t\t<img decoding=\"async\" src=\"https:\/\/6kutttnx.photoncache.com\/wp-content\/uploads\/sites\/5\/2024\/09\/ln1-1024x1024.jpg\" alt=\"\" \/>\n\t\t\t\t\t\t\t<\/div>\n\t\t<\/div>\n\t\t<\/div>\n\t<\/section>\n\t\n\n\t<section class=\"ct-section\">\n\t\t<style>\n\t\t@media (min-width:992px) {\n\t\t\t#le_textmedia_wrapper-block_a5b23f2a76680d7cabca91a8e1cb21f0 .le_textmedia_last {\n\t\t\t\tgrid-column: span 6;\n\t\t\t\tdisplay:flex;\n\t\t\t\talign-items:center;\n\t\t\t}\n\t\t\t#le_textmedia_wrapper-block_a5b23f2a76680d7cabca91a8e1cb21f0 .le_textmedia_first {\n\t\t\t\tgrid-column: span 6;\n\t\t\t}\n\t\t}\n\t<\/style>\n\t\t<div class=\"ct-section-inner-wrap\">\n\t\t<div id=\"le_textmedia_wrapper-block_a5b23f2a76680d7cabca91a8e1cb21f0\" class=\"le_section le_textmedia le_textmedia-img\">\n\t\t\t<div class=\"le_textmedia_first\">\n\t\t\t\t\t<h3>Pasi\u00f3n para toda la vida<\/h3>\n<p>Su viaje comenz\u00f3 cuando entr\u00f3 en la tienda HiFi de su padre con tan s\u00f3lo 9 a\u00f1os, encendiendo una pasi\u00f3n de por vida por la uni\u00f3n armoniosa del sonido y la imagen.<\/p>\n<p>Con una conexi\u00f3n muy arraigada con los productos de sonido e imagen, Laust no s\u00f3lo ha crecido con ellos, sino que tambi\u00e9n ha perfeccionado sus conocimientos a lo largo de los a\u00f1os. Su conocimiento innato de las tecnolog\u00edas audiovisuales y su capacidad para satisfacer las necesidades de los clientes le han valido una y otra vez el reconocimiento de las principales marcas del sector.<\/p>\n<p>A lo largo de su carrera, Laust ha trabajado en diversos conceptos de venta al por menor en el sector de la alta fidelidad y la televisi\u00f3n. Su trayectoria le ha proporcionado una visi\u00f3n \u00fanica de los deseos y preferencias de los clientes, que se esfuerzan por mejorar sus espacios vitales con experiencias sonoras exquisitas integradas a la perfecci\u00f3n en la decoraci\u00f3n del hogar moderno.<\/p>\n<p><em>(Laust hace una demostraci\u00f3n del primer Walkman est\u00e9reo en la plaza del pueblo en 1979).<\/em><\/p>\n\t\t\t<\/div>\n\t\t\t<div class=\"le_textmedia_last medie-right round\">\n\t\t\t\t\t\t\t\t\t<img decoding=\"async\" src=\"https:\/\/6kutttnx.photoncache.com\/wp-content\/uploads\/sites\/5\/2024\/09\/laustyoung1-1024x1024.jpg\" alt=\"\" \/>\n\t\t\t\t\t\t\t<\/div>\n\t\t<\/div>\n\t\t<\/div>\n\t<\/section>\n\t\n\n\t<section class=\"ct-section\">\n\t\t<style>\n\t\t@media (min-width:992px) {\n\t\t\t#le_textmedia_wrapper-block_9e3dfe7b6a389c4268372a8b1be55adf .le_textmedia_last {\n\t\t\t\tgrid-column: span 6;\n\t\t\t\tdisplay:flex;\n\t\t\t\talign-items:center;\n\t\t\t}\n\t\t\t#le_textmedia_wrapper-block_9e3dfe7b6a389c4268372a8b1be55adf .le_textmedia_first {\n\t\t\t\tgrid-column: span 6;\n\t\t\t}\n\t\t}\n\t<\/style>\n\t\t<div class=\"ct-section-inner-wrap\">\n\t\t<div id=\"le_textmedia_wrapper-block_9e3dfe7b6a389c4268372a8b1be55adf\" class=\"le_section le_textmedia le_textmedia-img\">\n\t\t\t<div class=\"le_textmedia_first\">\n\t\t\t\t\t<h3>El mejor de todos los oficios<\/h3>\n<p>Kim inici\u00f3 su andadura en la industria del audio a una edad extraordinariamente temprana, con s\u00f3lo 17 a\u00f1os. Durante las dos \u00faltimas d\u00e9cadas, ha profundizado incansablemente en todas las facetas del sector, adquiriendo una valios\u00edsima experiencia en diversas funciones de dise\u00f1o, ingenier\u00eda y fabricaci\u00f3n. Sus conocimientos abarcan un amplio espectro de equipos de audio, desde amplificadores y reproductores de DVD hasta procesadores de sonido envolvente, altavoces inal\u00e1mbricos para el mercado de masas y altavoces de gama alta. Kim es un aut\u00e9ntico \"multiusos\" en el mundo del audio, ya que cuenta con un vers\u00e1til conjunto de habilidades que incluye el dominio del dise\u00f1o industrial, la ingenier\u00eda mec\u00e1nica, la ingenier\u00eda ac\u00fastica y la ingenier\u00eda el\u00e9ctrica. Esta diversidad de competencias le ha permitido navegar por el intrincado laberinto de la tecnolog\u00eda de audio, convirti\u00e9ndolo en un experto polifac\u00e9tico en este campo.<\/p>\n<p><em>(Kim ha desarrollado muchos altavoces de gama alta a lo largo de los a\u00f1os).<\/em><\/p>\n\t\t\t<\/div>\n\t\t\t<div class=\"le_textmedia_last medie-left round\">\n\t\t\t\t\t\t\t\t\t<img decoding=\"async\" src=\"https:\/\/6kutttnx.photoncache.com\/wp-content\/uploads\/sites\/5\/2024\/09\/kimcto1-1024x1024.jpg\" alt=\"\" \/>\n\t\t\t\t\t\t\t<\/div>\n\t\t<\/div>\n\t\t<\/div>\n\t<\/section>\n\t\n\n\t<section class=\"ct-section\">\n\t\t<style>\n\t\t@media (min-width:992px) {\n\t\t\t#le_textmedia_wrapper-block_790e6af3650ff27655482b1fdf88238d .le_textmedia_last {\n\t\t\t\tgrid-column: span 6;\n\t\t\t\tdisplay:flex;\n\t\t\t\talign-items:center;\n\t\t\t}\n\t\t\t#le_textmedia_wrapper-block_790e6af3650ff27655482b1fdf88238d .le_textmedia_first {\n\t\t\t\tgrid-column: span 6;\n\t\t\t}\n\t\t}\n\t<\/style>\n\t\t<div class=\"ct-section-inner-wrap\">\n\t\t<div id=\"le_textmedia_wrapper-block_790e6af3650ff27655482b1fdf88238d\" class=\"le_section le_textmedia le_textmedia-img\">\n\t\t\t<div class=\"le_textmedia_first\">\n\t\t\t\t\t<h3>Evoluci\u00f3n de CANVAS<\/h3>\n<p>Su amplia experiencia, unida a una insaciable pasi\u00f3n por el sonido, ha dotado a Kim de una perspectiva \u00fanica en la innovaci\u00f3n del audio.<\/p>\n<p>Esta dedicaci\u00f3n inquebrantable al arte y la ciencia del sonido ha sido decisiva para el desarrollo de CANVAS HiFi.<\/p>\n<p>Su incesante b\u00fasqueda de la perfecci\u00f3n sonora y la creencia de que la m\u00fasica puede experimentarse en su forma m\u00e1s pura siguen impulsando la evoluci\u00f3n del CANVAS, convirti\u00e9ndolo en algo m\u00e1s que un simple sistema de sonido.<\/p>\n<p>- es un testimonio del ilimitado potencial de la tecnolog\u00eda de audio cuando est\u00e1 en manos de un aut\u00e9ntico visionario como Kim Neeper Rasmussen.<\/p>\n\t\t\t<\/div>\n\t\t\t<div class=\"le_textmedia_last medie-right round\">\n\t\t\t\t\t\t\t\t\t<img decoding=\"async\" src=\"https:\/\/6kutttnx.photoncache.com\/wp-content\/uploads\/sites\/5\/2024\/09\/kimcanvas1-1024x1024.jpg\" alt=\"\" \/>\n\t\t\t\t\t\t\t<\/div>\n\t\t<\/div>\n\t\t<\/div>\n\t<\/section>\n\t\n\n\t<section class=\"ct-section\">\n\t\t<style>\n\t\t@media (min-width:992px) {\n\t\t\t#le_textmedia_wrapper-block_1849ec955841193f0030d85b962edcf1 .le_textmedia_last {\n\t\t\t\tgrid-column: span 6;\n\t\t\t\tdisplay:flex;\n\t\t\t\talign-items:center;\n\t\t\t}\n\t\t\t#le_textmedia_wrapper-block_1849ec955841193f0030d85b962edcf1 .le_textmedia_first {\n\t\t\t\tgrid-column: span 6;\n\t\t\t}\n\t\t}\n\t<\/style>\n\t\t<div class=\"ct-section-inner-wrap\">\n\t\t<div id=\"le_textmedia_wrapper-block_1849ec955841193f0030d85b962edcf1\" class=\"le_section le_textmedia le_textmedia-img\">\n\t\t\t<div class=\"le_textmedia_first\">\n\t\t\t\t\t<h3>El viaje<\/h3>\n<p><em>Con una pasi\u00f3n compartida por el sonido, nos aventuramos en territorios inexplorados, sin miedo a desafiar las convenciones. Dedicamos incontables horas a la investigaci\u00f3n y el desarrollo, ampliando los l\u00edmites de lo que era posible en el mundo del audio.<\/em><\/p>\n<p><em>La b\u00fasqueda de la contenci\u00f3n de los graves rebeldes nos llev\u00f3 a realizar avances revolucionarios en ingenier\u00eda ac\u00fastica. Desarrollamos soluciones innovadoras que aprovechaban el poder de la colocaci\u00f3n, lo que nos permiti\u00f3 domar los graves y ponerlos bajo nuestro control. Fue un momento de triunfo, ya que CANVAS empez\u00f3 a emerger como un sistema capaz de ofrecer no s\u00f3lo m\u00fasica de fondo, sino una experiencia de audio realmente envolvente.<\/em><\/p>\n\t\t\t<\/div>\n\t\t\t<div class=\"le_textmedia_last medie-left round\">\n\t\t\t\t\t\t\t\t\t<img decoding=\"async\" src=\"https:\/\/6kutttnx.photoncache.com\/wp-content\/uploads\/sites\/5\/2024\/09\/1.0vendt1-1024x1024.jpg\" alt=\"\" \/>\n\t\t\t\t\t\t\t<\/div>\n\t\t<\/div>\n\t\t<\/div>\n\t<\/section>\n\t\n\n\t<section class=\"ct-section\">\n\t\t<style>\n\t\t@media (min-width:992px) {\n\t\t\t#le_textmedia_wrapper-block_38fab89c686bc183e8b0e77b3134493e .le_textmedia_last {\n\t\t\t\tgrid-column: span 6;\n\t\t\t\tdisplay:flex;\n\t\t\t\talign-items:center;\n\t\t\t}\n\t\t\t#le_textmedia_wrapper-block_38fab89c686bc183e8b0e77b3134493e .le_textmedia_first {\n\t\t\t\tgrid-column: span 6;\n\t\t\t}\n\t\t}\n\t<\/style>\n\t\t<div class=\"ct-section-inner-wrap\">\n\t\t<div id=\"le_textmedia_wrapper-block_38fab89c686bc183e8b0e77b3134493e\" class=\"le_section le_textmedia le_textmedia-img\">\n\t\t\t<div class=\"le_textmedia_first\">\n\t\t\t\t\t<h3>HiFi reinventado<\/h3>\n<p><em>A medida que avanzaba nuestro viaje, CANVAS dej\u00f3 de ser un mero proyecto para convertirse en un testimonio del ingenio humano y la b\u00fasqueda incesante de la excelencia. Las limitaciones, antes insalvables, se convirtieron en pelda\u00f1os hacia la innovaci\u00f3n. CANVAS, que hab\u00eda empezado como un sue\u00f1o, era ahora una realidad: un aut\u00e9ntico sistema de sonido HiFi que desafiaba las expectativas.<\/em><\/p>\n<p><em>Acomp\u00e1\u00f1enos a profundizar en el incre\u00edble viaje de CANVAS, una historia de perseverancia, innovaci\u00f3n y la inquebrantable creencia de que el sonido puede ser algo m\u00e1s que ondas en el aire. CANVAS no es s\u00f3lo un producto; es un testimonio de lo que se puede conseguir cuando la pasi\u00f3n se une a la tecnolog\u00eda y la b\u00fasqueda de la excelencia no tiene l\u00edmites.<\/em><\/p>\n\t\t\t<\/div>\n\t\t\t<div class=\"le_textmedia_last medie-right round\">\n\t\t\t\t\t\t\t\t\t<img decoding=\"async\" src=\"https:\/\/6kutttnx.photoncache.com\/wp-content\/uploads\/sites\/5\/2024\/09\/2.0vendt1-1024x1024.jpg\" alt=\"\" \/>\n\t\t\t\t\t\t\t<\/div>\n\t\t<\/div>\n\t\t<\/div>\n\t<\/section>","protected":false},"excerpt":{"rendered":"","protected":false},"author":1,"featured_media":0,"parent":0,"menu_order":0,"comment_status":"closed","ping_status":"closed","template":"","meta":{"_acf_changed":false,"footnotes":""},"class_list":["post-646","page","type-page","status-publish","hentry"],"acf":[],"_links":{"self":[{"href":"https:\/\/canvashifi.com\/es\/wp-json\/wp\/v2\/pages\/646","targetHints":{"allow":["GET"]}}],"collection":[{"href":"https:\/\/canvashifi.com\/es\/wp-json\/wp\/v2\/pages"}],"about":[{"href":"https:\/\/canvashifi.com\/es\/wp-json\/wp\/v2\/types\/page"}],"author":[{"embeddable":true,"href":"https:\/\/canvashifi.com\/es\/wp-json\/wp\/v2\/users\/1"}],"replies":[{"embeddable":true,"href":"https:\/\/canvashifi.com\/es\/wp-json\/wp\/v2\/comments?post=646"}],"version-history":[{"count":0,"href":"https:\/\/canvashifi.com\/es\/wp-json\/wp\/v2\/pages\/646\/revisions"}],"wp:attachment":[{"href":"https:\/\/canvashifi.com\/es\/wp-json\/wp\/v2\/media?parent=646"}],"curies":[{"name":"wp","href":"https:\/\/api.w.org\/{rel}","templated":true}]}}