{"id":706,"date":"2024-09-04T15:15:21","date_gmt":"2024-09-04T13:15:21","guid":{"rendered":"https:\/\/lbs.dk\/cnvshf\/?page_id=706"},"modified":"2026-01-19T08:18:12","modified_gmt":"2026-01-19T07:18:12","slug":"taxes-vat","status":"publish","type":"page","link":"https:\/\/canvashifi.com\/es\/support\/taxes-vat\/","title":{"rendered":"Impuestos \/ IVA"},"content":{"rendered":"<section class=\"ct-section\" style=\"color:#ffffff; background-color:rgb(0,0,0)\">\n\t\t<div class=\"ct-section-inner-wrap\">\n\t\t\t<div id=\"le_fulltext_wrapper-block_27e93699e8e29ef41d872ec1977a90d4\" class=\"le_section le_fulltext\">\n\t\t\t\t\t\t\t\t\t\t<div class=\"le_fulltext_first le_w50 le_ta_left\">\n\t\t\t\t\t\t\t<p class=\"bold\"><strong>Importaci\u00f3n e impuestos<\/strong><\/p>\n<h1>Simplicidad en todo el mundo: \u00a1todo cubierto, sin sorpresas!<\/h1>\n<p translate=\"no\">Tenemos almacenes en la UE. Si no est\u00e1 en la UE, el producto se importa a su nombre. Recibir\u00e1 una factura de importaci\u00f3n que incluye los impuestos y aranceles locales, que tendr\u00e1 que pagar inicialmente. No obstante, nos ofrecemos a reembols\u00e1rselos. S\u00f3lo tiene que enviarnos un correo electr\u00f3nico a <a title=\"mailto:hello@canvashifi.com\" href=\"mailto:hello@canvashifi.com\">hello@canvashifi.com<\/a> con su n\u00famero de pedido y una foto de la factura de importaci\u00f3n adjunta. A continuaci\u00f3n, transferiremos el importe a la tarjeta de cr\u00e9dito\/d\u00e9bito utilizada para la compra.<\/p>\n\t\t\t\t\t\t\t\t<a href=\"\/es\/support\/contact\/\" class=\"le_btn le_btn_trans_w\">P\u00f3ngase en contacto con nosotros<\/a>\n\t\t\t\t\t\t\t\t\t\t\t\t\t<\/div>\n\t\t\t\t\t\t\t\t<\/div>\n\t\t<\/div>\n\t<\/section>\n\n\n\t<section class=\"ct-section\" style=\"color:#ffffff; background-color:rgb(0,0,0)\">\n\t\t<div class=\"ct-section-inner-wrap\">\n\t\t\t<div id=\"le_fulltext_wrapper-block_155bb93d7adbd8ec344bb0207e4988d4\" class=\"le_section le_fulltext\">\n\t\t\t\t\t\t\t\t\t\t<div class=\"le_fulltext_first le_w50 le_ta_left\">\n\t\t\t\t\t\t\t<h2>\u00bfC\u00f3mo funciona?<\/h2>\n<p>Disponemos de almacenes en la UE y EE.UU., por lo que comprar un CANVAS aqu\u00ed es igual que hacerlo en cualquier tienda web nacional. Si no est\u00e1 en la UE ni en EE.UU., el producto se importa a su nombre. Recibir\u00e1s una factura de importaci\u00f3n que incluye los impuestos y aranceles locales, que tendr\u00e1s que pagar inicialmente. No obstante, nos ofrecemos a reembols\u00e1rselo. S\u00f3lo tiene que enviarnos un correo electr\u00f3nico a: <a href=\"mailto:hello@canvashifi.com\">hello@canvashifi.com<\/a> con su n\u00famero de pedido y una foto de la factura de importaci\u00f3n adjunta. A continuaci\u00f3n, transferiremos el importe a la tarjeta de cr\u00e9dito\/d\u00e9bito utilizada para la compra.<\/p>\n<p>&nbsp;<\/p>\n<p><strong>Lamentablemente, aunque realizamos env\u00edos a estas regiones y pa\u00edses, no podemos cubrir los costes de importaci\u00f3n:<\/strong><\/p>\n<ul>\n<li>\u00c1frica<\/li>\n<li>Am\u00e9rica Central y del Sur<\/li>\n<li>Banglad\u00e9s<\/li>\n<li>India<\/li>\n<li>Indonesia<\/li>\n<li>Israel<\/li>\n<li>Malaysia<\/li>\n<li>Filipinas<\/li>\n<li>Rusia (la compra no es una opci\u00f3n)<\/li>\n<li>Serbia<\/li>\n<li>South Corea del Sur<\/li>\n<li>Turqu\u00eda<\/li>\n<li>Estados Unidos<\/li>\n<li>Canad\u00e1<\/li>\n<\/ul>\n<p>Por favor, <a href=\"\/es\/support\/contact\/\">escr\u00edbanos<\/a> para m\u00e1s informaci\u00f3n.<\/p>\n\t\t\t\t\t\t<\/div>\n\t\t\t\t\t\t\t\t<\/div>\n\t\t<\/div>\n\t<\/section>","protected":false},"excerpt":{"rendered":"","protected":false},"author":1,"featured_media":0,"parent":1524,"menu_order":0,"comment_status":"closed","ping_status":"closed","template":"","meta":{"_acf_changed":false,"footnotes":""},"class_list":["post-706","page","type-page","status-publish","hentry"],"acf":[],"_links":{"self":[{"href":"https:\/\/canvashifi.com\/es\/wp-json\/wp\/v2\/pages\/706","targetHints":{"allow":["GET"]}}],"collection":[{"href":"https:\/\/canvashifi.com\/es\/wp-json\/wp\/v2\/pages"}],"about":[{"href":"https:\/\/canvashifi.com\/es\/wp-json\/wp\/v2\/types\/page"}],"author":[{"embeddable":true,"href":"https:\/\/canvashifi.com\/es\/wp-json\/wp\/v2\/users\/1"}],"replies":[{"embeddable":true,"href":"https:\/\/canvashifi.com\/es\/wp-json\/wp\/v2\/comments?post=706"}],"version-history":[{"count":0,"href":"https:\/\/canvashifi.com\/es\/wp-json\/wp\/v2\/pages\/706\/revisions"}],"up":[{"embeddable":true,"href":"https:\/\/canvashifi.com\/es\/wp-json\/wp\/v2\/pages\/1524"}],"wp:attachment":[{"href":"https:\/\/canvashifi.com\/es\/wp-json\/wp\/v2\/media?parent=706"}],"curies":[{"name":"wp","href":"https:\/\/api.w.org\/{rel}","templated":true}]}}