{"id":8997,"date":"2026-03-02T14:51:06","date_gmt":"2026-03-02T13:51:06","guid":{"rendered":"https:\/\/canvashifi.com\/?page_id=8997"},"modified":"2026-03-02T15:11:12","modified_gmt":"2026-03-02T14:11:12","slug":"canvas-firmware-update","status":"publish","type":"page","link":"https:\/\/canvashifi.com\/es\/canvas-firmware-update\/","title":{"rendered":"CANVAS Actualizaci\u00f3n de Firmware"},"content":{"rendered":"<section id=\"hero-block_59b7f8ae3d403602e9d81c1659a090d2\" class=\"hero h-height-xs h-mheight-xl c_width_l heading_xl\" style=\"--txt-color: rgb(10,10,10); --bg-color: #bcbdc0; --overlay-opacity: 0%\">\n        \n        <div class=\"hero__overlay\"><\/div>\n\n        <div class=\"ct-section-inner-wrap hero__content c-position_mc a_txt_center\">\n                            <div class=\"element__subheading\">Actualizaci\u00f3n del firmware<\/div>\n                                        <h1 class=\"element__heading\"><p>\u00bfQU\u00c9 HAY DE NUEVO?<\/p>\n<\/h1>\n            \n            \n                    <\/div>\n    <\/section>\n    \n\n\t<section id=\"text-media-block_ca9156bb599f2a262796d356d01babac\" class=\"text-media heading_s medie-right media-6-cols\" style=\"--txt-color: #000000; --bg-color: #FFFFFF\">\n\t\t<div class=\"text-media__inner a_txt_left text_first  ct-section-inner-wrap\">\n\t\t\t<div class=\"text-media__text\" style=\"grid-column: span 6\">\n\t\t\t\t\t\t\t\t\t<h3 class=\"element__heading\">Organic Master Tuning - Una nueva forma de experimentar CANVAS<\/h3>\n\t\t\t\t\n\t\t\t\t\t\t\t\t\t<div class=\"element__text\"><p>Organic Master Tuning te permite alternar entre:<\/p>\n<p><strong>Ajuste maestro neutro<\/strong><br \/>\nDise\u00f1ado en una c\u00e1mara anecoica para obtener la m\u00e1xima precisi\u00f3n ac\u00fastica.<\/p>\n<p>Ajuste maestro org\u00e1nico<br \/>\nDise\u00f1ado en entornos de escucha reales para adaptarse a la ac\u00fastica t\u00edpica de los hogares y crear una experiencia de sonido m\u00e1s envolvente.<br \/>\nEsta caracter\u00edstica hace que CANVAS se adapte tanto a la escucha de referencia como a los espacios de la vida cotidiana.<\/p>\n<\/div>\n\t\t\t\t\n\t\t\t\t\t\t\t<\/div>\n\n\t\t\t<div class=\"text-media__media\" style=\"grid-column: span 6\">\n\t\t\t\t\t\t\t\t\t<img decoding=\"async\" src=\"https:\/\/6kutttnx.photoncache.com\/wp-content\/uploads\/sites\/5\/2026\/03\/Billeder-1024x768.jpg\" alt=\"\" \/>\n\t\t\t\t\t\t\t<\/div>\n\t\t<\/div>\n\t<\/section>\n\t\n\n\t<section id=\"text-media-block_fb77dea38f0f31810f28a59436aaa00b\" class=\"text-media heading_s medie-left media-6-cols\" style=\"--txt-color: #000000; --bg-color: #FFFFFF\">\n\t\t<div class=\"text-media__inner a_txt_left text_first  ct-section-inner-wrap\">\n\t\t\t<div class=\"text-media__text\" style=\"grid-column: span 6\">\n\t\t\t\t\t\t\t\t\t<h3 class=\"element__heading\">Optimizaci\u00f3n ac\u00fastica mejorada para todas las rejillas frontales<\/h3>\n\t\t\t\t\n\t\t\t\t\t\t\t\t\t<div class=\"element__text\"><p>Cada rejilla frontal CANVAS (cubierta normal, cubierta de dise\u00f1o, cubierta de madera) afecta al rendimiento ac\u00fastico.<\/p>\n<p><strong>La aplicaci\u00f3n CANVAS actualizada ahora incluye:<\/strong><\/p>\n<li>Perfiles sonoros individuales por rejilla<\/li>\n<li>Optimizaci\u00f3n ac\u00fastica autom\u00e1tica<\/li>\n<li>Cambio fluido entre perfiles<\/li>\n<p>Esto garantiza un rendimiento \u00f3ptimo independientemente de la configuraci\u00f3n.<\/p>\n<\/div>\n\t\t\t\t\n\t\t\t\t\t\t\t<\/div>\n\n\t\t\t<div class=\"text-media__media\" style=\"grid-column: span 6\">\n\t\t\t\t\t\t\t\t\t<img decoding=\"async\" src=\"https:\/\/6kutttnx.photoncache.com\/wp-content\/uploads\/sites\/5\/2026\/03\/Billeder2-1024x768.jpg\" alt=\"\" \/>\n\t\t\t\t\t\t\t<\/div>\n\t\t<\/div>\n\t<\/section>\n\t\n\n\t<section id=\"text-media-block_a20f59e7d8a80b9c4f5ed51401172db0\" class=\"text-media heading_m medie-right media-6-cols\" style=\"--txt-color: #000000; --bg-color: #FFFFFF\">\n\t\t<div class=\"text-media__inner a_txt_right text_first  ct-section-inner-wrap\">\n\t\t\t<div class=\"text-media__text\" style=\"grid-column: span 6\">\n\t\t\t\t\t\t\t\t\t<h3 class=\"element__heading\">Sonoridad ON \/ OFF<\/h3>\n\t\t\t\t\n\t\t\t\t\t\t\t\t\t<div class=\"element__text\"><p>La aplicaci\u00f3n ofrece ahora la opci\u00f3n de<br \/>\nSonoridad activada o desactivada.<\/p>\n<p>Esto resulta especialmente \u00fatil cuando se ven pel\u00edculas a bajo volumen, ya que al desactivar Organic Master Tuning Sound Optimizations Loudness se mejora significativamente la claridad de la voz.<\/p>\n<\/div>\n\t\t\t\t\n\t\t\t\t\t\t\t<\/div>\n\n\t\t\t<div class=\"text-media__media\" style=\"grid-column: span 6\">\n\t\t\t\t\t\t\t\t\t<img decoding=\"async\" src=\"https:\/\/6kutttnx.photoncache.com\/wp-content\/uploads\/sites\/5\/2026\/03\/Billeder3-1024x768.jpg\" alt=\"\" \/>\n\t\t\t\t\t\t\t<\/div>\n\t\t<\/div>\n\t<\/section>\n\t\n\n    <section id=\"hero-block_9d8fa239409e8b31b637643c04c8f0f7\" class=\"hero h-height-xs h-mheight-l c_width_full heading_l\" style=\"--txt-color: rgb(10,10,10); --bg-color: #bcbdc0; --overlay-opacity: 0%\">\n        \n        <div class=\"hero__overlay\"><\/div>\n\n        <div class=\"ct-section-inner-wrap hero__content c-position_mc a_txt_center\">\n                                        <h3 class=\"element__heading\"><p>BACCH 3D PLUS<\/p>\n<\/h3>\n            \n                            <div class=\"element__text content-size-content_s\">\n                    <p>Una versi\u00f3n mejorada que ofrece una calidad de sonido y una separaci\u00f3n de canales a\u00fan mejores, con un escenario sonoro a\u00fan m\u00e1s amplio que antes. <\/p>\n                <\/div>\n            \n                    <\/div>\n    <\/section>\n    \n\n\t<section id=\"text-media-block_5227fff635a962e3e11000ad38f2a9b4\" class=\"text-media heading_m medie-right media-6-cols\" style=\"--txt-color: #000000; --bg-color: #FFFFFF\">\n\t\t<div class=\"text-media__inner a_txt_left text_first  ct-section-inner-wrap\">\n\t\t\t<div class=\"text-media__text\" style=\"grid-column: span 6\">\n\t\t\t\t\t\t\t\t\t<h3 class=\"element__heading\">FUNCIONALIDAD ROON READY<\/h3>\n\t\t\t\t\n\t\t\t\t\t\t\t\t\t<div class=\"element__text\"><p>Los usuarios de ROON ya pueden a\u00f1adir el CANVAS a su lista de dispositivos controlados por la elegante ROON App, con total compatibilidad con contenidos Hi-Res.<\/p>\n<\/div>\n\t\t\t\t\n\t\t\t\t\t\t\t<\/div>\n\n\t\t\t<div class=\"text-media__media\" style=\"grid-column: span 6\">\n\t\t\t\t\t\t\t\t\t<img decoding=\"async\" src=\"https:\/\/6kutttnx.photoncache.com\/wp-content\/uploads\/sites\/5\/2026\/03\/Billeder4-1024x768.jpg\" alt=\"\" \/>\n\t\t\t\t\t\t\t<\/div>\n\t\t<\/div>\n\t<\/section>\n\t\n\n\t<section id=\"text-media-block_1b055a41b77c72e44d082eccb9701e26\" class=\"text-media heading_m medie-left media-6-cols\" style=\"--txt-color: #000000; --bg-color: #FFFFFF\">\n\t\t<div class=\"text-media__inner a_txt_right text_first  ct-section-inner-wrap\">\n\t\t\t<div class=\"text-media__text\" style=\"grid-column: span 6\">\n\t\t\t\t\t\t\t\t\t<h3 class=\"element__heading\">ENTRADA \u00d3PTICA<\/h3>\n\t\t\t\t\n\t\t\t\t\t\t\t\t\t<div class=\"element__text\"><p>Ahora sigue el ajuste AUX \u201cFijo \/ Variable\u201d, que permite elegir entre utilizar el control de Volumen del CANVAS o del equipo conectado. <\/p>\n<p>Esta es una gran caracter\u00edstica si se combina CANVAS con un procesador Surround.<\/p>\n<\/div>\n\t\t\t\t\n\t\t\t\t\t\t\t<\/div>\n\n\t\t\t<div class=\"text-media__media\" style=\"grid-column: span 6\">\n\t\t\t\t\t\t\t\t\t<img decoding=\"async\" src=\"https:\/\/6kutttnx.photoncache.com\/wp-content\/uploads\/sites\/5\/2026\/03\/Billeder5-1024x768.jpg\" alt=\"\" \/>\n\t\t\t\t\t\t\t<\/div>\n\t\t<\/div>\n\t<\/section>\n\t\n\n    <section id=\"hero-block_5a3889eba34e25087b9165e3a47f6536\" class=\"hero h-height-xs h-mheight-l c_width_full heading_xl\" style=\"--txt-color: rgb(10,10,10); --bg-color: #bcbdc0; --overlay-opacity: 0%\">\n        \n        <div class=\"hero__overlay\"><\/div>\n\n        <div class=\"ct-section-inner-wrap hero__content c-position_mc a_txt_center\">\n                                        <h3 class=\"element__heading\"><p>CONMUTACI\u00d3N AUTOM\u00c1TICA DE ENTRADA MEJORADA<\/p>\n<\/h3>\n            \n                            <div class=\"element__text content-size-content_s\">\n                    <p>Ahora con s\u00f3lo un segundo de retardo cuando se detecta una se\u00f1al, lo que lo hace ideal para quienes utilizan el CANVAS como altavoz central en un<br \/>\ninstalaci\u00f3n de cine en casa. <\/p>\n<p>Se ha revisado el orden de prioridad de la conmutaci\u00f3n autom\u00e1tica de entradas para ajustarlo mejor a los escenarios de la vida real. <\/p>\n<p>Ahora es posible transmitir m\u00fasica mientras el televisor est\u00e1 encendido.<\/p>\n                <\/div>\n            \n                    <\/div>\n    <\/section>\n    \n\n\t<section id=\"text-media-block_a37033aaef1aa74284f49004b0b021da\" class=\"text-media heading_m medie-right media-6-cols\" style=\"--txt-color: #000000; --bg-color: #FFFFFF\">\n\t\t<div class=\"text-media__inner a_txt_left text_first  ct-section-inner-wrap\">\n\t\t\t<div class=\"text-media__text\" style=\"grid-column: span 6\">\n\t\t\t\t\t\t\t\t\t<h3 class=\"element__heading\">ACCESO M\u00c1S F\u00c1CIL EN LA APLICACI\u00d3N<\/h3>\n\t\t\t\t\n\t\t\t\t\t\t\t\t\t<div class=\"element__text\"><p>La nueva aplicaci\u00f3n recuerda qu\u00e9 unidad se conect\u00f3 la \u00faltima vez que se utiliz\u00f3, lo que significa que ya no es necesario elegir la unidad CANVAS cada vez que se abre la aplicaci\u00f3n.<\/p>\n<\/div>\n\t\t\t\t\n\t\t\t\t\t\t\t<\/div>\n\n\t\t\t<div class=\"text-media__media\" style=\"grid-column: span 6\">\n\t\t\t\t\t\t\t\t\t<img decoding=\"async\" src=\"https:\/\/6kutttnx.photoncache.com\/wp-content\/uploads\/sites\/5\/2026\/03\/Billeder6-1024x768.jpg\" alt=\"\" \/>\n\t\t\t\t\t\t\t<\/div>\n\t\t<\/div>\n\t<\/section>\n\t\n\n\t<section id=\"text-media-block_1dc6042ead3ea1bd1161aa0ec0ecb889\" class=\"text-media heading_m medie-left media-6-cols\" style=\"--txt-color: #000000; --bg-color: #FFFFFF\">\n\t\t<div class=\"text-media__inner a_txt_right text_first  ct-section-inner-wrap\">\n\t\t\t<div class=\"text-media__text\" style=\"grid-column: span 6\">\n\t\t\t\t\t\t\t\t\t<h3 class=\"element__heading\">LA GU\u00cdA DE CONFIGURACI\u00d3N<\/h3>\n\t\t\t\t\n\t\t\t\t\t\t\t\t\t<div class=\"element__text\"><p>Una gu\u00eda de configuraci\u00f3n totalmente nueva te guiar\u00e1 paso a paso por el proceso de configuraci\u00f3n de forma sencilla e intuitiva. Hay una gu\u00eda de configuraci\u00f3n para todos los dispositivos, lo que facilita al m\u00e1ximo el proceso de configuraci\u00f3n.<\/p>\n<p><strong>- CORRECCI\u00d3N DE SALA MEJORADA:<\/strong><br \/>\nAl iniciar la funci\u00f3n de calibraci\u00f3n de la sala, se puede elegir entre 3 categor\u00edas de tama\u00f1o de sala diferentes, lo que permite una correcci\u00f3n de la sala a\u00fan m\u00e1s eficaz.<\/p>\n<\/div>\n\t\t\t\t\n\t\t\t\t\t\t\t<\/div>\n\n\t\t\t<div class=\"text-media__media\" style=\"grid-column: span 6\">\n\t\t\t\t\t\t\t\t\t<img decoding=\"async\" src=\"https:\/\/6kutttnx.photoncache.com\/wp-content\/uploads\/sites\/5\/2026\/03\/Billeder7-1024x768.jpg\" alt=\"\" \/>\n\t\t\t\t\t\t\t<\/div>\n\t\t<\/div>\n\t<\/section>\n\t\n\n\t<section id=\"text-media-block_98142b32b57eeb1243512bbe4cc910f6\" class=\"text-media heading_m medie-right media-6-cols\" style=\"--txt-color: #000000; --bg-color: #FFFFFF\">\n\t\t<div class=\"text-media__inner a_txt_right text_first  ct-section-inner-wrap\">\n\t\t\t<div class=\"text-media__text\" style=\"grid-column: span 6\">\n\t\t\t\t\t\t\t\t\t<h3 class=\"element__heading\">GOOGLE CAST<\/h3>\n\t\t\t\t\n\t\t\t\t\t\t\t\t\t<div class=\"element__text\"><p>Ahora est\u00e1 desactivado por defecto. Si se activa, buscar\u00e1 constantemente dispositivos CAST en la red, lo que sobrecargar\u00e1 la red y el sistema interno.<br \/>\nprocesador. <\/p>\n<p>En su lugar, la funcionalidad Google Cast debe activarse por separado.<\/p>\n<\/div>\n\t\t\t\t\n\t\t\t\t\t\t\t<\/div>\n\n\t\t\t<div class=\"text-media__media\" style=\"grid-column: span 6\">\n\t\t\t\t\t\t\t\t\t<img decoding=\"async\" src=\"https:\/\/6kutttnx.photoncache.com\/wp-content\/uploads\/sites\/5\/2026\/03\/Billeder8-1024x768.jpg\" alt=\"\" \/>\n\t\t\t\t\t\t\t<\/div>\n\t\t<\/div>\n\t<\/section>\n\t\n\n    <section id=\"hero-block_d99e16f9d45cb8f47532e1898388151a\" class=\"hero h-height-xs h-mheight-l c_width_full heading_xl\" style=\"--txt-color: rgb(10,10,10); --bg-color: #bcbdc0; --overlay-opacity: 0%\">\n        \n        <div class=\"hero__overlay\"><\/div>\n\n        <div class=\"ct-section-inner-wrap hero__content c-position_mc a_txt_center\">\n                                        <h2 class=\"element__heading\"><p>SOPORTE DE CONTROL REMOTO<\/p>\n<\/h2>\n            \n                            <div class=\"element__text content-size-content_s\">\n                    <p>CANVAS admite ahora la integraci\u00f3n de mandos a distancia, lo que le permite controlar las funciones clave directamente desde un mando a distancia compatible.<\/p>\n                <\/div>\n            \n                    <\/div>\n    <\/section>\n    \n\n\t<section id=\"text-media-block_cc4523217815433756a7e230f82c315a\" class=\"text-media heading_s medie-left media-6-cols\" style=\"--txt-color: #000000; --bg-color: #FFFFFF\">\n\t\t<div class=\"text-media__inner a_txt_left text_first  ct-section-inner-wrap\">\n\t\t\t<div class=\"text-media__text\" style=\"grid-column: span 6\">\n\t\t\t\t\t\t\t\t\t<h3 class=\"element__heading\">REAJUSTE DE F\u00c1BRICA<\/h3>\n\t\t\t\t\n\t\t\t\t\t\t\t\t\t<div class=\"element__text\"><p>Ahora puede ejecutarse desde el modo de espera, lo que simplifica el uso de esta funci\u00f3n.<\/p>\n<\/div>\n\t\t\t\t\n\t\t\t\t\t\t\t<\/div>\n\n\t\t\t<div class=\"text-media__media\" style=\"grid-column: span 6\">\n\t\t\t\t\t\t\t\t\t<img decoding=\"async\" src=\"https:\/\/6kutttnx.photoncache.com\/wp-content\/uploads\/sites\/5\/2026\/03\/Billeder9-1024x768.jpg\" alt=\"\" \/>\n\t\t\t\t\t\t\t<\/div>\n\t\t<\/div>\n\t<\/section>","protected":false},"excerpt":{"rendered":"","protected":false},"author":1334,"featured_media":0,"parent":0,"menu_order":0,"comment_status":"closed","ping_status":"closed","template":"","meta":{"_acf_changed":false,"footnotes":""},"class_list":["post-8997","page","type-page","status-publish","hentry"],"acf":[],"_links":{"self":[{"href":"https:\/\/canvashifi.com\/es\/wp-json\/wp\/v2\/pages\/8997","targetHints":{"allow":["GET"]}}],"collection":[{"href":"https:\/\/canvashifi.com\/es\/wp-json\/wp\/v2\/pages"}],"about":[{"href":"https:\/\/canvashifi.com\/es\/wp-json\/wp\/v2\/types\/page"}],"author":[{"embeddable":true,"href":"https:\/\/canvashifi.com\/es\/wp-json\/wp\/v2\/users\/1334"}],"replies":[{"embeddable":true,"href":"https:\/\/canvashifi.com\/es\/wp-json\/wp\/v2\/comments?post=8997"}],"version-history":[{"count":0,"href":"https:\/\/canvashifi.com\/es\/wp-json\/wp\/v2\/pages\/8997\/revisions"}],"wp:attachment":[{"href":"https:\/\/canvashifi.com\/es\/wp-json\/wp\/v2\/media?parent=8997"}],"curies":[{"name":"wp","href":"https:\/\/api.w.org\/{rel}","templated":true}]}}