{"id":9489,"date":"2026-04-24T10:41:02","date_gmt":"2026-04-24T08:41:02","guid":{"rendered":"https:\/\/canvashifi.com\/?page_id=9489"},"modified":"2026-04-24T10:49:21","modified_gmt":"2026-04-24T08:49:21","slug":"the-swivel-stand-installation-manual","status":"publish","type":"page","link":"https:\/\/canvashifi.com\/es\/the-swivel-stand-installation-manual\/","title":{"rendered":"The Swivel Stand - Installation\u00a0manual"},"content":{"rendered":"<section id=\"hero-block_8750c4fe3bb217814d36133981dfa51d\" class=\"hero h-height-xs h-mheight-xl c_width_l heading_xl\" style=\"--txt-color: rgb(10,10,10); --bg-color: #bcbdc0; --overlay-opacity: 0%\">\n        \n        <div class=\"hero__overlay\"><\/div>\n\n        <div class=\"ct-section-inner-wrap hero__content c-position_mc a_txt_center\">\n                            <div class=\"element__subheading\">Instrucciones de instalaci\u00f3n<\/div>\n                                        <h1 class=\"element__heading\"><p>EL SOPORTE GIRATORIO<\/p>\n<\/h1>\n            \n            \n                    <\/div>\n    <\/section>\n    \n\n\t<section id=\"text-media-block_ddee43649f040834b03b917fc088c44c\" class=\"text-media heading_s medie-right media-6-cols\" style=\"--txt-color: #000000; --bg-color: #FFFFFF\">\n\t\t<div class=\"text-media__inner a_txt_left text_first no_heading ct-section-inner-wrap\">\n\t\t\t<div class=\"text-media__text\" style=\"grid-column: span 6\">\n\t\t\t\t\n\t\t\t\t\t\t\t\t\t<div class=\"element__text\"><p>A trav\u00e9s de los siguientes 6 pasos, adjuntar\u00e1s <strong data-start=\"48\" data-end=\"66\">El soporte giratorio<\/strong> de forma segura a su altavoz CANVAS, garantizando una instalaci\u00f3n precisa y sin fisuras.<\/p>\n<p>&nbsp;<\/p>\n<p><strong>Piezas en la caja:<\/strong><\/p>\n<ul>\n<li>1 unid. Base redonda de acero<\/li>\n<li>1 unid. Columna de soporte<\/li>\n<li>1 pieza Junta giratoria<\/li>\n<li>1 pct. Soporte de montaje<\/li>\n<li>2 unid. Tornillos de fijaci\u00f3n<\/li>\n<\/ul>\n<\/div>\n\t\t\t\t\n\t\t\t\t\t\t\t<\/div>\n\n\t\t\t<div class=\"text-media__media\" style=\"grid-column: span 6\">\n\t\t\t\t\t\t\t\t\t<img decoding=\"async\" src=\"https:\/\/6kutttnx.photoncache.com\/wp-content\/uploads\/sites\/5\/2026\/04\/Inhold-1024x641.jpg\" alt=\"\" \/>\n\t\t\t\t\t\t\t<\/div>\n\t\t<\/div>\n\t<\/section>\n\t\n\n    <section id=\"hero-block_aadbea44893910f9512a694ec10589a4\" class=\"hero h-height-xs h-mheight-l c_width_full heading_xl\" style=\"--txt-color: rgb(10,10,10); --bg-color: #bcbdc0; --overlay-opacity: 0%\">\n        \n        <div class=\"hero__overlay\"><\/div>\n\n        <div class=\"ct-section-inner-wrap hero__content c-position_mc a_txt_center\">\n                                        <h2 class=\"element__heading\"><p>Paso 1 de 4<\/p>\n<\/h2>\n            \n                            <div class=\"element__text content-size-content_s\">\n                    <p>Montaje del soporte<\/p>\n                <\/div>\n            \n                    <\/div>\n    <\/section>\n    \n\n\t<section id=\"text-media-block_82acfa66ed2d8987474a5dfb7a8f66e3\" class=\"text-media heading_s medie-right media-6-cols\" style=\"--txt-color: #000000; --bg-color: #FFFFFF\">\n\t\t<div class=\"text-media__inner a_txt_left text_first  ct-section-inner-wrap\">\n\t\t\t<div class=\"text-media__text\" style=\"grid-column: span 6\">\n\t\t\t\t\t\t\t\t\t<h3 class=\"element__heading\">Montaje del soporte<\/h3>\n\t\t\t\t\n\t\t\t\t\t\t\t\t\t<div class=\"element__text\"><div>Fije el poste central a la base redonda.<\/div>\n<div>A continuaci\u00f3n, monte el m\u00f3dulo de ajuste de rotaci\u00f3n y altura en el poste, seguido del soporte de montaje CANVAS en la parte superior.<\/div>\n<p><h6><span style=\"color: #ff0000;\">Importante:<\/span><\/h6>\n<div><span style=\"color: #ff0000;\">Antes de montar el m\u00f3dulo de rotaci\u00f3n, aseg\u00farese de que el tornillo limitador de rotaci\u00f3n delantero del poste central est\u00e1 apretado, de forma que quede enrasado con la parte delantera de los postes.<\/span><\/div>\n<div><span style=\"color: #ff0000;\">Si no se enrasa el tornillo, es posible que el m\u00f3dulo de rotaci\u00f3n no se asiente completamente en su sitio, lo que puede afectar a la estabilidad y al limitador de rotaci\u00f3n delantero.<\/span><\/div>\n<div><\/div>\n<p><div>Apriete firmemente todos los tornillos, asegur\u00e1ndose de que queden bien sujetos sin apretarlos demasiado.<\/div>\n<\/div>\n\t\t\t\t\n\t\t\t\t\t\t\t<\/div>\n\n\t\t\t<div class=\"text-media__media\" style=\"grid-column: span 6\">\n\t\t\t\t\t\t\t\t\t<img decoding=\"async\" src=\"https:\/\/6kutttnx.photoncache.com\/wp-content\/uploads\/sites\/5\/2026\/04\/Step2-1024x641.jpg\" alt=\"\" \/>\n\t\t\t\t\t\t\t<\/div>\n\t\t<\/div>\n\t<\/section>\n\t\n\n    <section id=\"hero-block_ed9f64514a0fb143a367f6446dc62061\" class=\"hero h-height-xs h-mheight-l c_width_full heading_xl\" style=\"--txt-color: rgb(10,10,10); --bg-color: #bcbdc0; --overlay-opacity: 0%\">\n        \n        <div class=\"hero__overlay\"><\/div>\n\n        <div class=\"ct-section-inner-wrap hero__content c-position_mc a_txt_center\">\n                                        <h2 class=\"element__heading\"><p>Paso 2 de 4<\/p>\n<\/h2>\n            \n                            <div class=\"element__text content-size-content_s\">\n                    <p>Determinaci\u00f3n de la altura del rodal<\/p>\n                <\/div>\n            \n                    <\/div>\n    <\/section>\n    \n\n\t<section id=\"text-media-block_70d518f7e5e260ac07abbc027703e919\" class=\"text-media heading_s medie-right media-6-cols\" style=\"--txt-color: #000000; --bg-color: #FFFFFF\">\n\t\t<div class=\"text-media__inner a_txt_left text_first  ct-section-inner-wrap\">\n\t\t\t<div class=\"text-media__text\" style=\"grid-column: span 6\">\n\t\t\t\t\t\t\t\t\t<h3 class=\"element__heading\">Determinaci\u00f3n de la altura del rodal<\/h3>\n\t\t\t\t\n\t\t\t\t\t\t\t\t\t<div class=\"element__text\"><div>El soporte dispone de tres posiciones de altura preestablecidas:<\/div>\n<div>80 mm, 150 mm y 230 mm<\/div>\n<div><\/div>\n<div>(medido desde el suelo hasta la parte inferior del CANVAS).<\/div>\n<\/div>\n\t\t\t\t\n\t\t\t\t\t\t\t<\/div>\n\n\t\t\t<div class=\"text-media__media\" style=\"grid-column: span 6\">\n\t\t\t\t\t\t\t\t\t<img decoding=\"async\" src=\"https:\/\/6kutttnx.photoncache.com\/wp-content\/uploads\/sites\/5\/2026\/04\/step3-1024x892.jpg\" alt=\"\" \/>\n\t\t\t\t\t\t\t<\/div>\n\t\t<\/div>\n\t<\/section>\n\t\n\n\t<section id=\"text-media-block_f788170258658d93841de1e9dd324bfd\" class=\"text-media heading_m medie-left media-6-cols\" style=\"--txt-color: #000000; --bg-color: #FFFFFF\">\n\t\t<div class=\"text-media__inner a_txt_left text_first no_heading ct-section-inner-wrap\">\n\t\t\t<div class=\"text-media__text\" style=\"grid-column: span 6\">\n\t\t\t\t\n\t\t\t\t\t\t\t\t\t<div class=\"element__text\"><p data-start=\"639\" data-end=\"884\">Afloje los cuatro tornillos de bloqueo del soporte central del poste, ajuste el soporte a la altura deseada y, a continuaci\u00f3n, apriete bien el tornillo para fijar la posici\u00f3n.<\/p>\n<p data-start=\"639\" data-end=\"884\">Desenrosque el tornillo limitador de giro delantero en el soporte y compruebe que bloquea el giro del soporte a m\u00e1s de 45\u00b0.<\/p>\n<\/div>\n\t\t\t\t\n\t\t\t\t\t\t\t<\/div>\n\n\t\t\t<div class=\"text-media__media\" style=\"grid-column: span 6\">\n\t\t\t\t\t\t\t\t\t<img decoding=\"async\" src=\"https:\/\/6kutttnx.photoncache.com\/wp-content\/uploads\/sites\/5\/2026\/04\/step3.2-1024x892.jpg\" alt=\"\" \/>\n\t\t\t\t\t\t\t<\/div>\n\t\t<\/div>\n\t<\/section>\n\t\n\n    <section id=\"hero-block_112c5aedaa9e22cc267af495f2a0d2c5\" class=\"hero h-height-xs h-mheight-l c_width_full heading_xl\" style=\"--txt-color: rgb(10,10,10); --bg-color: #bcbdc0; --overlay-opacity: 0%\">\n        \n        <div class=\"hero__overlay\"><\/div>\n\n        <div class=\"ct-section-inner-wrap hero__content c-position_mc a_txt_center\">\n                                        <h2 class=\"element__heading\"><p>Paso 3 de 4<\/p>\n<\/h2>\n            \n                            <div class=\"element__text content-size-content_s\">\n                    <p>Montaje del CANVAS en el soporte<\/p>\n                <\/div>\n            \n                    <\/div>\n    <\/section>\n    \n\n\t<section id=\"text-media-block_b406afe319e43c9ded2885ba6c97a1c7\" class=\"text-media heading_m medie-right media-6-cols\" style=\"--txt-color: #000000; --bg-color: #FFFFFF\">\n\t\t<div class=\"text-media__inner rp_bottom a_txt_left text_first  ct-section-inner-wrap\">\n\t\t\t<div class=\"text-media__text\" style=\"grid-column: span 6\">\n\t\t\t\t\t\t\t\t\t<h3 class=\"element__heading\">Montaje del CANVAS en el soporte<\/h3>\n\t\t\t\t\n\t\t\t\t\t\t\t\t\t<div class=\"element__text\"><div>Introduzca los tornillos en los dos orificios superiores del CANVAS. No los apriete del todo. D\u00e9jalos entre 8 y 10 mm fuera, ya que deben quedar ligeramente sueltos para encajar en el soporte de montaje.<\/div>\n<p><div>Levante con cuidado el CANVAS y col\u00f3quelo sobre el soporte, asegur\u00e1ndose de que est\u00e1 bien apoyado durante el proceso. Alinee CANVAS con los dos orificios de montaje en el soporte, asegur\u00e1ndose de que se asienta correctamente antes de continuar.<\/div>\n<\/div>\n\t\t\t\t\n\t\t\t\t\t\t\t<\/div>\n\n\t\t\t<div class=\"text-media__media\" style=\"grid-column: span 6\">\n\t\t\t\t\t\t\t\t\t<img decoding=\"async\" src=\"https:\/\/6kutttnx.photoncache.com\/wp-content\/uploads\/sites\/5\/2026\/04\/step4-1024x892.jpg\" alt=\"\" \/>\n\t\t\t\t\t\t\t<\/div>\n\t\t<\/div>\n\t<\/section>\n\t\n\n\t<section id=\"text-media-block_689bd3ae66e0945f0d1576e6e61b83e3\" class=\"text-media heading_s medie-right media-6-cols\" style=\"--txt-color: #000000; --bg-color: #FFFFFF\">\n\t\t<div class=\"text-media__inner rp_top a_txt_left text_first no_heading ct-section-inner-wrap\">\n\t\t\t<div class=\"text-media__text\" style=\"grid-column: span 6\">\n\t\t\t\t\n\t\t\t\t\t\t\t\t\t<div class=\"element__text\"><p>Una vez alineados, inserte los dos tornillos inferiores traseros y apri\u00e9telos firmemente junto con los dos tornillos superiores para fijar el CANVAS en su sitio. Aseg\u00farese de que la unidad est\u00e1 estable antes de continuar.<\/p>\n<\/div>\n\t\t\t\t\n\t\t\t\t\t\t\t<\/div>\n\n\t\t\t<div class=\"text-media__media\" style=\"grid-column: span 6\">\n\t\t\t\t\t\t\t\t\t<img decoding=\"async\" src=\"https:\/\/6kutttnx.photoncache.com\/wp-content\/uploads\/sites\/5\/2026\/04\/step4.2-1024x892.jpg\" alt=\"\" \/>\n\t\t\t\t\t\t\t<\/div>\n\t\t<\/div>\n\t<\/section>\n\t\n\n    <section id=\"hero-block_091f5580623feefbe6afb83d102eeca4\" class=\"hero h-height-xl h-mheight-xl c_width_full heading_xl\" style=\"--txt-color: rgb(255,255,255); --overlay-opacity: 50%\">\n                    <picture class=\"hero__background\">\n                                    <source media=\"(max-width: 768px)\" srcset=\"https:\/\/6kutttnx.photoncache.com\/wp-content\/uploads\/sites\/5\/2025\/11\/The_Frame2_800x800.jpg\">\n                                <img decoding=\"async\" src=\"https:\/\/6kutttnx.photoncache.com\/wp-content\/uploads\/sites\/5\/2025\/11\/The_Frame2_1920x840-e1766152598545.jpg\" alt=\"\" \/>\n            <\/picture>\n        \n        <div class=\"hero__overlay\"><\/div>\n\n        <div class=\"ct-section-inner-wrap hero__content c-position_mc a_txt_center\">\n                                        <h2 class=\"element__heading\"><p>\u00a1Felicidades!<\/p>\n<\/h2>\n            \n                            <div class=\"element__text content-size-content_l\">\n                    <p data-start=\"2542\" data-end=\"2629\">Ya ha instalado correctamente el CANVAS en su soporte giratorio.<\/p>\n                <\/div>\n            \n                    <\/div>\n    <\/section>","protected":false},"excerpt":{"rendered":"","protected":false},"author":1334,"featured_media":0,"parent":0,"menu_order":0,"comment_status":"closed","ping_status":"closed","template":"","meta":{"_acf_changed":false,"footnotes":""},"class_list":["post-9489","page","type-page","status-publish","hentry"],"acf":[],"_links":{"self":[{"href":"https:\/\/canvashifi.com\/es\/wp-json\/wp\/v2\/pages\/9489","targetHints":{"allow":["GET"]}}],"collection":[{"href":"https:\/\/canvashifi.com\/es\/wp-json\/wp\/v2\/pages"}],"about":[{"href":"https:\/\/canvashifi.com\/es\/wp-json\/wp\/v2\/types\/page"}],"author":[{"embeddable":true,"href":"https:\/\/canvashifi.com\/es\/wp-json\/wp\/v2\/users\/1334"}],"replies":[{"embeddable":true,"href":"https:\/\/canvashifi.com\/es\/wp-json\/wp\/v2\/comments?post=9489"}],"version-history":[{"count":11,"href":"https:\/\/canvashifi.com\/es\/wp-json\/wp\/v2\/pages\/9489\/revisions"}],"predecessor-version":[{"id":9510,"href":"https:\/\/canvashifi.com\/es\/wp-json\/wp\/v2\/pages\/9489\/revisions\/9510"}],"wp:attachment":[{"href":"https:\/\/canvashifi.com\/es\/wp-json\/wp\/v2\/media?parent=9489"}],"curies":[{"name":"wp","href":"https:\/\/api.w.org\/{rel}","templated":true}]}}