{"id":1862,"date":"2025-01-22T15:11:30","date_gmt":"2025-01-22T14:11:30","guid":{"rendered":"https:\/\/lbs.dk\/cnvshf\/product\/canvas-85-light-green\/"},"modified":"2026-04-15T09:05:05","modified_gmt":"2026-04-15T07:05:05","slug":"canvas-85-light-green","status":"publish","type":"product","link":"https:\/\/canvashifi.com\/es\/products\/canvas-85-light-green\/","title":{"rendered":"LONA 85\" Verde claro"},"content":{"rendered":"<h2>CANVAS es s\u00f3lo un producto final\u00a0<span style=\"color: #70757a; font-family: arial, sans-serif; font-size: 14px;\">-<\/span>\u00a0es una idea innovadora<\/h2>\n<p>La introducci\u00f3n del CANVAS 85\" marca un nuevo hito en lo que respecta a la tecnolog\u00eda de alta calidad y estabilidad. Con su frontal liso y perfilado, este modelo ha sido dise\u00f1ado para aportar un toque de elegancia a su hogar, para que pueda disfrutar de la m\u00e1xima calidad. Falder perfekt ind i indretningen i en hver bolig. CANVAS 85\" es la combinaci\u00f3n perfecta de forma y funcionalidad.<\/p>\n<p><strong>Enest\u00e5ende lydoplevelse med CANVAS<br \/>\n<\/strong>El CANVAS 85\" est\u00e1 equipado con los mejores componentes de altavoces, que proporcionan un nivel de iluminaci\u00f3n superior al de los sistemas de altavoces m\u00e1s potentes. Los componentes de alta gama de SB Acoustics y su preciso ajuste de la iluminaci\u00f3n hacen que el tono y los detalles sean m\u00e1s n\u00edtidos y claros. Este modelo es ideal para aquellos que buscan un nivel de iluminaci\u00f3n superior a un precio muy asequible.<\/p>\n<p><strong>Rumorrektion med BACCH 3D teknologi<br \/>\n<\/strong>Gracias a su inteligente dise\u00f1o y a la tecnolog\u00eda 3D de BACCH, CANVAS 85\" es perfecto para la comodidad de su hogar, lo que garantiza una luz suave y detallada, incluso con menos ruido. Este modelo es la prueba de que su alta calidad y su dise\u00f1o compacto pueden satisfacer a cualquier usuario.<\/p>\n<p><strong>Perfecta adaptaci\u00f3n a todos los televisores de 85 pulgadas<\/strong><br \/>\nEl dise\u00f1o del CANVAS 85\" con frontal liso est\u00e1 pensado para complementar y mejorar el nivel de la TV de 85\". Gracias a su dise\u00f1o universal, este modelo garantiza que, independientemente del televisor de 85\" que tenga, el CANVAS 85\" resolver\u00e1 todos sus problemas y solucionar\u00e1 sus problemas de audiovisuales. Disfrute de una combinaci\u00f3n armoniosa de calidad visual y auditiva en este televisor.<\/p>\n<p><strong>Fleksibel montering - v\u00e6gh\u00e6ngt eller st\u00e5ende<\/strong><br \/>\nCANVAS 85\" cuenta con un dise\u00f1o elegante y robusto, lo que le permite disfrutar de una gran libertad de movimiento si desea integrar el sistema en su hogar. Tanto si desea un elegante y elegante dise\u00f1o para un panel de repuesto, como si prefiere la tradicional colocaci\u00f3n en posici\u00f3n vertical para un simple soporte de pared, el CANVAS 85\" con pantalla frontal lisa le ofrece un dise\u00f1o personal y tranquilo. Con estos m\u00f3dulos de montaje flexibles puede ajustar su nivel de iluminaci\u00f3n para que se adapte a sus necesidades y, si lo desea, puede colocar el panel frontal en la parte delantera de la pared o en la parte trasera de la pared.<\/p>\n<p>Descubra CANVAS en su tienda online internacional\u00a0<a title=\"CANVAS HiFi\" href=\"https:\/\/canvashifi.com\/es\/\" target=\"_blank\" rel=\"noopener\">www.canvashifi.com<\/a><\/p>","protected":false},"excerpt":{"rendered":"<p>CANVAS er mere end et produkt\u00a0\u2014\u00a0det er en innovativ id\u00e9 Introduktionen af CANVAS 85\" markerer en ny \u00e6ra inden for kompakt og stilfuld lydteknologi. Med sin raffinerede lysegr\u00e5 front er denne model designet til at tilf\u00f8re et touch af elegance til ethvert rum, uden at g\u00e5 p\u00e5 kompromis med lydkvaliteten. Falder perfekt ind i indretningen [&hellip;]<\/p>\n","protected":false},"featured_media":4195,"template":"","meta":{"_acf_changed":false},"size":[579],"product_brand":[],"product_cat":[153],"product_tag":[166,99],"farve":[],"maerker":[],"serier":[],"kampagne":[],"tempcat":[],"class_list":{"0":"post-1862","1":"product","2":"type-product","3":"status-publish","4":"has-post-thumbnail","6":"size-579","7":"product_cat-canvas","8":"product_tag-canvas-85","9":"product_tag-quickrequest","10":"product_shipping_class-free","12":"first","13":"instock","14":"taxable","15":"shipping-taxable","16":"purchasable","17":"product-type-simple"},"acf":[],"_links":{"self":[{"href":"https:\/\/canvashifi.com\/es\/wp-json\/wp\/v2\/product\/1862","targetHints":{"allow":["GET"]}}],"collection":[{"href":"https:\/\/canvashifi.com\/es\/wp-json\/wp\/v2\/product"}],"about":[{"href":"https:\/\/canvashifi.com\/es\/wp-json\/wp\/v2\/types\/product"}],"wp:featuredmedia":[{"embeddable":true,"href":"https:\/\/canvashifi.com\/es\/wp-json\/wp\/v2\/media\/4195"}],"wp:attachment":[{"href":"https:\/\/canvashifi.com\/es\/wp-json\/wp\/v2\/media?parent=1862"}],"wp:term":[{"taxonomy":"size","embeddable":true,"href":"https:\/\/canvashifi.com\/es\/wp-json\/wp\/v2\/size?post=1862"},{"taxonomy":"product_brand","embeddable":true,"href":"https:\/\/canvashifi.com\/es\/wp-json\/wp\/v2\/product_brand?post=1862"},{"taxonomy":"product_cat","embeddable":true,"href":"https:\/\/canvashifi.com\/es\/wp-json\/wp\/v2\/product_cat?post=1862"},{"taxonomy":"product_tag","embeddable":true,"href":"https:\/\/canvashifi.com\/es\/wp-json\/wp\/v2\/product_tag?post=1862"},{"taxonomy":"farve","embeddable":true,"href":"https:\/\/canvashifi.com\/es\/wp-json\/wp\/v2\/farve?post=1862"},{"taxonomy":"maerker","embeddable":true,"href":"https:\/\/canvashifi.com\/es\/wp-json\/wp\/v2\/maerker?post=1862"},{"taxonomy":"serie","embeddable":true,"href":"https:\/\/canvashifi.com\/es\/wp-json\/wp\/v2\/serier?post=1862"},{"taxonomy":"kampagne","embeddable":true,"href":"https:\/\/canvashifi.com\/es\/wp-json\/wp\/v2\/kampagne?post=1862"},{"taxonomy":"tempcat","embeddable":true,"href":"https:\/\/canvashifi.com\/es\/wp-json\/wp\/v2\/tempcat?post=1862"}],"curies":[{"name":"wp","href":"https:\/\/api.w.org\/{rel}","templated":true}]}}