{"id":845,"date":"2023-10-23T10:55:02","date_gmt":"2023-10-23T08:55:02","guid":{"rendered":"https:\/\/lbs.dk\/cnvshf\/produkt\/canvas-65-burnt-umber\/"},"modified":"2026-04-15T13:53:57","modified_gmt":"2026-04-15T11:53:57","slug":"canvas-65-burnt-umber","status":"publish","type":"product","link":"https:\/\/canvashifi.com\/es\/products\/canvas-65-burnt-umber\/","title":{"rendered":"CANVAS 65\" Burnt Umber"},"content":{"rendered":"<h2>CANVAS es s\u00f3lo un producto final\u00a0<span style=\"color: #70757a; font-family: arial, sans-serif; font-size: 14px;\">-<\/span>\u00a0es una idea innovadora<\/h2>\n<p>Introduktionen af CANVAS 65\" markerer en ny \u00e6ra inden for kompakt og stilfuld\u00a0lydteknologi. Med sin raffinerede\u00a0<em>burnt umber<\/em>\u00a0front er denne model designet til at tilf\u00f8re et touch af elegance til ethvert rum, uden at g\u00e5 p\u00e5 kompromis med lydkvaliteten. Falder perfekt ind i indretningen i en hver bolig. CANVAS 65\" er en ideel blanding af form og funktion.<\/p>\n<p><strong>Enest\u00e5ende lydoplevelse med CANVAS<br \/>\n<\/strong>El CANVAS de 65\" est\u00e1 equipado con un avanzado sistema de altavoces que proporciona un nivel de iluminaci\u00f3n superior al de los sistemas de altavoces m\u00e1s antiguos. Los componentes de alta gama de SB Acoustics y su preciso ajuste de la iluminaci\u00f3n hacen que el tono y los detalles sean m\u00e1s n\u00edtidos y claros. Este modelo es ideal para aquellos que buscan un nivel de iluminaci\u00f3n superior a un precio muy asequible.<\/p>\n<p><strong>Rumorrektion med BACCH 3D teknologi<br \/>\n<\/strong>Con su dise\u00f1o inteligente y la tecnolog\u00eda 3D de BACCH, CANVAS 65\" es perfecto para la comodidad de su hogar, lo que garantiza una luz c\u00e1lida y detallada, incluso con menos ruido. Este modelo es la prueba de que su alta calidad y su dise\u00f1o compacto son la clave de su \u00e9xito.<\/p>\n<p><strong>Perfecta adaptaci\u00f3n a todos los televisores de 65<\/strong><br \/>\nDesignet af CANVAS 65\" med\u00a0<em>burnt umber<\/em>\u00a0front er n\u00f8je udformet for at komplementere og forbedre enhver 65\" tommer TV-oplevelse. Med sin universelle tilpasning garanterer denne model, at uanset hvilken 65\" tommer TV du har, vil CANVAS 65\" integrere sig problemfrit og\u00a0forbedre din audiovisuelle underholdning. Oplev en s\u00f8ml\u00f8s og harmonisk kombination af visuel og auditiv kvalitet i dit hjem.<\/p>\n<p><strong>Fleksibel montering - v\u00e6gh\u00e6ngt eller st\u00e5ende<\/strong><br \/>\nCANVAS 65\" kommer med b\u00e5de v\u00e6gh\u00e6ngt og st\u00e5ende beslag, hvilket giver dig fuld frihed til at v\u00e6lge, hvordan du \u00f8nsker at integrere systemet i dit hjem. Uanset om du foretr\u00e6kker en elegant v\u00e6gh\u00e6ngt ops\u00e6tning for at spare plads, eller en traditionel st\u00e5ende placering for en mere fleksibel tilstedev\u00e6relse, har CANVAS 65\" med\u00a0<em>burnt umber<\/em>\u00a0front alt, hvad du beh\u00f8ver for en personlig og stilfuld ops\u00e6tning. Med disse fleksible monteringsmuligheder kan du skr\u00e6ddersy din lydoplevelse til netop din boligindretning og hvis dine behov med tiden \u00e6ndres sikre fleksibel placering og mulighed for front i anden st\u00f8rrelse eller farve en nem tilpasning til anden tv-st\u00f8rrelse eller placering.<\/p>\n<p>Descubra CANVAS en su tienda online internacional\u00a0<a title=\"CANVAS HiFi\" href=\"https:\/\/canvashifi.com\/es\/\" target=\"_blank\" rel=\"noopener\">www.canvashifi.com<\/a><\/p>","protected":false},"excerpt":{"rendered":"<p>CANVAS er mere end et produkt\u00a0\u2014\u00a0det er en innovativ id\u00e9 Introduktionen af CANVAS 65\" markerer en ny \u00e6ra inden for kompakt og stilfuld\u00a0lydteknologi. Med sin raffinerede\u00a0burnt umber\u00a0front er denne model designet til at tilf\u00f8re et touch af elegance til ethvert rum, uden at g\u00e5 p\u00e5 kompromis med lydkvaliteten. Falder perfekt ind i indretningen i en [&hellip;]<\/p>\n","protected":false},"featured_media":4317,"template":"","meta":{"_acf_changed":false},"size":[575],"product_brand":[],"product_cat":[153],"product_tag":[104,99],"farve":[120],"maerker":[],"serier":[],"kampagne":[],"tempcat":[],"class_list":{"0":"post-845","1":"product","2":"type-product","3":"status-publish","4":"has-post-thumbnail","6":"size-575","7":"product_cat-canvas","8":"product_tag-canvas-65","9":"product_tag-quickrequest","10":"product_shipping_class-free","11":"farve-roed","13":"first","14":"instock","15":"taxable","16":"shipping-taxable","17":"purchasable","18":"product-type-simple"},"acf":[],"_links":{"self":[{"href":"https:\/\/canvashifi.com\/es\/wp-json\/wp\/v2\/product\/845","targetHints":{"allow":["GET"]}}],"collection":[{"href":"https:\/\/canvashifi.com\/es\/wp-json\/wp\/v2\/product"}],"about":[{"href":"https:\/\/canvashifi.com\/es\/wp-json\/wp\/v2\/types\/product"}],"wp:featuredmedia":[{"embeddable":true,"href":"https:\/\/canvashifi.com\/es\/wp-json\/wp\/v2\/media\/4317"}],"wp:attachment":[{"href":"https:\/\/canvashifi.com\/es\/wp-json\/wp\/v2\/media?parent=845"}],"wp:term":[{"taxonomy":"size","embeddable":true,"href":"https:\/\/canvashifi.com\/es\/wp-json\/wp\/v2\/size?post=845"},{"taxonomy":"product_brand","embeddable":true,"href":"https:\/\/canvashifi.com\/es\/wp-json\/wp\/v2\/product_brand?post=845"},{"taxonomy":"product_cat","embeddable":true,"href":"https:\/\/canvashifi.com\/es\/wp-json\/wp\/v2\/product_cat?post=845"},{"taxonomy":"product_tag","embeddable":true,"href":"https:\/\/canvashifi.com\/es\/wp-json\/wp\/v2\/product_tag?post=845"},{"taxonomy":"farve","embeddable":true,"href":"https:\/\/canvashifi.com\/es\/wp-json\/wp\/v2\/farve?post=845"},{"taxonomy":"maerker","embeddable":true,"href":"https:\/\/canvashifi.com\/es\/wp-json\/wp\/v2\/maerker?post=845"},{"taxonomy":"serie","embeddable":true,"href":"https:\/\/canvashifi.com\/es\/wp-json\/wp\/v2\/serier?post=845"},{"taxonomy":"kampagne","embeddable":true,"href":"https:\/\/canvashifi.com\/es\/wp-json\/wp\/v2\/kampagne?post=845"},{"taxonomy":"tempcat","embeddable":true,"href":"https:\/\/canvashifi.com\/es\/wp-json\/wp\/v2\/tempcat?post=845"}],"curies":[{"name":"wp","href":"https:\/\/api.w.org\/{rel}","templated":true}]}}