{"id":850,"date":"2023-10-23T10:32:59","date_gmt":"2023-10-23T08:32:59","guid":{"rendered":"https:\/\/lbs.dk\/cnvshf\/produkt\/canvas-65-light-grey\/"},"modified":"2026-04-15T13:49:48","modified_gmt":"2026-04-15T11:49:48","slug":"canvas-65-light-grey","status":"publish","type":"product","link":"https:\/\/canvashifi.com\/es\/product\/canvas-65-light-grey\/","title":{"rendered":"CANVAS 65\" Gris claro"},"content":{"rendered":"<h2>CANVAS es s\u00f3lo un producto final\u00a0<span style=\"color: #70757a; font-family: arial, sans-serif; font-size: 14px;\">-<\/span>\u00a0es una idea innovadora<\/h2>\n<p>La introducci\u00f3n del CANVAS 65\" marca un nuevo hito dentro de la tecnolog\u00eda de alta calidad y estabilidad. Con su dise\u00f1o frontal de l\u00edneas puras, este modelo aporta un toque de elegancia a su hogar, para que pueda disfrutar de la m\u00e1xima calidad. Falder perfekt ind i indretningen i en hver bolig. CANVAS 65\" es la combinaci\u00f3n perfecta de forma y funcionalidad.<\/p>\n<p><strong>Enest\u00e5ende lydoplevelse med CANVAS<br \/>\n<\/strong>El CANVAS de 65\" est\u00e1 equipado con un avanzado sistema de altavoces que proporciona un nivel de iluminaci\u00f3n superior al de los sistemas de altavoces m\u00e1s antiguos. Los componentes de alta gama de SB Acoustics y su preciso ajuste de la iluminaci\u00f3n hacen que el tono y los detalles sean m\u00e1s n\u00edtidos y claros. Este modelo es ideal para aquellos que buscan un nivel de iluminaci\u00f3n superior a un precio muy asequible.<\/p>\n<p><strong>Rumorrektion med BACCH 3D teknologi<br \/>\n<\/strong>Con su dise\u00f1o inteligente y la tecnolog\u00eda 3D de BACCH, CANVAS 65\" es perfecto para la comodidad de su hogar, lo que garantiza una luz c\u00e1lida y detallada, incluso con menos ruido. Este modelo es la prueba de que su alta calidad y su dise\u00f1o compacto son la clave de su \u00e9xito.<\/p>\n<p><strong>Perfecta adaptaci\u00f3n a todos los televisores de 65<\/strong><br \/>\nDesignet af CANVAS 65\" med lysegr\u00e5\u00a0front er n\u00f8je udformet for at komplementere og forbedre enhver 65\" tommer TV-oplevelse. Med sin universelle tilpasning garanterer denne model, at uanset hvilken 65\" tommer TV du har, vil CANVAS 65\" integrere sig problemfrit og\u00a0forbedre din audiovisuelle underholdning. Oplev en s\u00f8ml\u00f8s og harmonisk kombination af visuel og auditiv kvalitet i dit hjem.<\/p>\n<p><strong>Fleksibel montering - v\u00e6gh\u00e6ngt eller st\u00e5ende<\/strong><br \/>\nCANVAS 65\" kommer med b\u00e5de v\u00e6gh\u00e6ngt og st\u00e5ende beslag, hvilket giver dig fuld frihed til at v\u00e6lge, hvordan du \u00f8nsker at integrere systemet i dit hjem. Uanset om du foretr\u00e6kker en elegant v\u00e6gh\u00e6ngt ops\u00e6tning for at spare plads, eller en traditionel st\u00e5ende placering for en mere fleksibel tilstedev\u00e6relse, har CANVAS 65\" med lysegr\u00e5\u00a0front alt, hvad du beh\u00f8ver for en personlig og stilfuld ops\u00e6tning. Med disse fleksible monteringsmuligheder kan du skr\u00e6ddersy din lydoplevelse til netop din boligindretning og hvis dine behov med tiden \u00e6ndres sikre fleksibel placering og mulighed for front i anden st\u00f8rrelse eller farve en nem tilpasning til anden tv-st\u00f8rrelse eller placering.<\/p>\n<p>Descubra CANVAS en su tienda online internacional\u00a0<a title=\"CANVAS HiFi\" href=\"https:\/\/canvashifi.com\/es\/\" target=\"_blank\" rel=\"noopener\">www.canvashifi.com<\/a><\/p>","protected":false},"excerpt":{"rendered":"<p>CANVAS er mere end et produkt\u00a0\u2014\u00a0det er en innovativ id\u00e9 Introduktionen af CANVAS 65\" markerer en ny \u00e6ra inden for kompakt og stilfuld\u00a0lydteknologi. Med sin raffinerede lysegr\u00e5 front er denne model designet til at tilf\u00f8re et touch af elegance til ethvert rum, uden at g\u00e5 p\u00e5 kompromis med lydkvaliteten. Falder perfekt ind i indretningen i [&hellip;]<\/p>\n","protected":false},"featured_media":4335,"template":"","meta":{"_acf_changed":false},"size":[575],"product_brand":[],"product_cat":[153],"product_tag":[104,99],"farve":[118],"maerker":[],"serier":[],"kampagne":[],"tempcat":[],"class_list":{"0":"post-850","1":"product","2":"type-product","3":"status-publish","4":"has-post-thumbnail","6":"size-575","7":"product_cat-canvas","8":"product_tag-canvas-65","9":"product_tag-quickrequest","10":"product_shipping_class-free","11":"farve-graa","13":"first","14":"instock","15":"taxable","16":"shipping-taxable","17":"purchasable","18":"product-type-simple"},"acf":[],"_links":{"self":[{"href":"https:\/\/canvashifi.com\/es\/wp-json\/wp\/v2\/product\/850","targetHints":{"allow":["GET"]}}],"collection":[{"href":"https:\/\/canvashifi.com\/es\/wp-json\/wp\/v2\/product"}],"about":[{"href":"https:\/\/canvashifi.com\/es\/wp-json\/wp\/v2\/types\/product"}],"wp:featuredmedia":[{"embeddable":true,"href":"https:\/\/canvashifi.com\/es\/wp-json\/wp\/v2\/media\/4335"}],"wp:attachment":[{"href":"https:\/\/canvashifi.com\/es\/wp-json\/wp\/v2\/media?parent=850"}],"wp:term":[{"taxonomy":"size","embeddable":true,"href":"https:\/\/canvashifi.com\/es\/wp-json\/wp\/v2\/size?post=850"},{"taxonomy":"product_brand","embeddable":true,"href":"https:\/\/canvashifi.com\/es\/wp-json\/wp\/v2\/product_brand?post=850"},{"taxonomy":"product_cat","embeddable":true,"href":"https:\/\/canvashifi.com\/es\/wp-json\/wp\/v2\/product_cat?post=850"},{"taxonomy":"product_tag","embeddable":true,"href":"https:\/\/canvashifi.com\/es\/wp-json\/wp\/v2\/product_tag?post=850"},{"taxonomy":"farve","embeddable":true,"href":"https:\/\/canvashifi.com\/es\/wp-json\/wp\/v2\/farve?post=850"},{"taxonomy":"maerker","embeddable":true,"href":"https:\/\/canvashifi.com\/es\/wp-json\/wp\/v2\/maerker?post=850"},{"taxonomy":"serie","embeddable":true,"href":"https:\/\/canvashifi.com\/es\/wp-json\/wp\/v2\/serier?post=850"},{"taxonomy":"kampagne","embeddable":true,"href":"https:\/\/canvashifi.com\/es\/wp-json\/wp\/v2\/kampagne?post=850"},{"taxonomy":"tempcat","embeddable":true,"href":"https:\/\/canvashifi.com\/es\/wp-json\/wp\/v2\/tempcat?post=850"}],"curies":[{"name":"wp","href":"https:\/\/api.w.org\/{rel}","templated":true}]}}