{"id":856,"date":"2023-10-20T14:01:33","date_gmt":"2023-10-20T12:01:33","guid":{"rendered":"https:\/\/lbs.dk\/cnvshf\/produkt\/canvas-55-organic-green\/"},"modified":"2026-04-28T12:13:38","modified_gmt":"2026-04-28T10:13:38","slug":"canvas-55-organic-green","status":"publish","type":"product","link":"https:\/\/canvashifi.com\/es\/product\/canvas-55-organic-green\/","title":{"rendered":"CANVAS 55\" Verde org\u00e1nico"},"content":{"rendered":"<h2>CANVAS no es m\u00e1s que un producto final - es una idea innovadora<\/h2>\n<p>La introducci\u00f3n del CANVAS 55\" marca un nuevo hito en el mercado de la tecnolog\u00eda de alta calidad. Con sin raffinerede <em>verde org\u00e1nico<\/em> front erne model designet til at tilf\u00f8re et touch af elegance til ethvert rum, uden at g\u00e5 p\u00e5 kompromis med lydkvaliteten. Se adapta a la perfecci\u00f3n a cualquier entorno. CANVAS 55\" es la combinaci\u00f3n perfecta de forma y funcionalidad.<\/p>\n<p><strong>Enest\u00e5ende lydoplevelse med CANVAS<\/strong><br \/>\nEl CANVAS 55\" est\u00e1 equipado con un avanzado sistema de altavoces, que proporciona un nivel de iluminaci\u00f3n superior al de los sistemas de altavoces m\u00e1s antiguos. Los componentes de alta gama de SB Acoustics y su preciso ajuste de la iluminaci\u00f3n hacen que el tono y los detalles sean m\u00e1s n\u00edtidos y claros. Este modelo es ideal para aquellos que buscan un nivel de iluminaci\u00f3n superior a un precio muy asequible.<\/p>\n<p><strong>Rumorrektion med BACCH 3D teknologi<\/strong><br \/>\nCon su dise\u00f1o inteligente y la tecnolog\u00eda 3D de BACCH, CANVAS 55\" es perfecto para la comodidad de su hogar, lo que garantiza una luz c\u00e1lida y detallada, incluso con menos ruido. Este modelo es la prueba de que su alta calidad y su dise\u00f1o compacto son la clave de su \u00e9xito.<\/p>\n<p><strong>Perfecta adaptaci\u00f3n a todos los televisores de 55 pulgadas<\/strong><br \/>\nDesignet af CANVAS 55\" med\u00a0<em>verde org\u00e1nico<\/em>\u00a0front er n\u00f8je udformet for at komplementere og forbedre enhver 55\" tommer TV-oplevelse. Gracias a su dise\u00f1o universal, este modelo garantiza que, independientemente del televisor de 55\" que tenga, CANVAS 55\" integrar\u00e1 todos sus problemas y solucionar\u00e1 sus problemas de audiovisuales. Disfrute de una combinaci\u00f3n armoniosa de calidad visual y auditiva en este televisor.<\/p>\n<p><strong>Fleksibel montering - v\u00e6gh\u00e6ngt eller st\u00e5ende<\/strong><br \/>\nEl CANVAS de 55\" cuenta con un dise\u00f1o elegante y robusto que le permite disfrutar de la m\u00e1xima libertad de movimiento si desea integrar el sistema en su hogar. Tanto si desea un elegante y amplio espacio de almacenamiento para las placas de repuesto, como si prefiere una colocaci\u00f3n tradicional para un simple espacio de almacenamiento, el CANVAS de 55\" es la soluci\u00f3n perfecta.\u00a0<em>verde org\u00e1nico<\/em>\u00a0front alt, hvad du beh\u00f8ver for en personlig og stilfuld ops\u00e6tning. Med disse fleksible monteringsmuligheder kan du skr\u00e6ddersy din lydoplevelse til netop din boligindretning og hvis dine behov med tiden \u00e6ndres sikre fleksibel placering og mulighed for front i anden st\u00f8rrelse eller farve en nem tilpasning til anden tv-st\u00f8rrelse eller placering.<\/p>\n<p>Descubra CANVAS en su tienda online internacional\u00a0<a title=\"CANVAS HiFi\" href=\"https:\/\/canvashifi.com\/es\/\" target=\"_blank\" rel=\"noopener\">www.canvashifi.com<\/a><\/p>","protected":false},"excerpt":{"rendered":"<p>CANVAS er mere end et produkt \u2014 det er en innovativ id\u00e9 Introduktionen af CANVAS 55\" markerer en ny \u00e6ra inden for kompakt og stilfuld lydteknologi. Med sin raffinerede organic green front er denne model designet til at tilf\u00f8re et touch af elegance til ethvert rum, uden at g\u00e5 p\u00e5 kompromis med lydkvaliteten. Falder perfekt [&hellip;]<\/p>\n","protected":false},"featured_media":4348,"template":"","meta":{"_acf_changed":false},"size":[574],"product_brand":[],"product_cat":[153],"product_tag":[103,99],"farve":[119],"maerker":[],"serier":[],"kampagne":[],"tempcat":[],"class_list":{"0":"post-856","1":"product","2":"type-product","3":"status-publish","4":"has-post-thumbnail","6":"size-574","7":"product_cat-canvas","8":"product_tag-canvas-55","9":"product_tag-quickrequest","10":"product_shipping_class-free","11":"farve-groen","13":"first","14":"instock","15":"taxable","16":"shipping-taxable","17":"purchasable","18":"product-type-simple"},"acf":[],"_links":{"self":[{"href":"https:\/\/canvashifi.com\/es\/wp-json\/wp\/v2\/product\/856","targetHints":{"allow":["GET"]}}],"collection":[{"href":"https:\/\/canvashifi.com\/es\/wp-json\/wp\/v2\/product"}],"about":[{"href":"https:\/\/canvashifi.com\/es\/wp-json\/wp\/v2\/types\/product"}],"wp:featuredmedia":[{"embeddable":true,"href":"https:\/\/canvashifi.com\/es\/wp-json\/wp\/v2\/media\/4348"}],"wp:attachment":[{"href":"https:\/\/canvashifi.com\/es\/wp-json\/wp\/v2\/media?parent=856"}],"wp:term":[{"taxonomy":"size","embeddable":true,"href":"https:\/\/canvashifi.com\/es\/wp-json\/wp\/v2\/size?post=856"},{"taxonomy":"product_brand","embeddable":true,"href":"https:\/\/canvashifi.com\/es\/wp-json\/wp\/v2\/product_brand?post=856"},{"taxonomy":"product_cat","embeddable":true,"href":"https:\/\/canvashifi.com\/es\/wp-json\/wp\/v2\/product_cat?post=856"},{"taxonomy":"product_tag","embeddable":true,"href":"https:\/\/canvashifi.com\/es\/wp-json\/wp\/v2\/product_tag?post=856"},{"taxonomy":"farve","embeddable":true,"href":"https:\/\/canvashifi.com\/es\/wp-json\/wp\/v2\/farve?post=856"},{"taxonomy":"maerker","embeddable":true,"href":"https:\/\/canvashifi.com\/es\/wp-json\/wp\/v2\/maerker?post=856"},{"taxonomy":"serie","embeddable":true,"href":"https:\/\/canvashifi.com\/es\/wp-json\/wp\/v2\/serier?post=856"},{"taxonomy":"kampagne","embeddable":true,"href":"https:\/\/canvashifi.com\/es\/wp-json\/wp\/v2\/kampagne?post=856"},{"taxonomy":"tempcat","embeddable":true,"href":"https:\/\/canvashifi.com\/es\/wp-json\/wp\/v2\/tempcat?post=856"}],"curies":[{"name":"wp","href":"https:\/\/api.w.org\/{rel}","templated":true}]}}