{"id":9093,"date":"2026-03-03T11:30:41","date_gmt":"2026-03-03T10:30:41","guid":{"rendered":"https:\/\/canvashifi.com\/?post_type=product&#038;p=9093"},"modified":"2026-04-15T08:31:43","modified_gmt":"2026-04-15T06:31:43","slug":"the-hifi-frame-carsten-beck-edition-55-circular-logic-digital","status":"publish","type":"product","link":"https:\/\/canvashifi.com\/es\/products\/the-hifi-frame-carsten-beck-edition-55-circular-logic-digital\/","title":{"rendered":"The HiFi Frame Carsten Beck Edici\u00f3n 55\"- L\u00f3gica circular + Digital"},"content":{"rendered":"<h2>CANVAS es s\u00f3lo un producto final\u00a0<span style=\"color: #70757a; font-family: arial, sans-serif; font-size: 14px;\">-<\/span>\u00a0es una idea innovadora<\/h2>\n<p>La introducci\u00f3n del CANVAS 55\" marca un nuevo hito dentro de la tecnolog\u00eda de alta calidad y estabilidad. Con su frontal de tipo raffinerede, este modelo est\u00e1 dise\u00f1ado para aportar un toque de elegancia a su hogar, para que no tenga que renunciar a la calidad de imagen. Falder perfekt ind i indretningen i en hver bolig. CANVAS 65\" es la combinaci\u00f3n perfecta de forma y funcionalidad.<\/p>\n<p><strong>Enest\u00e5ende lydoplevelse med CANVAS<br \/>\n<\/strong>El CANVAS 55\" est\u00e1 equipado con un avanzado sistema de altavoces, que proporciona un nivel de iluminaci\u00f3n superior al de los sistemas de altavoces m\u00e1s antiguos. Los componentes de alta gama de SB Acoustics y su preciso ajuste de la iluminaci\u00f3n hacen que el tono y los detalles sean m\u00e1s n\u00edtidos y claros. Este modelo es ideal para aquellos que buscan un nivel de iluminaci\u00f3n superior a un precio muy asequible.<\/p>\n<p><strong>Rumorrektion med BACCH 3D teknologi<br \/>\n<\/strong>Con su dise\u00f1o inteligente y la tecnolog\u00eda 3D de BACCH, CANVAS 55\" es perfecto para la comodidad de su hogar, lo que garantiza una luz c\u00e1lida y detallada, incluso con menos ruido. Este modelo es la prueba de que su alta calidad y su dise\u00f1o compacto son la clave de su \u00e9xito.<\/p>\n<p><strong>Perfecta adaptaci\u00f3n a todos los televisores de 55 pulgadas<\/strong><br \/>\nEl dise\u00f1o de CANVAS 55\" con un frontal de alta calidad es ideal para completar y mejorar la imagen de un televisor de 65\". Gracias a su dise\u00f1o universal, este modelo garantiza que, independientemente del televisor de 55\" que tenga, el CANVAS 55\" se integrar\u00e1 a la perfecci\u00f3n en su entorno y le permitir\u00e1 disfrutar de una calidad de sonido \u00f3ptima. Disfrute de una combinaci\u00f3n armoniosa de calidad visual y auditiva en este televisor.<\/p>\n<p><strong>Fleksibel montering - v\u00e6gh\u00e6ngt eller st\u00e5ende<\/strong><br \/>\nEl CANVAS de 55\" cuenta con un dise\u00f1o elegante y robusto, lo que le permite disfrutar de la m\u00e1xima libertad de movimiento si desea integrar el sistema en su hogar. Tanto si desea un elegante y elegante dise\u00f1o para una mesa de repuesto, como si prefiere una colocaci\u00f3n tradicional para una simple mesa de trabajo flexible, el CANVAS 55\" tiene una amplia pantalla frontal, que le permitir\u00e1 disfrutar de un dise\u00f1o personal y tranquilo. Con estos monitores plegables puede ajustar su nivel de iluminaci\u00f3n para que se adapte a su pantalla y, si lo desea, puede colocar los monitores en la parte frontal de la pantalla o en cualquier otra parte de la pantalla o del televisor.<\/p>\n<p>Descubra CANVAS en su tienda online internacional\u00a0<a title=\"CANVAS HiFi\" href=\"https:\/\/canvashifi.com\/es\/\" target=\"_blank\" rel=\"noopener\">www.canvashifi.com<\/a><\/p>","protected":false},"excerpt":{"rendered":"<p>CANVAS er mere end et produkt\u00a0\u2014\u00a0det er en innovativ id\u00e9 Introduktionen af CANVAS 55\" markerer en ny \u00e6ra inden for kompakt og stilfuld lydteknologi. Med sin raffinerede sorte front er denne model designet til at tilf\u00f8re et touch af elegance til ethvert rum, uden at g\u00e5 p\u00e5 kompromis med lydkvaliteten. Falder perfekt ind i indretningen [&hellip;]<\/p>\n","protected":false},"featured_media":9094,"template":"","meta":{"_acf_changed":false},"size":[],"product_brand":[],"product_cat":[153],"product_tag":[103,99],"farve":[],"maerker":[],"serier":[],"kampagne":[],"tempcat":[],"class_list":{"0":"post-9093","1":"product","2":"type-product","3":"status-publish","4":"has-post-thumbnail","6":"product_cat-canvas","7":"product_tag-canvas-55","8":"product_tag-quickrequest","9":"product_shipping_class-free","11":"first","12":"instock","13":"taxable","14":"shipping-taxable","15":"purchasable","16":"product-type-simple"},"acf":[],"_links":{"self":[{"href":"https:\/\/canvashifi.com\/es\/wp-json\/wp\/v2\/product\/9093","targetHints":{"allow":["GET"]}}],"collection":[{"href":"https:\/\/canvashifi.com\/es\/wp-json\/wp\/v2\/product"}],"about":[{"href":"https:\/\/canvashifi.com\/es\/wp-json\/wp\/v2\/types\/product"}],"wp:featuredmedia":[{"embeddable":true,"href":"https:\/\/canvashifi.com\/es\/wp-json\/wp\/v2\/media\/9094"}],"wp:attachment":[{"href":"https:\/\/canvashifi.com\/es\/wp-json\/wp\/v2\/media?parent=9093"}],"wp:term":[{"taxonomy":"size","embeddable":true,"href":"https:\/\/canvashifi.com\/es\/wp-json\/wp\/v2\/size?post=9093"},{"taxonomy":"product_brand","embeddable":true,"href":"https:\/\/canvashifi.com\/es\/wp-json\/wp\/v2\/product_brand?post=9093"},{"taxonomy":"product_cat","embeddable":true,"href":"https:\/\/canvashifi.com\/es\/wp-json\/wp\/v2\/product_cat?post=9093"},{"taxonomy":"product_tag","embeddable":true,"href":"https:\/\/canvashifi.com\/es\/wp-json\/wp\/v2\/product_tag?post=9093"},{"taxonomy":"farve","embeddable":true,"href":"https:\/\/canvashifi.com\/es\/wp-json\/wp\/v2\/farve?post=9093"},{"taxonomy":"maerker","embeddable":true,"href":"https:\/\/canvashifi.com\/es\/wp-json\/wp\/v2\/maerker?post=9093"},{"taxonomy":"serie","embeddable":true,"href":"https:\/\/canvashifi.com\/es\/wp-json\/wp\/v2\/serier?post=9093"},{"taxonomy":"kampagne","embeddable":true,"href":"https:\/\/canvashifi.com\/es\/wp-json\/wp\/v2\/kampagne?post=9093"},{"taxonomy":"tempcat","embeddable":true,"href":"https:\/\/canvashifi.com\/es\/wp-json\/wp\/v2\/tempcat?post=9093"}],"curies":[{"name":"wp","href":"https:\/\/api.w.org\/{rel}","templated":true}]}}