{"id":9098,"date":"2026-03-03T11:34:53","date_gmt":"2026-03-03T10:34:53","guid":{"rendered":"https:\/\/canvashifi.com\/?post_type=product&#038;p=9098"},"modified":"2026-04-15T08:31:13","modified_gmt":"2026-04-15T06:31:13","slug":"the-hifi-frame-carsten-beck-edition-65-form-structure-digital","status":"publish","type":"product","link":"https:\/\/canvashifi.com\/es\/products\/the-hifi-frame-carsten-beck-edition-65-form-structure-digital\/","title":{"rendered":"The HiFi Frame Carsten Beck Edici\u00f3n 65\" - Forma Estructura + Digital"},"content":{"rendered":"<h2>CANVAS es s\u00f3lo un producto final\u00a0<span style=\"color: #70757a; font-family: arial, sans-serif; font-size: 14px;\">-<\/span>\u00a0es una idea innovadora<\/h2>\n<p>La introducci\u00f3n del CANVAS 65\" marca un nuevo hito en el mercado de la tecnolog\u00eda de iluminaci\u00f3n elegante y completa. Con su frontal de tipo raffinerede, este modelo ha sido dise\u00f1ado para aportar un toque de elegancia a su hogar, para no renunciar a la calidad de vida. Falder perfekt ind i indretningen i en hver bolig. CANVAS 65\" es la combinaci\u00f3n perfecta de forma y funcionalidad.<\/p>\n<p><strong>Enest\u00e5ende lydoplevelse med CANVAS<br \/>\n<\/strong>El CANVAS de 65\" est\u00e1 equipado con un avanzado sistema de altavoces que proporciona un nivel de iluminaci\u00f3n superior al de los sistemas de altavoces m\u00e1s antiguos. Los componentes de alta gama de SB Acoustics y su preciso ajuste de la iluminaci\u00f3n hacen que el tono y los detalles sean m\u00e1s n\u00edtidos y claros. Este modelo es ideal para aquellos que buscan un nivel de iluminaci\u00f3n superior a un precio muy asequible.<\/p>\n<p><strong>Rumorrektion med BACCH 3D teknologi<br \/>\n<\/strong>Con su dise\u00f1o inteligente y la tecnolog\u00eda 3D de BACCH, CANVAS 65\" es perfecto para la comodidad de su hogar, lo que garantiza una luz c\u00e1lida y detallada, incluso con menos ruido. Este modelo es la prueba de que su alta calidad y su dise\u00f1o compacto son la clave de su \u00e9xito.<\/p>\n<p><strong>Perfecta adaptaci\u00f3n a todos los televisores de 65<\/strong><br \/>\nEl dise\u00f1o de CANVAS 65\" con un frontal elegante est\u00e1 pensado para complementar y mejorar la experiencia de los televisores de 65\". Gracias a su dise\u00f1o universal, este modelo garantiza que, independientemente del televisor de 65\" que tenga, el CANVAS 65\" resolver\u00e1 todos sus problemas y le ayudar\u00e1 a mejorar su calidad de sonido. Disfrute de una combinaci\u00f3n armoniosa de calidad visual y auditiva en este televisor.<\/p>\n<p><strong>Fleksibel montering - v\u00e6gh\u00e6ngt eller st\u00e5ende<\/strong><br \/>\nEl CANVAS de 65\" cuenta con un dise\u00f1o elegante y robusto que le permite disfrutar de una amplia gama de funciones, siempre que desee integrar el sistema en su hogar. Tanto si desea un elegante y elegante panel de control para una mesa de repuesto, como si prefiere una colocaci\u00f3n tradicional para una simple mesa de trabajo, el CANVAS 65\" cuenta con un elegante panel frontal, que le permitir\u00e1 disfrutar de un c\u00f3modo y c\u00f3modo panel de control. Con estos monitores plegables puede ajustar su nivel de iluminaci\u00f3n para que se adapte a su pantalla y, si lo desea, puede colocar los monitores en la parte delantera de la pantalla o en cualquier otra parte de la pantalla o del televisor.<\/p>\n<p>Descubra CANVAS en su tienda online internacional\u00a0<a title=\"CANVAS HiFi\" href=\"https:\/\/canvashifi.com\/es\/\" target=\"_blank\" rel=\"noopener\">www.canvashifi.com<\/a><\/p>","protected":false},"excerpt":{"rendered":"<p>CANVAS er mere end et produkt\u00a0\u2014\u00a0det er en innovativ id\u00e9 Introduktionen af CANVAS 65\" markerer en ny \u00e6ra inden for kompakt og stilfuld\u00a0lydteknologi. Med sin raffinerede sorte front er denne model designet til at tilf\u00f8re et touch af elegance til ethvert rum, uden at g\u00e5 p\u00e5 kompromis med lydkvaliteten. Falder perfekt ind i indretningen i [&hellip;]<\/p>\n","protected":false},"featured_media":9103,"template":"","meta":{"_acf_changed":false},"size":[],"product_brand":[],"product_cat":[153],"product_tag":[103,99],"farve":[],"maerker":[],"serier":[],"kampagne":[],"tempcat":[],"class_list":{"0":"post-9098","1":"product","2":"type-product","3":"status-publish","4":"has-post-thumbnail","6":"product_cat-canvas","7":"product_tag-canvas-55","8":"product_tag-quickrequest","9":"product_shipping_class-free","11":"first","12":"instock","13":"taxable","14":"shipping-taxable","15":"purchasable","16":"product-type-simple"},"acf":[],"_links":{"self":[{"href":"https:\/\/canvashifi.com\/es\/wp-json\/wp\/v2\/product\/9098","targetHints":{"allow":["GET"]}}],"collection":[{"href":"https:\/\/canvashifi.com\/es\/wp-json\/wp\/v2\/product"}],"about":[{"href":"https:\/\/canvashifi.com\/es\/wp-json\/wp\/v2\/types\/product"}],"wp:featuredmedia":[{"embeddable":true,"href":"https:\/\/canvashifi.com\/es\/wp-json\/wp\/v2\/media\/9103"}],"wp:attachment":[{"href":"https:\/\/canvashifi.com\/es\/wp-json\/wp\/v2\/media?parent=9098"}],"wp:term":[{"taxonomy":"size","embeddable":true,"href":"https:\/\/canvashifi.com\/es\/wp-json\/wp\/v2\/size?post=9098"},{"taxonomy":"product_brand","embeddable":true,"href":"https:\/\/canvashifi.com\/es\/wp-json\/wp\/v2\/product_brand?post=9098"},{"taxonomy":"product_cat","embeddable":true,"href":"https:\/\/canvashifi.com\/es\/wp-json\/wp\/v2\/product_cat?post=9098"},{"taxonomy":"product_tag","embeddable":true,"href":"https:\/\/canvashifi.com\/es\/wp-json\/wp\/v2\/product_tag?post=9098"},{"taxonomy":"farve","embeddable":true,"href":"https:\/\/canvashifi.com\/es\/wp-json\/wp\/v2\/farve?post=9098"},{"taxonomy":"maerker","embeddable":true,"href":"https:\/\/canvashifi.com\/es\/wp-json\/wp\/v2\/maerker?post=9098"},{"taxonomy":"serie","embeddable":true,"href":"https:\/\/canvashifi.com\/es\/wp-json\/wp\/v2\/serier?post=9098"},{"taxonomy":"kampagne","embeddable":true,"href":"https:\/\/canvashifi.com\/es\/wp-json\/wp\/v2\/kampagne?post=9098"},{"taxonomy":"tempcat","embeddable":true,"href":"https:\/\/canvashifi.com\/es\/wp-json\/wp\/v2\/tempcat?post=9098"}],"curies":[{"name":"wp","href":"https:\/\/api.w.org\/{rel}","templated":true}]}}