{"id":947,"date":"2023-10-23T13:08:24","date_gmt":"2023-10-23T11:08:24","guid":{"rendered":"https:\/\/lbs.dk\/cnvshf\/produkt\/canvas-75-mahogany\/"},"modified":"2026-04-15T08:40:15","modified_gmt":"2026-04-15T06:40:15","slug":"canvas-75-mahogany","status":"publish","type":"product","link":"https:\/\/canvashifi.com\/es\/products\/canvas-75-mahogany\/","title":{"rendered":"LIENZO 75\" Caoba"},"content":{"rendered":"<h2>CANVAS es s\u00f3lo un producto final\u00a0<span style=\"color: #70757a;font-family: arial, sans-serif;font-size: 14px\">-<\/span>\u00a0es una idea innovadora<\/h2>\n<p>La introducci\u00f3n del CANVAS 75\" marca un nuevo hito en el mercado de la tecnolog\u00eda de alta calidad. Gracias a su frontal de madera de rafia, este modelo ha sido dise\u00f1ado para aportar un toque de elegancia a cualquier ambiente, y para cumplir con los requisitos de calidad. Falder perfekt ind i indretningen i en hver bolig. CANVAS 75\" es la combinaci\u00f3n perfecta de forma y funcionalidad.<\/p>\n<p><strong>Enest\u00e5ende lydoplevelse med CANVAS<br \/>\n<\/strong>A pesar de su excelente calidad de sonido, CANVAS 75\" est\u00e1 equipado con avanzados componentes de altavoces que proporcionan un nivel de sonido superior al de los sistemas de altavoces m\u00e1s potentes. Los componentes de alta gama de SB Acoustics y su preciso ajuste de la iluminaci\u00f3n hacen que el tono y los detalles sean m\u00e1s n\u00edtidos y claros. Este modelo es ideal para aquellos que buscan un nivel de iluminaci\u00f3n superior a un precio muy asequible.<\/p>\n<p><strong>Rumorrektion med BACCH 3D teknologi<br \/>\n<\/strong>Gracias a su inteligente dise\u00f1o y a la tecnolog\u00eda 3D de BACCH, CANVAS 75\" es perfecto para la comodidad de su hogar, lo que garantiza una luz clara y detallada, incluso en el ron m\u00e1s peque\u00f1o. Este modelo es un ejemplo de que la calidad y el dise\u00f1o compacto pueden ser la clave del \u00e9xito.<\/p>\n<p><strong>Perfecta adaptaci\u00f3n a todos los televisores de 75 pulgadas<\/strong><br \/>\nEl dise\u00f1o del CANVAS 75\" con frontal de aluminio est\u00e1 pensado para complementar y mejorar el nivel del televisor de 75\". Gracias a su dise\u00f1o universal, este modelo garantiza que, independientemente del televisor de 75\" que tenga, el CANVAS 75\" resolver\u00e1 todos sus problemas y le ayudar\u00e1 a mejorar su calidad de sonido. Disfrute de una combinaci\u00f3n armoniosa de calidad visual y auditiva en este televisor.<\/p>\n<p><strong>Fleksibel montering - v\u00e6gh\u00e6ngt eller st\u00e5ende<\/strong><br \/>\nCANVAS 75\" cuenta con un dise\u00f1o elegante y robusto, lo que le permite disfrutar de una gran libertad de movimiento, si desea integrar el sistema en su hogar. Tanto si desea un elegante y elegante dise\u00f1o para una mesa de repuesto, como si prefiere una colocaci\u00f3n tradicional para una simple mesa de trabajo flexible, el CANVAS 75\" con frontal de metal es la opci\u00f3n perfecta para un dise\u00f1o personal y tranquilo. Con estos m\u00f3dulos de montaje flexibles puede ajustar su nivel de iluminaci\u00f3n a la red de su sistema de control de iluminaci\u00f3n y, si lo desea, puede colocar el m\u00f3dulo de montaje flexible y el m\u00f3dulo de montaje frontal en la parte frontal o en la parte trasera de su televisor.<\/p>\n<p>Descubra CANVAS en su tienda online internacional\u00a0<a title=\"CANVAS HiFi\" href=\"https:\/\/canvashifi.com\/es\/\" target=\"_blank\" rel=\"noopener\">www.canvashifi.com<\/a><\/p>","protected":false},"excerpt":{"rendered":"<p>CANVAS er mere end et produkt\u00a0\u2014\u00a0det er en innovativ id\u00e9 Introduktionen af CANVAS 75\" markerer en ny \u00e6ra inden for kompakt og stilfuld\u00a0lydteknologi. Med sin raffinerede mahogni-front er denne model designet til at tilf\u00f8re et touch af elegance til ethvert rum, uden at g\u00e5 p\u00e5 kompromis med lydkvaliteten. Falder perfekt ind i indretningen i en [&hellip;]<\/p>\n","protected":false},"featured_media":6109,"template":"","meta":{"_acf_changed":false},"size":[576],"product_brand":[],"product_cat":[153],"product_tag":[105,99],"farve":[87],"maerker":[],"serier":[],"kampagne":[],"tempcat":[],"class_list":{"0":"post-947","1":"product","2":"type-product","3":"status-publish","4":"has-post-thumbnail","6":"size-576","7":"product_cat-canvas","8":"product_tag-canvas-75","9":"product_tag-quickrequest","10":"product_shipping_class-free","11":"farve-moerk-trae","13":"first","14":"instock","15":"taxable","16":"shipping-taxable","17":"purchasable","18":"product-type-simple"},"acf":[],"_links":{"self":[{"href":"https:\/\/canvashifi.com\/es\/wp-json\/wp\/v2\/product\/947","targetHints":{"allow":["GET"]}}],"collection":[{"href":"https:\/\/canvashifi.com\/es\/wp-json\/wp\/v2\/product"}],"about":[{"href":"https:\/\/canvashifi.com\/es\/wp-json\/wp\/v2\/types\/product"}],"wp:featuredmedia":[{"embeddable":true,"href":"https:\/\/canvashifi.com\/es\/wp-json\/wp\/v2\/media\/6109"}],"wp:attachment":[{"href":"https:\/\/canvashifi.com\/es\/wp-json\/wp\/v2\/media?parent=947"}],"wp:term":[{"taxonomy":"size","embeddable":true,"href":"https:\/\/canvashifi.com\/es\/wp-json\/wp\/v2\/size?post=947"},{"taxonomy":"product_brand","embeddable":true,"href":"https:\/\/canvashifi.com\/es\/wp-json\/wp\/v2\/product_brand?post=947"},{"taxonomy":"product_cat","embeddable":true,"href":"https:\/\/canvashifi.com\/es\/wp-json\/wp\/v2\/product_cat?post=947"},{"taxonomy":"product_tag","embeddable":true,"href":"https:\/\/canvashifi.com\/es\/wp-json\/wp\/v2\/product_tag?post=947"},{"taxonomy":"farve","embeddable":true,"href":"https:\/\/canvashifi.com\/es\/wp-json\/wp\/v2\/farve?post=947"},{"taxonomy":"maerker","embeddable":true,"href":"https:\/\/canvashifi.com\/es\/wp-json\/wp\/v2\/maerker?post=947"},{"taxonomy":"serie","embeddable":true,"href":"https:\/\/canvashifi.com\/es\/wp-json\/wp\/v2\/serier?post=947"},{"taxonomy":"kampagne","embeddable":true,"href":"https:\/\/canvashifi.com\/es\/wp-json\/wp\/v2\/kampagne?post=947"},{"taxonomy":"tempcat","embeddable":true,"href":"https:\/\/canvashifi.com\/es\/wp-json\/wp\/v2\/tempcat?post=947"}],"curies":[{"name":"wp","href":"https:\/\/api.w.org\/{rel}","templated":true}]}}