{"id":952,"date":"2023-10-23T12:44:50","date_gmt":"2023-10-23T10:44:50","guid":{"rendered":"https:\/\/lbs.dk\/cnvshf\/produkt\/canvas-75-umber\/"},"modified":"2026-04-15T08:40:16","modified_gmt":"2026-04-15T06:40:16","slug":"canvas-75-umber","status":"publish","type":"product","link":"https:\/\/canvashifi.com\/es\/products\/canvas-75-umber\/","title":{"rendered":"LIENZO 75\" Umber"},"content":{"rendered":"<h2>CANVAS es s\u00f3lo un producto final\u00a0<span style=\"color: #70757a;font-family: arial, sans-serif;font-size: 14px\">-<\/span>\u00a0es una idea innovadora<\/h2>\n<p>La introducci\u00f3n de CANVAS 75\" marca un nuevo hito en el sector de la tecnolog\u00eda textil elegante y completa. Con su dise\u00f1o\u00a0<em>umber<\/em>\u00a0front erne model designet til at tilf\u00f8re et touch af elegance til ethvert rum, uden at g\u00e5 p\u00e5 kompromis med lydkvaliteten. Falder perfekt ind i indretningen i en hver bolig. CANVAS 75\" es la combinaci\u00f3n perfecta de forma y funcionalidad.<\/p>\n<p><strong>Enest\u00e5ende lydoplevelse med CANVAS<br \/>\n<\/strong>A pesar de su excelente calidad de sonido, CANVAS 75\" est\u00e1 equipado con avanzados componentes de altavoces que proporcionan un nivel de sonido superior al de los sistemas de altavoces m\u00e1s potentes. Los componentes de alta gama de SB Acoustics y su preciso ajuste de la iluminaci\u00f3n hacen que el tono y los detalles sean m\u00e1s n\u00edtidos y claros. Este modelo es ideal para aquellos que buscan un nivel de iluminaci\u00f3n superior a un precio muy asequible.<\/p>\n<p><strong>Rumorrektion med BACCH 3D teknologi<br \/>\n<\/strong>Gracias a su inteligente dise\u00f1o y a la tecnolog\u00eda 3D de BACCH, CANVAS 75\" es perfecto para la comodidad de su hogar, lo que garantiza una luz clara y detallada, incluso en el ron m\u00e1s peque\u00f1o. Este modelo es un ejemplo de que la calidad y el dise\u00f1o compacto pueden ser la clave del \u00e9xito.<\/p>\n<p><strong>Perfecta adaptaci\u00f3n a todos los televisores de 75 pulgadas<\/strong><br \/>\nDesignet af CANVAS 75\" med\u00a0<em>umber<\/em>\u00a0CANVAS 75\" se ha dise\u00f1ado para completar y mejorar la experiencia de TV de 75\". Gracias a su dise\u00f1o universal, CANVAS 75\" garantiza que, independientemente del televisor de 75\" que tenga, integrar\u00e1 todos sus problemas y solucionar\u00e1 sus problemas de audiovisuales. Disfrute de una combinaci\u00f3n armoniosa de calidad visual y auditiva en este televisor.<\/p>\n<p><strong>Fleksibel montering - v\u00e6gh\u00e6ngt eller st\u00e5ende<\/strong><br \/>\nCANVAS 75\" cuenta con un dise\u00f1o elegante y robusto que le permite disfrutar de un amplio espacio de almacenamiento, siempre que desee integrar el sistema en su hogar. Tanto si desea un elegante y elegante dise\u00f1o para un espacio libre, como si prefiere una colocaci\u00f3n tradicional para un espacio de almacenamiento, CANVAS 75\" es la soluci\u00f3n perfecta para usted.\u00a0<em>umber<\/em>\u00a0front alt, hvad du beh\u00f8ver for en personlig og stilfuld ops\u00e6tning. Med disse fleksible monteringsmuligheder kan du skr\u00e6ddersy din lydoplevelse til netop din boligindretning og hvis dine behov med tiden \u00e6ndres sikre fleksibel placering og mulighed for front i anden st\u00f8rrelse eller farve en nem tilpasning til anden tv-st\u00f8rrelse eller placering.<\/p>\n<p>Descubra CANVAS en su tienda online internacional\u00a0<a title=\"CANVAS HiFi\" href=\"https:\/\/canvashifi.com\/es\/\" target=\"_blank\" rel=\"noopener\">www.canvashifi.com<\/a><\/p>","protected":false},"excerpt":{"rendered":"<p>CANVAS er mere end et produkt\u00a0\u2014\u00a0det er en innovativ id\u00e9 Introduktionen af CANVAS 75\" markerer en ny \u00e6ra inden for kompakt og stilfuld\u00a0lydteknologi. Med sin raffinerede\u00a0umber\u00a0front er denne model designet til at tilf\u00f8re et touch af elegance til ethvert rum, uden at g\u00e5 p\u00e5 kompromis med lydkvaliteten. Falder perfekt ind i indretningen i en hver [&hellip;]<\/p>\n","protected":false},"featured_media":4288,"template":"","meta":{"_acf_changed":false},"size":[576],"product_brand":[],"product_cat":[153],"product_tag":[105,99],"farve":[118],"maerker":[],"serier":[],"kampagne":[],"tempcat":[],"class_list":{"0":"post-952","1":"product","2":"type-product","3":"status-publish","4":"has-post-thumbnail","6":"size-576","7":"product_cat-canvas","8":"product_tag-canvas-75","9":"product_tag-quickrequest","10":"product_shipping_class-free","11":"farve-graa","13":"first","14":"instock","15":"taxable","16":"shipping-taxable","17":"purchasable","18":"product-type-simple"},"acf":[],"_links":{"self":[{"href":"https:\/\/canvashifi.com\/es\/wp-json\/wp\/v2\/product\/952","targetHints":{"allow":["GET"]}}],"collection":[{"href":"https:\/\/canvashifi.com\/es\/wp-json\/wp\/v2\/product"}],"about":[{"href":"https:\/\/canvashifi.com\/es\/wp-json\/wp\/v2\/types\/product"}],"wp:featuredmedia":[{"embeddable":true,"href":"https:\/\/canvashifi.com\/es\/wp-json\/wp\/v2\/media\/4288"}],"wp:attachment":[{"href":"https:\/\/canvashifi.com\/es\/wp-json\/wp\/v2\/media?parent=952"}],"wp:term":[{"taxonomy":"size","embeddable":true,"href":"https:\/\/canvashifi.com\/es\/wp-json\/wp\/v2\/size?post=952"},{"taxonomy":"product_brand","embeddable":true,"href":"https:\/\/canvashifi.com\/es\/wp-json\/wp\/v2\/product_brand?post=952"},{"taxonomy":"product_cat","embeddable":true,"href":"https:\/\/canvashifi.com\/es\/wp-json\/wp\/v2\/product_cat?post=952"},{"taxonomy":"product_tag","embeddable":true,"href":"https:\/\/canvashifi.com\/es\/wp-json\/wp\/v2\/product_tag?post=952"},{"taxonomy":"farve","embeddable":true,"href":"https:\/\/canvashifi.com\/es\/wp-json\/wp\/v2\/farve?post=952"},{"taxonomy":"maerker","embeddable":true,"href":"https:\/\/canvashifi.com\/es\/wp-json\/wp\/v2\/maerker?post=952"},{"taxonomy":"serie","embeddable":true,"href":"https:\/\/canvashifi.com\/es\/wp-json\/wp\/v2\/serier?post=952"},{"taxonomy":"kampagne","embeddable":true,"href":"https:\/\/canvashifi.com\/es\/wp-json\/wp\/v2\/kampagne?post=952"},{"taxonomy":"tempcat","embeddable":true,"href":"https:\/\/canvashifi.com\/es\/wp-json\/wp\/v2\/tempcat?post=952"}],"curies":[{"name":"wp","href":"https:\/\/api.w.org\/{rel}","templated":true}]}}