{"id":586,"date":"2024-09-03T15:47:20","date_gmt":"2024-09-03T13:47:20","guid":{"rendered":"https:\/\/lbs.dk\/cnvshf\/?page_id=586"},"modified":"2026-03-02T12:03:57","modified_gmt":"2026-03-02T11:03:57","slug":"designers","status":"publish","type":"page","link":"https:\/\/canvashifi.com\/fi\/designers\/","title":{"rendered":"Design"},"content":{"rendered":"<section class=\"ct-section\">\n\t\t<style>\n\t\t@media (min-width:992px) {\n\t\t\t#le_textmedia_wrapper-block_361e17c15b13ffa41da32310043012b0 .le_textmedia_last {\n\t\t\t\tgrid-column: span 6;\n\t\t\t\tdisplay:flex;\n\t\t\t\talign-items:center;\n\t\t\t}\n\t\t\t#le_textmedia_wrapper-block_361e17c15b13ffa41da32310043012b0 .le_textmedia_first {\n\t\t\t\tgrid-column: span 6;\n\t\t\t}\n\t\t}\n\t<\/style>\n\t\t<div class=\"ct-section-inner-wrap\">\n\t\t<div id=\"le_textmedia_wrapper-block_361e17c15b13ffa41da32310043012b0\" class=\"le_section le_textmedia le_textmedia-img\">\n\t\t\t<div class=\"le_textmedia_first\">\n\t\t\t\t\t<h3>Tanskalainen muotoilu<\/h3>\n<p>CANVAS-suunnittelun perusajatuksena on luoda harmoninen ja toimiva asuintila, jossa juhlitaan yksinkertaisuutta, luonnon elementtej\u00e4 ja minimalismia \u00e4\u00e4nest\u00e4 tinkim\u00e4tt\u00e4. T\u00e4ss\u00e4 suunnittelufilosofiassa korostetaan puhtaita linjoja, neutraalia v\u00e4ripalettia ja luonnonmateriaalien, kuten puun ja luonnon inspiroimien tekstiilien k\u00e4ytt\u00f6\u00e4.<\/p>\n<p>Nordenin inspiroimassa ilmaisussa asetetaan etusijalle my\u00f6s toiminnallisuus ja k\u00e4yt\u00e4nn\u00f6llisyys, ja siin\u00e4 keskityt\u00e4\u00e4n luomaan viihtyisi\u00e4 ja kodikkaita ilmapiirej\u00e4, jotka ilment\u00e4v\u00e4t hygge-k\u00e4sitett\u00e4.\" Kaiken kaikkiaan pohjoismainen muotoilu pyrkii tasapainottamaan esteettisyyden ja toiminnallisuuden ja edist\u00e4m\u00e4\u00e4n samalla kodin rauhallisuutta ja hyvinvointia.<\/p>\n<p>Kun \u00e4\u00e4nih\u00f6rh\u00f6jen tiimimme oli luonut t\u00e4ydellisen \u00e4\u00e4nentoiston, sisustush\u00f6rh\u00f6jen tiimi sai teht\u00e4v\u00e4kseen suunnitella t\u00e4ydelliset kehykset klassisen tanskalaisen muotoilun pohjalta.<\/p>\n\t\t\t<\/div>\n\t\t\t<div class=\"le_textmedia_last medie-left round\">\n\t\t\t\t\t\t\t\t\t<img decoding=\"async\" src=\"https:\/\/6kutttnx.photoncache.com\/wp-content\/uploads\/sites\/5\/2024\/09\/designcanvas21-1024x1024.jpg\" alt=\"\" \/>\n\t\t\t\t\t\t\t<\/div>\n\t\t<\/div>\n\t\t<\/div>\n\t<\/section>\n\t\n\n\t<section class=\"ct-section\">\n\t\t<style>\n\t\t@media (min-width:992px) {\n\t\t\t#le_textmedia_wrapper-block_f611a1fc5ea450653978c281940316d6 .le_textmedia_last {\n\t\t\t\tgrid-column: span 6;\n\t\t\t\tdisplay:flex;\n\t\t\t\talign-items:center;\n\t\t\t}\n\t\t\t#le_textmedia_wrapper-block_f611a1fc5ea450653978c281940316d6 .le_textmedia_first {\n\t\t\t\tgrid-column: span 6;\n\t\t\t}\n\t\t}\n\t<\/style>\n\t\t<div class=\"ct-section-inner-wrap\">\n\t\t<div id=\"le_textmedia_wrapper-block_f611a1fc5ea450653978c281940316d6\" class=\"le_section le_textmedia le_textmedia-img\">\n\t\t\t<div class=\"le_textmedia_first\">\n\t\t\t\t\t<h3>Anne Fabricius M\u00f8ller<\/h3>\n<p>Annen poikkeuksellinen lahjakkuus on saanut tunnustusta maailmanlaajuisesti. H\u00e4n on arvostettu Octo Gruppe -ryhm\u00e4n j\u00e4sen, joka on esitellyt t\u00f6it\u00e4\u00e4n n\u00e4yttelyiss\u00e4 ymp\u00e4ri maailmaa. N\u00e4yttelyiden lis\u00e4ksi h\u00e4nen taidettaan on esill\u00e4 Tanskan taide- ja designmuseossa ja arvostetussa Drud &amp; K\u00f8ppe -galleriassa K\u00f6\u00f6penhaminassa.<\/p>\n<p>Palkinnot, kuten biennaalipalkinto, ja apurahat, kuten Tanskan valtion taides\u00e4\u00e4ti\u00f6n tuki, ovat osoitus Annen poikkeuksellisista kyvyist\u00e4. H\u00e4nen vaikutuksensa ulottuu kehuja laajemmalle - se sis\u00e4ltyy n\u00e4ihin arvostettuihin tunnustuksiin.<\/p>\n<p>Annen vaikutus ei rajoitu gallerioihin, vaan se on pysyv\u00e4 osa taideinstituutioita. H\u00e4nen matkansa on osoitus vankkumattomasta omistautumisesta, ja h\u00e4n on j\u00e4tt\u00e4nyt l\u00e4htem\u00e4tt\u00f6m\u00e4n j\u00e4ljen kansainv\u00e4liseen taidekentt\u00e4\u00e4n.<\/p>\n\t\t\t<\/div>\n\t\t\t<div class=\"le_textmedia_last medie-right round\">\n\t\t\t\t\t\t\t\t\t<img decoding=\"async\" src=\"https:\/\/6kutttnx.photoncache.com\/wp-content\/uploads\/sites\/5\/2024\/09\/anne1500x15001.jpg\" alt=\"\" \/>\n\t\t\t\t\t\t\t<\/div>\n\t\t<\/div>\n\t\t<\/div>\n\t<\/section>\n\t\n\n\t<section class=\"ct-section\">\n\t\t<style>\n\t\t@media (min-width:992px) {\n\t\t\t#le_textmedia_wrapper-block_34b8bf1290c6326f3d97560581d23e10 .le_textmedia_last {\n\t\t\t\tgrid-column: span 6;\n\t\t\t\tdisplay:flex;\n\t\t\t\talign-items:center;\n\t\t\t}\n\t\t\t#le_textmedia_wrapper-block_34b8bf1290c6326f3d97560581d23e10 .le_textmedia_first {\n\t\t\t\tgrid-column: span 6;\n\t\t\t}\n\t\t}\n\t<\/style>\n\t\t<div class=\"ct-section-inner-wrap\">\n\t\t<div id=\"le_textmedia_wrapper-block_34b8bf1290c6326f3d97560581d23e10\" class=\"le_section le_textmedia le_textmedia-img\">\n\t\t\t<div class=\"le_textmedia_first\">\n\t\t\t\t\t<h3>Suunnittelee Anne<\/h3>\n<p>Anne Fabricius M\u00f8ller, joka on tunnettu upeista tekstiilimalleistaan, tuo luovuuden CANVAS HiFi -kaiuttimiin, mik\u00e4 tuo kuuntelukokemukseen visuaalista vieh\u00e4tyst\u00e4. Kvadratin valmistamat\u00a0<a title=\"https:\/\/www.canvashifi.com\/products\/canvas-65?variant=47041698464052\" href=\"\/fi\/product\/canvas-65-burnt-umber\/\">Burnt Umber<\/a>,\u00a0<a title=\"https:\/\/www.canvashifi.com\/products\/canvas-65?variant=47041698398516\" href=\"\/fi\/product\/canvas-65-light-green\/\">Light Green<\/a>,\u00a0<a title=\"https:\/\/www.canvashifi.com\/products\/canvas-65?variant=47041698496820\" href=\"\/fi\/product\/canvas-65-organic-green\/\">Organic Green<\/a>\u00a0heijastavat h\u00e4nen ainutlaatuista kosketustaan, jossa tyyli ja k\u00e4yt\u00e4nn\u00f6llisyys yhdistyv\u00e4t saumattomasti.<\/p>\n<p>N\u00e4m\u00e4 kaiuttimet eiv\u00e4t ole vain \u00e4\u00e4nentoistoa, vaan ne ovat kankaita Annen taiteellisuudelle. Kun kuuntelet, h\u00e4nen mallinsa luovat visuaalisesti miellytt\u00e4v\u00e4n ilmapiirin, joka parantaa jokaista kuulohetke\u00e4. Se on yksinkertainen mutta t\u00e4ydellinen yhdistelm\u00e4 taidetta ja toimintaa, joka muuttaa musiikista nauttimisen tapamme.<\/p>\n<p>Anne Fabricius M\u00f8llerin yhteisty\u00f6 CANVAS HiFi -yhti\u00f6n kanssa on yksinkertaisuuden ja luovuuden juhlaa. Jokainen v\u00e4ri ja kuvio kertoo vaatimattoman mutta vieh\u00e4tt\u00e4v\u00e4n tarinan, joka korostaa sek\u00e4 kaiuttimia ett\u00e4 kuuntelun iloa. Valmistaudu \u00e4\u00e4nen ja muotoilun taikaan!<\/p>\n\t\t\t\t\t\t\t<a href=\"\/fi\/products\/\" class=\"le_btn le_btn_trans_b\">Tutustu julkisivumalleihimme<\/a>\n\t\t\t\t\t\t\t\t\t<\/div>\n\t\t\t<div class=\"le_textmedia_last medie-left round\">\n\t\t\t\t\t\t\t\t\t<img decoding=\"async\" src=\"https:\/\/6kutttnx.photoncache.com\/wp-content\/uploads\/sites\/5\/2024\/09\/annefront21-1024x1024.jpg\" alt=\"\" \/>\n\t\t\t\t\t\t\t<\/div>\n\t\t<\/div>\n\t\t<\/div>\n\t<\/section>\n\t\n\n\t<section class=\"ct-section\">\n\t\t<style>\n\t\t@media (min-width:992px) {\n\t\t\t#le_textmedia_wrapper-block_c395bd499e61482547a650fc4a41f34e .le_textmedia_last {\n\t\t\t\tgrid-column: span 6;\n\t\t\t\tdisplay:flex;\n\t\t\t\talign-items:center;\n\t\t\t}\n\t\t\t#le_textmedia_wrapper-block_c395bd499e61482547a650fc4a41f34e .le_textmedia_first {\n\t\t\t\tgrid-column: span 6;\n\t\t\t}\n\t\t}\n\t<\/style>\n\t\t<div class=\"ct-section-inner-wrap\">\n\t\t<div id=\"le_textmedia_wrapper-block_c395bd499e61482547a650fc4a41f34e\" class=\"le_section le_textmedia le_textmedia-img\">\n\t\t\t<div class=\"le_textmedia_first\">\n\t\t\t\t\t<h3>Cristian Zuzunaga<\/h3>\n<p>Cristian Zuzunagan suunnitteluseikkailu alkoi opiskelemalla typografiaa ja graafista suunnittelua London College of Communicationissa ja Royal College of Artissa Lontoossa. Nyky\u00e4\u00e4n h\u00e4n liikkuu Barcelonan ja Lontoon vilkkaiden kulttuurikenttien v\u00e4lill\u00e4 ja l\u00f6yt\u00e4\u00e4 inspiraatiota nykyaikaisen el\u00e4m\u00e4n monimutkaisesta kudelmasta ja maailmankaupunkien arkkitehtonisista harmonioista.<\/p>\n<p>Maailmassa, jossa rajat h\u00e4lvenev\u00e4t ja luovuus ei tunne rajoja, Cristian Zuzunaga ottaa johtavan roolin ja yhdist\u00e4\u00e4 saumattomasti taiteen, muodin ja muotoilun luovaksi seokseksi. T\u00e4m\u00e4 fuusio ei muuta vain sit\u00e4, miten n\u00e4emme asiat, vaan my\u00f6s sit\u00e4, miten tunnemme ja kosketamme niit\u00e4, ja m\u00e4\u00e4rittelee uudelleen aikamme olemuksen.<\/p>\n<p>Zuzunagan luova matka heijastelee n\u00e4iden kahden kaupungin v\u00e4lill\u00e4 vallitsevaa nousu- ja laskuvirtausta ja vangitsee ja heijastaa kummankin kaupungin ainutlaatuista henke\u00e4. Rajoitusten yli kehittyv\u00e4ss\u00e4 maailmassa Zuzunagan luova kyky seisoo korkealla ja ilment\u00e4\u00e4 nykyajan luovuuden hillit\u00f6nt\u00e4 henke\u00e4.<\/p>\n\t\t\t<\/div>\n\t\t\t<div class=\"le_textmedia_last medie-right round\">\n\t\t\t\t\t\t\t\t\t<img decoding=\"async\" src=\"https:\/\/6kutttnx.photoncache.com\/wp-content\/uploads\/sites\/5\/2024\/09\/christian1500x15001-1024x1024.jpg\" alt=\"\" \/>\n\t\t\t\t\t\t\t<\/div>\n\t\t<\/div>\n\t\t<\/div>\n\t<\/section>\n\t\n\n\t<section class=\"ct-section\">\n\t\t<style>\n\t\t@media (min-width:992px) {\n\t\t\t#le_textmedia_wrapper-block_1feb7b34d007ab7a1a49f756736ecd2e .le_textmedia_last {\n\t\t\t\tgrid-column: span 6;\n\t\t\t\tdisplay:flex;\n\t\t\t\talign-items:center;\n\t\t\t}\n\t\t\t#le_textmedia_wrapper-block_1feb7b34d007ab7a1a49f756736ecd2e .le_textmedia_first {\n\t\t\t\tgrid-column: span 6;\n\t\t\t}\n\t\t}\n\t<\/style>\n\t\t<div class=\"ct-section-inner-wrap\">\n\t\t<div id=\"le_textmedia_wrapper-block_1feb7b34d007ab7a1a49f756736ecd2e\" class=\"le_section le_textmedia le_textmedia-img\">\n\t\t\t<div class=\"le_textmedia_first\">\n\t\t\t\t\t<h3>Zuzunagan mallit<\/h3>\n<p>Valitsemalla Cristianin monipuolisesta tekstiilimallistosta sinulla on mahdollisuus muokata CANVAS HiFi -mallistoasi, joka heijastaa ilmaisua, joka t\u00e4ydent\u00e4\u00e4 t\u00e4ydellisesti henkil\u00f6kohtaista tyyli\u00e4si ja sisustustasi. Olipa kyseess\u00e4 n\u00e4ytt\u00e4v\u00e4\u00a0<a title=\"https:\/\/www.canvashifi.com\/products\/canvas-65?variant=47041698300212\" href=\"\/fi\/product\/canvas-65-structure-grey\/\">Structure Grey<\/a>, kutsuvat s\u00e4vyt\u00a0<a title=\"https:\/\/www.canvashifi.com\/products\/canvas-65?variant=47041698365748\" href=\"\/fi\/product\/canvas-65-ocean-grey\/\">Ocean Grey<\/a>,\u00a0<a title=\"https:\/\/www.canvashifi.com\/products\/canvas-65?variant=47041698332980\" href=\"\/fi\/product\/canvas-65-dark-blue\/\">Dark Blue<\/a>,\u00a0<a title=\"https:\/\/www.canvashifi.com\/products\/canvas-65?variant=47041698431284\" href=\"\/fi\/product\/canvas-65-umber\/\">Umber<\/a>\u00a0tai rauhallinen\u00a0<a title=\"https:\/\/www.canvashifi.com\/products\/canvas-65?variant=47041698529588\" href=\"\/fi\/product\/canvas-65-milled-ochre\/\">Milled Ochre<\/a>, kukin Cristian Zuzunagan huolellisesti valmistama ja Kvadratin tuottama malli antaa tilallesi omaleimaisen s\u00e4v\u00e4yksen. Nosta CANVAS henkil\u00f6kohtaiseksi mestariteokseksi, joka ei vain kiehdo visuaalisesti vaan my\u00f6s vaivattomasti sulautuu omaan makuun ja kodin sisustukseen luoden harmonisen ilmapiirin.<\/p>\n<p>Tutustu r\u00e4\u00e4t\u00e4l\u00f6innin taiteeseen, jolloin CANVASista voi tulla lausekappale - todiste yksil\u00f6llisyydest\u00e4si muotoilun ja henkil\u00f6kohtaisen ilmaisun saralla.<\/p>\n\t\t\t\t\t\t\t<a href=\"\/fi\/products\/\" class=\"le_btn le_btn_trans_b\">Tutustu julkisivumalleihimme<\/a>\n\t\t\t\t\t\t\t\t\t<\/div>\n\t\t\t<div class=\"le_textmedia_last medie-left round\">\n\t\t\t\t\t\t\t\t\t<img decoding=\"async\" src=\"https:\/\/6kutttnx.photoncache.com\/wp-content\/uploads\/sites\/5\/2024\/09\/christianfronte1-1024x1024.jpg\" alt=\"\" \/>\n\t\t\t\t\t\t\t<\/div>\n\t\t<\/div>\n\t\t<\/div>\n\t<\/section>\n\t\n\n\t<section class=\"ct-section\">\n\t\t<style>\n\t\t@media (min-width:992px) {\n\t\t\t#le_textmedia_wrapper-block_437cc71a19157c85c87648fdeda838b6 .le_textmedia_last {\n\t\t\t\tgrid-column: span 6;\n\t\t\t\tdisplay:flex;\n\t\t\t\talign-items:center;\n\t\t\t}\n\t\t\t#le_textmedia_wrapper-block_437cc71a19157c85c87648fdeda838b6 .le_textmedia_first {\n\t\t\t\tgrid-column: span 6;\n\t\t\t}\n\t\t}\n\t<\/style>\n\t\t<div class=\"ct-section-inner-wrap\">\n\t\t<div id=\"le_textmedia_wrapper-block_437cc71a19157c85c87648fdeda838b6\" class=\"le_section le_textmedia le_textmedia-img\">\n\t\t\t<div class=\"le_textmedia_first\">\n\t\t\t\t\t<h3>Susanne Helberg<\/h3>\n<p>Sisustussuunnittelijana Susanne on viett\u00e4nyt lukuisia vuosia tutustuen l\u00e4hes kaikkiin tanskalaisiin huonekalutaiteen klassikoihin. H\u00e4n on hy\u00f6dynt\u00e4nyt laajaa kokemustaan, ja h\u00e4nell\u00e4 on ollut keskeinen rooli CANVASin lopullisen suunnittelun muotoilussa. T\u00e4m\u00e4 k\u00e4sitt\u00e4\u00e4 muodon, materiaalivalintojen, v\u00e4rivaihtoehtojen ja k\u00e4yt\u00e4nn\u00f6n toiminnallisuuden monimutkaiset yksityiskohdat, jotka huipentuvat ainutlaatuiseen ratkaisuun, joka on m\u00e4\u00e4ritellyt uudelleen todellisen Hi-Fi-\u00e4\u00e4nen integroinnin hyv\u00e4n sisustuksen piiriin.<\/p>\n<p>Lopputulos on osoittautunut niin onnistuneeksi, ett\u00e4 ajatus kodin sisustamisesta aidolla ja laadukkaalla Hi-Fi:ll\u00e4 on muuttunut visuaalisesta v\u00e4ltt\u00e4m\u00e4tt\u00f6myydest\u00e4 muuttuvaksi elementiksi, joka aidosti parantaa kokonaisestetiikkaa. Susannen asiantuntemus ei ole vain parantanut kuulokokemusta, vaan my\u00f6s integroinut sen saumattomasti sisustuksen visuaaliseen kudokseen ja osoittanut, miten huolelliset suunnitteluvalinnat voivat mullistaa teknologian ja estetiikan risteyskohdan.<\/p>\n\t\t\t<\/div>\n\t\t\t<div class=\"le_textmedia_last medie-right round\">\n\t\t\t\t\t\t\t\t\t<img decoding=\"async\" src=\"https:\/\/6kutttnx.photoncache.com\/wp-content\/uploads\/sites\/5\/2024\/09\/Susanne1500x15001-1024x1024.jpg\" alt=\"\" \/>\n\t\t\t\t\t\t\t<\/div>\n\t\t<\/div>\n\t\t<\/div>\n\t<\/section>\n\t\n\n\t<section class=\"ct-section\">\n\t\t<style>\n\t\t@media (min-width:992px) {\n\t\t\t#le_textmedia_wrapper-block_273a3f72e9a02ee3da9e3be3946d892c .le_textmedia_last {\n\t\t\t\tgrid-column: span 6;\n\t\t\t\tdisplay:flex;\n\t\t\t\talign-items:center;\n\t\t\t}\n\t\t\t#le_textmedia_wrapper-block_273a3f72e9a02ee3da9e3be3946d892c .le_textmedia_first {\n\t\t\t\tgrid-column: span 6;\n\t\t\t}\n\t\t}\n\t<\/style>\n\t\t<div class=\"ct-section-inner-wrap\">\n\t\t<div id=\"le_textmedia_wrapper-block_273a3f72e9a02ee3da9e3be3946d892c\" class=\"le_section le_textmedia le_textmedia-img\">\n\t\t\t<div class=\"le_textmedia_first\">\n\t\t\t\t\t<h3>Helberg suunnittelemat mallit<\/h3>\n<p>Huolellisesti kuratoidut materiaalit, mukaan lukien arvostetun tanskalaisen Kvadrat-tekstiilimerkin valikoimat, ja paikallisten tanskalaisten k\u00e4sity\u00f6l\u00e4isten valmistamat puiset etulevyt m\u00e4\u00e4rittelev\u00e4t CANVASin olemuksen. Monipuolinen v\u00e4rivalikoima, jossa on\u00a0<a title=\"https:\/\/www.canvashifi.com\/products\/canvas-65?variant=47041698562356\" href=\"\/fi\/product\/canvas-65-light-oak\/\">Light Oak<\/a>,\u00a0<a title=\"https:\/\/www.canvashifi.com\/products\/canvas-65?variant=47302688014644\" href=\"\/fi\/product\/canvas-65-walnut\/\">Walnut<\/a>\u00a0ja\u00a0<a title=\"https:\/\/www.canvashifi.com\/products\/canvas-65?variant=47041698595124\" href=\"\/fi\/product\/canvas-65-mahogany\/\">Mahogany<\/a>, kuvastaa Susanne Helbergin huolellista suunnittelua. T\u00e4m\u00e4 harkittu l\u00e4hestymistapa takaa saumattoman integroitumisen nykyiseen sisustukseen, mutta tarjoaa my\u00f6s joustavuutta muuttaa estetiikkaa, jos p\u00e4\u00e4t\u00e4t muuttaa tyyli\u00e4si.<\/p>\n<p>Yhteisty\u00f6 Kvadratin kanssa merkitsee sitoutumista laatuun ja tanskalaista k\u00e4sity\u00f6taitoa. Paikallisten k\u00e4sity\u00f6l\u00e4isten mukanaolo lis\u00e4\u00e4 aitoutta jokaiseen kappaleeseen, joten CANVAS ei ole pelkk\u00e4 kaiutin vaan harmoninen sekoitus muotoilua ja taiteellisuutta. Hyv\u00e4ksy v\u00e4rien ja materiaalien monipuolisuus tiet\u00e4en, ett\u00e4 CANVAS ei ole vain nykyisen tyylisi heijastus, vaan my\u00f6s kangas tuleville muutoksille, jolloin tilasi voi kehitty\u00e4 ajan my\u00f6t\u00e4 suunnittelutottumuksiesi mukaan.<\/p>\n\t\t\t\t\t\t\t<a href=\"\/fi\/products\/\" class=\"le_btn le_btn_trans_b\">Tutustu julkisivumalleihimme<\/a>\n\t\t\t\t\t\t\t\t\t<\/div>\n\t\t\t<div class=\"le_textmedia_last medie-left round\">\n\t\t\t\t\t\t\t\t\t<img decoding=\"async\" src=\"https:\/\/6kutttnx.photoncache.com\/wp-content\/uploads\/sites\/5\/2024\/09\/egwrhtjehwr1.jpg\" alt=\"\" \/>\n\t\t\t\t\t\t\t<\/div>\n\t\t<\/div>\n\t\t<\/div>\n\t<\/section>\n\t\n\n\t<section class=\"ct-section\">\n\t\t<style>\n\t\t@media (min-width:992px) {\n\t\t\t#le_textmedia_wrapper-block_c29818436f363617da343da98e460634 .le_textmedia_last {\n\t\t\t\tgrid-column: span 6;\n\t\t\t\tdisplay:flex;\n\t\t\t\talign-items:center;\n\t\t\t}\n\t\t\t#le_textmedia_wrapper-block_c29818436f363617da343da98e460634 .le_textmedia_first {\n\t\t\t\tgrid-column: span 6;\n\t\t\t}\n\t\t}\n\t<\/style>\n\t\t<div class=\"ct-section-inner-wrap\">\n\t\t<div id=\"le_textmedia_wrapper-block_c29818436f363617da343da98e460634\" class=\"le_section le_textmedia le_textmedia-video\">\n\t\t\t<div class=\"le_textmedia_first\">\n\t\t\t\t\t<h3>Kaunis my\u00f6s takaap\u00e4in<\/h3>\n<p>CANVAS-yleistelevisioteline on tyylikk\u00e4\u00e4n ja k\u00e4yt\u00e4nn\u00f6llisen muotoilun ruumiillistuma. Sano hyv\u00e4stit laatikoiden ja johtojen ruma sotku, joka usein vaivaa viihdelaitteita.<\/p>\n<p>T\u00e4ss\u00e4 innovatiivisessa telineess\u00e4 on piilotettu tila, joka on taitavasti integroitu n\u00e4yt\u00f6n taakse, mik\u00e4 tarjoaa huomaamattoman ratkaisun elektroniikan, johtojen ja pistorasioiden s\u00e4ilytt\u00e4miseen. Sinun ei en\u00e4\u00e4 tarvitse siet\u00e4\u00e4 sotkeutuneiden johtojen tai sotkuisten tilojen kaaosta television takana.<\/p>\n<p>CANVASin ansiosta viihdej\u00e4rjestelm\u00e4si huokuu eleganssia ja siisteytt\u00e4. Nauti saumattomasta katselukokemuksesta tinkim\u00e4tt\u00e4 estetiikasta. Muuta asuintilasi yksinkertaisuuden ja hienostuneisuuden tyyssijaksi CANVAS-yleistelevisiotelineell\u00e4 \u2013 sill\u00e4 kukapa ei arvostaisi sotkutonta ymp\u00e4rist\u00f6\u00e4? Nosta kotisi viihdej\u00e4rjestelm\u00e4\u00e4si t\u00e4ll\u00e4 harkiten suunnitellulla ratkaisulla, jossa muoto kohtaa toiminnon vaivattomasti.<\/p>\n\t\t\t\t\t\t\t<a href=\"\/fi\/products\/\" class=\"le_btn le_btn_trans_b\">Tutustu CANVAS HiFi<\/a>\n\t\t\t\t\t\t\t\t\t<\/div>\n\t\t\t<div class=\"le_textmedia_last medie-right round\">\n\t\t\t\t\t\t\t\t\t<div class=\"le_videogrid autoplay muted playsinline loop\">\n\t\t\t\t\t\t<div class=\"le_videogrid_video_outer\" data-video=\"va5dcc6f5\">\n\t\t\t\t\t\t\t<video class=\"plyr videogrid_video\" data-poster=\"\" autoplay muted playsinline loop controlslist=\"nodownload noplaybackrate nopictureinpicture\" disablepictureinpicture preload=\"none\">\n\t\t\t\t\t\t\t\t<source src=\"https:\/\/6kutttnx.photoncache.com\/wp-content\/uploads\/sites\/5\/2024\/09\/75105554c3c946a4bf9a719932d967d1.HD-1080p-4.8Mbps-22498370.mp4\" type=\"video\/mp4\">\n\t\t\t\t\t\t\t<\/video>\n\t\t\t\t\t\t<\/div>\n\t\t\t\t\t<\/div>\n\t\t\t\t\t\t\t<\/div>\n\t\t<\/div>\n\t\t<\/div>\n\t<\/section>\n\t\n\n\t<section class=\"ct-section\">\n\t\t<style>\n\t\t@media (min-width:992px) {\n\t\t\t#le_textmedia_wrapper-block_06102a06c3a69f9402f90b63fc85fb9f .le_textmedia_last {\n\t\t\t\tgrid-column: span 6;\n\t\t\t\tdisplay:flex;\n\t\t\t\talign-items:center;\n\t\t\t}\n\t\t\t#le_textmedia_wrapper-block_06102a06c3a69f9402f90b63fc85fb9f .le_textmedia_first {\n\t\t\t\tgrid-column: span 6;\n\t\t\t}\n\t\t}\n\t<\/style>\n\t\t<div class=\"ct-section-inner-wrap\">\n\t\t<div id=\"le_textmedia_wrapper-block_06102a06c3a69f9402f90b63fc85fb9f\" class=\"le_section le_textmedia le_textmedia-img\">\n\t\t\t<div class=\"le_textmedia_first\">\n\t\t\t\t\t<h3>Tulevaisuuden kest\u00e4v\u00e4 muotoilu<\/h3>\n<p>Ainutlaatuinen hybriditeline\/sein\u00e4kiinnikkeen ja yleiss\u00e4\u00e4dett\u00e4v\u00e4n TV-kannattimen yhdistelm\u00e4 varmistaa, ett\u00e4 CANVAS voidaan mukauttaa television tarpeisiin paitsi nyt my\u00f6s tulevaisuudessa. Riippumatta siit\u00e4, haluatko muuttaa televisiosi mallia tai kokoa, CANVAS voidaan mukauttaa. Ja jos haluat olohuoneeseen t\u00e4ysin uuden ilmeen, voit vaihtaa etuosan juuri sinulle sopivaan ilmeeseen milloin tahansa.<\/p>\n\t\t\t\t\t\t\t<a href=\"\/fi\/products\/\" class=\"le_btn le_btn_trans_b\">Tutustu CANVAS HiFi<\/a>\n\t\t\t\t\t\t\t\t\t<\/div>\n\t\t\t<div class=\"le_textmedia_last medie-left round\">\n\t\t\t\t\t\t\t\t\t<img decoding=\"async\" src=\"https:\/\/6kutttnx.photoncache.com\/wp-content\/uploads\/sites\/5\/2024\/09\/placeholder1.jpg\" alt=\"\" \/>\n\t\t\t\t\t\t\t<\/div>\n\t\t<\/div>\n\t\t<\/div>\n\t<\/section>\n\t\n\n\t<section class=\"ct-section\">\n\t\t<style>\n\t\t@media (min-width:992px) {\n\t\t\t#le_textmedia_wrapper-block_49e6d4581017973bad61f2b3ebd4c439 .le_textmedia_last {\n\t\t\t\tgrid-column: span 6;\n\t\t\t\tdisplay:flex;\n\t\t\t\talign-items:center;\n\t\t\t}\n\t\t\t#le_textmedia_wrapper-block_49e6d4581017973bad61f2b3ebd4c439 .le_textmedia_first {\n\t\t\t\tgrid-column: span 6;\n\t\t\t}\n\t\t}\n\t<\/style>\n\t\t<div class=\"ct-section-inner-wrap\">\n\t\t<div id=\"le_textmedia_wrapper-block_49e6d4581017973bad61f2b3ebd4c439\" class=\"le_section le_textmedia le_textmedia-video\">\n\t\t\t<div class=\"le_textmedia_first\">\n\t\t\t\t\t<h3>Sopii t\u00e4ydellisesti televisioon<\/h3>\n<p>Saatavana useita eri kokoja, kuten 55\", 65\", 75\", 77\", 83\" ja 85\". CANVAS integroituu saumattomasti ja hienostuneesti televisioosi. Nosta kotiviihteesi uusiin korkeuksiin CANVAS:n avulla.<\/p>\n\t\t\t\t\t\t\t<a href=\"\/fi\/products\/\" class=\"le_btn le_btn_trans_b\">Tutustu CANVAS HiFi<\/a>\n\t\t\t\t\t\t\t\t\t<\/div>\n\t\t\t<div class=\"le_textmedia_last medie-right round\">\n\t\t\t\t\t\t\t\t\t<div class=\"le_videogrid autoplay muted playsinline loop\">\n\t\t\t\t\t\t<div class=\"le_videogrid_video_outer\" data-video=\"v91e5f22b\">\n\t\t\t\t\t\t\t<video class=\"plyr videogrid_video\" data-poster=\"\" autoplay muted playsinline loop controlslist=\"nodownload noplaybackrate nopictureinpicture\" disablepictureinpicture preload=\"none\">\n\t\t\t\t\t\t\t\t<source src=\"https:\/\/6kutttnx.photoncache.com\/wp-content\/uploads\/sites\/5\/2024\/09\/344c13485922490ea47d129b0e59ef9e.HD-1080p-7.2Mbps-17943780-3.mp4\" type=\"video\/mp4\">\n\t\t\t\t\t\t\t<\/video>\n\t\t\t\t\t\t<\/div>\n\t\t\t\t\t<\/div>\n\t\t\t\t\t\t\t<\/div>\n\t\t<\/div>\n\t\t<\/div>\n\t<\/section>\n\t\n\n\t<section class=\"ct-section\">\n\t\t<style>\n\t\t@media (min-width:992px) {\n\t\t\t#le_textmedia_wrapper-block_55aaa1f2984f395136388a7ad19c5869 .le_textmedia_last {\n\t\t\t\tgrid-column: span 6;\n\t\t\t\tdisplay:flex;\n\t\t\t\talign-items:center;\n\t\t\t}\n\t\t\t#le_textmedia_wrapper-block_55aaa1f2984f395136388a7ad19c5869 .le_textmedia_first {\n\t\t\t\tgrid-column: span 6;\n\t\t\t}\n\t\t}\n\t<\/style>\n\t\t<div class=\"ct-section-inner-wrap\">\n\t\t<div id=\"le_textmedia_wrapper-block_55aaa1f2984f395136388a7ad19c5869\" class=\"le_section le_textmedia le_textmedia-img\">\n\t\t\t<div class=\"le_textmedia_first\">\n\t\t\t\t\t<h3>Tutustu CANVAS iin olohuoneessasi<\/h3>\n<p>Oletko t\u00e4ll\u00e4 hetkell\u00e4 haasteena valita CANVAS HiFi -laitteeseesi optimaalinen etuv\u00e4ri ja -koko?<\/p>\n<p>Esittelemme sinulle yksinkertaisen mutta tehokkaan ratkaisun, jolla arvailut voidaan vaivattomasti poistaa. Kuvittele ja r\u00e4\u00e4t\u00e4l\u00f6i kotiisi t\u00e4ydellinen kokonaisuus lis\u00e4tyn todellisuuden (Augmented Reality, AR) innovatiivisen k\u00e4yt\u00f6n avulla. Uppoudu virtuaaliseen kokemukseen, joka tarjoaa selke\u00e4n ja itsevarman esikatselun siit\u00e4, miten CANVAS HiFi integroituu saumattomasti asuintilaasi.<\/p>\n\t\t\t\t\t\t\t<a href=\"\/fi\/visualize-canvas\/\" class=\"le_btn le_btn_trans_b\">Klikkaa visualisoidaksesi<\/a>\n\t\t\t\t\t\t\t\t\t<\/div>\n\t\t\t<div class=\"le_textmedia_last medie-left round\">\n\t\t\t\t\t\t\t\t\t<img decoding=\"async\" src=\"https:\/\/6kutttnx.photoncache.com\/wp-content\/uploads\/sites\/5\/2024\/09\/AR_visualisering1-1024x683.jpg\" alt=\"\" \/>\n\t\t\t\t\t\t\t<\/div>\n\t\t<\/div>\n\t\t<\/div>\n\t<\/section>","protected":false},"excerpt":{"rendered":"","protected":false},"author":1,"featured_media":0,"parent":0,"menu_order":0,"comment_status":"closed","ping_status":"closed","template":"","meta":{"_acf_changed":false,"footnotes":""},"class_list":["post-586","page","type-page","status-publish","hentry"],"acf":[],"_links":{"self":[{"href":"https:\/\/canvashifi.com\/fi\/wp-json\/wp\/v2\/pages\/586","targetHints":{"allow":["GET"]}}],"collection":[{"href":"https:\/\/canvashifi.com\/fi\/wp-json\/wp\/v2\/pages"}],"about":[{"href":"https:\/\/canvashifi.com\/fi\/wp-json\/wp\/v2\/types\/page"}],"author":[{"embeddable":true,"href":"https:\/\/canvashifi.com\/fi\/wp-json\/wp\/v2\/users\/1"}],"replies":[{"embeddable":true,"href":"https:\/\/canvashifi.com\/fi\/wp-json\/wp\/v2\/comments?post=586"}],"version-history":[{"count":0,"href":"https:\/\/canvashifi.com\/fi\/wp-json\/wp\/v2\/pages\/586\/revisions"}],"wp:attachment":[{"href":"https:\/\/canvashifi.com\/fi\/wp-json\/wp\/v2\/media?parent=586"}],"curies":[{"name":"wp","href":"https:\/\/api.w.org\/{rel}","templated":true}]}}