{"id":706,"date":"2024-09-04T15:15:21","date_gmt":"2024-09-04T13:15:21","guid":{"rendered":"https:\/\/lbs.dk\/cnvshf\/?page_id=706"},"modified":"2026-01-19T08:18:12","modified_gmt":"2026-01-19T07:18:12","slug":"taxes-vat","status":"publish","type":"page","link":"https:\/\/canvashifi.com\/fi\/support\/taxes-vat\/","title":{"rendered":"Verot \/ alv"},"content":{"rendered":"<section class=\"ct-section\" style=\"color:#ffffff; background-color:rgb(0,0,0)\">\n\t\t<div class=\"ct-section-inner-wrap\">\n\t\t\t<div id=\"le_fulltext_wrapper-block_27e93699e8e29ef41d872ec1977a90d4\" class=\"le_section le_fulltext\">\n\t\t\t\t\t\t\t\t\t\t<div class=\"le_fulltext_first le_w50 le_ta_left\">\n\t\t\t\t\t\t\t<p class=\"bold\"><strong>Tuonti ja verot<\/strong><\/p>\n<h1>Maailmanlaajuinen yksinkertaisuus - kaikki katettu, ei yll\u00e4tyksi\u00e4!<\/h1>\n<p translate=\"no\">Meill\u00e4 on varastoja EU:ssa. Jos et ole EU:n alueella, tuote tuodaan sinun nimiss\u00e4si. Saat tuontilaskun, joka kattaa kaikki paikalliset verot ja tullit, jotka sinun on aluksi maksettava. Tarjoudumme kuitenkin palauttamaan ne sinulle. Sinun tarvitsee vain l\u00e4hett\u00e4\u00e4 meille s\u00e4hk\u00f6postia osoitteeseen: <a title=\"mailto:hello@canvashifi.com\" href=\"mailto:hello@canvashifi.com\">hello@canvashifi.com<\/a> , jossa on tilausnumerosi ja kuva tuontilaskusta liitteen\u00e4. Siirr\u00e4mme sitten summan ostamiseen k\u00e4ytetylle luotto-\/pankkikortille.<\/p>\n\t\t\t\t\t\t\t\t<a href=\"\/fi\/support\/contact\/\" class=\"le_btn le_btn_trans_w\">Ota yhteytt\u00e4<\/a>\n\t\t\t\t\t\t\t\t\t\t\t\t\t<\/div>\n\t\t\t\t\t\t\t\t<\/div>\n\t\t<\/div>\n\t<\/section>\n\n\n\t<section class=\"ct-section\" style=\"color:#ffffff; background-color:rgb(0,0,0)\">\n\t\t<div class=\"ct-section-inner-wrap\">\n\t\t\t<div id=\"le_fulltext_wrapper-block_155bb93d7adbd8ec344bb0207e4988d4\" class=\"le_section le_fulltext\">\n\t\t\t\t\t\t\t\t\t\t<div class=\"le_fulltext_first le_w50 le_ta_left\">\n\t\t\t\t\t\t\t<h2>Miten t\u00e4m\u00e4 toimii?<\/h2>\n<p>Meill\u00e4 on varastoja EU:ssa ja Yhdysvalloissa, joten CANVASin ostaminen t\u00e4\u00e4lt\u00e4 on aivan kuin tilaaminen mist\u00e4 tahansa kotimaisesta verkkokaupasta. Jos et ole EU:ssa tai Yhdysvalloissa, tuote tuodaan sinun nimiss\u00e4si. Saat tuontilaskun, joka kattaa kaikki paikalliset verot ja tullit, jotka sinun on aluksi maksettava. Tarjoamme kuitenkin korvausta. Sinun tarvitsee vain l\u00e4hett\u00e4\u00e4 meille s\u00e4hk\u00f6postia osoitteeseen: <a href=\"mailto:hello@canvashifi.com\">hello@canvashifi.com<\/a> , jossa on tilausnumerosi ja kuva tuontilaskusta liitteen\u00e4. Siirr\u00e4mme sitten summan ostamiseen k\u00e4ytetylle luotto-\/pankkikortille.<\/p>\n<p>&nbsp;<\/p>\n<p><strong>Vaikka toimitamme tuotteita n\u00e4ille alueille ja maihin, emme valitettavasti voi kattaa tuontikuluja:<\/strong><\/p>\n<ul>\n<li>Afrikka<\/li>\n<li>Keski- ja Etel\u00e4-Amerikka<\/li>\n<li>Bangladesh<\/li>\n<li>Intia<\/li>\n<li>Indonesia<\/li>\n<li>Israel<\/li>\n<li>Malesia<\/li>\n<li>Filippiinit<\/li>\n<li>Ven\u00e4j\u00e4 (osto ei ole vaihtoehto)<\/li>\n<li>Serbia<\/li>\n<li>Etel\u00e4 Korea<\/li>\n<li>Turkki<\/li>\n<li>Yhdysvallat<\/li>\n<li>Kanada<\/li>\n<\/ul>\n<p>Lis\u00e4tietoja saat <a href=\"\/fi\/support\/contact\/\">s\u00e4hk\u00f6postitse<\/a> .<\/p>\n\t\t\t\t\t\t<\/div>\n\t\t\t\t\t\t\t\t<\/div>\n\t\t<\/div>\n\t<\/section>","protected":false},"excerpt":{"rendered":"","protected":false},"author":1,"featured_media":0,"parent":1524,"menu_order":0,"comment_status":"closed","ping_status":"closed","template":"","meta":{"_acf_changed":false,"footnotes":""},"class_list":["post-706","page","type-page","status-publish","hentry"],"acf":[],"_links":{"self":[{"href":"https:\/\/canvashifi.com\/fi\/wp-json\/wp\/v2\/pages\/706","targetHints":{"allow":["GET"]}}],"collection":[{"href":"https:\/\/canvashifi.com\/fi\/wp-json\/wp\/v2\/pages"}],"about":[{"href":"https:\/\/canvashifi.com\/fi\/wp-json\/wp\/v2\/types\/page"}],"author":[{"embeddable":true,"href":"https:\/\/canvashifi.com\/fi\/wp-json\/wp\/v2\/users\/1"}],"replies":[{"embeddable":true,"href":"https:\/\/canvashifi.com\/fi\/wp-json\/wp\/v2\/comments?post=706"}],"version-history":[{"count":0,"href":"https:\/\/canvashifi.com\/fi\/wp-json\/wp\/v2\/pages\/706\/revisions"}],"up":[{"embeddable":true,"href":"https:\/\/canvashifi.com\/fi\/wp-json\/wp\/v2\/pages\/1524"}],"wp:attachment":[{"href":"https:\/\/canvashifi.com\/fi\/wp-json\/wp\/v2\/media?parent=706"}],"curies":[{"name":"wp","href":"https:\/\/api.w.org\/{rel}","templated":true}]}}