{"id":718,"date":"2024-09-04T15:23:56","date_gmt":"2024-09-04T13:23:56","guid":{"rendered":"https:\/\/lbs.dk\/cnvshf\/?page_id=718"},"modified":"2025-01-08T11:38:27","modified_gmt":"2025-01-08T10:38:27","slug":"privacy-policy","status":"publish","type":"page","link":"https:\/\/canvashifi.com\/fi\/support\/privacy-policy\/","title":{"rendered":"Tietosuojak\u00e4yt\u00e4nt\u00f6"},"content":{"rendered":"<section class=\"ct-section\" style=\"color:#ffffff; background-color:rgb(0,0,0)\">\n\t\t<div class=\"ct-section-inner-wrap\">\n\t\t\t<div id=\"le_fulltext_wrapper-block_f6dd100a5596d731d914bd55fda9ee0c\" class=\"le_section le_fulltext\">\n\t\t\t\t\t\t\t\t\t\t<div class=\"le_fulltext_first le_w50 le_ta_left\">\n\t\t\t\t\t\t\t<h1 class=\"h2\">Tietosuojak\u00e4yt\u00e4nt\u00f6<\/h1>\n<p class=\"translation-block\">T\u00e4ss\u00e4 tietosuojak\u00e4yt\u00e4nn\u00f6ss\u00e4 kuvataan, miten henkil\u00f6tietojasi ker\u00e4t\u00e4\u00e4n, k\u00e4ytet\u00e4\u00e4n ja jaetaan, kun vierailet\u00a0<a href=\"https:\/\/canvashifi.com\/fi\/\" target=\"_blank\" rel=\"noopener\">www.canvashifi.com<\/a> sivustolla tai teet ostoksia sielt\u00e4.<\/p>\n<p>&nbsp;<\/p>\n<p><strong>KER\u00c4\u00c4MME HENKIL\u00d6KOHTAISIA TIETOJA<\/strong><\/p>\n<p>K\u00e4ytt\u00e4ess\u00e4si Sivustoa ker\u00e4\u00e4mme automaattisesti tiettyj\u00e4 tietoja laitteestasi, mukaan lukien tietoja verkkoselaimestasi, IP-osoitteestasi, aikavy\u00f6hykkeest\u00e4si ja joistakin laitteeseesi asennetuista ev\u00e4steist\u00e4. Kun selaat Sivustoa, ker\u00e4\u00e4mme lis\u00e4ksi tietoja yksitt\u00e4isist\u00e4 verkkosivuista tai tuotteista, joita katselet, siit\u00e4, mitk\u00e4 verkkosivustot tai hakusanat ohjasivat sinut Sivustolle, ja tietoja siit\u00e4, miten olet vuorovaikutuksessa Sivuston kanssa. K\u00e4yt\u00e4mme n\u00e4ist\u00e4 automaattisesti ker\u00e4tyist\u00e4 tiedoista nimityst\u00e4 \"laitetiedot\".\"<\/p>\n<p>Ker\u00e4\u00e4mme laitetietoja seuraavien tekniikoiden avulla:<\/p>\n<ul>\n<li>\"Ev\u00e4steet\" ovat datatiedostoja, jotka sijoitetaan laitteeseesi tai tietokoneeseesi ja jotka sis\u00e4lt\u00e4v\u00e4t usein anonyymin yksil\u00f6llisen tunnisteen. Lis\u00e4tietoja ev\u00e4steist\u00e4 ja ev\u00e4steiden poistamisesta k\u00e4yt\u00f6st\u00e4 on osoitteessa\u00a0<a href=\"http:\/\/www.allaboutcookies.org\/\" target=\"_blank\" rel=\"noopener\">http:\/\/www.allaboutcookies.org<\/a>.<\/li>\n<li>\"Lokitiedostot\" seuraavat sivustolla tapahtuvia toimia ja ker\u00e4\u00e4v\u00e4t tietoja, kuten IP-osoitteen, selaimen tyypin, Internet-palveluntarjoajan, viittaavat\/poistuvat sivut sek\u00e4 p\u00e4iv\u00e4m\u00e4\u00e4r\u00e4-\/aikaleimat.<\/li>\n<li>\"Verkkomajakat\", \"tunnisteet\" ja \"pikselit\" ovat s\u00e4hk\u00f6isi\u00e4 tiedostoja, joita k\u00e4ytet\u00e4\u00e4n tallentamaan tietoja siit\u00e4, miten selaat sivustoa.<\/li>\n<\/ul>\n<p>Lis\u00e4ksi, kun teet ostoksen tai yrit\u00e4t tehd\u00e4 ostoksen Sivuston kautta, ker\u00e4\u00e4mme sinulta tiettyj\u00e4 tietoja, kuten nimesi, laskutusosoitteesi, toimitusosoitteesi, maksutietosi, s\u00e4hk\u00f6postiosoitteesi ja puhelinnumerosi. Kutsumme n\u00e4it\u00e4 tietoja \"tilaustiedoiksi\".\"<\/p>\n<p>Kun puhumme t\u00e4ss\u00e4 tietosuojak\u00e4yt\u00e4nn\u00f6ss\u00e4 \"henkil\u00f6tiedoista\", tarkoitamme sek\u00e4 laitetietoja ett\u00e4 tilaustietoja.<\/p>\n<p>&nbsp;<\/p>\n<p><strong>MITEN K\u00c4YTT\u00c4MME HENKIL\u00d6KOHTAISIA TIETOJA?<\/strong><\/p>\n<p>K\u00e4yt\u00e4mme ker\u00e4\u00e4mi\u00e4mme tilaustietoja yleisesti Sivuston kautta tehtyjen tilausten t\u00e4ytt\u00e4miseen (mukaan lukien maksutietojen k\u00e4sittely, toimituksen j\u00e4rjest\u00e4minen ja laskujen ja\/tai tilausvahvistusten toimittaminen sinulle). Lis\u00e4ksi k\u00e4yt\u00e4mme n\u00e4it\u00e4 tilaustietoja:<\/p>\n<ul>\n<li>viestint\u00e4\u00e4n kanssasi;<\/li>\n<li>Tilaustemme seulontaan mahdollisten riskien tai petosten varalta; ja<\/li>\n<li>Kun kanssamme jakamiesi mieltymysten mukaisesti, tarjoamme sinulle tuotteisiimme tai palveluihimme liittyv\u00e4\u00e4 tietoa tai mainontaa.<\/li>\n<\/ul>\n<p>K\u00e4yt\u00e4mme ker\u00e4\u00e4mi\u00e4mme laitetietoja auttaaksemme meit\u00e4 seulomaan mahdollisia riskej\u00e4 ja petoksia (erityisesti IP-osoitettasi) ja yleisemmin parantaaksemme ja optimoidaksemme Sivustoamme (esimerkiksi tuottamalla analyysej\u00e4 siit\u00e4, miten asiakkaamme selaavat ja ovat vuorovaikutuksessa Sivuston kanssa, ja arvioidaksemme markkinointi- ja mainoskampanjoidemme onnistumista).<\/p>\n<p>&nbsp;<\/p>\n<p><strong>GOOGLE PLAY<\/strong><\/p>\n<p>Kun olet vastaanottanut CANVAS HiFi -tuotteesi, se on yhdistett\u00e4v\u00e4 internetyhteyteen, ja CANVAS HiFi -sovelluksen voi ladata verkkosivuiltamme tai kolmannen osapuolen sivustolta, kuten Google Play Storesta. CANVAS HiFi -sovelluksen avulla voit ohjata\/s\u00e4\u00e4t\u00e4\u00e4 tuotetta valitusta laitteesta (esim.g., puhelimesi tai tablettisi).<\/p>\n<p>Lataa CANVAS HiFi -sovellus t\u00e4\u00e4lt\u00e4:<br \/>\n<a href=\"https:\/\/apps.apple.com\/gb\/app\/canvas-hifi\/id6476863179?uo=2\" target=\"_blank\" rel=\"noopener\">Apple App Store<\/a><br \/>\n<a href=\"https:\/\/play.google.com\/store\/apps\/details?id=com.canvas.hifi&amp;pli=1\" target=\"_blank\" rel=\"noopener\">Google Play Store<\/a><\/p>\n<p>&nbsp;<\/p>\n<p><strong>TIETOJEN KERUU JA K\u00c4YTT\u00d6<\/strong><\/p>\n<p>CANVAS HiFi -sovellus ker\u00e4\u00e4 tiettyj\u00e4 tietoja k\u00e4ytt\u00f6kokemuksen parantamiseksi ja tuotteen moitteettoman toiminnan varmistamiseksi. T\u00e4m\u00e4 voi sis\u00e4lt\u00e4\u00e4:<\/p>\n<ul>\n<li>Laitteen tiedot (esim.g., laitemalli, k\u00e4ytt\u00f6j\u00e4rjestelm\u00e4n versio)<\/li>\n<li>K\u00e4ytt\u00f6tiedot (esim.g., miten k\u00e4yt\u00e4t sovellusta, sovelluksen vuorovaikutukset)<\/li>\n<\/ul>\n<p>N\u00e4it\u00e4 tietoja k\u00e4ytet\u00e4\u00e4n ainoastaan sovelluksen suorituskyvyn parantamiseen, teknisen tuen tarjoamiseen ja yksil\u00f6llisten ominaisuuksien tarjoamiseen. Emme jaa tietojasi kolmansille osapuolille ilman nimenomaista suostumustasi, paitsi jos laki sit\u00e4 vaatii.<\/p>\n<p>&nbsp;<\/p>\n<p><strong>LUVAT<\/strong><\/p>\n<p>CANVAS HiFi -sovellus pyyt\u00e4\u00e4 seuraavia oikeuksia toimiakseen oikein:<\/p>\n<ul>\n<li><strong>Internet-yhteys:<\/strong>\u00a0CANVAS HiFi -tuotteen yhdist\u00e4minen palvelimiin ja p\u00e4ivitysten toimittaminen.<\/li>\n<li><strong>Tallennusk\u00e4ytt\u00f6:<\/strong>\u00a0Sovelluksen tietojen ja asetusten tallentaminen laitteeseen.<\/li>\n<\/ul>\n<p>Pyyd\u00e4mme vain sellaisia k\u00e4ytt\u00f6oikeuksia, jotka ovat v\u00e4ltt\u00e4m\u00e4tt\u00f6mi\u00e4 sovelluksen toiminnallisuuden kannalta. Voit hallita n\u00e4it\u00e4 k\u00e4ytt\u00f6oikeuksia laitteen asetuksissa.<\/p>\n<p>&nbsp;<\/p>\n<p><strong>K\u00c4YTT\u00c4J\u00c4N OIKEUDET<\/strong><\/p>\n<p>Sinulla on oikeus p\u00e4\u00e4st\u00e4 k\u00e4siksi CANVAS HiFi -sovelluksen ker\u00e4\u00e4miin henkil\u00f6tietoihisi, oikaista tai poistaa ne. Voit k\u00e4ytt\u00e4\u00e4 n\u00e4it\u00e4 oikeuksia ottamalla yhteytt\u00e4 tukitiimiimme osoitteessa\u00a0<a href=\"mailto:hello@canvashifi.com\">hello@canvashifi.com<\/a>.<\/p>\n<p>&nbsp;<\/p>\n<p><strong>MUUTOKSET T\u00c4H\u00c4N TIETOSUOJAS\u00c4\u00c4NN\u00d6KSEEN<\/strong><\/p>\n<p>Saatamme ajoittain p\u00e4ivitt\u00e4\u00e4 tietosuojak\u00e4yt\u00e4nt\u00f6\u00e4mme. Kaikki muutokset julkaistaan t\u00e4ll\u00e4 sivulla, ja sinulle ilmoitetaan tarvittaessa sovelluksen kautta tai s\u00e4hk\u00f6postitse.<\/p>\n<p>&nbsp;<\/p>\n<p><strong>HENKIL\u00d6KOHTAISTEN TIETOJEN JAKAMINEN<\/strong><\/p>\n<p>Jaamme henkil\u00f6tietojasi kolmansille osapuolille, jotka auttavat meit\u00e4 k\u00e4ytt\u00e4m\u00e4\u00e4n henkil\u00f6tietojasi edell\u00e4 kuvatulla tavalla. K\u00e4yt\u00e4mme esimerkiksi my\u00f6s Google Analyticsia, jotta voimme ymm\u00e4rt\u00e4\u00e4, miten asiakkaamme k\u00e4ytt\u00e4v\u00e4t Sivustoa - voit lukea lis\u00e4\u00e4 siit\u00e4, miten Google k\u00e4ytt\u00e4\u00e4 henkil\u00f6kohtaisia tietojasi t\u00e4\u00e4lt\u00e4: <a href=\"https:\/\/www.google.com\/intl\/en\/policies\/privacy\/\" target=\"_blank\" rel=\"noopener\">https:\/\/www.google.com\/intl\/en\/policies\/privacy\/<\/a>. Voit my\u00f6s kielt\u00e4yty\u00e4 Google Analyticsin k\u00e4yt\u00f6st\u00e4 t\u00e4\u00e4ll\u00e4: <a href=\"https:\/\/tools.google.com\/dlpage\/gaoptout\" target=\"_blank\" rel=\"noopener\">https:\/\/tools.google.com\/dlpage\/gaoptout<\/a>.<\/p>\n<p>Voimme my\u00f6s jakaa henkil\u00f6kohtaisia tietojasi noudattaaksemme sovellettavia lakeja ja m\u00e4\u00e4r\u00e4yksi\u00e4, vastataksemme haasteeseen, etsint\u00e4lupaan tai muuhun lailliseen tietopyynt\u00f6\u00f6n tai muutoin suojellaksemme oikeuksiamme.<\/p>\n<p>Kuten edell\u00e4 on kuvattu, k\u00e4yt\u00e4mme henkil\u00f6kohtaisia tietojasi tarjotaksemme sinulle kohdennettuja mainoksia tai markkinointiviestint\u00e4\u00e4, jonka uskomme kiinnostavan sinua. Lis\u00e4tietoja kohdennetun mainonnan toiminnasta saat Network Advertising Initiativen (\"NAI\") koulutussivulta osoitteessa osoitteessa <a href=\"http:\/\/www.networkadvertising.org\/understanding-online-advertising\/how-does-it-work\" target=\"_blank\" rel=\"noopener\">http:\/\/www.networkadvertising.org\/understanding-online-advertising\/how-does-it-work<\/a>.<\/p>\n<p>&nbsp;<\/p>\n<p><strong>\u00c4L\u00c4 SEURAA<\/strong><\/p>\n<p>Huomaa, ett\u00e4 emme muuta sivustomme tiedonkeruu- ja k\u00e4ytt\u00f6k\u00e4yt\u00e4nt\u00f6j\u00e4, kun n\u00e4emme selaimestasi Do Not Track -signaalin.<\/p>\n<p>&nbsp;<\/p>\n<p><strong>SINUN OIKEUTESI<\/strong><\/p>\n<p>Jos olet Euroopassa asuva henkil\u00f6, sinulla on oikeus tutustua hallussamme oleviin sinua koskeviin henkil\u00f6tietoihin ja pyyt\u00e4\u00e4, ett\u00e4 henkil\u00f6tietojasi korjataan, p\u00e4ivitet\u00e4\u00e4n tai poistetaan. Jos haluat k\u00e4ytt\u00e4\u00e4 t\u00e4t\u00e4 oikeutta, ota meihin yhteytt\u00e4 alla olevien yhteystietojen kautta.<\/p>\n<p>Jos olet Euroopassa asuva henkil\u00f6, toteamme lis\u00e4ksi, ett\u00e4 k\u00e4sittelemme tietojasi t\u00e4ytt\u00e4\u00e4kseen kanssasi mahdollisesti tekem\u00e4mme sopimukset (esimerkiksi jos teet tilauksen Sivuston kautta) tai muutoin noudattaaksemme edell\u00e4 mainittuja oikeutettuja liiketoimintaetujamme. Huomaa lis\u00e4ksi, ett\u00e4 tietojasi siirret\u00e4\u00e4n Euroopan ulkopuolelle, my\u00f6s Kanadaan ja Yhdysvaltoihin.<\/p>\n<p>&nbsp;<\/p>\n<p><strong>TIETOJEN S\u00c4ILYTT\u00c4MINEN<\/strong><\/p>\n<p>Kun teet tilauksen Sivuston kautta, s\u00e4ilyt\u00e4mme tilaustietosi arkistossamme, ellet pyyd\u00e4 meit\u00e4 poistamaan n\u00e4it\u00e4 tietoja.<\/p>\n<p>&nbsp;<\/p>\n<p><strong>MUUTOKSET<\/strong><\/p>\n<p>Saatamme ajoittain p\u00e4ivitt\u00e4\u00e4 t\u00e4t\u00e4 tietosuojak\u00e4yt\u00e4nt\u00f6\u00e4 esimerkiksi k\u00e4yt\u00e4nt\u00f6jemme muutosten vuoksi tai muista toiminnallisista, oikeudellisista tai s\u00e4\u00e4ntelyyn liittyvist\u00e4 syist\u00e4.<\/p>\n<p>&nbsp;<\/p>\n<p><strong>OTA YHTEYTT\u00c4<\/strong><\/p>\n<p>Lis\u00e4tietoa tietosuojak\u00e4yt\u00e4nn\u00f6ist\u00e4mme, jos sinulla on kysytt\u00e4v\u00e4\u00e4 tai jos haluat tehd\u00e4 valituksen, ota meihin yhteytt\u00e4 s\u00e4hk\u00f6postitse osoitteeseen\u00a0<a title=\"hello@canvashifi.com\" href=\"mailto:hello@canvashifi.com\">hello@canvashifi.com<\/a> tai:<\/p>\n\t\t\t\t\t\t\t\t<a href=\"https:\/\/canvashifi.com\/fi\/pages\/contact\/\" class=\"le_btn le_btn_trans_w\">Ota yhteytt\u00e4<\/a>\n\t\t\t\t\t\t\t\t\t\t\t\t\t<\/div>\n\t\t\t\t\t\t\t\t<\/div>\n\t\t<\/div>\n\t<\/section>","protected":false},"excerpt":{"rendered":"","protected":false},"author":1,"featured_media":0,"parent":1524,"menu_order":0,"comment_status":"closed","ping_status":"closed","template":"","meta":{"_acf_changed":false,"footnotes":""},"class_list":["post-718","page","type-page","status-publish","hentry"],"acf":[],"_links":{"self":[{"href":"https:\/\/canvashifi.com\/fi\/wp-json\/wp\/v2\/pages\/718","targetHints":{"allow":["GET"]}}],"collection":[{"href":"https:\/\/canvashifi.com\/fi\/wp-json\/wp\/v2\/pages"}],"about":[{"href":"https:\/\/canvashifi.com\/fi\/wp-json\/wp\/v2\/types\/page"}],"author":[{"embeddable":true,"href":"https:\/\/canvashifi.com\/fi\/wp-json\/wp\/v2\/users\/1"}],"replies":[{"embeddable":true,"href":"https:\/\/canvashifi.com\/fi\/wp-json\/wp\/v2\/comments?post=718"}],"version-history":[{"count":0,"href":"https:\/\/canvashifi.com\/fi\/wp-json\/wp\/v2\/pages\/718\/revisions"}],"up":[{"embeddable":true,"href":"https:\/\/canvashifi.com\/fi\/wp-json\/wp\/v2\/pages\/1524"}],"wp:attachment":[{"href":"https:\/\/canvashifi.com\/fi\/wp-json\/wp\/v2\/media?parent=718"}],"curies":[{"name":"wp","href":"https:\/\/api.w.org\/{rel}","templated":true}]}}