{"id":8997,"date":"2026-03-02T14:51:06","date_gmt":"2026-03-02T13:51:06","guid":{"rendered":"https:\/\/canvashifi.com\/?page_id=8997"},"modified":"2026-03-02T15:11:12","modified_gmt":"2026-03-02T14:11:12","slug":"canvas-firmware-update","status":"publish","type":"page","link":"https:\/\/canvashifi.com\/fi\/canvas-firmware-update\/","title":{"rendered":"CANVAS:n laiteohjelmiston p\u00e4ivitys"},"content":{"rendered":"<section id=\"hero-block_59b7f8ae3d403602e9d81c1659a090d2\" class=\"hero h-height-xs h-mheight-xl c_width_l heading_xl\" style=\"--txt-color: rgb(10,10,10); --bg-color: #bcbdc0; --overlay-opacity: 0%\">\n        \n        <div class=\"hero__overlay\"><\/div>\n\n        <div class=\"ct-section-inner-wrap hero__content c-position_mc a_txt_center\">\n                            <div class=\"element__subheading\">Firmware-p\u00e4ivitys<\/div>\n                                        <h1 class=\"element__heading\"><p>MIT\u00c4 UUTTA?<\/p>\n<\/h1>\n            \n            \n                    <\/div>\n    <\/section>\n    \n\n\t<section id=\"text-media-block_ca9156bb599f2a262796d356d01babac\" class=\"text-media heading_s medie-right media-6-cols\" style=\"--txt-color: #000000; --bg-color: #FFFFFF\">\n\t\t<div class=\"text-media__inner a_txt_left text_first  ct-section-inner-wrap\">\n\t\t\t<div class=\"text-media__text\" style=\"grid-column: span 6\">\n\t\t\t\t\t\t\t\t\t<h3 class=\"element__heading\">Orgaaninen Master Tuning - Uusi tapa kokea CANVAS:t\u00e4<\/h3>\n\t\t\t\t\n\t\t\t\t\t\t\t\t\t<div class=\"element__text\"><p>Organic Master Tuning -virityksen avulla voit vaihtaa:<\/p>\n<p><strong>Neutraali p\u00e4\u00e4viritys<\/strong><br \/>\nSuunniteltu kaiuttomassa kammiossa maksimaalisen akustisen tarkkuuden varmistamiseksi.<\/p>\n<p>Orgaaninen Master Tuning<br \/>\nSuunniteltu todellisissa kuunteluymp\u00e4rist\u00f6iss\u00e4 vastaamaan tyypillist\u00e4 kotiakustiikkaa ja luomaan entist\u00e4 syv\u00e4llisemm\u00e4n \u00e4\u00e4nikokemuksen.<br \/>\nT\u00e4m\u00e4n ominaisuuden ansiosta CANVAS soveltuu sek\u00e4 referenssikuunteluun ett\u00e4 jokap\u00e4iv\u00e4isiin asuintiloihin.<\/p>\n<\/div>\n\t\t\t\t\n\t\t\t\t\t\t\t<\/div>\n\n\t\t\t<div class=\"text-media__media\" style=\"grid-column: span 6\">\n\t\t\t\t\t\t\t\t\t<img decoding=\"async\" src=\"https:\/\/6kutttnx.photoncache.com\/wp-content\/uploads\/sites\/5\/2026\/03\/Billeder-1024x768.jpg\" alt=\"\" \/>\n\t\t\t\t\t\t\t<\/div>\n\t\t<\/div>\n\t<\/section>\n\t\n\n\t<section id=\"text-media-block_fb77dea38f0f31810f28a59436aaa00b\" class=\"text-media heading_s medie-left media-6-cols\" style=\"--txt-color: #000000; --bg-color: #FFFFFF\">\n\t\t<div class=\"text-media__inner a_txt_left text_first  ct-section-inner-wrap\">\n\t\t\t<div class=\"text-media__text\" style=\"grid-column: span 6\">\n\t\t\t\t\t\t\t\t\t<h3 class=\"element__heading\">Parannettu \u00e4\u00e4nen optimointi kaikissa etus\u00e4leik\u00f6iss\u00e4<\/h3>\n\t\t\t\t\n\t\t\t\t\t\t\t\t\t<div class=\"element__text\"><p>Jokainen CANVAS:n etus\u00e4leikk\u00f6 (Normaali suojus, Design-suojus, Puusuojus) vaikuttaa akustiseen suorituskykyyn.<\/p>\n<p><strong>P\u00e4ivitetty CANVAS-sovellus sis\u00e4lt\u00e4\u00e4 nyt:<\/strong><\/p>\n<li>Yksil\u00f6lliset \u00e4\u00e4niprofiilit s\u00e4leikk\u00f6\u00e4 kohti<\/li>\n<li>Automaattinen akustinen optimointi<\/li>\n<li>Saumaton vaihtaminen profiilien v\u00e4lill\u00e4<\/li>\n<p>T\u00e4m\u00e4 takaa optimaalisen suorituskyvyn kokoonpanosta riippumatta.<\/p>\n<\/div>\n\t\t\t\t\n\t\t\t\t\t\t\t<\/div>\n\n\t\t\t<div class=\"text-media__media\" style=\"grid-column: span 6\">\n\t\t\t\t\t\t\t\t\t<img decoding=\"async\" src=\"https:\/\/6kutttnx.photoncache.com\/wp-content\/uploads\/sites\/5\/2026\/03\/Billeder2-1024x768.jpg\" alt=\"\" \/>\n\t\t\t\t\t\t\t<\/div>\n\t\t<\/div>\n\t<\/section>\n\t\n\n\t<section id=\"text-media-block_a20f59e7d8a80b9c4f5ed51401172db0\" class=\"text-media heading_m medie-right media-6-cols\" style=\"--txt-color: #000000; --bg-color: #FFFFFF\">\n\t\t<div class=\"text-media__inner a_txt_right text_first  ct-section-inner-wrap\">\n\t\t\t<div class=\"text-media__text\" style=\"grid-column: span 6\">\n\t\t\t\t\t\t\t\t\t<h3 class=\"element__heading\">\u00c4\u00e4nekkyys ON \/ OFF<\/h3>\n\t\t\t\t\n\t\t\t\t\t\t\t\t\t<div class=\"element__text\"><p>Sovellus tarjoaa nyt mahdollisuuden k\u00e4\u00e4nt\u00e4\u00e4<br \/>\n\u00c4\u00e4nenvoimakkuus p\u00e4\u00e4lle tai pois p\u00e4\u00e4lt\u00e4.<\/p>\n<p>T\u00e4m\u00e4 on erityisen hy\u00f6dyllist\u00e4, kun katsot elokuvia pienell\u00e4 \u00e4\u00e4nenvoimakkuudella, sill\u00e4 Organic Master Tuning Sound Optimizations Loudness -\u00e4\u00e4nen optimoinnin poistaminen k\u00e4yt\u00f6st\u00e4 parantaa puheen selkeytt\u00e4 merkitt\u00e4v\u00e4sti.<\/p>\n<\/div>\n\t\t\t\t\n\t\t\t\t\t\t\t<\/div>\n\n\t\t\t<div class=\"text-media__media\" style=\"grid-column: span 6\">\n\t\t\t\t\t\t\t\t\t<img decoding=\"async\" src=\"https:\/\/6kutttnx.photoncache.com\/wp-content\/uploads\/sites\/5\/2026\/03\/Billeder3-1024x768.jpg\" alt=\"\" \/>\n\t\t\t\t\t\t\t<\/div>\n\t\t<\/div>\n\t<\/section>\n\t\n\n    <section id=\"hero-block_9d8fa239409e8b31b637643c04c8f0f7\" class=\"hero h-height-xs h-mheight-l c_width_full heading_l\" style=\"--txt-color: rgb(10,10,10); --bg-color: #bcbdc0; --overlay-opacity: 0%\">\n        \n        <div class=\"hero__overlay\"><\/div>\n\n        <div class=\"ct-section-inner-wrap hero__content c-position_mc a_txt_center\">\n                                        <h3 class=\"element__heading\"><p>BACCH 3D PLUS<\/p>\n<\/h3>\n            \n                            <div class=\"element__text content-size-content_s\">\n                    <p>Parannettu versio, joka tarjoaa entist\u00e4kin paremman \u00e4\u00e4nenlaadun ja kanavien erottelun, jolloin \u00e4\u00e4nimaailma on entist\u00e4kin laajempi. <\/p>\n                <\/div>\n            \n                    <\/div>\n    <\/section>\n    \n\n\t<section id=\"text-media-block_5227fff635a962e3e11000ad38f2a9b4\" class=\"text-media heading_m medie-right media-6-cols\" style=\"--txt-color: #000000; --bg-color: #FFFFFF\">\n\t\t<div class=\"text-media__inner a_txt_left text_first  ct-section-inner-wrap\">\n\t\t\t<div class=\"text-media__text\" style=\"grid-column: span 6\">\n\t\t\t\t\t\t\t\t\t<h3 class=\"element__heading\">ROON READY -TOIMINNALLISUUS<\/h3>\n\t\t\t\t\n\t\t\t\t\t\t\t\t\t<div class=\"element__text\"><p>ROON-k\u00e4ytt\u00e4j\u00e4t voivat nyt lis\u00e4t\u00e4 CANVAS:n tyylikk\u00e4\u00e4n ROON-sovelluksen ohjaamien laitteiden luetteloon, jossa on t\u00e4ysi tuki Hi-Res-sis\u00e4ll\u00f6lle.<\/p>\n<\/div>\n\t\t\t\t\n\t\t\t\t\t\t\t<\/div>\n\n\t\t\t<div class=\"text-media__media\" style=\"grid-column: span 6\">\n\t\t\t\t\t\t\t\t\t<img decoding=\"async\" src=\"https:\/\/6kutttnx.photoncache.com\/wp-content\/uploads\/sites\/5\/2026\/03\/Billeder4-1024x768.jpg\" alt=\"\" \/>\n\t\t\t\t\t\t\t<\/div>\n\t\t<\/div>\n\t<\/section>\n\t\n\n\t<section id=\"text-media-block_1b055a41b77c72e44d082eccb9701e26\" class=\"text-media heading_m medie-left media-6-cols\" style=\"--txt-color: #000000; --bg-color: #FFFFFF\">\n\t\t<div class=\"text-media__inner a_txt_right text_first  ct-section-inner-wrap\">\n\t\t\t<div class=\"text-media__text\" style=\"grid-column: span 6\">\n\t\t\t\t\t\t\t\t\t<h3 class=\"element__heading\">OPTICAL INPUT<\/h3>\n\t\t\t\t\n\t\t\t\t\t\t\t\t\t<div class=\"element__text\"><p>Nyt seuraa AUX \u201cKiinte\u00e4 \/ Muuttuva\u201d -asetus, joka mahdollistaa valinnan CANVAS:n \u00e4\u00e4nenvoimakkuuden s\u00e4\u00e4timen tai liitetyn laitteen \u00e4\u00e4nenvoimakkuuden s\u00e4\u00e4d\u00f6n v\u00e4lill\u00e4. <\/p>\n<p>T\u00e4m\u00e4 on erinomainen ominaisuus, jos CANVAS yhdistet\u00e4\u00e4n Surround-prosessoriin.<\/p>\n<\/div>\n\t\t\t\t\n\t\t\t\t\t\t\t<\/div>\n\n\t\t\t<div class=\"text-media__media\" style=\"grid-column: span 6\">\n\t\t\t\t\t\t\t\t\t<img decoding=\"async\" src=\"https:\/\/6kutttnx.photoncache.com\/wp-content\/uploads\/sites\/5\/2026\/03\/Billeder5-1024x768.jpg\" alt=\"\" \/>\n\t\t\t\t\t\t\t<\/div>\n\t\t<\/div>\n\t<\/section>\n\t\n\n    <section id=\"hero-block_5a3889eba34e25087b9165e3a47f6536\" class=\"hero h-height-xs h-mheight-l c_width_full heading_xl\" style=\"--txt-color: rgb(10,10,10); --bg-color: #bcbdc0; --overlay-opacity: 0%\">\n        \n        <div class=\"hero__overlay\"><\/div>\n\n        <div class=\"ct-section-inner-wrap hero__content c-position_mc a_txt_center\">\n                                        <h3 class=\"element__heading\"><p>PARANNETTU AUTOMAATTINEN TULONVAIHTO<\/p>\n<\/h3>\n            \n                            <div class=\"element__text content-size-content_s\">\n                    <p>Nyt signaalin havaitseminen kest\u00e4\u00e4 vain sekunnin, joten se on ihanteellinen niille, jotka k\u00e4ytt\u00e4v\u00e4t CANVAS:t\u00e4 keskikaiuttimena.<br \/>\nkotiteatteri. <\/p>\n<p>Automaattisen sy\u00f6tteenvaihdon prioriteettij\u00e4rjestyst\u00e4 on tarkistettu, jotta se vastaisi paremmin tosiel\u00e4m\u00e4n skenaarioita. <\/p>\n<p>Nyt on mahdollista suoratoistaa musiikkia television ollessa p\u00e4\u00e4ll\u00e4.<\/p>\n                <\/div>\n            \n                    <\/div>\n    <\/section>\n    \n\n\t<section id=\"text-media-block_a37033aaef1aa74284f49004b0b021da\" class=\"text-media heading_m medie-right media-6-cols\" style=\"--txt-color: #000000; --bg-color: #FFFFFF\">\n\t\t<div class=\"text-media__inner a_txt_left text_first  ct-section-inner-wrap\">\n\t\t\t<div class=\"text-media__text\" style=\"grid-column: span 6\">\n\t\t\t\t\t\t\t\t\t<h3 class=\"element__heading\">HELPOMPI P\u00c4\u00c4SY SOVELLUKSESSA<\/h3>\n\t\t\t\t\n\t\t\t\t\t\t\t\t\t<div class=\"element__text\"><p>Uusi sovellus muistaa, mik\u00e4 yksikk\u00f6 oli viimeksi k\u00e4yt\u00f6ss\u00e4, joten CANVAS-yksikk\u00f6\u00e4 ei en\u00e4\u00e4 tarvitse valita joka kerta, kun sovellus avataan.<\/p>\n<\/div>\n\t\t\t\t\n\t\t\t\t\t\t\t<\/div>\n\n\t\t\t<div class=\"text-media__media\" style=\"grid-column: span 6\">\n\t\t\t\t\t\t\t\t\t<img decoding=\"async\" src=\"https:\/\/6kutttnx.photoncache.com\/wp-content\/uploads\/sites\/5\/2026\/03\/Billeder6-1024x768.jpg\" alt=\"\" \/>\n\t\t\t\t\t\t\t<\/div>\n\t\t<\/div>\n\t<\/section>\n\t\n\n\t<section id=\"text-media-block_1dc6042ead3ea1bd1161aa0ec0ecb889\" class=\"text-media heading_m medie-left media-6-cols\" style=\"--txt-color: #000000; --bg-color: #FFFFFF\">\n\t\t<div class=\"text-media__inner a_txt_right text_first  ct-section-inner-wrap\">\n\t\t\t<div class=\"text-media__text\" style=\"grid-column: span 6\">\n\t\t\t\t\t\t\t\t\t<h3 class=\"element__heading\">ASENNUSOPAS<\/h3>\n\t\t\t\t\n\t\t\t\t\t\t\t\t\t<div class=\"element__text\"><p>Upouusi asennusopas johdattaa sinut asennusprosessin l\u00e4pi vaihe vaiheelta yksinkertaisella ja intuitiivisella tavalla. Kaikkia laitteita varten on yksi asennusopas, joka tekee asennusprosessista mahdollisimman helpon.<\/p>\n<p><strong>- PARANNETTU HUONEKORJAUS:<\/strong><br \/>\nKun k\u00e4ynnist\u00e4t huoneen kalibrointitoiminnon, voit valita 3 eri huonekokoluokkaa, jolloin huoneen korjaus on entist\u00e4kin tehokkaampaa.<\/p>\n<\/div>\n\t\t\t\t\n\t\t\t\t\t\t\t<\/div>\n\n\t\t\t<div class=\"text-media__media\" style=\"grid-column: span 6\">\n\t\t\t\t\t\t\t\t\t<img decoding=\"async\" src=\"https:\/\/6kutttnx.photoncache.com\/wp-content\/uploads\/sites\/5\/2026\/03\/Billeder7-1024x768.jpg\" alt=\"\" \/>\n\t\t\t\t\t\t\t<\/div>\n\t\t<\/div>\n\t<\/section>\n\t\n\n\t<section id=\"text-media-block_98142b32b57eeb1243512bbe4cc910f6\" class=\"text-media heading_m medie-right media-6-cols\" style=\"--txt-color: #000000; --bg-color: #FFFFFF\">\n\t\t<div class=\"text-media__inner a_txt_right text_first  ct-section-inner-wrap\">\n\t\t\t<div class=\"text-media__text\" style=\"grid-column: span 6\">\n\t\t\t\t\t\t\t\t\t<h3 class=\"element__heading\">GOOGLE CAST<\/h3>\n\t\t\t\t\n\t\t\t\t\t\t\t\t\t<div class=\"element__text\"><p>Nyt oletusarvoisesti poistettu k\u00e4yt\u00f6st\u00e4. Kun se on k\u00e4yt\u00f6ss\u00e4, se etsii jatkuvasti verkosta CAST-laitteita, mik\u00e4 kuormittaa verkkoa ja sis\u00e4ist\u00e4 j\u00e4rjestelm\u00e4\u00e4.<br \/>\nprosessori. <\/p>\n<p>Sen sijaan Google Cast -toiminto on aktivoitava erikseen.<\/p>\n<\/div>\n\t\t\t\t\n\t\t\t\t\t\t\t<\/div>\n\n\t\t\t<div class=\"text-media__media\" style=\"grid-column: span 6\">\n\t\t\t\t\t\t\t\t\t<img decoding=\"async\" src=\"https:\/\/6kutttnx.photoncache.com\/wp-content\/uploads\/sites\/5\/2026\/03\/Billeder8-1024x768.jpg\" alt=\"\" \/>\n\t\t\t\t\t\t\t<\/div>\n\t\t<\/div>\n\t<\/section>\n\t\n\n    <section id=\"hero-block_d99e16f9d45cb8f47532e1898388151a\" class=\"hero h-height-xs h-mheight-l c_width_full heading_xl\" style=\"--txt-color: rgb(10,10,10); --bg-color: #bcbdc0; --overlay-opacity: 0%\">\n        \n        <div class=\"hero__overlay\"><\/div>\n\n        <div class=\"ct-section-inner-wrap hero__content c-position_mc a_txt_center\">\n                                        <h2 class=\"element__heading\"><p>KAUKOS\u00c4\u00c4TIMEN TUKI<\/p>\n<\/h2>\n            \n                            <div class=\"element__text content-size-content_s\">\n                    <p>CANVAS tukee nyt kaukos\u00e4\u00e4dinintegraatiota, jolloin voit k\u00e4ytt\u00e4\u00e4 keskeisi\u00e4 toimintoja suoraan yhteensopivalla kaukos\u00e4\u00e4timell\u00e4.<\/p>\n                <\/div>\n            \n                    <\/div>\n    <\/section>\n    \n\n\t<section id=\"text-media-block_cc4523217815433756a7e230f82c315a\" class=\"text-media heading_s medie-left media-6-cols\" style=\"--txt-color: #000000; --bg-color: #FFFFFF\">\n\t\t<div class=\"text-media__inner a_txt_left text_first  ct-section-inner-wrap\">\n\t\t\t<div class=\"text-media__text\" style=\"grid-column: span 6\">\n\t\t\t\t\t\t\t\t\t<h3 class=\"element__heading\">TEHDASASETUSTEN PALAUTUS<\/h3>\n\t\t\t\t\n\t\t\t\t\t\t\t\t\t<div class=\"element__text\"><p>Voidaan nyt suorittaa valmiustilasta, mik\u00e4 yksinkertaistaa t\u00e4m\u00e4n ominaisuuden k\u00e4ytt\u00f6\u00e4.<\/p>\n<\/div>\n\t\t\t\t\n\t\t\t\t\t\t\t<\/div>\n\n\t\t\t<div class=\"text-media__media\" style=\"grid-column: span 6\">\n\t\t\t\t\t\t\t\t\t<img decoding=\"async\" src=\"https:\/\/6kutttnx.photoncache.com\/wp-content\/uploads\/sites\/5\/2026\/03\/Billeder9-1024x768.jpg\" alt=\"\" \/>\n\t\t\t\t\t\t\t<\/div>\n\t\t<\/div>\n\t<\/section>","protected":false},"excerpt":{"rendered":"","protected":false},"author":1334,"featured_media":0,"parent":0,"menu_order":0,"comment_status":"closed","ping_status":"closed","template":"","meta":{"_acf_changed":false,"footnotes":""},"class_list":["post-8997","page","type-page","status-publish","hentry"],"acf":[],"_links":{"self":[{"href":"https:\/\/canvashifi.com\/fi\/wp-json\/wp\/v2\/pages\/8997","targetHints":{"allow":["GET"]}}],"collection":[{"href":"https:\/\/canvashifi.com\/fi\/wp-json\/wp\/v2\/pages"}],"about":[{"href":"https:\/\/canvashifi.com\/fi\/wp-json\/wp\/v2\/types\/page"}],"author":[{"embeddable":true,"href":"https:\/\/canvashifi.com\/fi\/wp-json\/wp\/v2\/users\/1334"}],"replies":[{"embeddable":true,"href":"https:\/\/canvashifi.com\/fi\/wp-json\/wp\/v2\/comments?post=8997"}],"version-history":[{"count":0,"href":"https:\/\/canvashifi.com\/fi\/wp-json\/wp\/v2\/pages\/8997\/revisions"}],"wp:attachment":[{"href":"https:\/\/canvashifi.com\/fi\/wp-json\/wp\/v2\/media?parent=8997"}],"curies":[{"name":"wp","href":"https:\/\/api.w.org\/{rel}","templated":true}]}}