{"id":9489,"date":"2026-04-24T10:41:02","date_gmt":"2026-04-24T08:41:02","guid":{"rendered":"https:\/\/canvashifi.com\/?page_id=9489"},"modified":"2026-04-24T10:49:21","modified_gmt":"2026-04-24T08:49:21","slug":"the-swivel-stand-installation-manual","status":"publish","type":"page","link":"https:\/\/canvashifi.com\/fi\/the-swivel-stand-installation-manual\/","title":{"rendered":"The Swivel Stand - Installation\u00a0manual"},"content":{"rendered":"<section id=\"hero-block_8750c4fe3bb217814d36133981dfa51d\" class=\"hero h-height-xs h-mheight-xl c_width_l heading_xl\" style=\"--txt-color: rgb(10,10,10); --bg-color: #bcbdc0; --overlay-opacity: 0%\">\n        \n        <div class=\"hero__overlay\"><\/div>\n\n        <div class=\"ct-section-inner-wrap hero__content c-position_mc a_txt_center\">\n                            <div class=\"element__subheading\">Asennusohjeet<\/div>\n                                        <h1 class=\"element__heading\"><p>K\u00c4\u00c4NTYV\u00c4 JALUSTA<\/p>\n<\/h1>\n            \n            \n                    <\/div>\n    <\/section>\n    \n\n\t<section id=\"text-media-block_ddee43649f040834b03b917fc088c44c\" class=\"text-media heading_s medie-right media-6-cols\" style=\"--txt-color: #000000; --bg-color: #FFFFFF\">\n\t\t<div class=\"text-media__inner a_txt_left text_first no_heading ct-section-inner-wrap\">\n\t\t\t<div class=\"text-media__text\" style=\"grid-column: span 6\">\n\t\t\t\t\n\t\t\t\t\t\t\t\t\t<div class=\"element__text\"><p>Seuraavien kuuden vaiheen avulla kiinnit\u00e4t seuraavat tiedot <strong data-start=\"48\" data-end=\"66\">K\u00e4\u00e4ntyv\u00e4 jalusta<\/strong> tukevasti CANVAS-kaiuttimeen, mik\u00e4 takaa tarkan ja saumattoman asennuksen.<\/p>\n<p>&nbsp;<\/p>\n<p><strong>Laatikossa olevat osat:<\/strong><\/p>\n<ul>\n<li>1 kpl. Py\u00f6re\u00e4 ter\u00e4spohja<\/li>\n<li>1 kpl. Tukipylv\u00e4s<\/li>\n<li>1 kpl. K\u00e4\u00e4ntyv\u00e4 nivel<\/li>\n<li>1 prosentti. Asennusteline<\/li>\n<li>2 kpl. Kiinnitysruuvit<\/li>\n<\/ul>\n<\/div>\n\t\t\t\t\n\t\t\t\t\t\t\t<\/div>\n\n\t\t\t<div class=\"text-media__media\" style=\"grid-column: span 6\">\n\t\t\t\t\t\t\t\t\t<img decoding=\"async\" src=\"https:\/\/6kutttnx.photoncache.com\/wp-content\/uploads\/sites\/5\/2026\/04\/Inhold-1024x641.jpg\" alt=\"\" \/>\n\t\t\t\t\t\t\t<\/div>\n\t\t<\/div>\n\t<\/section>\n\t\n\n    <section id=\"hero-block_aadbea44893910f9512a694ec10589a4\" class=\"hero h-height-xs h-mheight-l c_width_full heading_xl\" style=\"--txt-color: rgb(10,10,10); --bg-color: #bcbdc0; --overlay-opacity: 0%\">\n        \n        <div class=\"hero__overlay\"><\/div>\n\n        <div class=\"ct-section-inner-wrap hero__content c-position_mc a_txt_center\">\n                                        <h2 class=\"element__heading\"><p>Vaihe 1 4:st\u00e4<\/p>\n<\/h2>\n            \n                            <div class=\"element__text content-size-content_s\">\n                    <p>Jalustan kokoonpano<\/p>\n                <\/div>\n            \n                    <\/div>\n    <\/section>\n    \n\n\t<section id=\"text-media-block_82acfa66ed2d8987474a5dfb7a8f66e3\" class=\"text-media heading_s medie-right media-6-cols\" style=\"--txt-color: #000000; --bg-color: #FFFFFF\">\n\t\t<div class=\"text-media__inner a_txt_left text_first  ct-section-inner-wrap\">\n\t\t\t<div class=\"text-media__text\" style=\"grid-column: span 6\">\n\t\t\t\t\t\t\t\t\t<h3 class=\"element__heading\">Jalustan kokoonpano<\/h3>\n\t\t\t\t\n\t\t\t\t\t\t\t\t\t<div class=\"element__text\"><div>Kiinnit\u00e4 keskitanko py\u00f6re\u00e4\u00e4n pohjaan.<\/div>\n<div>Asenna sitten kierto- ja korkeudens\u00e4\u00e4t\u00f6moduuli pylv\u00e4\u00e4seen ja sen j\u00e4lkeen CANVAS-kiinnike yl\u00e4osaan.<\/div>\n<p><h6><span style=\"color: #ff0000;\">T\u00e4rke\u00e4\u00e4:<\/span><\/h6>\n<div><span style=\"color: #ff0000;\">Varmista ennen py\u00f6ritysmoduulin asentamista, ett\u00e4 keskitolpan etummainen py\u00f6rimisen rajoitinruuvi on kiristetty niin, ett\u00e4 se on samassa tasossa tolppien etuosan kanssa.<\/span><\/div>\n<div><span style=\"color: #ff0000;\">Jos ruuvia ei ole huuhdeltu, py\u00f6ritysmoduuli ei ehk\u00e4 istu t\u00e4ysin paikallaan, mik\u00e4 voi vaikuttaa vakauteen ja etukierron rajoittimeen.<\/span><\/div>\n<div><\/div>\n<p><div>Kirist\u00e4 kaikki ruuvit tiukasti ja varmista, ett\u00e4 ne ovat tiukasti kiinni ilman ylikiristyst\u00e4.<\/div>\n<\/div>\n\t\t\t\t\n\t\t\t\t\t\t\t<\/div>\n\n\t\t\t<div class=\"text-media__media\" style=\"grid-column: span 6\">\n\t\t\t\t\t\t\t\t\t<img decoding=\"async\" src=\"https:\/\/6kutttnx.photoncache.com\/wp-content\/uploads\/sites\/5\/2026\/04\/Step2-1024x641.jpg\" alt=\"\" \/>\n\t\t\t\t\t\t\t<\/div>\n\t\t<\/div>\n\t<\/section>\n\t\n\n    <section id=\"hero-block_ed9f64514a0fb143a367f6446dc62061\" class=\"hero h-height-xs h-mheight-l c_width_full heading_xl\" style=\"--txt-color: rgb(10,10,10); --bg-color: #bcbdc0; --overlay-opacity: 0%\">\n        \n        <div class=\"hero__overlay\"><\/div>\n\n        <div class=\"ct-section-inner-wrap hero__content c-position_mc a_txt_center\">\n                                        <h2 class=\"element__heading\"><p>Vaihe 2 4:st\u00e4<\/p>\n<\/h2>\n            \n                            <div class=\"element__text content-size-content_s\">\n                    <p>Puuston korkeuden m\u00e4\u00e4ritt\u00e4minen<\/p>\n                <\/div>\n            \n                    <\/div>\n    <\/section>\n    \n\n\t<section id=\"text-media-block_70d518f7e5e260ac07abbc027703e919\" class=\"text-media heading_s medie-right media-6-cols\" style=\"--txt-color: #000000; --bg-color: #FFFFFF\">\n\t\t<div class=\"text-media__inner a_txt_left text_first  ct-section-inner-wrap\">\n\t\t\t<div class=\"text-media__text\" style=\"grid-column: span 6\">\n\t\t\t\t\t\t\t\t\t<h3 class=\"element__heading\">Puuston korkeuden m\u00e4\u00e4ritt\u00e4minen<\/h3>\n\t\t\t\t\n\t\t\t\t\t\t\t\t\t<div class=\"element__text\"><div>Jalustassa on kolme esiasetettua korkeusasentoa:<\/div>\n<div>80 mm, 150 mm ja 230 mm<\/div>\n<div><\/div>\n<div>(mitattuna lattiasta CANVAS:n pohjaan).<\/div>\n<\/div>\n\t\t\t\t\n\t\t\t\t\t\t\t<\/div>\n\n\t\t\t<div class=\"text-media__media\" style=\"grid-column: span 6\">\n\t\t\t\t\t\t\t\t\t<img decoding=\"async\" src=\"https:\/\/6kutttnx.photoncache.com\/wp-content\/uploads\/sites\/5\/2026\/04\/step3-1024x892.jpg\" alt=\"\" \/>\n\t\t\t\t\t\t\t<\/div>\n\t\t<\/div>\n\t<\/section>\n\t\n\n\t<section id=\"text-media-block_f788170258658d93841de1e9dd324bfd\" class=\"text-media heading_m medie-left media-6-cols\" style=\"--txt-color: #000000; --bg-color: #FFFFFF\">\n\t\t<div class=\"text-media__inner a_txt_left text_first no_heading ct-section-inner-wrap\">\n\t\t\t<div class=\"text-media__text\" style=\"grid-column: span 6\">\n\t\t\t\t\n\t\t\t\t\t\t\t\t\t<div class=\"element__text\"><p data-start=\"639\" data-end=\"884\">L\u00f6ys\u00e4\u00e4 keskitolpan kannattimen nelj\u00e4 lukitusruuvia, s\u00e4\u00e4d\u00e4 jalusta haluttuun korkeuteen ja kirist\u00e4 ruuvi tiukasti lukitaksesi asennon paikalleen.<\/p>\n<p data-start=\"639\" data-end=\"884\">Kierr\u00e4 etukierron rajoitinruuvi ulos kannattimesta ja testaa, ett\u00e4 se est\u00e4\u00e4 kannattimen k\u00e4\u00e4ntymisen yli 45\u00b0.<\/p>\n<\/div>\n\t\t\t\t\n\t\t\t\t\t\t\t<\/div>\n\n\t\t\t<div class=\"text-media__media\" style=\"grid-column: span 6\">\n\t\t\t\t\t\t\t\t\t<img decoding=\"async\" src=\"https:\/\/6kutttnx.photoncache.com\/wp-content\/uploads\/sites\/5\/2026\/04\/step3.2-1024x892.jpg\" alt=\"\" \/>\n\t\t\t\t\t\t\t<\/div>\n\t\t<\/div>\n\t<\/section>\n\t\n\n    <section id=\"hero-block_112c5aedaa9e22cc267af495f2a0d2c5\" class=\"hero h-height-xs h-mheight-l c_width_full heading_xl\" style=\"--txt-color: rgb(10,10,10); --bg-color: #bcbdc0; --overlay-opacity: 0%\">\n        \n        <div class=\"hero__overlay\"><\/div>\n\n        <div class=\"ct-section-inner-wrap hero__content c-position_mc a_txt_center\">\n                                        <h2 class=\"element__heading\"><p>Vaihe 3 4:st\u00e4<\/p>\n<\/h2>\n            \n                            <div class=\"element__text content-size-content_s\">\n                    <p>CANVAS:n kiinnitt\u00e4minen jalustaan<\/p>\n                <\/div>\n            \n                    <\/div>\n    <\/section>\n    \n\n\t<section id=\"text-media-block_b406afe319e43c9ded2885ba6c97a1c7\" class=\"text-media heading_m medie-right media-6-cols\" style=\"--txt-color: #000000; --bg-color: #FFFFFF\">\n\t\t<div class=\"text-media__inner rp_bottom a_txt_left text_first  ct-section-inner-wrap\">\n\t\t\t<div class=\"text-media__text\" style=\"grid-column: span 6\">\n\t\t\t\t\t\t\t\t\t<h3 class=\"element__heading\">CANVAS:n kiinnitt\u00e4minen jalustaan<\/h3>\n\t\t\t\t\n\t\t\t\t\t\t\t\t\t<div class=\"element__text\"><div>Aseta ruuvit CANVAS:n kahteen ylimp\u00e4\u00e4n reik\u00e4\u00e4n. \u00c4l\u00e4 kirist\u00e4 niit\u00e4 t\u00e4ysin. J\u00e4t\u00e4 ne 8-10 mm ulos, sill\u00e4 niiden on oltava hieman l\u00f6ys\u00e4ll\u00e4, jotta ne mahtuvat kiinnityskannattimen p\u00e4\u00e4lle.<\/div>\n<p><div>Nosta CANVAS varovasti jalustalle ja aseta se paikalleen varmistaen, ett\u00e4 se on kunnolla tuettu prosessin aikana. Kohdista CANVAS jalustan kahteen kiinnitysreik\u00e4\u00e4n ja varmista, ett\u00e4 se istuu oikein, ennen kuin jatkat.<\/div>\n<\/div>\n\t\t\t\t\n\t\t\t\t\t\t\t<\/div>\n\n\t\t\t<div class=\"text-media__media\" style=\"grid-column: span 6\">\n\t\t\t\t\t\t\t\t\t<img decoding=\"async\" src=\"https:\/\/6kutttnx.photoncache.com\/wp-content\/uploads\/sites\/5\/2026\/04\/step4-1024x892.jpg\" alt=\"\" \/>\n\t\t\t\t\t\t\t<\/div>\n\t\t<\/div>\n\t<\/section>\n\t\n\n\t<section id=\"text-media-block_689bd3ae66e0945f0d1576e6e61b83e3\" class=\"text-media heading_s medie-right media-6-cols\" style=\"--txt-color: #000000; --bg-color: #FFFFFF\">\n\t\t<div class=\"text-media__inner rp_top a_txt_left text_first no_heading ct-section-inner-wrap\">\n\t\t\t<div class=\"text-media__text\" style=\"grid-column: span 6\">\n\t\t\t\t\n\t\t\t\t\t\t\t\t\t<div class=\"element__text\"><p>Kun se on kohdistettu, aseta kaksi takana olevaa ruuvia paikalleen ja kirist\u00e4 ne tukevasti yhdess\u00e4 kahden yl\u00e4puolisen ruuvin kanssa, jotta CANVAS kiinnittyy paikalleen. Varmista, ett\u00e4 laite on vakaa ennen jatkamista.<\/p>\n<\/div>\n\t\t\t\t\n\t\t\t\t\t\t\t<\/div>\n\n\t\t\t<div class=\"text-media__media\" style=\"grid-column: span 6\">\n\t\t\t\t\t\t\t\t\t<img decoding=\"async\" src=\"https:\/\/6kutttnx.photoncache.com\/wp-content\/uploads\/sites\/5\/2026\/04\/step4.2-1024x892.jpg\" alt=\"\" \/>\n\t\t\t\t\t\t\t<\/div>\n\t\t<\/div>\n\t<\/section>\n\t\n\n    <section id=\"hero-block_091f5580623feefbe6afb83d102eeca4\" class=\"hero h-height-xl h-mheight-xl c_width_full heading_xl\" style=\"--txt-color: rgb(255,255,255); --overlay-opacity: 50%\">\n                    <picture class=\"hero__background\">\n                                    <source media=\"(max-width: 768px)\" srcset=\"https:\/\/6kutttnx.photoncache.com\/wp-content\/uploads\/sites\/5\/2025\/11\/The_Frame2_800x800.jpg\">\n                                <img decoding=\"async\" src=\"https:\/\/6kutttnx.photoncache.com\/wp-content\/uploads\/sites\/5\/2025\/11\/The_Frame2_1920x840-e1766152598545.jpg\" alt=\"\" \/>\n            <\/picture>\n        \n        <div class=\"hero__overlay\"><\/div>\n\n        <div class=\"ct-section-inner-wrap hero__content c-position_mc a_txt_center\">\n                                        <h2 class=\"element__heading\"><p>Onnittelut!<\/p>\n<\/h2>\n            \n                            <div class=\"element__text content-size-content_l\">\n                    <p data-start=\"2542\" data-end=\"2629\">Olet nyt onnistuneesti asentanut CANVAS:n k\u00e4\u00e4ntyv\u00e4\u00e4n jalustaan.<\/p>\n                <\/div>\n            \n                    <\/div>\n    <\/section>","protected":false},"excerpt":{"rendered":"","protected":false},"author":1334,"featured_media":0,"parent":0,"menu_order":0,"comment_status":"closed","ping_status":"closed","template":"","meta":{"_acf_changed":false,"footnotes":""},"class_list":["post-9489","page","type-page","status-publish","hentry"],"acf":[],"_links":{"self":[{"href":"https:\/\/canvashifi.com\/fi\/wp-json\/wp\/v2\/pages\/9489","targetHints":{"allow":["GET"]}}],"collection":[{"href":"https:\/\/canvashifi.com\/fi\/wp-json\/wp\/v2\/pages"}],"about":[{"href":"https:\/\/canvashifi.com\/fi\/wp-json\/wp\/v2\/types\/page"}],"author":[{"embeddable":true,"href":"https:\/\/canvashifi.com\/fi\/wp-json\/wp\/v2\/users\/1334"}],"replies":[{"embeddable":true,"href":"https:\/\/canvashifi.com\/fi\/wp-json\/wp\/v2\/comments?post=9489"}],"version-history":[{"count":11,"href":"https:\/\/canvashifi.com\/fi\/wp-json\/wp\/v2\/pages\/9489\/revisions"}],"predecessor-version":[{"id":9510,"href":"https:\/\/canvashifi.com\/fi\/wp-json\/wp\/v2\/pages\/9489\/revisions\/9510"}],"wp:attachment":[{"href":"https:\/\/canvashifi.com\/fi\/wp-json\/wp\/v2\/media?parent=9489"}],"curies":[{"name":"wp","href":"https:\/\/api.w.org\/{rel}","templated":true}]}}