{"id":1862,"date":"2025-01-22T15:11:30","date_gmt":"2025-01-22T14:11:30","guid":{"rendered":"https:\/\/lbs.dk\/cnvshf\/product\/canvas-85-light-green\/"},"modified":"2026-04-15T09:05:05","modified_gmt":"2026-04-15T07:05:05","slug":"canvas-85-light-green","status":"publish","type":"product","link":"https:\/\/canvashifi.com\/fi\/products\/canvas-85-light-green\/","title":{"rendered":"CANVAS 85\" vaaleanvihre\u00e4"},"content":{"rendered":"<h2>CANVAS on pelkk\u00e4 viimeinen tuote\u00a0<span style=\"color: #70757a; font-family: arial, sans-serif; font-size: 14px;\">-<\/span>\u00a0se on innovatiivinen idea<\/h2>\n<p>CANVAS 85\" on uudenlainen kompaktin ja vakaan lydteknologian julkaisu. T\u00e4m\u00e4 malli on suunniteltu siten, ett\u00e4 se tarjoaa tyylikkyytt\u00e4 ja tyylikkyytt\u00e4 eteens\u00e4, jotta se voisi tehd\u00e4 kompromissin lydkvaliteten kanssa. Falder perfect ind in indretningen in en hver bolig. CANVAS 85\" on ihanteellinen yhdistelm\u00e4 muotoa ja toimintaa.<\/p>\n<p><strong>Lydoplevelse enest\u00e5ende med CANVAS (kansi)<br \/>\n<\/strong>Trods sin mere beskedne st\u00f8rrelse, er CANVAS 85\" udstyret med avancerede lydkomponenter, som sikrer en lydoplevelse, der st\u00e5r m\u00e5l med langt st\u00f8rre systemer. Korkealuokkaiset SB Acoustics -komponentit ja hieno \u00e4\u00e4nens\u00e4\u00e4t\u00f6 mahdollistavat sen, ett\u00e4 \u00e4\u00e4ni ja yksityiskohdat v\u00e4littyv\u00e4t selke\u00e4ll\u00e4 \u00e4\u00e4nentoistolla. T\u00e4m\u00e4 malli on ihanteellinen niille, jotka kaipaavat eritt\u00e4in hyv\u00e4\u00e4 \u00e4\u00e4nentoistoa ja vain v\u00e4h\u00e4n rahaa.<\/p>\n<p><strong>Rumkorrektion med BACCH 3D teknologi<br \/>\n<\/strong>Med sin intelligent rumkorrektion og BACCH 3D teknologi, tilpasser CANVAS 85\" sig perfekt til rummets akustik, hvilket garanterer en fyldig og detaljeret lyd, selv i mindre rum. Denne model er et bevis p\u00e5, at h\u00f8j kvalitet og kompakt design can g\u00e5 h\u00e5nd in h\u00e5nd.<\/p>\n<p><strong>Perfekt tilpasning til alle 85\" TV<\/strong><br \/>\nDesignet af CANVAS 85\" med lysegr\u00e5 front is n\u00f8je udformet for at complementere og forbedre enhver 85\" tommer TV-oplevelse. Med sin universelle tilpasning garanterer denne model, at anset hvilken 85\" tommer TV du har, vil CANVAS 85\" integrere sig problemfrit og forbedre din audiovisuelle underholdning. Oplev an s\u00f8ml\u00f8s og harmonisk kombination af visuel og auditiiv kvalitet i dit hjem.<\/p>\n<p><strong>Fleksibel montering - v\u00e6gh\u00e6ngt tai st\u00e5ende<\/strong><br \/>\nCANVAS 85\" on eritt\u00e4in suuri ja vakaa, ja se tarjoaa t\u00e4ydelliset mahdollisuudet n\u00e4hd\u00e4, jos haluat integroida j\u00e4rjestelm\u00e4n t\u00e4h\u00e4n huoneeseen. Uanset om oanset om du foretr\u00e6kker en elegant v\u00e6gh\u00e6ngt ops\u00e6tning for at spare plads, or en traditionel st\u00e5ende placering for en mere fleksibel tilstedev\u00e6relse, har CANVAS 85\" med lysegr\u00e5 front alt, hvad du beh\u00f8ver for an personlig og stilfuld ops\u00e6tning. Med disse fleksible monteringsmuligheder kan du skr\u00e6ddersy din lydoplevelse til netop din boligindretning og hvis dine behov med tiden \u00e6ndres sikre fleksibel placering og mulighed for front i anden st\u00f8rrelse eller farve en nem tilpasning til anden tv-st\u00f8rrelse eller placering.<\/p>\n<p>Se mere om CANVAS p\u00e5 deres internationale webshop her\u00a0<a title=\"CANVAS HiFi\" href=\"https:\/\/canvashifi.com\/fi\/\" target=\"_blank\" rel=\"noopener\">www.canvashifi.com<\/a><\/p>","protected":false},"excerpt":{"rendered":"<p>CANVAS er mere end et produkt\u00a0\u2014\u00a0det er en innovativ id\u00e9 Introduktionen af CANVAS 85\" markerer en ny \u00e6ra inden for kompakt og stilfuld lydteknologi. Med sin raffinerede lysegr\u00e5 front er denne model designet til at tilf\u00f8re et touch af elegance til ethvert rum, uden at g\u00e5 p\u00e5 kompromis med lydkvaliteten. Falder perfekt ind i indretningen [&hellip;]<\/p>\n","protected":false},"featured_media":4195,"template":"","meta":{"_acf_changed":false},"size":[579],"product_brand":[],"product_cat":[153],"product_tag":[166,99],"farve":[],"maerker":[],"serier":[],"kampagne":[],"tempcat":[],"class_list":{"0":"post-1862","1":"product","2":"type-product","3":"status-publish","4":"has-post-thumbnail","6":"size-579","7":"product_cat-canvas","8":"product_tag-canvas-85","9":"product_tag-quickrequest","10":"product_shipping_class-free","12":"first","13":"instock","14":"taxable","15":"shipping-taxable","16":"purchasable","17":"product-type-simple"},"acf":[],"_links":{"self":[{"href":"https:\/\/canvashifi.com\/fi\/wp-json\/wp\/v2\/product\/1862","targetHints":{"allow":["GET"]}}],"collection":[{"href":"https:\/\/canvashifi.com\/fi\/wp-json\/wp\/v2\/product"}],"about":[{"href":"https:\/\/canvashifi.com\/fi\/wp-json\/wp\/v2\/types\/product"}],"wp:featuredmedia":[{"embeddable":true,"href":"https:\/\/canvashifi.com\/fi\/wp-json\/wp\/v2\/media\/4195"}],"wp:attachment":[{"href":"https:\/\/canvashifi.com\/fi\/wp-json\/wp\/v2\/media?parent=1862"}],"wp:term":[{"taxonomy":"size","embeddable":true,"href":"https:\/\/canvashifi.com\/fi\/wp-json\/wp\/v2\/size?post=1862"},{"taxonomy":"product_brand","embeddable":true,"href":"https:\/\/canvashifi.com\/fi\/wp-json\/wp\/v2\/product_brand?post=1862"},{"taxonomy":"product_cat","embeddable":true,"href":"https:\/\/canvashifi.com\/fi\/wp-json\/wp\/v2\/product_cat?post=1862"},{"taxonomy":"product_tag","embeddable":true,"href":"https:\/\/canvashifi.com\/fi\/wp-json\/wp\/v2\/product_tag?post=1862"},{"taxonomy":"farve","embeddable":true,"href":"https:\/\/canvashifi.com\/fi\/wp-json\/wp\/v2\/farve?post=1862"},{"taxonomy":"maerker","embeddable":true,"href":"https:\/\/canvashifi.com\/fi\/wp-json\/wp\/v2\/maerker?post=1862"},{"taxonomy":"serie","embeddable":true,"href":"https:\/\/canvashifi.com\/fi\/wp-json\/wp\/v2\/serier?post=1862"},{"taxonomy":"kampagne","embeddable":true,"href":"https:\/\/canvashifi.com\/fi\/wp-json\/wp\/v2\/kampagne?post=1862"},{"taxonomy":"tempcat","embeddable":true,"href":"https:\/\/canvashifi.com\/fi\/wp-json\/wp\/v2\/tempcat?post=1862"}],"curies":[{"name":"wp","href":"https:\/\/api.w.org\/{rel}","templated":true}]}}