{"id":3043,"date":"2025-02-18T14:10:21","date_gmt":"2025-02-18T13:10:21","guid":{"rendered":"https:\/\/canvashifi.com\/product\/zen-microphone-wireless\/"},"modified":"2026-04-15T08:36:58","modified_gmt":"2026-04-15T06:36:58","slug":"zen-microphone-wireless","status":"publish","type":"product","link":"https:\/\/canvashifi.com\/fi\/products\/zen-microphone-wireless\/","title":{"rendered":"Zen-mikrofoni - langaton"},"content":{"rendered":"<div>Android- ja iOS-tietokoneilla on kalibroitu Zen-mikrofoni, joka mahdollistaa CANVAS:n automaattisen kopioinnin. Enhver tablet tai \u00e4lypuhelin voi k\u00e4ytt\u00e4\u00e4 suoraan CANVAS:hen WiFi:n kautta, koska t\u00e4m\u00e4 eksterne mikrofoni toimii suoraan CANVAS:hen.<\/div>\n<div><\/div>\n<div>Zen-mikrofoni on 2,4 GHz:n WiFi ja Bluetooth (Setup), joka on yhdistetty akkuk\u00e4ytt\u00f6iseen mikrofoniin. Se l\u00e4hett\u00e4\u00e4 samansis\u00e4lt\u00f6iset tiedot CANVAS-appiin verkkoyhteyden kautta. Puhelimen tai tabletin suorittimen CPU k\u00e4ytt\u00e4\u00e4 sovellusta tietojen k\u00e4sittelyyn ja kalibrointiin. Designet till at forbedre din lydoplevelse med\u00a0<strong>CANVAS<\/strong>. Det er n\u00f8dvendigt for Room Correction med enhver Android-enhed og forbedrer lyden i forhold til at bruge iPhones indbyggede mikrofon. Huomaa, ett\u00e4 t\u00e4m\u00e4 tuote on varustettu 2,4 GHz-verkkoverkolla.<\/div>","protected":false},"excerpt":{"rendered":"<p>Med Android- og iOS-enheder giver den kalibrerede tr\u00e5dl\u00f8se Zen-mikrofon mulighed for automatisk rumkorrektion af\u00a0CANVAS. Enhver tablet eller smartphone kan bruges til hurtigt at foretage m\u00e5lingen, da denne eksterne mikrofon forbindes direkte til\u00a0CANVASvia WiFi. Den tr\u00e5dl\u00f8se Zen-mikrofon er en 2.4GHz WiFi og Bluetooth (Setup) udstyret med genopladelig batteridrevet mikrofon. Den sender de indsamlede data til\u00a0CANVAS-appen via [&hellip;]<\/p>\n","protected":false},"featured_media":4175,"template":"","meta":{"_acf_changed":false},"size":[],"product_brand":[],"product_cat":[155],"product_tag":[],"farve":[122],"maerker":[],"serier":[],"kampagne":[],"tempcat":[],"class_list":{"0":"post-3043","1":"product","2":"type-product","3":"status-publish","4":"has-post-thumbnail","6":"product_cat-accessories","7":"farve-sort","9":"first","10":"instock","11":"featured","12":"taxable","13":"shipping-taxable","14":"purchasable","15":"product-type-simple"},"acf":[],"_links":{"self":[{"href":"https:\/\/canvashifi.com\/fi\/wp-json\/wp\/v2\/product\/3043","targetHints":{"allow":["GET"]}}],"collection":[{"href":"https:\/\/canvashifi.com\/fi\/wp-json\/wp\/v2\/product"}],"about":[{"href":"https:\/\/canvashifi.com\/fi\/wp-json\/wp\/v2\/types\/product"}],"wp:featuredmedia":[{"embeddable":true,"href":"https:\/\/canvashifi.com\/fi\/wp-json\/wp\/v2\/media\/4175"}],"wp:attachment":[{"href":"https:\/\/canvashifi.com\/fi\/wp-json\/wp\/v2\/media?parent=3043"}],"wp:term":[{"taxonomy":"size","embeddable":true,"href":"https:\/\/canvashifi.com\/fi\/wp-json\/wp\/v2\/size?post=3043"},{"taxonomy":"product_brand","embeddable":true,"href":"https:\/\/canvashifi.com\/fi\/wp-json\/wp\/v2\/product_brand?post=3043"},{"taxonomy":"product_cat","embeddable":true,"href":"https:\/\/canvashifi.com\/fi\/wp-json\/wp\/v2\/product_cat?post=3043"},{"taxonomy":"product_tag","embeddable":true,"href":"https:\/\/canvashifi.com\/fi\/wp-json\/wp\/v2\/product_tag?post=3043"},{"taxonomy":"farve","embeddable":true,"href":"https:\/\/canvashifi.com\/fi\/wp-json\/wp\/v2\/farve?post=3043"},{"taxonomy":"maerker","embeddable":true,"href":"https:\/\/canvashifi.com\/fi\/wp-json\/wp\/v2\/maerker?post=3043"},{"taxonomy":"serie","embeddable":true,"href":"https:\/\/canvashifi.com\/fi\/wp-json\/wp\/v2\/serier?post=3043"},{"taxonomy":"kampagne","embeddable":true,"href":"https:\/\/canvashifi.com\/fi\/wp-json\/wp\/v2\/kampagne?post=3043"},{"taxonomy":"tempcat","embeddable":true,"href":"https:\/\/canvashifi.com\/fi\/wp-json\/wp\/v2\/tempcat?post=3043"}],"curies":[{"name":"wp","href":"https:\/\/api.w.org\/{rel}","templated":true}]}}