{"id":864,"date":"2023-10-18T13:20:36","date_gmt":"2023-10-18T11:20:36","guid":{"rendered":"https:\/\/lbs.dk\/cnvshf\/produkt\/canvas-55-black\/"},"modified":"2026-04-01T18:46:33","modified_gmt":"2026-04-01T16:46:33","slug":"canvas-55-black","status":"publish","type":"product","link":"https:\/\/canvashifi.com\/fi\/products\/canvas-55-black\/","title":{"rendered":"CANVAS 55\" Musta"},"content":{"rendered":"<h2>CANVAS on pelkk\u00e4 viimeinen tuote\u00a0<span style=\"color: #70757a;font-family: arial, sans-serif;font-size: 14px\">-<\/span>\u00a0se on innovatiivinen idea<\/h2>\n<p>CANVAS 55\":n johdanto on uusi, kompaktin ja vakaan lydteknologian mukainen uutuus. T\u00e4m\u00e4 malli on suunniteltu siten, ett\u00e4 se tarjoaa tyylikkyytt\u00e4 ja tyylikkyytt\u00e4, ja se on my\u00f6s suunniteltu siten, ett\u00e4 se tarjoaa kompromissin lydkvaliteten kanssa. Falder perfect ind in indretningen in en hver bolig. CANVAS 55\" on ihanteellinen yhdistelm\u00e4 muotoa ja toimintaa.<\/p>\n<p><strong>Lydoplevelse enest\u00e5ende med CANVAS (kansi)<br \/>\n<\/strong>Trods sin mere beskedne st\u00f8rrelse, er CANVAS 55\" udstyret med avancerede lydkomponenter, som sikrer en lydoplevelse, der st\u00e5r m\u00e5l med langt st\u00f8rre systemer. High-end SB Acoustics komponenter og en pr\u00e6cis lydjustering g\u00f8r, at hver tone og detalje leveres med\u00a0uovertruffen klarhed. Denne model er ideel til dem, der \u00f8nsker en enest\u00e5ende lydoplevelse i et mere intimt milj\u00f8.<\/p>\n<p><strong>Rumkorrektion med BACCH 3D teknologi<br \/>\n<\/strong>Med sin intelligent rumkorrektion og BACCH 3D teknologi, tilpasser CANVAS 55\" sig perfekt til rummets akustik, hvilket garanterer en fyldig og detaljeret lyd, selv i mindre rum. Denne model er et bevis p\u00e5, at h\u00f8j kvalitet og kompakt design can g\u00e5 h\u00e5nd in h\u00e5nd.<\/p>\n<p><strong>Perfekt tilpasning til alle 55\" TV<\/strong><br \/>\nDesignet af CANVAS 55\" med sort front er n\u00f8je udformet for at komplementere og forbedre enhver 55\" tommer TV-oplevelse. Med sin universelle tilpasning garanterer denne model, at uanset hvilken 55\" tommer TV du har, vil CANVAS 55\" integrere sig problemfrit og\u00a0forbedre din audiovisuelle underholdning. Oplev en s\u00f8ml\u00f8s og harmonisk kombination af visuel og auditiv kvalitet i dit hjem.<\/p>\n<p><strong>Fleksibel montering - v\u00e6gh\u00e6ngt tai st\u00e5ende<\/strong><br \/>\nCANVAS 55\" on eritt\u00e4in suuri ja vakaa, ja se tarjoaa t\u00e4ydelliset mahdollisuudet n\u00e4hd\u00e4, jos haluat integroida j\u00e4rjestelm\u00e4n t\u00e4h\u00e4n huoneeseen. Uanset om oanset om et etsit elegantti v\u00e6gh\u00e6ngt ops\u00e6tning for at spare plads, or en traditionel st\u00e5ende placering for en mere fleksibel tilstedev\u00e6relse, har CANVAS 55\" med sort front alt, hvad du beh\u00f8ver for an personlig og stilfuld ops\u00e6tning. Med disse fleksible monteringsmuligheder kan du skr\u00e6ddersy din lydoplevelse til netop din boligindretning og hvis dine behov med tiden \u00e6ndres sikre fleksibel placering og mulighed for front i anden st\u00f8rrelse eller farve en nem tilpasning til anden tv-st\u00f8rrelse eller placering.<\/p>\n<p>Se mere om CANVAS p\u00e5 deres internationale webshop her <a title=\"CANVAS HiFi\" href=\"https:\/\/canvashifi.com\/fi\/\" target=\"_blank\" rel=\"noopener\">www.canvashifi.com<\/a><\/p>","protected":false},"excerpt":{"rendered":"<p>CANVAS er mere end et produkt\u00a0\u2014\u00a0det er en innovativ id\u00e9 Introduktionen af CANVAS 55\" markerer en ny \u00e6ra inden for kompakt og stilfuld\u00a0lydteknologi. Med sin raffinerede sorte front er denne model designet til at tilf\u00f8re et touch af elegance til ethvert rum, uden at g\u00e5 p\u00e5 kompromis med lydkvaliteten. Falder perfekt ind i indretningen i [&hellip;]<\/p>\n","protected":false},"featured_media":4171,"template":"","meta":{"_acf_changed":false},"product_brand":[],"product_cat":[153],"product_tag":[103,99],"farve":[122],"maerker":[],"serier":[],"kampagne":[],"tempcat":[],"class_list":{"0":"post-864","1":"product","2":"type-product","3":"status-publish","4":"has-post-thumbnail","6":"product_cat-canvas","7":"product_tag-canvas-55","8":"product_tag-quickrequest","9":"product_shipping_class-free","10":"farve-sort","12":"first","13":"instock","14":"featured","15":"taxable","16":"shipping-taxable","17":"purchasable","18":"product-type-simple"},"acf":[],"_links":{"self":[{"href":"https:\/\/canvashifi.com\/fi\/wp-json\/wp\/v2\/product\/864","targetHints":{"allow":["GET"]}}],"collection":[{"href":"https:\/\/canvashifi.com\/fi\/wp-json\/wp\/v2\/product"}],"about":[{"href":"https:\/\/canvashifi.com\/fi\/wp-json\/wp\/v2\/types\/product"}],"wp:featuredmedia":[{"embeddable":true,"href":"https:\/\/canvashifi.com\/fi\/wp-json\/wp\/v2\/media\/4171"}],"wp:attachment":[{"href":"https:\/\/canvashifi.com\/fi\/wp-json\/wp\/v2\/media?parent=864"}],"wp:term":[{"taxonomy":"product_brand","embeddable":true,"href":"https:\/\/canvashifi.com\/fi\/wp-json\/wp\/v2\/product_brand?post=864"},{"taxonomy":"product_cat","embeddable":true,"href":"https:\/\/canvashifi.com\/fi\/wp-json\/wp\/v2\/product_cat?post=864"},{"taxonomy":"product_tag","embeddable":true,"href":"https:\/\/canvashifi.com\/fi\/wp-json\/wp\/v2\/product_tag?post=864"},{"taxonomy":"farve","embeddable":true,"href":"https:\/\/canvashifi.com\/fi\/wp-json\/wp\/v2\/farve?post=864"},{"taxonomy":"maerker","embeddable":true,"href":"https:\/\/canvashifi.com\/fi\/wp-json\/wp\/v2\/maerker?post=864"},{"taxonomy":"serie","embeddable":true,"href":"https:\/\/canvashifi.com\/fi\/wp-json\/wp\/v2\/serier?post=864"},{"taxonomy":"kampagne","embeddable":true,"href":"https:\/\/canvashifi.com\/fi\/wp-json\/wp\/v2\/kampagne?post=864"},{"taxonomy":"tempcat","embeddable":true,"href":"https:\/\/canvashifi.com\/fi\/wp-json\/wp\/v2\/tempcat?post=864"}],"curies":[{"name":"wp","href":"https:\/\/api.w.org\/{rel}","templated":true}]}}