{"id":936,"date":"2023-11-15T12:26:45","date_gmt":"2023-11-15T11:26:45","guid":{"rendered":"https:\/\/lbs.dk\/cnvshf\/produkt\/canvas-solo-black\/"},"modified":"2026-04-28T12:13:42","modified_gmt":"2026-04-28T10:13:42","slug":"canvas-solo-black","status":"publish","type":"product","link":"https:\/\/canvashifi.com\/fi\/product\/canvas-solo-black\/","title":{"rendered":"CANVAS SOLO Musta"},"content":{"rendered":"<h2>CANVAS SOLO er mere end et produkt\u00a0<span style=\"color: #70757a; font-family: arial, sans-serif; font-size: 14px;\">-<\/span>\u00a0se on innovatiivinen idea<\/h2>\n<p>CANVAS SOLO on modernin HiFi-j\u00e4rjestelm\u00e4n paras mahdollinen laite. Med sit elegante sorte stofdesign passer det ind i enhver indretning, om det er som en udvidelse af din TV-oplevelse or som et selvst\u00e6ndigt HiFi-musiksystem. Se voi nousta v\u00e6ggenin p\u00e4\u00e4lle, seisoa hyllyll\u00e4 tai pys\u00e4hty\u00e4 gulvetin p\u00e4\u00e4lle. T\u00e4m\u00e4 keskikokoinen etugrilli, joka sopii yhteen CANVAS 55\":n rungon kanssa, tarjoaa samankaltaisen, rauhallisen ulkoasun t\u00e4ss\u00e4 j\u00e4rjestelm\u00e4ss\u00e4.<\/p>\n<p><strong>Oplev en fantastisk lydoplevelse med CANVAS SOLO<br \/>\n<\/strong>Den rene HiFi-oplevelse, CANVAS SOLO tilbyder, er intet mindre end imponerende. Uanset om det bruges med eller uden et TV, overskrider CANVAS traditionelle audiosystemers gr\u00e6nser. Denne alsidighed giver mulighed for at genopdage varmen i din LP-samling, streame din yndlingsmusik ubesv\u00e6ret, tilf\u00f8re HiFi til dit k\u00f8kken eller forbedre lyden p\u00e5 din storsk\u00e6rm.<\/p>\n<p><strong>Multifunktionalitet<br \/>\n<\/strong>Som et alt-i-et HiFi-system er CANVAS SOLO i en klasse for sig. Med mulighed for at synkronisere flere enheder med et enkelt tryk p\u00e5 din telefon, tilbyder systemet en harmonisk lydoplevelse i hele dit rum. Hver enhed kan ogs\u00e5 spille uafh\u00e6ngigt, hvilket giver en fleksibilitet, der overg\u00e5r konventionelle HiFi-systemer.<\/p>","protected":false},"excerpt":{"rendered":"<p>CANVAS SOLO er mere end et produkt\u00a0\u2014\u00a0det er en innovativ id\u00e9 CANVAS SOLO er et \u00e6gte mesterv\u00e6rk inden for moderne HiFi-systemer. Med sit elegante sorte stofdesign passer det ind i enhver indretning, om det er som en udvidelse af din TV-oplevelse eller som et selvst\u00e6ndigt HiFi-musiksystem. Det kan h\u00e6nges p\u00e5 v\u00e6ggen, st\u00e5 p\u00e5 en hylde, [&hellip;]<\/p>\n","protected":false},"featured_media":4410,"template":"","meta":{"_acf_changed":false},"size":[574],"product_brand":[],"product_cat":[153],"product_tag":[102,99],"farve":[122],"maerker":[],"serier":[],"kampagne":[],"tempcat":[],"class_list":{"0":"post-936","1":"product","2":"type-product","3":"status-publish","4":"has-post-thumbnail","6":"size-574","7":"product_cat-canvas","8":"product_tag-canvas-solo","9":"product_tag-quickrequest","10":"product_shipping_class-free","11":"farve-sort","13":"first","14":"instock","15":"featured","16":"taxable","17":"shipping-taxable","18":"purchasable","19":"product-type-simple"},"acf":[],"_links":{"self":[{"href":"https:\/\/canvashifi.com\/fi\/wp-json\/wp\/v2\/product\/936","targetHints":{"allow":["GET"]}}],"collection":[{"href":"https:\/\/canvashifi.com\/fi\/wp-json\/wp\/v2\/product"}],"about":[{"href":"https:\/\/canvashifi.com\/fi\/wp-json\/wp\/v2\/types\/product"}],"wp:featuredmedia":[{"embeddable":true,"href":"https:\/\/canvashifi.com\/fi\/wp-json\/wp\/v2\/media\/4410"}],"wp:attachment":[{"href":"https:\/\/canvashifi.com\/fi\/wp-json\/wp\/v2\/media?parent=936"}],"wp:term":[{"taxonomy":"size","embeddable":true,"href":"https:\/\/canvashifi.com\/fi\/wp-json\/wp\/v2\/size?post=936"},{"taxonomy":"product_brand","embeddable":true,"href":"https:\/\/canvashifi.com\/fi\/wp-json\/wp\/v2\/product_brand?post=936"},{"taxonomy":"product_cat","embeddable":true,"href":"https:\/\/canvashifi.com\/fi\/wp-json\/wp\/v2\/product_cat?post=936"},{"taxonomy":"product_tag","embeddable":true,"href":"https:\/\/canvashifi.com\/fi\/wp-json\/wp\/v2\/product_tag?post=936"},{"taxonomy":"farve","embeddable":true,"href":"https:\/\/canvashifi.com\/fi\/wp-json\/wp\/v2\/farve?post=936"},{"taxonomy":"maerker","embeddable":true,"href":"https:\/\/canvashifi.com\/fi\/wp-json\/wp\/v2\/maerker?post=936"},{"taxonomy":"serie","embeddable":true,"href":"https:\/\/canvashifi.com\/fi\/wp-json\/wp\/v2\/serier?post=936"},{"taxonomy":"kampagne","embeddable":true,"href":"https:\/\/canvashifi.com\/fi\/wp-json\/wp\/v2\/kampagne?post=936"},{"taxonomy":"tempcat","embeddable":true,"href":"https:\/\/canvashifi.com\/fi\/wp-json\/wp\/v2\/tempcat?post=936"}],"curies":[{"name":"wp","href":"https:\/\/api.w.org\/{rel}","templated":true}]}}