{"id":1819,"date":"2025-01-10T12:19:20","date_gmt":"2025-01-10T11:19:20","guid":{"rendered":"https:\/\/lbs.dk\/cnvshf\/?page_id=1819"},"modified":"2025-02-11T09:46:22","modified_gmt":"2025-02-11T08:46:22","slug":"become-a-reseller","status":"publish","type":"page","link":"https:\/\/canvashifi.com\/fr\/support\/become-a-reseller\/","title":{"rendered":"Devenir revendeur"},"content":{"rendered":"<section class=\"ct-section\">\n\t\t<style>\n\t\t@media (min-width:992px) {\n\t\t\t#le_textmedia_wrapper-block_80906f6942d00f1122878f19fd45e3e5 .le_textmedia_last {\n\t\t\t\tgrid-column: span 6;\n\t\t\t\tdisplay:flex;\n\t\t\t\talign-items:center;\n\t\t\t}\n\t\t\t#le_textmedia_wrapper-block_80906f6942d00f1122878f19fd45e3e5 .le_textmedia_first {\n\t\t\t\tgrid-column: span 6;\n\t\t\t}\n\t\t}\n\t<\/style>\n\t\t<div class=\"ct-section-inner-wrap\">\n\t\t<div id=\"le_textmedia_wrapper-block_80906f6942d00f1122878f19fd45e3e5\" class=\"le_section le_textmedia le_textmedia-img\">\n\t\t\t<div class=\"le_textmedia_first\">\n\t\t\t\t\t<h2>Vous souhaitez devenir l'un de nos partenaires ?<\/h2>\n<p>Nous recherchons des partenaires d\u00e9taillants passionn\u00e9s par la marque CANVAS HiFi et des distributeurs qui peuvent nous aider \u00e0 atteindre les d\u00e9taillants haut de gamme et \u00e0 stimuler la croissance.<\/p>\n<p>Plus pr\u00e9cis\u00e9ment, nous cherchons \u00e0 travailler avec des personnes et des entreprises qui sont.. :<\/p>\n<ul>\n<li>Ambitieux et d\u00e9sireux de nous aider \u00e0 offrir un son exceptionnel aux consommateurs.<\/li>\n<li>Bien \u00e9tabli dans les r\u00e9seaux ais\u00e9s, les magasins de d\u00e9coration d'int\u00e9rieur et de mode, les magasins de produits audiovisuels haut de gamme ou les magasins d'\u00e9lectronique grand public.<\/li>\n<li>Avoir le sens du contact et \u00eatre capable d'\u00e9tablir un r\u00e9seau au sein de la communaut\u00e9 d'affaires locale.<\/li>\n<li>Proposer des produits de marques r\u00e9put\u00e9es<\/li>\n<li>Exp\u00e9riment\u00e9 et dot\u00e9 d'une solide connaissance du marketing r\u00e9gional et local<\/li>\n<\/ul>\n\t\t\t\t\t\t\t<a href=\"\/fr\/apply-now\/\" class=\"le_btn le_btn_trans_b\">Postuler<\/a>\n\t\t\t\t\t\t\t\t\t<\/div>\n\t\t\t<div class=\"le_textmedia_last medie-right round\">\n\t\t\t\t\t\t\t\t\t<img decoding=\"async\" src=\"https:\/\/6kutttnx.photoncache.com\/wp-content\/uploads\/sites\/5\/2024\/10\/vision-teknologi1-1024x1024.jpg\" alt=\"\" \/>\n\t\t\t\t\t\t\t<\/div>\n\t\t<\/div>\n\t\t<\/div>\n\t<\/section>","protected":false},"excerpt":{"rendered":"","protected":false},"author":1,"featured_media":0,"parent":1524,"menu_order":0,"comment_status":"closed","ping_status":"closed","template":"","meta":{"_acf_changed":false,"footnotes":""},"class_list":["post-1819","page","type-page","status-publish","hentry"],"acf":[],"_links":{"self":[{"href":"https:\/\/canvashifi.com\/fr\/wp-json\/wp\/v2\/pages\/1819","targetHints":{"allow":["GET"]}}],"collection":[{"href":"https:\/\/canvashifi.com\/fr\/wp-json\/wp\/v2\/pages"}],"about":[{"href":"https:\/\/canvashifi.com\/fr\/wp-json\/wp\/v2\/types\/page"}],"author":[{"embeddable":true,"href":"https:\/\/canvashifi.com\/fr\/wp-json\/wp\/v2\/users\/1"}],"replies":[{"embeddable":true,"href":"https:\/\/canvashifi.com\/fr\/wp-json\/wp\/v2\/comments?post=1819"}],"version-history":[{"count":0,"href":"https:\/\/canvashifi.com\/fr\/wp-json\/wp\/v2\/pages\/1819\/revisions"}],"up":[{"embeddable":true,"href":"https:\/\/canvashifi.com\/fr\/wp-json\/wp\/v2\/pages\/1524"}],"wp:attachment":[{"href":"https:\/\/canvashifi.com\/fr\/wp-json\/wp\/v2\/media?parent=1819"}],"curies":[{"name":"wp","href":"https:\/\/api.w.org\/{rel}","templated":true}]}}