{"id":5361,"date":"2025-11-24T11:53:12","date_gmt":"2025-11-24T10:53:12","guid":{"rendered":"https:\/\/canvashifi.com\/?page_id=5361"},"modified":"2025-12-11T15:28:00","modified_gmt":"2025-12-11T14:28:00","slug":"the-original-canvas","status":"publish","type":"page","link":"https:\/\/canvashifi.com\/fr\/the-original-canvas\/","title":{"rendered":"La toile originale"},"content":{"rendered":"<section id=\"hero-block_0b845c2b2bef58689c6e7186f1b747c1\" class=\"hero h-height-xl h-mheight-xl c_width_m heading_l\" style=\"--txt-color: #FFFFFF; --overlay-opacity: 0%\">\n                    <picture class=\"hero__background\">\n                                    <source media=\"(max-width: 768px)\" srcset=\"https:\/\/6kutttnx.photoncache.com\/wp-content\/uploads\/sites\/5\/2025\/11\/Canvas_800x800.jpg\">\n                                <img decoding=\"async\" src=\"https:\/\/6kutttnx.photoncache.com\/wp-content\/uploads\/sites\/5\/2025\/11\/Canvas_1920x840.jpg\" alt=\"\" \/>\n            <\/picture>\n        \n        <div class=\"hero__overlay\"><\/div>\n\n        <div class=\"ct-section-inner-wrap hero__content c-position_bl a_txt_left\">\n                            <div class=\"element__subheading\">L'ORIGINAL CANVAS<\/div>\n                                        <h1 class=\"element__heading\"><p>CON\u00c7U POUR FAIRE RESSORTIR TOUT LE POTENTIEL DE CHAQUE SON<\/p>\n<\/h1>\n            \n            \n                    <\/div>\n    <\/section>\n    \n\n\n<div style=\"height:5rem\" aria-hidden=\"true\" class=\"wp-block-spacer canvas_spacer\"><\/div>\n\n\n    <section id=\"text-block-block_758dd5c945a52e7175047e14b13fd9c1\" class=\"text-block heading_m c_width_s place_c a_txt_center\" style=\"--txt-color: #000; --bg-color: #FFFFFF\">\n        <div class=\"text-block__inner ct-section-inner-wrap\">\n                                        <h3 class=\"element__heading\">EXPERIENCE CANVAS - UNE NOUVELLE NORME EN MATIERE DE HIFI HAUT DE GAMME INTEGRE A LA TELEVISION, CONSTRUITE A PARTIR D'UNE VERITABLE INGENIERIE AUDIO, D'UNE CONCEPTION ACOUSTIQUE AVANCEE ET D'UNE FABRICATION MODERNE ET ELEGANTE.<br \/>\r\nUN SYST\u00c8ME CON\u00c7U POUR OFFRIR UN SON \u00c9POUSTOUFLANT, UNE INT\u00c9GRATION TRANSPARENTE DE LA T\u00c9L\u00c9VISION ET UNE EXP\u00c9RIENCE TOTALEMENT IMMERSIVE DANS LE SALON, SANS SACRIFIER LE STYLE, LES PERFORMANCES OU LA SIMPLICIT\u00c9.<\/h3>\n            \n            \n                    <\/div>\n    <\/section>\n    \n\n\n<div style=\"height:5rem\" aria-hidden=\"true\" class=\"wp-block-spacer canvas_spacer\"><\/div>\n\n\n    <section id=\"hero-block_27b1603211422f02ac90667b473aa0e8\" class=\"hero h-height-xl h-mheight-xl c_width_s heading_m\" style=\"--txt-color: #FFFFFF; --overlay-opacity: 5%\">\n                    <picture class=\"hero__background\">\n                                    <source media=\"(max-width: 768px)\" srcset=\"https:\/\/6kutttnx.photoncache.com\/wp-content\/uploads\/sites\/5\/2025\/11\/Canvas2_800x800.jpg\">\n                                <img decoding=\"async\" src=\"https:\/\/6kutttnx.photoncache.com\/wp-content\/uploads\/sites\/5\/2025\/11\/Canvas2_1920x840.jpg\" alt=\"\" \/>\n            <\/picture>\n        \n        <div class=\"hero__overlay\"><\/div>\n\n        <div class=\"ct-section-inner-wrap hero__content c-position_bl a_txt_left\">\n                        \n            \n                    <\/div>\n    <\/section>\n    \n\n\n<div style=\"height:5rem\" aria-hidden=\"true\" class=\"wp-block-spacer canvas_spacer\"><\/div>\n\n\n    <section id=\"text-block-block_0ba6241752924dcf0aa31fcf7b503f70\" class=\"text-block heading_m content-size-content_m c_width_s place_c a_txt_center\" style=\"--txt-color: #000; --bg-color: #FFFFFF\">\n        <div class=\"text-block__inner ct-section-inner-wrap\">\n                                        <h3 class=\"element__heading\">UNE V\u00c9RITABLE PERFORMANCE HIFI SANS COMPROMIS<\/h3>\n            \n                            <div class=\"element__text\"><p>Canvas est con\u00e7u comme un v\u00e9ritable syst\u00e8me d'enceintes hi-fi, utilisant des haut-parleurs SB Acoustics de premi\u00e8re qualit\u00e9, des structures en aluminium moul\u00e9 sous pression, des radiateurs passifs \u00e0 longue excursion et des tweeters en soie \u00e0 guidage d'ondes pour des d\u00e9tails et une clart\u00e9 naturels. Une enceinte rigide en MDF renforc\u00e9e par notre conception BridgeBrace\u2122 en instance de brevet supprime les vibrations ind\u00e9sirables, garantissant des performances nettes \u00e0 tous les niveaux d'\u00e9coute. Avec un DAC Burr-Brown \u00e0 4 canaux, un \u00e9tage d'amplification de haute qualit\u00e9 et des crossovers DSP \u00e0 phase lin\u00e9aire d'Analog Devices, Canvas offre un son normalement r\u00e9serv\u00e9 aux installations HiFi d\u00e9di\u00e9es.<\/p>\n<\/div>\n            \n                    <\/div>\n    <\/section>\n    \n\n    <section id=\"loop-block-block_55b5e1f95cecc8baebc4947a33571fea\" class=\"loop-element heading_m dsgn1\" style=\"--txt-color: #000000; --bg-color: #FFFFFF\" data-grid=\"2\">\n        <div class=\"loop-element__wrapper ct-section-inner-wrap\">\n            \n            \n            \n                                                <div class=\"grid-element__items\" style=\"--loopGrid: 2; --loopGap: 2rem;\">\n                        <article class=\"loop-card  dsgn1\" style=\"padding-right:0\">\n                <div class=\"loop-card__link\">\n                        <img decoding=\"async\" src=\"https:\/\/6kutttnx.photoncache.com\/wp-content\/uploads\/sites\/5\/2025\/11\/Pic2_600x700.jpg\" class=\"loop-card__image\">\n                <div class=\"loop-card__contentWrapper\">\n            <div class=\"loop-card_contentInner\">\n                <div class=\"loop-card__contentTitle\">\n                    <div class=\"loop-card__title\">\n                        CONFIGURATION ADAPTABLE ET CONCEPTION \u00c0 LONG TERME                    <\/div>\n                                    <\/div>\n                <div class=\"loop-card__content\">Chaque unit\u00e9 comprend une fixation hybride pied\/mur, qui vous permet de passer d'une installation au sol \u00e0 une installation murale sans avoir \u00e0 remplacer le syst\u00e8me.<br \/>\r\n<br \/>\r\nLes mises \u00e0 jour automatiques et la conception interne modulaire font de Canvas un produit durable - facile \u00e0 entretenir, facile \u00e0 mettre \u00e0 niveau et toujours \u00e0 jour.<\/div>            <\/div>\n                    <\/div>\n                <\/div>\n    <\/article>\n<article class=\"loop-card  dsgn1\" style=\"padding-right:0\">\n                <div class=\"loop-card__link\">\n                        <img decoding=\"async\" src=\"https:\/\/6kutttnx.photoncache.com\/wp-content\/uploads\/sites\/5\/2025\/11\/Pic3_600x800-1.jpg\" class=\"loop-card__image\">\n                <div class=\"loop-card__contentWrapper\">\n            <div class=\"loop-card_contentInner\">\n                <div class=\"loop-card__contentTitle\">\n                    <div class=\"loop-card__title\">\n                        UN PLACEMENT FLEXIBLE ET UNE CONCEPTION \u00c0 L'\u00c9PREUVE DU TEMPS                    <\/div>\n                                    <\/div>\n                <div class=\"loop-card__content\">Canvas transforme un placement difficile en un avantage. <br \/>\r\n<br \/>\r\nLa technologie BACCH 3D supprime la diaphonie pour une sc\u00e8ne sonore spacieuse et tridimensionnelle, m\u00eame lorsque les enceintes sont plac\u00e9es directement contre un mur.<br \/>\r\n<\/div>            <\/div>\n                    <\/div>\n                <\/div>\n    <\/article>\n                    <\/div>\n                                    <\/div>\n    <\/section>\n    \n\n    <section id=\"hero-block_5e939f7e78661c42ce2db4873a20021d\" class=\"hero h-height-xl h-mheight-auto c_width_l heading_m\" style=\"--txt-color: #FFFFFF; --overlay-opacity: 0%\">\n                    <picture class=\"hero__background\">\n                                    <source media=\"(max-width: 768px)\" srcset=\"https:\/\/6kutttnx.photoncache.com\/wp-content\/uploads\/sites\/5\/2025\/11\/Canvas3_800x800.jpg\">\n                                <img decoding=\"async\" src=\"https:\/\/6kutttnx.photoncache.com\/wp-content\/uploads\/sites\/5\/2025\/11\/Canvas3_1920x840.jpg\" alt=\"\" \/>\n            <\/picture>\n        \n        <div class=\"hero__overlay\"><\/div>\n\n        <div class=\"ct-section-inner-wrap hero__content c-position_bl a_txt_left\">\n                        \n            \n                    <\/div>\n    <\/section>\n    \n\n\n<div style=\"height:5rem\" aria-hidden=\"true\" class=\"wp-block-spacer canvas_spacer\"><\/div>\n\n\n    <section id=\"text-block-block_8e6d20a9e35d830fac19d3f329c65e10\" class=\"text-block heading_m content-size-content_m c_width_m place_c a_txt_center\" style=\"--txt-color: #000; --bg-color: #FFFFFF\">\n        <div class=\"text-block__inner ct-section-inner-wrap\">\n                                        <h3 class=\"element__heading\">UNE ADAPTATION PARFAITE \u00c0 PRESQUE TOUS LES T\u00c9L\u00c9VISEURS<\/h3>\n            \n                            <div class=\"element__text\"><p data-start=\"153\" data-end=\"478\">Le support TV universel en instance de brevet prend en charge la plupart des \u00e9crans modernes de 55 \u00e0 85 pouces et permet au syst\u00e8me de se fondre visuellement avec le t\u00e9l\u00e9viseur. Les grilles frontales de taille adapt\u00e9e cr\u00e9ent un aspect affleurant et unifi\u00e9, transformant votre t\u00e9l\u00e9viseur et Canvas en un seul meuble homog\u00e8ne. Avec des options de montage flexibles, des mises \u00e0 jour logicielles et une disposition interne modulaire, Canvas est con\u00e7u pour rester facile \u00e0 entretenir, pr\u00eat pour l'avenir et adaptable \u00e0 n'importe quelle pi\u00e8ce ou configuration.<\/p>\n<\/div>\n            \n                    <\/div>\n    <\/section>\n    \n\n    <section id=\"loop-block-block_e6a25a4a682b76f10abcb5ca0fe7046d\" class=\"loop-element heading_m dsgn1\" style=\"--txt-color: #000000; --bg-color: #FFFFFF\" data-grid=\"2\">\n        <div class=\"loop-element__wrapper ct-section-inner-wrap\">\n            \n            \n            \n                                                <div class=\"grid-element__items\" style=\"--loopGrid: 2; --loopGap: 2rem;\">\n                        <article class=\"loop-card  dsgn1\" style=\"padding-right:0\">\n                <div class=\"loop-card__link\">\n                        <img decoding=\"async\" src=\"https:\/\/6kutttnx.photoncache.com\/wp-content\/uploads\/sites\/5\/2025\/11\/Pic5_600x700.jpg\" class=\"loop-card__image\">\n                <div class=\"loop-card__contentWrapper\">\n            <div class=\"loop-card_contentInner\">\n                <div class=\"loop-card__contentTitle\">\n                    <div class=\"loop-card__title\">\n                        DES PROFILS SONORES SUR MESURE                    <\/div>\n                                    <\/div>\n                <div class=\"loop-card__content\">Canvas transforme un placement difficile en un avantage. <br \/>\r\n<br \/>\r\nLa technologie BACCH 3D supprime la diaphonie pour une sc\u00e8ne sonore spacieuse et tridimensionnelle, m\u00eame lorsque les enceintes sont plac\u00e9es directement contre un mur.<br \/>\r\n<\/div>            <\/div>\n                    <\/div>\n                <\/div>\n    <\/article>\n<article class=\"loop-card  dsgn1\" style=\"padding-right:0\">\n                <div class=\"loop-card__link\">\n                        <img decoding=\"async\" src=\"https:\/\/6kutttnx.photoncache.com\/wp-content\/uploads\/sites\/5\/2025\/11\/Pic6_485x648-1.jpg\" class=\"loop-card__image\">\n                <div class=\"loop-card__contentWrapper\">\n            <div class=\"loop-card_contentInner\">\n                <div class=\"loop-card__contentTitle\">\n                    <div class=\"loop-card__title\">\n                        STREAMING ILLIMIT\u00c9                    <\/div>\n                                    <\/div>\n                <div class=\"loop-card__content\">Connectez-vous \u00e0 l'aide d'un simple c\u00e2ble HDMI eARC et contr\u00f4lez tout directement \u00e0 l'aide de votre t\u00e9l\u00e9viseur ou de la t\u00e9l\u00e9commande Apple TV.<br \/>\r\n<br \/>\r\nSynchronisation parfaite des l\u00e8vres, contr\u00f4le automatique de l'alimentation et aucune difficult\u00e9 - Canvas r\u00e9agit comme s'il faisait partie int\u00e9grante de votre t\u00e9l\u00e9viseur.<br \/>\r\nQue vous diffusiez des listes de lecture ou que vous \u00e9coutiez des vinyles, Canvas les prend en charge avec clart\u00e9 et profondeur.<\/div>            <\/div>\n                    <\/div>\n                <\/div>\n    <\/article>\n                    <\/div>\n                                    <\/div>\n    <\/section>\n    \n\n\n<div style=\"height:5rem\" aria-hidden=\"true\" class=\"wp-block-spacer canvas_spacer\"><\/div>\n\n\n\t<section id=\"text-media-block_0199ba5ca6a8ffe687b8cd570ce896b1\" class=\"text-media heading_m medie-left media-6-cols\" style=\"--txt-color: #000000; --bg-color: #FFFFFF\">\n\t\t<div class=\"text-media__inner rp_right rp_left a_txt_left   ct-section-inner-wrap\">\n\t\t\t<div class=\"text-media__text\" style=\"grid-column: span 6\">\n\t\t\t\t\t\t\t\t\t<h3 class=\"element__heading\">UN CONTR\u00d4LE SANS EFFORT, UN PLAISIR SANS FIN<\/h3>\n\t\t\t\t\n\t\t\t\t\t\t\t\t\t<div class=\"element__text\"><p>Avec Apple AirPlay 2, Google Cast, Spotify Connect, TIDAL Connect, Roon et HDMI eARC, vous \u00eates toujours \u00e0 un pas de la musique, des films ou des moments qui vous touchent, que ce soit \u00e0 partir de la t\u00e9l\u00e9vision, du t\u00e9l\u00e9phone ou du r\u00e9seau. L'entr\u00e9e analogique avec convertisseur N\/A Burr-Brown permet de conserver la fid\u00e9lit\u00e9 des vinyles, \u00e0 condition que votre platine dispose d'un \u00e9tage phono int\u00e9gr\u00e9.<\/p>\n<p>L'installation est instantan\u00e9e. Une simple pression sur l'iPhone ou un flux guid\u00e9 sur Android lui donne vie. \u00c0 partir de l\u00e0, le contr\u00f4le se fait sans effort. Gr\u00e2ce au HDMI eARC, le CANVAS r\u00e9agit \u00e0 la t\u00e9l\u00e9commande de votre t\u00e9l\u00e9viseur comme s'il faisait partie de l'\u00e9cran - synchronisation parfaite des l\u00e8vres, volume naturel, int\u00e9gration transparente.<\/p>\n<\/div>\n\t\t\t\t\n\t\t\t\t\t\t\t<\/div>\n\n\t\t\t<div class=\"text-media__media\" style=\"grid-column: span 6\">\n\t\t\t\t\t\t\t\t\t<img decoding=\"async\" src=\"https:\/\/6kutttnx.photoncache.com\/wp-content\/uploads\/sites\/5\/2025\/09\/Canvas-stream-from-app_690x690_crop_center1.jpg\" alt=\"\" \/>\n\t\t\t\t\t\t\t<\/div>\n\t\t<\/div>\n\t<\/section>\n\t\n\n\t<section id=\"text-media-block_05f52c3843bb3af91b3fbcbd088b777b\" class=\"text-media heading_m medie-right media-6-cols\" style=\"--txt-color: #000000; --bg-color: #FFFFFF\">\n\t\t<div class=\"text-media__inner rp_right rp_left a_txt_left   ct-section-inner-wrap\">\n\t\t\t<div class=\"text-media__text\" style=\"grid-column: span 6\">\n\t\t\t\t\t\t\t\t\t<h3 class=\"element__heading\">DANISH DESIGN FUSING HiFi WITH YOUR TV<\/h3>\n\t\t\t\t\n\t\t\t\t\t\t\t\t\t<div class=\"element__text\"><p>L'id\u00e9e fondamentale du design CANVAS est de fusionner la hi-fi avec votre t\u00e9l\u00e9viseur et de cr\u00e9er un espace de vie harmonieux et fonctionnel qui c\u00e9l\u00e8bre la simplicit\u00e9, les \u00e9l\u00e9ments naturels et le minimalisme.<br \/>\ncompromettre le son.<\/p>\n<p>Cette philosophie de conception met l'accent sur des lignes \u00e9pur\u00e9es, une palette de couleurs neutres et l'utilisation de mat\u00e9riaux naturels tels que le bois et les textiles inspir\u00e9s de la nature.<\/p>\n<\/div>\n\t\t\t\t\n\t\t\t\t\t\t\t<\/div>\n\n\t\t\t<div class=\"text-media__media\" style=\"grid-column: span 6\">\n\t\t\t\t\t\t\t\t\t<img decoding=\"async\" src=\"https:\/\/6kutttnx.photoncache.com\/wp-content\/uploads\/sites\/5\/2025\/01\/Canvas_85_Ocean_Grey_wall-1024x1024.jpg\" alt=\"\" \/>\n\t\t\t\t\t\t\t<\/div>\n\t\t<\/div>\n\t<\/section>\n\t\n\n                <section class=\"ct-section\">\n                    <div class=\"ct-section-inner-wrap\">\n                        <div class=\"swiper-container swiper_slider canvas-reviewslider-1\">\n                            <div class=\"swiper-wrapper canvasreview_item_content\">\n                                                                    <div class=\"swiper-slide\">\n                                        <div class=\"reviewslider_logo\">\n                                                                                    <\/div>\n\n                                        <div class=\"reviewslider_quote\">\n                                            La barre de son Canvas d\u00e9truit la concurrence au CES 2025 - Best in Show                                        <\/div>\n\n                                        <div class=\"reviewslider_name\">\n                                            CES 2025 - Best in show                                        <\/div>\n\n                                        <a class=\"canvasreview_btn\" href=\"https:\/\/www.youtube.com\/watch?v=6zeZ77-26xE\" target=\"_blank\" rel=\"nofollow noopener\">Voir la vid\u00e9o<\/a>                                    <\/div>\n                                                                        <div class=\"swiper-slide\">\n                                        <div class=\"reviewslider_logo\">\n                                                                                    <\/div>\n\n                                        <div class=\"reviewslider_quote\">\n                                            Canvas HiFi fait \u00e0 peu pr\u00e8s tout ce qu'il faut.                                        <\/div>\n\n                                        <div class=\"reviewslider_name\">\n                                            HEIMKINO                                        <\/div>\n\n                                        <a class=\"canvasreview_btn\" href=\"https:\/\/canvashifi.com\/wp-content\/uploads\/sites\/5\/2025\/02\/Heimkino_Test.pdf\" target=\"_blank\" rel=\"nofollow\">Lire l'article<\/a>                                    <\/div>\n                                                                        <div class=\"swiper-slide\">\n                                        <div class=\"reviewslider_logo\">\n                                            <img decoding=\"async\" src=\"https:\/\/6kutttnx.photoncache.com\/wp-content\/uploads\/sites\/5\/2025\/01\/lbicon1.png\" width=\"115\" height=\"133\" alt=\"\" loading=\"lazy\" \/>                                        <\/div>\n\n                                        <div class=\"reviewslider_quote\">\n                                            Canvas HiFi d\u00e9fie les cat\u00e9gories traditionnelles en combinant haut-parleurs, barres de son et meubles, le tout en un seul produit. Et le son est impressionnant.                                        <\/div>\n\n                                        <div class=\"reviewslider_name\">\n                                            Lyd og billede Produit de l'ann\u00e9e                                        <\/div>\n\n                                        <a class=\"canvasreview_btn\" href=\"https:\/\/www.lbtechreviews.com\/test\/speakers\/canvas-hifi-65\" target=\"_blank\" rel=\"nofollow noopener\">En savoir plus<\/a>                                    <\/div>\n                                                                        <div class=\"swiper-slide\">\n                                        <div class=\"reviewslider_logo\">\n                                            <img decoding=\"async\" src=\"https:\/\/6kutttnx.photoncache.com\/wp-content\/uploads\/sites\/5\/2024\/10\/avf1-3.png\" width=\"120\" height=\"22\" alt=\"\" loading=\"lazy\" \/>                                        <\/div>\n\n                                        <div class=\"reviewslider_quote\">\n                                            Les Editor's Choice Awards r\u00e9compensent les meilleurs produits de l'ann\u00e9e. Il s'agit des articles qui, selon nous, se d\u00e9marquent nettement des autres.                                        <\/div>\n\n                                        <div class=\"reviewslider_name\">\n                                            Prix du choix de la r\u00e9daction d'AVForums                                        <\/div>\n\n                                        <a class=\"canvasreview_btn\" href=\"https:\/\/www.avforums.com\/reviews\/canvas-hifi-speaker-system-review.21890\/\" target=\"_blank\" rel=\"nofollow noopener\">En savoir plus<\/a>                                    <\/div>\n                                                                        <div class=\"swiper-slide\">\n                                        <div class=\"reviewslider_logo\">\n                                                                                    <\/div>\n\n                                        <div class=\"reviewslider_quote\">\n                                            Il s'agit de l'un des home cin\u00e9mas les plus \u00e9l\u00e9gants et les plus complets, pr\u00eats \u00e0 l'emploi, que je pense avoir jamais vu.                                        <\/div>\n\n                                        <div class=\"reviewslider_name\">\n                                            Andrew Robinson                                        <\/div>\n\n                                        <a class=\"canvasreview_btn\" href=\"https:\/\/www.youtube.com\/watch?v=xaQsIl1CXvA\" target=\"_blank\" rel=\"nofollow noopener\">Voir la revue<\/a>                                    <\/div>\n                                                                        <div class=\"swiper-slide\">\n                                        <div class=\"reviewslider_logo\">\n                                                                                    <\/div>\n\n                                        <div class=\"reviewslider_quote\">\n                                            C'est plus naturel, c'est plus r\u00e9el, on ressent vraiment la puissance acoustique, la pression, et la sc\u00e8ne prend vie.                                        <\/div>\n\n                                        <div class=\"reviewslider_name\">\n                                            Benji TV                                        <\/div>\n\n                                        <a class=\"canvasreview_btn\" href=\"https:\/\/www.youtube.com\/watch?v=WwBXNtnxBvY\" target=\"_blank\" rel=\"nofollow noopener\">Voir la revue<\/a>                                    <\/div>\n                                                                        <div class=\"swiper-slide\">\n                                        <div class=\"reviewslider_logo\">\n                                                                                    <\/div>\n\n                                        <div class=\"reviewslider_quote\">\n                                            Il fait vraiment ce qu'il dit qu'il va faire                                        <\/div>\n\n                                        <div class=\"reviewslider_name\">\n                                            AVForums avec les premi\u00e8res impressions                                        <\/div>\n\n                                        <a class=\"canvasreview_btn\" href=\"https:\/\/www.youtube.com\/watch?v=tGE1m1tj7g0\" target=\"_blank\" rel=\"nofollow noopener\">Lire l'article<\/a>                                    <\/div>\n                                                                        <div class=\"swiper-slide\">\n                                        <div class=\"reviewslider_logo\">\n                                            <img decoding=\"async\" src=\"https:\/\/6kutttnx.photoncache.com\/wp-content\/uploads\/sites\/5\/2025\/02\/Forbes_logo_black-700x1831-1.png\" width=\"100\" height=\"26\" alt=\"\" loading=\"lazy\" \/>                                        <\/div>\n\n                                        <div class=\"reviewslider_quote\">\n                                            CANVAS d\u00e9voile sa deuxi\u00e8me g\u00e9n\u00e9ration de syst\u00e8mes audio externes pour t\u00e9l\u00e9viseurs - et cette fois-ci, ils ne sont pas r\u00e9serv\u00e9s aux OLED de LG                                        <\/div>\n\n                                        <div class=\"reviewslider_name\">\n                                            Forbes                                        <\/div>\n\n                                        <a class=\"canvasreview_btn\" href=\"https:\/\/www.forbes.com\/sites\/johnarcher\/2024\/01\/05\/canvas-unveils-second-gen-designer-external-tv-sound-systemsand-this-time-theyre-not-just-for-lg-oleds\/?sh=d8ab3cc4dcdb\" target=\"_blank\" rel=\"nofollow noopener\">Lire l'article<\/a>                                    <\/div>\n                                                                <\/div>\n\n                            <div class=\"swiper-pagination\"><\/div>\n                            <div class=\"swiper-button-next\"><\/div>\n                            <div class=\"swiper-button-prev\"><\/div>\n                        <\/div>\n\n                        <script>\n                        document.addEventListener(\"DOMContentLoaded\", function () {\n                            new Swiper(\".canvas-reviewslider-1\", {\n                                loop: true,\n                                navigation: {\n                                    nextEl: \".canvas-reviewslider-1 .swiper-button-next\",\n                                    prevEl: \".canvas-reviewslider-1 .swiper-button-prev\",\n                                },\n                                autoplay: {\n                                    delay: 5000,\n                                },\n                            });\n                        });\n                        <\/script>\n                    <\/div>\n                <\/section>","protected":false},"excerpt":{"rendered":"","protected":false},"author":1334,"featured_media":0,"parent":0,"menu_order":0,"comment_status":"closed","ping_status":"closed","template":"","meta":{"_acf_changed":false,"footnotes":""},"class_list":["post-5361","page","type-page","status-publish","hentry"],"acf":[],"_links":{"self":[{"href":"https:\/\/canvashifi.com\/fr\/wp-json\/wp\/v2\/pages\/5361","targetHints":{"allow":["GET"]}}],"collection":[{"href":"https:\/\/canvashifi.com\/fr\/wp-json\/wp\/v2\/pages"}],"about":[{"href":"https:\/\/canvashifi.com\/fr\/wp-json\/wp\/v2\/types\/page"}],"author":[{"embeddable":true,"href":"https:\/\/canvashifi.com\/fr\/wp-json\/wp\/v2\/users\/1334"}],"replies":[{"embeddable":true,"href":"https:\/\/canvashifi.com\/fr\/wp-json\/wp\/v2\/comments?post=5361"}],"version-history":[{"count":0,"href":"https:\/\/canvashifi.com\/fr\/wp-json\/wp\/v2\/pages\/5361\/revisions"}],"wp:attachment":[{"href":"https:\/\/canvashifi.com\/fr\/wp-json\/wp\/v2\/media?parent=5361"}],"curies":[{"name":"wp","href":"https:\/\/api.w.org\/{rel}","templated":true}]}}