{"id":583,"date":"2024-09-03T15:37:12","date_gmt":"2024-09-03T13:37:12","guid":{"rendered":"https:\/\/lbs.dk\/cnvshf\/?page_id=583"},"modified":"2026-01-20T08:35:21","modified_gmt":"2026-01-20T07:35:21","slug":"technology","status":"publish","type":"page","link":"https:\/\/canvashifi.com\/fr\/technology\/","title":{"rendered":"Technologie"},"content":{"rendered":"<section class=\"ct-section\">\n\t\t<style>\n\t\t@media (min-width:992px) {\n\t\t\t#le_textmedia_wrapper-block_e9c74a9a3fae356ec1807f77e7433c03 .le_textmedia_last {\n\t\t\t\tgrid-column: span 6;\n\t\t\t\tdisplay:flex;\n\t\t\t\talign-items:center;\n\t\t\t}\n\t\t\t#le_textmedia_wrapper-block_e9c74a9a3fae356ec1807f77e7433c03 .le_textmedia_first {\n\t\t\t\tgrid-column: span 6;\n\t\t\t}\n\t\t}\n\t<\/style>\n\t\t<div class=\"ct-section-inner-wrap\">\n\t\t<div id=\"le_textmedia_wrapper-block_e9c74a9a3fae356ec1807f77e7433c03\" class=\"le_section le_textmedia le_textmedia-img\">\n\t\t\t<div class=\"le_textmedia_first\">\n\t\t\t\t\t<h2 class=\"h2\">La HiFi r\u00e9invent\u00e9e<\/h2>\n<p>\u00c0 l\u2019origine du projet CANVAS, notre objectif \u00e9tait d'inventer un syst\u00e8me audio int\u00e9grable \u00e0 tout type de t\u00e9l\u00e9viseurs, \u00e0 la fois m\u00e9caniquement et visuellement. Nous recherchions \u00e9galement une qualit\u00e9 sonore capable de rivaliser avec celle des cha\u00eenes hi-fi haut de gamme, du moins pour la musique d'ambiance. Mais le format de CANVAS pr\u00e9sentait deux limitations inh\u00e9rentes majeures: les voies gauche et droite ne sont pas suffisamment \u00e9loign\u00e9es l'une de l'autre pour cr\u00e9er une v\u00e9ritable image st\u00e9r\u00e9o 3D; et plac\u00e9es contre un mur, les fr\u00e9quences basses sont naturellement trop puissantes et incontr\u00f4lables. Nous savions que CANVAS serait de loin sup\u00e9rieur \u00e0 une simple barre de son. Mais aussi performant qu\u2019un syst\u00e8me hi-fi traditionnel pour une \u00e9coute d\u00e9taill\u00e9e et attentive ? Nous-m\u00eame avions des doutes.\n<br>\nCependant, au cours du processus de d\u00e9veloppement, nous avons trouv\u00e9 des solutions technologiques r\u00e9volutionnaires \u00e0 ces deux limitations. \u00c0 l\u2019origine du projet CANVAS, notre objectif \u00e9tait d'inventer un syst\u00e8me audio int\u00e9grable \u00e0 tout type de t\u00e9l\u00e9viseurs, \u00e0 la fois m\u00e9caniquement et visuellement. Nous recherchions \u00e9galement une qualit\u00e9 sonore capable de rivaliser avec celle des cha\u00eenes hi-fi haut de gamme, du moins pour la musique d'ambiance. Mais le format de CANVAS pr\u00e9sentait deux limitations inh\u00e9rentes majeures : les voies gauche et droite ne sont pas suffisamment \u00e9loign\u00e9es l'une de l'autre pour cr\u00e9er une v\u00e9ritable image st\u00e9r\u00e9o 3D; et plac\u00e9es contre un mur, les fr\u00e9quences basses sont naturellement trop puissantes et incontr\u00f4lables. Nous savions que CANVAS serait de loin sup\u00e9rieur \u00e0 une simple barre de son. Mais aussi performant qu\u2019un syst\u00e8me hi-fi traditionnel pour une \u00e9coute d\u00e9taill\u00e9e et attentive ? Nous-m\u00eame avions des doutes.\n<br>\nCependant, au cours du processus de d\u00e9veloppement, nous avons trouv\u00e9 des solutions technologiques r\u00e9volutionnaires \u00e0 ces deux limitations.<\/p>\n<p>Continuez \u00e0 lire pour d\u00e9couvrir comment CANVAS est devenu un v\u00e9ritable syst\u00e8me audio hi-fi.<\/p>\n\t\t\t<\/div>\n\t\t\t<div class=\"le_textmedia_last medie-right round\">\n\t\t\t\t\t\t\t\t\t<img decoding=\"async\" src=\"https:\/\/6kutttnx.photoncache.com\/wp-content\/uploads\/sites\/5\/2024\/10\/vision-teknologi1-1024x1024.jpg\" alt=\"\" \/>\n\t\t\t\t\t\t\t<\/div>\n\t\t<\/div>\n\t\t<\/div>\n\t<\/section>\n\t\n\n\t<section class=\"ct-section\">\n\t\t<style>\n\t\t@media (min-width:992px) {\n\t\t\t#le_textmedia_wrapper-block_15feb2dfe95c1528aab3dd0c5dce4078 .le_textmedia_last {\n\t\t\t\tgrid-column: span 6;\n\t\t\t\tdisplay:flex;\n\t\t\t\talign-items:center;\n\t\t\t}\n\t\t\t#le_textmedia_wrapper-block_15feb2dfe95c1528aab3dd0c5dce4078 .le_textmedia_first {\n\t\t\t\tgrid-column: span 6;\n\t\t\t}\n\t\t}\n\t<\/style>\n\t\t<div class=\"ct-section-inner-wrap\">\n\t\t<div id=\"le_textmedia_wrapper-block_15feb2dfe95c1528aab3dd0c5dce4078\" class=\"le_section le_textmedia le_textmedia-img\">\n\t\t\t<div class=\"le_textmedia_first\">\n\t\t\t\t\t<h3 class=\"h2\">Qualit\u00e9 de Fabrication d'enceinte haut de gamme<\/h3>\n<p>CANVAS est con\u00e7u et fabriqu\u00e9 comme une v\u00e9ritable enceinte HiFi haut de gamme, dot\u00e9e de haut-parleurs avec ch\u00e2ssis aluminium moul\u00e9 sous pression SB Acoustics, de haut-parleurs de graves\/m\u00e9diums \u00e0 c\u00f4ne en papier de nouvelle g\u00e9n\u00e9ration, de radiateurs passifs \u00e0 longue excursion ultra rigides de haute pr\u00e9cision et de tweeters \u00e0 d\u00f4me en soie \u00e0 guide d'ondes en aluminium moul\u00e9 qui s'int\u00e8grent dans les grilles avant, pour une conception sans diffraction. L'enceinte est ultra r\u00e9sistante, construite \u00e0 partir de MDF peint en noir satin\u00e9, avec de nombreux renforts structurels invent\u00e9s par CANVAS, BridgeBrace(tm)(brevet d\u00e9pos\u00e9). CANVAS dispose d'un DAC Burr-Brown et d'un amplificateur HiFi \u00e0 4 canaux, ainsi que d\u2019un puissant DSP Analog Devices.<\/p>\n\t\t\t<\/div>\n\t\t\t<div class=\"le_textmedia_last medie-left round\">\n\t\t\t\t\t\t\t\t\t<img decoding=\"async\" src=\"https:\/\/6kutttnx.photoncache.com\/wp-content\/uploads\/sites\/5\/2024\/10\/thumbnail_CANVAS_exploded_render_new_TV_mount_4K_web1-1024x696.jpg\" alt=\"\" \/>\n\t\t\t\t\t\t\t<\/div>\n\t\t<\/div>\n\t\t<\/div>\n\t<\/section>\n\t\n\n\t<section class=\"ct-section\">\n\t\t<style>\n\t\t@media (min-width:992px) {\n\t\t\t#le_textmedia_wrapper-block_121008ad475744da086229e042ba4324 .le_textmedia_last {\n\t\t\t\tgrid-column: span 6;\n\t\t\t\tdisplay:flex;\n\t\t\t\talign-items:center;\n\t\t\t}\n\t\t\t#le_textmedia_wrapper-block_121008ad475744da086229e042ba4324 .le_textmedia_first {\n\t\t\t\tgrid-column: span 6;\n\t\t\t}\n\t\t}\n\t<\/style>\n\t\t<div class=\"ct-section-inner-wrap\">\n\t\t<div id=\"le_textmedia_wrapper-block_121008ad475744da086229e042ba4324\" class=\"le_section le_textmedia le_textmedia-video\">\n\t\t\t<div class=\"le_textmedia_first\">\n\t\t\t\t\t<h3 class=\"h2\">Correction de la pi\u00e8ce<\/h3>\n<p>Traditionnellement, pour offrir une \u00e9coute \u00e9quilibr\u00e9e, les enceintes doivent se situer entre 30 et 60 cm du mur arri\u00e8re. CANVAS est g\u00e9n\u00e9ralement plac\u00e9 directement sur le sol, pos\u00e9 contre un mur ou fix\u00e9 au mur. Cela amplifie consid\u00e9rablement les basses, mais, avec pour r\u00e9sultat, un son avec des graves envahissants. En int\u00e9grant un syst\u00e8me de correction de pi\u00e8ce via nos applications CANVAS iOS et Android, nous avons la possibilit\u00e9 de lin\u00e9ariser la r\u00e9ponse en fr\u00e9quence, et d\u00e9sormais les fr\u00e9quences basses deviennent un avantage majeur, avec une sortie accrue par rapport aux enceintes autonomes. Et comme l\u2019extension des fr\u00e9quences basses ne d\u00e9pend plus du domaine temporel, contrairement aux r\u00e9sonnances de pi\u00e8ce, les gains corrig\u00e9s par DSP sonnent parfaitement de fa\u00e7on beaucoup plus nette. Le microphone de l'iPhone peut \u00eatre utilis\u00e9 pour effectuer ces mesures afin d'ex\u00e9cuter cette correction. En option, nous proposons notre microphone de r\u00e9f\u00e9rence intelligente Zen, qui peut \u00eatre utilis\u00e9 \u00e0 la fois avec Android et iPhone, pour des r\u00e9sultats optimis\u00e9s.<\/p>\n\t\t\t<\/div>\n\t\t\t<div class=\"le_textmedia_last medie-right round\">\n\t\t\t\t\t\t\t\t\t<div class=\"le_videogrid autoplay muted playsinline loop\">\n\t\t\t\t\t\t<div class=\"le_videogrid_video_outer\" data-video=\"v164587f9\">\n\t\t\t\t\t\t\t<video class=\"plyr videogrid_video\" data-poster=\"\" autoplay muted playsinline loop controlslist=\"nodownload noplaybackrate nopictureinpicture\" disablepictureinpicture preload=\"none\">\n\t\t\t\t\t\t\t\t<source src=\"https:\/\/6kutttnx.photoncache.com\/wp-content\/uploads\/sites\/5\/2025\/03\/41a8b96ba53b481fb9cc251ccf974280.HD-1080p-7.2Mbps-23085929-1-1.mp4\" type=\"video\/mp4\">\n\t\t\t\t\t\t\t<\/video>\n\t\t\t\t\t\t<\/div>\n\t\t\t\t\t<\/div>\n\t\t\t\t\t\t\t<\/div>\n\t\t<\/div>\n\t\t<\/div>\n\t<\/section>\n\t\n\n\t<section class=\"ct-section\">\n\t\t<style>\n\t\t@media (min-width:992px) {\n\t\t\t#le_textmedia_wrapper-block_80e51cef33f7229d39356869a63ea3e8 .le_textmedia_last {\n\t\t\t\tgrid-column: span 6;\n\t\t\t\tdisplay:flex;\n\t\t\t\talign-items:center;\n\t\t\t}\n\t\t\t#le_textmedia_wrapper-block_80e51cef33f7229d39356869a63ea3e8 .le_textmedia_first {\n\t\t\t\tgrid-column: span 6;\n\t\t\t}\n\t\t}\n\t<\/style>\n\t\t<div class=\"ct-section-inner-wrap\">\n\t\t<div id=\"le_textmedia_wrapper-block_80e51cef33f7229d39356869a63ea3e8\" class=\"le_section le_textmedia le_textmedia-video\">\n\t\t\t<div class=\"le_textmedia_first\">\n\t\t\t\t\t<h3 class=\"h2\">BACCH 3D<\/h3>\n<p>Pour obtenir une v\u00e9ritable image st\u00e9r\u00e9o \u00e0 partir d\u2019enceintes HiFi traditionnelles, celles-ci doivent \u00eatre plac\u00e9es de mani\u00e8re autonome de 30 \u00e0 60 cm du mur arri\u00e8re et espac\u00e9es d\u2019au moins 2 m\u00e8tres l'une de l'autre. Ceci est n\u00e9cessaire en raison d'un ph\u00e9nom\u00e8ne physique appel\u00e9 diaphonie. En rapprochant les haut-parleurs les uns des autres, les ondes sonores destin\u00e9es, par exemple, \u00e0 votre oreille droite, frappent vos deux oreilles. Cela emp\u00eache vos oreilles et votre cerveau d\u2019entendre en 3D. BACCH 3D (Band-Assembled Crosstalk Cancellation Hierarchy), invent\u00e9 par Edgar Choueiri, professeur \u00e0 l'Universit\u00e9 de Princeton, fonctionne comme une fronti\u00e8re spatiale entre vos 2 oreilles et ce jusqu\u2019aux haut-parleurs, garantissant que votre oreille gauche n'entend que le son du haut-parleur gauche et votre oreille droite n'entend que le son provenant du haut-parleur droit. Cela ram\u00e8ne une v\u00e9ritable image st\u00e9r\u00e9o 3D, rivalisant avec les syst\u00e8mes HiFi haut de gamme les plus performants, avec une largeur, une profondeur et une hauteur r\u00e9elles de l'image sonore. Il est important de noter que BACCH 3D n'est pas un filtre qui ajouterait par exemple une r\u00e9verb\u00e9ration ou un faux surround, il supprime simplement les erreurs dans les ondes sonores qui arrivent \u00e0 vos oreilles, permettant \u00e0 celles-ci et \u00e0 votre cerveau d'entendre en 3D, sans aucune coloration du son. Mieux encore, il fonctionne parfaitement avec tous les enregistrements st\u00e9r\u00e9o r\u00e9alis\u00e9s au cours des 70 derni\u00e8res ann\u00e9es ! Enfin, il d\u00e9compresse les bandes sonores cod\u00e9es en Dolby Atmos down-mix\u00e9, recr\u00e9ant son surround \u00e9poustouflant pour les films.<\/p>\n\t\t\t<\/div>\n\t\t\t<div class=\"le_textmedia_last medie-left round\">\n\t\t\t\t\t\t\t\t\t<div class=\"le_videogrid controls loop\">\n\t\t\t\t\t\t<div class=\"le_videogrid_video_outer\" data-video=\"v1a9c573d\">\n\t\t\t\t\t\t\t<video class=\"plyr videogrid_video\" data-poster=\"https:\/\/6kutttnx.photoncache.com\/wp-content\/uploads\/sites\/5\/2025\/02\/3dbacch3_ed19a869-2f0b-4f0b-a2ec-b24cfce8f0d21-836x1024.png\" controls loop controlslist=\"nodownload noplaybackrate nopictureinpicture\" disablepictureinpicture preload=\"none\">\n\t\t\t\t\t\t\t\t<source src=\"https:\/\/6kutttnx.photoncache.com\/wp-content\/uploads\/sites\/5\/2024\/10\/980fb11d9191447787423e04a3df4a57.HD-720p-3.0Mbps-28316894.mp4\" type=\"video\/mp4\">\n\t\t\t\t\t\t\t<\/video>\n\t\t\t\t\t\t<\/div>\n\t\t\t\t\t<\/div>\n\t\t\t\t\t\t\t<\/div>\n\t\t<\/div>\n\t\t<\/div>\n\t<\/section>\n\t\n\n\t<section class=\"ct-section\">\n\t\t<style>\n\t\t@media (min-width:992px) {\n\t\t\t#le_textmedia_wrapper-block_137949cfde57d30a7f2011d1d6566f77 .le_textmedia_last {\n\t\t\t\tgrid-column: span 6;\n\t\t\t\tdisplay:flex;\n\t\t\t\talign-items:center;\n\t\t\t}\n\t\t\t#le_textmedia_wrapper-block_137949cfde57d30a7f2011d1d6566f77 .le_textmedia_first {\n\t\t\t\tgrid-column: span 6;\n\t\t\t}\n\t\t}\n\t<\/style>\n\t\t<div class=\"ct-section-inner-wrap\">\n\t\t<div id=\"le_textmedia_wrapper-block_137949cfde57d30a7f2011d1d6566f77\" class=\"le_section le_textmedia le_textmedia-img\">\n\t\t\t<div class=\"le_textmedia_first\">\n\t\t\t\t\t<h3 class=\"h2\">Support TV universel<\/h3>\n<p>Le support TV universel permet de monter et d'aligner la grande majorit\u00e9 des nouveaux t\u00e9l\u00e9viseurs sur le march\u00e9, toutes marques confondues, dans les tailles les plus populaires : 55\", 65\", 75\", 77\", 83\" et 85\". Cette solution invent\u00e9e par CANVAS (brevet en instance), avec des grilles frontales de taille correspondante, garantit un alignement parfait et sans bavure de l'enceinte CANVAS et de votre t\u00e9l\u00e9viseur, les fusionnant en une seule unit\u00e9 homog\u00e8ne.<\/p>\n\t\t\t<\/div>\n\t\t\t<div class=\"le_textmedia_last medie-right round\">\n\t\t\t\t\t\t\t\t\t<img decoding=\"async\" src=\"https:\/\/6kutttnx.photoncache.com\/wp-content\/uploads\/sites\/5\/2024\/10\/size1-1024x846.jpg\" alt=\"\" \/>\n\t\t\t\t\t\t\t<\/div>\n\t\t<\/div>\n\t\t<\/div>\n\t<\/section>\n\t\n\n\t<section class=\"ct-section\">\n\t\t<style>\n\t\t@media (min-width:992px) {\n\t\t\t#le_textmedia_wrapper-block_13dabf57b152f1f2a267e6e6837ce4dd .le_textmedia_last {\n\t\t\t\tgrid-column: span 6;\n\t\t\t\tdisplay:flex;\n\t\t\t\talign-items:center;\n\t\t\t}\n\t\t\t#le_textmedia_wrapper-block_13dabf57b152f1f2a267e6e6837ce4dd .le_textmedia_first {\n\t\t\t\tgrid-column: span 6;\n\t\t\t}\n\t\t}\n\t<\/style>\n\t\t<div class=\"ct-section-inner-wrap\">\n\t\t<div id=\"le_textmedia_wrapper-block_13dabf57b152f1f2a267e6e6837ce4dd\" class=\"le_section le_textmedia le_textmedia-img\">\n\t\t\t<div class=\"le_textmedia_first\">\n\t\t\t\t\t<h2 class=\"h2\">Connectivit\u00e9<\/h2>\n<p class=\"translation-block\">Connecter CANVAS \u00e0 votre WiFi est tr\u00e8s facile. Sur iPhone, acc\u00e9dez simplement aux param\u00e8tres WiFi et il vous sera demand\u00e9 si vous souhaitez connecter CANVAS \u00e0 votre r\u00e9seau. Sur\u00a0<a title=\"Android, Google Home and Chromecast are trademarks of Google LLC.\" href=\"\/fr\/information\/\" target=\"_self\">les appareils Android<\/a>, l'application\u00a0<a title=\"Android, Google Home and Chromecast are trademarks of Google LLC.\" href=\"\/fr\/information\/\" target=\"_self\">Google Home<\/a>\u00a0vous guide pour une configuration facile.<\/p>\n<p>Pour le streaming, CANVAS dispose d'un module sans fil de nouvelle g\u00e9n\u00e9ration, avec Apple AirPlay 2 et\u00a0<a title=\"Android, Google Home et Chromecast sont des marques commerciales de Google LLC.\" href=\"\/fr\/information\/\">Google Cast<\/a>, tous deux compatibles multiroom avec d\u2019autres marques d'enceintes connect\u00e9es. De plus, il propose Roon, Tidal et Spotify. Il dispose \u00e9galement d'une entr\u00e9e optique num\u00e9rique Toslink pour connecter, par exemple, un bo\u00eetier SONOS Connect, et analogique avec un excellent convertisseur ADC Burr-Brown : votre platine vinyle peut ainsi \u00eatre raccord\u00e9e pour que vous profitiez de vos enregistrements avec une fid\u00e9lit\u00e9 spatiale sans pr\u00e9c\u00e9dent.<\/p>\n<p>CANVAS est dot\u00e9 de la technologie HDMI eARC, ce qui signifie qu'il communiquera parfaitement \u00e0 avec votre t\u00e9l\u00e9viseur, sans que vous ayez \u00e0 r\u00e9fl\u00e9chir \u00e0 son fonctionnement. Celui-ci fonctionne de fa\u00e7on naturelle avec la \u00e9l\u00e9commande de votre t\u00e9l\u00e9viseur. M\u00eame une t\u00e9l\u00e9commande Apple TV peut contr\u00f4ler directement le volume de l\u2019enceinte CANVAS. De surcro\u00eet, avec l\u2019HDMI eARC, plus de probl\u00e8mes d\u00e9sagr\u00e9ables de d\u00e9synchronisation entre l'image et le son pendant les films, les \u00e9missions et les concerts.<\/p>\n<p>Android, Google Home et Chromecast sont des marques commerciales de Google LLC.<\/p>\n\t\t\t<\/div>\n\t\t\t<div class=\"le_textmedia_last medie-left round\">\n\t\t\t\t\t\t\t\t\t<img decoding=\"async\" src=\"https:\/\/6kutttnx.photoncache.com\/wp-content\/uploads\/sites\/5\/2024\/10\/canvasapp1-1024x1024.jpg\" alt=\"\" \/>\n\t\t\t\t\t\t\t<\/div>\n\t\t<\/div>\n\t\t<\/div>\n\t<\/section>\n\t\n\n\t<section class=\"ct-section\">\n\t\t<style>\n\t\t@media (min-width:992px) {\n\t\t\t#le_textmedia_wrapper-block_7a2f9c195181ecee45a569c33d31cee3 .le_textmedia_last {\n\t\t\t\tgrid-column: span 6;\n\t\t\t\tdisplay:flex;\n\t\t\t\talign-items:center;\n\t\t\t}\n\t\t\t#le_textmedia_wrapper-block_7a2f9c195181ecee45a569c33d31cee3 .le_textmedia_first {\n\t\t\t\tgrid-column: span 6;\n\t\t\t}\n\t\t}\n\t<\/style>\n\t\t<div class=\"ct-section-inner-wrap\">\n\t\t<div id=\"le_textmedia_wrapper-block_7a2f9c195181ecee45a569c33d31cee3\" class=\"le_section le_textmedia le_textmedia-video\">\n\t\t\t<div class=\"le_textmedia_first\">\n\t\t\t\t\t<h2 class=\"h2\">\u00c9galement pour un usage professionnel<\/h2>\n<p>Am\u00e9liorez votre salle de r\u00e9union avec un son prim\u00e9 et un design danois raffin\u00e9.<br \/>\nGr\u00e2ce \u00e0 une reproduction parfaite de la voix, vous saisissez chaque d\u00e9tail du dialogue et chaque pr\u00e9sentation vid\u00e9o b\u00e9n\u00e9ficie d'une qualit\u00e9 sonore optimale.<\/p>\n<p>L'espacement r\u00e9glable entre le CANVAS et le t\u00e9l\u00e9viseur permet d'int\u00e9grer en toute transparence votre cam\u00e9ra de vid\u00e9oconf\u00e9rence pr\u00e9f\u00e9r\u00e9e, tandis que le compartiment technique int\u00e9gr\u00e9 dissimule discr\u00e8tement tout l'\u00e9quipement, pour un r\u00e9sultat propre, \u00e9l\u00e9gant et professionnel.<\/p>\n\t\t\t<\/div>\n\t\t\t<div class=\"le_textmedia_last medie-right round\">\n\t\t\t\t\t\t\t\t\t<div class=\"le_videogrid autoplay muted playsinline loop\">\n\t\t\t\t\t\t<div class=\"le_videogrid_video_outer\" data-video=\"vf07b64f7\">\n\t\t\t\t\t\t\t<video class=\"plyr videogrid_video\" data-poster=\"\" autoplay muted playsinline loop controlslist=\"nodownload noplaybackrate nopictureinpicture\" disablepictureinpicture preload=\"none\">\n\t\t\t\t\t\t\t\t<source src=\"https:\/\/6kutttnx.photoncache.com\/wp-content\/uploads\/sites\/5\/2026\/01\/Konference_rum_Video.mp4\" type=\"video\/mp4\">\n\t\t\t\t\t\t\t<\/video>\n\t\t\t\t\t\t<\/div>\n\t\t\t\t\t<\/div>\n\t\t\t\t\t\t\t<\/div>\n\t\t<\/div>\n\t\t<\/div>\n\t<\/section>\n\t\n\n\t<section class=\"ct-section\">\n\t\t<style>\n\t\t@media (min-width:992px) {\n\t\t\t#le_textmedia_wrapper-block_6c73f280638e60c704766e002f6ce842 .le_textmedia_last {\n\t\t\t\tgrid-column: span 6;\n\t\t\t\tdisplay:flex;\n\t\t\t\talign-items:center;\n\t\t\t}\n\t\t\t#le_textmedia_wrapper-block_6c73f280638e60c704766e002f6ce842 .le_textmedia_first {\n\t\t\t\tgrid-column: span 6;\n\t\t\t}\n\t\t}\n\t<\/style>\n\t\t<div class=\"ct-section-inner-wrap\">\n\t\t<div id=\"le_textmedia_wrapper-block_6c73f280638e60c704766e002f6ce842\" class=\"le_section le_textmedia le_textmedia-img\">\n\t\t\t<div class=\"le_textmedia_first\">\n\t\t\t\t\t<h2 class=\"h2\">Support hybride sol \/ mur<\/h2>\n<p>Toutes les enceintes CANVAS sont livr\u00e9es avec un support hybride sol\/mur. Cette solution invent\u00e9e par CANVAS (brevet d\u00e9pos\u00e9) vous permet de choisir comment vous souhaitez installer votre CANVAS, et ce m\u00eame apr\u00e8s votre achat. Vous h\u00e9sitez \u00e0 le poser au sol ou le fixer au mur, ou vous voulez pouvoir changer d\u2019avis. Avec le support CANVAS, toutes les options d\u2019utilisation sont d\u00e9sormais possibles, sans avoir \u00e0 acheter de nouveaux accessoires pour sublimer votre espace de vie.<\/p>\n\t\t\t<\/div>\n\t\t\t<div class=\"le_textmedia_last medie-left round\">\n\t\t\t\t\t\t\t\t\t<img decoding=\"async\" src=\"https:\/\/6kutttnx.photoncache.com\/wp-content\/uploads\/sites\/5\/2024\/10\/Mount1-1024x846.jpg\" alt=\"\" \/>\n\t\t\t\t\t\t\t<\/div>\n\t\t<\/div>\n\t\t<\/div>\n\t<\/section>\n\t\n\n\t<section class=\"ct-section\">\n\t\t<style>\n\t\t@media (min-width:992px) {\n\t\t\t#le_textmedia_wrapper-block_176f625bb88e41d2b1f8e75ccca44b4d .le_textmedia_last {\n\t\t\t\tgrid-column: span 6;\n\t\t\t\tdisplay:flex;\n\t\t\t\talign-items:center;\n\t\t\t}\n\t\t\t#le_textmedia_wrapper-block_176f625bb88e41d2b1f8e75ccca44b4d .le_textmedia_first {\n\t\t\t\tgrid-column: span 6;\n\t\t\t}\n\t\t}\n\t<\/style>\n\t\t<div class=\"ct-section-inner-wrap\">\n\t\t<div id=\"le_textmedia_wrapper-block_176f625bb88e41d2b1f8e75ccca44b4d\" class=\"le_section le_textmedia le_textmedia-img\">\n\t\t\t<div class=\"le_textmedia_first\">\n\t\t\t\t\t<h3 class=\"h2\">\u00c0 l\u2019\u00e9preuve du temps<\/h3>\n<p>CANVAS est \u00e9volutif, avec des mises \u00e0 jour logicielles automatiques en direct, au cas o\u00f9 nous trouverions un jour un r\u00e9glage sonore encore meilleur ou si de nouveaux formats de streaming arrivaient. M\u00eame le mat\u00e9riel \u00e9lectronique est con\u00e7u pour \u00eatre \u00e9volutif, au cas o\u00f9 de nouvelles normes de streaming ou filaires arriveraient, ce qui ne serait pas \u00e9volutif au niveau logiciel.<\/p>\n<p>La structure modulaire, particuli\u00e8rement facile \u00e0 entretenir, facilite \u00e9galement le remplacement des composants, que ce soit dans le cadre de la garantie \u00e9tendue de 3 ans ou apr\u00e8s l'expiration de celle-ci. Le produit peut ainsi \u00eatre facilement entretenu \u00e0 domicile.<\/p>\n\t\t\t<\/div>\n\t\t\t<div class=\"le_textmedia_last medie-right round\">\n\t\t\t\t\t\t\t\t\t<img decoding=\"async\" src=\"https:\/\/6kutttnx.photoncache.com\/wp-content\/uploads\/sites\/5\/2024\/10\/CANVAS_electronics_rendering1-1024x576.jpg\" alt=\"\" \/>\n\t\t\t\t\t\t\t<\/div>\n\t\t<\/div>\n\t\t<\/div>\n\t<\/section>\n\t\n\n\t<section class=\"ct-section\" style=\"color:#000000; background-color:rgba(255,255,255,0)\">\n\t\t<div class=\"ct-section-inner-wrap le_m_section\">\n\t\t\t<div id=\"le_fullmedia_wrapper-block_ce844683bb6a4cc8d934493a2bc7d02e\" class=\"le_section le_fullmedia\">\n\t\t\t\t\t\t\t\t<div class=\"le_fullmedia_second\">\n\t\t\t\t\t\t\n\t\t\t\t\t\t\t\t\t\t\t\t<div class=\"le_video_wrapper\">\n\t\t\t\t\t\t\t<div class=\"le_video_wrapper_inner\">\n\t\t\t\t\t\t\t\t<video class=\"plyr le_video_element\" autoplay muted playsinline loop controlslist=\"nodownload noplaybackrate nopictureinpicture\" disablepictureinpicture preload=\"none\" data-poster=\"\">\n\t\t\t\t\t\t\t\t\t<source src=\"https:\/\/6kutttnx.photoncache.com\/wp-content\/uploads\/sites\/5\/2025\/03\/08f8a44c6b3d4668816b4e24341bc52c.HD-1080p-7.2Mbps-20170021-1.mp4\" type=\"video\/mp4\">\n\t\t\t\t\t\t\t\t<\/video>\n\t\t\t\t\t\t\t<\/div>\n\t\t\t\t\t\t<\/div>\n\t\t\t\t\t\t\t\t\t\t<\/div>\n\t\t\t<\/div>\n\t\t<\/div>\n\t<\/section>\n\n\n\n<p><\/p>","protected":false},"excerpt":{"rendered":"","protected":false},"author":1,"featured_media":0,"parent":0,"menu_order":0,"comment_status":"closed","ping_status":"closed","template":"","meta":{"_acf_changed":false,"footnotes":""},"class_list":["post-583","page","type-page","status-publish","hentry"],"acf":[],"_links":{"self":[{"href":"https:\/\/canvashifi.com\/fr\/wp-json\/wp\/v2\/pages\/583","targetHints":{"allow":["GET"]}}],"collection":[{"href":"https:\/\/canvashifi.com\/fr\/wp-json\/wp\/v2\/pages"}],"about":[{"href":"https:\/\/canvashifi.com\/fr\/wp-json\/wp\/v2\/types\/page"}],"author":[{"embeddable":true,"href":"https:\/\/canvashifi.com\/fr\/wp-json\/wp\/v2\/users\/1"}],"replies":[{"embeddable":true,"href":"https:\/\/canvashifi.com\/fr\/wp-json\/wp\/v2\/comments?post=583"}],"version-history":[{"count":0,"href":"https:\/\/canvashifi.com\/fr\/wp-json\/wp\/v2\/pages\/583\/revisions"}],"wp:attachment":[{"href":"https:\/\/canvashifi.com\/fr\/wp-json\/wp\/v2\/media?parent=583"}],"curies":[{"name":"wp","href":"https:\/\/api.w.org\/{rel}","templated":true}]}}