{"id":706,"date":"2024-09-04T15:15:21","date_gmt":"2024-09-04T13:15:21","guid":{"rendered":"https:\/\/lbs.dk\/cnvshf\/?page_id=706"},"modified":"2026-01-19T08:18:12","modified_gmt":"2026-01-19T07:18:12","slug":"taxes-vat","status":"publish","type":"page","link":"https:\/\/canvashifi.com\/fr\/support\/taxes-vat\/","title":{"rendered":"Taxes \/ TVA"},"content":{"rendered":"<section class=\"ct-section\" style=\"color:#ffffff; background-color:rgb(0,0,0)\">\n\t\t<div class=\"ct-section-inner-wrap\">\n\t\t\t<div id=\"le_fulltext_wrapper-block_27e93699e8e29ef41d872ec1977a90d4\" class=\"le_section le_fulltext\">\n\t\t\t\t\t\t\t\t\t\t<div class=\"le_fulltext_first le_w50 le_ta_left\">\n\t\t\t\t\t\t\t<p class=\"bold\"><strong>Importation et taxes<\/strong><\/p>\n<h1>Simplicit\u00e9 mondiale \u2014 Tout est couvert, pas de surprises!<\/h1>\n<p translate=\"no\">Nous avons des entrep\u00f4ts dans l'UE. Si vous n'\u00eates pas dans l'UE, le produit est import\u00e9 \u00e0 votre nom. Vous recevrez une facture d'importation couvrant les taxes et droits locaux \u00e9ventuels, que vous devrez payer au d\u00e9part. Toutefois, nous vous proposons de vous rembourser. Il vous suffit de nous envoyer un courriel \u00e0 l'adresse suivante : <a title=\"mailto:hello@canvashifi.com\" href=\"mailto:hello@canvashifi.com\">hello@canvashifi.com<\/a> avec votre num\u00e9ro de commande et une photo de la facture d'importation en pi\u00e8ce jointe. Nous transf\u00e9rerons ensuite le montant sur la carte de cr\u00e9dit\/d\u00e9bit utilis\u00e9e pour l'achat.<\/p>\n\t\t\t\t\t\t\t\t<a href=\"\/fr\/support\/contact\/\" class=\"le_btn le_btn_trans_w\">Contactez-nous<\/a>\n\t\t\t\t\t\t\t\t\t\t\t\t\t<\/div>\n\t\t\t\t\t\t\t\t<\/div>\n\t\t<\/div>\n\t<\/section>\n\n\n\t<section class=\"ct-section\" style=\"color:#ffffff; background-color:rgb(0,0,0)\">\n\t\t<div class=\"ct-section-inner-wrap\">\n\t\t\t<div id=\"le_fulltext_wrapper-block_155bb93d7adbd8ec344bb0207e4988d4\" class=\"le_section le_fulltext\">\n\t\t\t\t\t\t\t\t\t\t<div class=\"le_fulltext_first le_w50 le_ta_left\">\n\t\t\t\t\t\t\t<h2>Comment cela marche-t-il?<\/h2>\n<p>Nous avons des entrep\u00f4ts dans l'UE et aux \u00c9tats-Unis, donc acheter un CANVAS ici revient \u00e0 commander dans n'importe quelle boutique en ligne nationale. Si vous n'\u00eates ni dans l'UE ni aux \u00c9tats-Unis, le produit est import\u00e9 \u00e0 votre nom. Vous recevrez une facture d'importation couvrant les taxes et droits locaux, que vous devrez payer initialement. Nous vous proposons cependant de vous rembourser. Il vous suffit de nous envoyer un e-mail \u00e0: <a href=\"mailto:hello@canvashifi.com\">hello@canvashifi.com<\/a> avec votre num\u00e9ro de commande et une photo de la facture d'importation en pi\u00e8ce jointe. Nous transf\u00e9rerons ensuite le montant sur la carte de cr\u00e9dit\/d\u00e9bit utilis\u00e9e pour l'achat.<\/p>\n<p>&nbsp;<\/p>\n<p><strong>Malheureusement, m\u00eame si nous exp\u00e9dions vers ces r\u00e9gions et pays, nous ne pouvons pas couvrir les frais d'importation :<\/strong><\/p>\n<ul>\n<li>Afrique<\/li>\n<li>Am\u00e9rique centrale et du sud<\/li>\n<li>Bangladesh<\/li>\n<li>\u00c0 l'int\u00e9rieur<\/li>\n<li>Indon\u00e9sie<\/li>\n<li>Isra\u00ebl<\/li>\n<li>Malaisie<\/li>\n<li>Philippines<\/li>\n<li>Russie (l'achat n'est pas une option)<\/li>\n<li>Serbie<\/li>\n<li>Cor\u00e9e du Sud<\/li>\n<li>Turquie<\/li>\n<li>\u00c9tats-Unis<\/li>\n<li>Canada<\/li>\n<\/ul>\n<p>Veuillez <a href=\"\/fr\/support\/contact\/\">nous envoyer un courriel<\/a> pour plus d'informations.<\/p>\n\t\t\t\t\t\t<\/div>\n\t\t\t\t\t\t\t\t<\/div>\n\t\t<\/div>\n\t<\/section>","protected":false},"excerpt":{"rendered":"","protected":false},"author":1,"featured_media":0,"parent":1524,"menu_order":0,"comment_status":"closed","ping_status":"closed","template":"","meta":{"_acf_changed":false,"footnotes":""},"class_list":["post-706","page","type-page","status-publish","hentry"],"acf":[],"_links":{"self":[{"href":"https:\/\/canvashifi.com\/fr\/wp-json\/wp\/v2\/pages\/706","targetHints":{"allow":["GET"]}}],"collection":[{"href":"https:\/\/canvashifi.com\/fr\/wp-json\/wp\/v2\/pages"}],"about":[{"href":"https:\/\/canvashifi.com\/fr\/wp-json\/wp\/v2\/types\/page"}],"author":[{"embeddable":true,"href":"https:\/\/canvashifi.com\/fr\/wp-json\/wp\/v2\/users\/1"}],"replies":[{"embeddable":true,"href":"https:\/\/canvashifi.com\/fr\/wp-json\/wp\/v2\/comments?post=706"}],"version-history":[{"count":0,"href":"https:\/\/canvashifi.com\/fr\/wp-json\/wp\/v2\/pages\/706\/revisions"}],"up":[{"embeddable":true,"href":"https:\/\/canvashifi.com\/fr\/wp-json\/wp\/v2\/pages\/1524"}],"wp:attachment":[{"href":"https:\/\/canvashifi.com\/fr\/wp-json\/wp\/v2\/media?parent=706"}],"curies":[{"name":"wp","href":"https:\/\/api.w.org\/{rel}","templated":true}]}}