{"id":1855,"date":"2025-01-22T15:11:38","date_gmt":"2025-01-22T14:11:38","guid":{"rendered":"https:\/\/lbs.dk\/cnvshf\/product\/canvas-85-walnut\/"},"modified":"2026-04-15T09:00:27","modified_gmt":"2026-04-15T07:00:27","slug":"canvas-85-walnut","status":"publish","type":"product","link":"https:\/\/canvashifi.com\/fr\/product\/canvas-85-walnut\/","title":{"rendered":"CANVAS 85\" Noyer"},"content":{"rendered":"<h2>CANVAS est un simple produit fini\u00a0<span style=\"color: #70757a; font-family: arial, sans-serif; font-size: 14px;\">-<\/span>\u00a0det er en innovativ ide<\/h2>\n<p>L'introduction du CANVAS 85\" marque une nouvelle \u00e8re dans le domaine de la technologie lyrique compacte et robuste. Gr\u00e2ce \u00e0 sa fa\u00e7ade raffin\u00e9e, ce mod\u00e8le est con\u00e7u pour apporter une touche d'\u00e9l\u00e9gance \u00e0 toutes les pi\u00e8ces de la maison, mais aussi pour ne pas faire de compromis sur la qualit\u00e9 de l'air. Il s'agit d'une solution id\u00e9ale pour l'installation dans une grande salle de bain. CANVAS 85\" est un m\u00e9lange id\u00e9al de forme et de fonction.<\/p>\n<p><strong>Panneau d'affichage en toile CANVAS<br \/>\n<\/strong>Le CANVAS 85\" est \u00e9quip\u00e9 d'un syst\u00e8me de sonorisation de pointe, qui offre un niveau de son \u00e9lev\u00e9, se rapprochant de celui des autres syst\u00e8mes de sonorisation. Les composants haut de gamme de SB Acoustics et un r\u00e9glage pr\u00e9cis de la tension permettent d'obtenir une tonalit\u00e9 et des d\u00e9tails optimaux gr\u00e2ce \u00e0 un r\u00e9glage pr\u00e9cis de la tension. Ce mod\u00e8le est id\u00e9al pour tous ceux qui recherchent un niveau d'\u00e9coute \u00e9lev\u00e9 pour un prix modique.<\/p>\n<p><strong>Rumkorrektion med BACCH 3D teknologi<br \/>\n<\/strong>Gr\u00e2ce \u00e0 sa correction intelligente des bruits et \u00e0 la technologie BACCH 3D, le CANVAS 85\" est parfaitement adapt\u00e9 \u00e0 l'esth\u00e9tique de la maison, garantissant ainsi une lumi\u00e8re intense et d\u00e9taill\u00e9e, m\u00eame dans les endroits les plus exigus. Ce mod\u00e8le est le r\u00e9sultat d'un travail de qualit\u00e9 et d'un design complet qui permet d'aller de l'avant.<\/p>\n<p><strong>Un am\u00e9nagement parfait pour tous les t\u00e9l\u00e9viseurs de 85 pouces<\/strong><br \/>\nLe design du CANVAS 85\", avec sa fa\u00e7ade en verre, est con\u00e7u pour compl\u00e9ter et am\u00e9liorer le t\u00e9l\u00e9viseur 85\". Gr\u00e2ce \u00e0 son utilisation universelle, ce mod\u00e8le garantit que, quel que soit le mod\u00e8le de t\u00e9l\u00e9viseur 85\" que vous poss\u00e9dez, le CANVAS 85\" int\u00e9grera votre probl\u00e8me et rem\u00e9diera \u00e0 vos probl\u00e8mes audiovisuels. Vous obtiendrez ainsi une combinaison harmonieuse des qualit\u00e9s visuelles et auditives de votre t\u00e9l\u00e9viseur.<\/p>\n<p><strong>Le montage de la flamme - en place ou \u00e0 l'arr\u00eat<\/strong><br \/>\nLe CANVAS 85\" est dot\u00e9 d'une structure en bois massif et d'une structure en acier, ce qui lui permet de s'adapter \u00e0 toutes les situations, m\u00eame si vous souhaitez int\u00e9grer un syst\u00e8me \u00e0 votre int\u00e9rieur. Pour que vous puissiez profiter d'une \u00e9l\u00e9gante position de repos ou d'une position de repos traditionnelle pour un simple syst\u00e8me d'alimentation en \u00e9lectricit\u00e9, le CANVAS 85\" avec un panneau avant en verre, vous permet de profiter d'une position personnalis\u00e9e et tranquille. Avec ces modules de montage flexibles, il est possible d'ajuster le niveau d'\u00e9clairage afin de r\u00e9duire la consommation d'\u00e9nergie et, si cela est n\u00e9cessaire, de placer des modules de montage flexibles et de les placer \u00e0 l'avant de l'appareil ou de les \u00e9loigner de l'appareil.<\/p>\n<p>Voir la boutique en ligne internationale de CANVAS ici\u00a0<a title=\"CANVAS HiFi\" href=\"https:\/\/canvashifi.com\/fr\/\" target=\"_blank\" rel=\"noopener\">www.canvashifi.com<\/a><\/p>","protected":false},"excerpt":{"rendered":"<p>CANVAS er mere end et produkt\u00a0\u2014\u00a0det er en innovativ id\u00e9 Introduktionen af CANVAS 85\" markerer en ny \u00e6ra inden for kompakt og stilfuld lydteknologi. Med sin raffinerede lysegr\u00e5 front er denne model designet til at tilf\u00f8re et touch af elegance til ethvert rum, uden at g\u00e5 p\u00e5 kompromis med lydkvaliteten. Falder perfekt ind i indretningen [&hellip;]<\/p>\n","protected":false},"featured_media":6113,"template":"","meta":{"_acf_changed":false},"size":[579],"product_brand":[],"product_cat":[153],"product_tag":[166,99],"farve":[],"maerker":[],"serier":[],"kampagne":[],"tempcat":[],"class_list":{"0":"post-1855","1":"product","2":"type-product","3":"status-publish","4":"has-post-thumbnail","6":"size-579","7":"product_cat-canvas","8":"product_tag-canvas-85","9":"product_tag-quickrequest","10":"product_shipping_class-free","12":"first","13":"instock","14":"taxable","15":"shipping-taxable","16":"purchasable","17":"product-type-simple"},"acf":[],"_links":{"self":[{"href":"https:\/\/canvashifi.com\/fr\/wp-json\/wp\/v2\/product\/1855","targetHints":{"allow":["GET"]}}],"collection":[{"href":"https:\/\/canvashifi.com\/fr\/wp-json\/wp\/v2\/product"}],"about":[{"href":"https:\/\/canvashifi.com\/fr\/wp-json\/wp\/v2\/types\/product"}],"wp:featuredmedia":[{"embeddable":true,"href":"https:\/\/canvashifi.com\/fr\/wp-json\/wp\/v2\/media\/6113"}],"wp:attachment":[{"href":"https:\/\/canvashifi.com\/fr\/wp-json\/wp\/v2\/media?parent=1855"}],"wp:term":[{"taxonomy":"size","embeddable":true,"href":"https:\/\/canvashifi.com\/fr\/wp-json\/wp\/v2\/size?post=1855"},{"taxonomy":"product_brand","embeddable":true,"href":"https:\/\/canvashifi.com\/fr\/wp-json\/wp\/v2\/product_brand?post=1855"},{"taxonomy":"product_cat","embeddable":true,"href":"https:\/\/canvashifi.com\/fr\/wp-json\/wp\/v2\/product_cat?post=1855"},{"taxonomy":"product_tag","embeddable":true,"href":"https:\/\/canvashifi.com\/fr\/wp-json\/wp\/v2\/product_tag?post=1855"},{"taxonomy":"farve","embeddable":true,"href":"https:\/\/canvashifi.com\/fr\/wp-json\/wp\/v2\/farve?post=1855"},{"taxonomy":"maerker","embeddable":true,"href":"https:\/\/canvashifi.com\/fr\/wp-json\/wp\/v2\/maerker?post=1855"},{"taxonomy":"serie","embeddable":true,"href":"https:\/\/canvashifi.com\/fr\/wp-json\/wp\/v2\/serier?post=1855"},{"taxonomy":"kampagne","embeddable":true,"href":"https:\/\/canvashifi.com\/fr\/wp-json\/wp\/v2\/kampagne?post=1855"},{"taxonomy":"tempcat","embeddable":true,"href":"https:\/\/canvashifi.com\/fr\/wp-json\/wp\/v2\/tempcat?post=1855"}],"curies":[{"name":"wp","href":"https:\/\/api.w.org\/{rel}","templated":true}]}}