{"id":3043,"date":"2025-02-18T14:10:21","date_gmt":"2025-02-18T13:10:21","guid":{"rendered":"https:\/\/canvashifi.com\/product\/zen-microphone-wireless\/"},"modified":"2026-04-15T08:36:58","modified_gmt":"2026-04-15T06:36:58","slug":"zen-microphone-wireless","status":"publish","type":"product","link":"https:\/\/canvashifi.com\/fr\/products\/zen-microphone-wireless\/","title":{"rendered":"Microphone Zen - Sans fil"},"content":{"rendered":"<div>Les utilisateurs d'Android et d'iOS disposent d'un appareil de mesure de la puissance de l'appareil Zen qui leur permet d'utiliser automatiquement la m\u00e9moire de CANVAS. Les tablettes et les smartphones ne peuvent pas \u00eatre endommag\u00e9s par l'utilisation de l'appareil, car celui-ci est reli\u00e9 directement \u00e0 CANVAS par WiFi.<\/div>\n<div><\/div>\n<div>Le microphones Zen est un microphones 2.4GHz WiFi et Bluetooth (Setup) \u00e9quip\u00e9 d'une batterie g\u00e9n\u00e9rique. Les donn\u00e9es sont envoy\u00e9es \u00e0 l'application CANVAS par l'interm\u00e9diaire d'une connexion r\u00e9seau. L'unit\u00e9 centrale du t\u00e9l\u00e9phone ou de la tablette est utilis\u00e9e pour g\u00e9rer et calibrer les donn\u00e9es. Con\u00e7ue pour alimenter votre ordinateur en \u00e9lectricit\u00e9 par\u00a0<strong>CANVAS<\/strong>. Il s'agit d'un produit de correction de la pi\u00e8ce qui am\u00e9liore la qualit\u00e9 de l'environnement Android et qui permet d'obtenir des paroles en vue d'am\u00e9liorer la qualit\u00e9 du son des iPhones. Attention, ce produit est compatible avec le r\u00e9seau 2,4 GHz.<\/div>","protected":false},"excerpt":{"rendered":"<p>Med Android- og iOS-enheder giver den kalibrerede tr\u00e5dl\u00f8se Zen-mikrofon mulighed for automatisk rumkorrektion af\u00a0CANVAS. Enhver tablet eller smartphone kan bruges til hurtigt at foretage m\u00e5lingen, da denne eksterne mikrofon forbindes direkte til\u00a0CANVASvia WiFi. Den tr\u00e5dl\u00f8se Zen-mikrofon er en 2.4GHz WiFi og Bluetooth (Setup) udstyret med genopladelig batteridrevet mikrofon. Den sender de indsamlede data til\u00a0CANVAS-appen via [&hellip;]<\/p>\n","protected":false},"featured_media":4175,"template":"","meta":{"_acf_changed":false},"size":[],"product_brand":[],"product_cat":[155],"product_tag":[],"farve":[122],"maerker":[],"serier":[],"kampagne":[],"tempcat":[],"class_list":{"0":"post-3043","1":"product","2":"type-product","3":"status-publish","4":"has-post-thumbnail","6":"product_cat-accessories","7":"farve-sort","9":"first","10":"instock","11":"featured","12":"taxable","13":"shipping-taxable","14":"purchasable","15":"product-type-simple"},"acf":[],"_links":{"self":[{"href":"https:\/\/canvashifi.com\/fr\/wp-json\/wp\/v2\/product\/3043","targetHints":{"allow":["GET"]}}],"collection":[{"href":"https:\/\/canvashifi.com\/fr\/wp-json\/wp\/v2\/product"}],"about":[{"href":"https:\/\/canvashifi.com\/fr\/wp-json\/wp\/v2\/types\/product"}],"wp:featuredmedia":[{"embeddable":true,"href":"https:\/\/canvashifi.com\/fr\/wp-json\/wp\/v2\/media\/4175"}],"wp:attachment":[{"href":"https:\/\/canvashifi.com\/fr\/wp-json\/wp\/v2\/media?parent=3043"}],"wp:term":[{"taxonomy":"size","embeddable":true,"href":"https:\/\/canvashifi.com\/fr\/wp-json\/wp\/v2\/size?post=3043"},{"taxonomy":"product_brand","embeddable":true,"href":"https:\/\/canvashifi.com\/fr\/wp-json\/wp\/v2\/product_brand?post=3043"},{"taxonomy":"product_cat","embeddable":true,"href":"https:\/\/canvashifi.com\/fr\/wp-json\/wp\/v2\/product_cat?post=3043"},{"taxonomy":"product_tag","embeddable":true,"href":"https:\/\/canvashifi.com\/fr\/wp-json\/wp\/v2\/product_tag?post=3043"},{"taxonomy":"farve","embeddable":true,"href":"https:\/\/canvashifi.com\/fr\/wp-json\/wp\/v2\/farve?post=3043"},{"taxonomy":"maerker","embeddable":true,"href":"https:\/\/canvashifi.com\/fr\/wp-json\/wp\/v2\/maerker?post=3043"},{"taxonomy":"serie","embeddable":true,"href":"https:\/\/canvashifi.com\/fr\/wp-json\/wp\/v2\/serier?post=3043"},{"taxonomy":"kampagne","embeddable":true,"href":"https:\/\/canvashifi.com\/fr\/wp-json\/wp\/v2\/kampagne?post=3043"},{"taxonomy":"tempcat","embeddable":true,"href":"https:\/\/canvashifi.com\/fr\/wp-json\/wp\/v2\/tempcat?post=3043"}],"curies":[{"name":"wp","href":"https:\/\/api.w.org\/{rel}","templated":true}]}}