{"id":50,"date":"2024-07-03T12:02:24","date_gmt":"2024-07-03T10:02:24","guid":{"rendered":"https:\/\/lbs.dk\/cnvshf\/produkt\/canvas-77-walnut\/"},"modified":"2026-04-15T09:17:18","modified_gmt":"2026-04-15T07:17:18","slug":"canvas-77-walnut","status":"publish","type":"product","link":"https:\/\/canvashifi.com\/fr\/products\/canvas-77-walnut\/","title":{"rendered":"CANVAS 77\" Noyer"},"content":{"rendered":"<h2>CANVAS est un simple produit fini\u00a0<span style=\"color: #70757a; font-family: arial, sans-serif; font-size: 14px;\">-<\/span>\u00a0det er en innovativ ide<\/h2>\n<p>L'introduction du CANVAS 77\" marque une nouvelle \u00e8re dans le domaine de la technologie lyrique compacte et robuste. Gr\u00e2ce \u00e0 sa fa\u00e7ade raffin\u00e9e, ce mod\u00e8le est con\u00e7u pour apporter une touche d'\u00e9l\u00e9gance \u00e0 l'ensemble de la maison, mais aussi pour faire des compromis en mati\u00e8re de qualit\u00e9 de l'air. Il s'agit d'une solution id\u00e9ale pour l'installation dans un grand bolide. CANVAS 77\" est un m\u00e9lange id\u00e9al de forme et de fonction.<\/p>\n<p><strong>Panneau d'affichage en toile CANVAS<br \/>\n<\/strong>Sur la base d'une simple structure de base, le CANVAS 77\" est \u00e9quip\u00e9 de composants lyriques de pointe, ce qui lui conf\u00e8re un niveau de puissance sup\u00e9rieur \u00e0 celui des autres syst\u00e8mes de longue dur\u00e9e. Les composants haut de gamme de SB Acoustics et un r\u00e9glage pr\u00e9cis de la tension permettent d'obtenir une tonalit\u00e9 et des d\u00e9tails optimaux gr\u00e2ce \u00e0 un r\u00e9glage pr\u00e9cis de la tension. Ce mod\u00e8le est id\u00e9al pour tous ceux qui recherchent un niveau d'\u00e9coute \u00e9lev\u00e9 pour un prix modique.<\/p>\n<p><strong>Rumkorrektion med BACCH 3D teknologi<br \/>\n<\/strong>Gr\u00e2ce \u00e0 sa correction intelligente des bruits et \u00e0 la technologie BACCH 3D, CANVAS 77\" est parfaitement adapt\u00e9 \u00e0 l'esth\u00e9tique de la maison, garantissant ainsi une lumi\u00e8re intense et d\u00e9taill\u00e9e, m\u00eame dans les endroits les plus exigus. Ce mod\u00e8le est le fruit d'un travail de longue haleine et d'un design complet.<\/p>\n<p><strong>Un am\u00e9nagement parfait pour tous les t\u00e9l\u00e9viseurs de 77 pouces<\/strong><br \/>\nLe design du CANVAS 77\" avec fa\u00e7ade en verre est con\u00e7u pour compl\u00e9ter et am\u00e9liorer les t\u00e9l\u00e9viseurs 77\". Gr\u00e2ce \u00e0 sa conception universelle, ce mod\u00e8le garantit que, quel que soit le mod\u00e8le de t\u00e9l\u00e9viseur 77\" que vous poss\u00e9dez, le CANVAS 77\" int\u00e9grera votre probl\u00e8me et rem\u00e9diera \u00e0 vos probl\u00e8mes audiovisuels. Vous obtiendrez ainsi une combinaison harmonieuse des qualit\u00e9s visuelles et auditives de votre t\u00e9l\u00e9viseur.<\/p>\n<p><strong>Le montage de la flamme - en place ou \u00e0 l'arr\u00eat<\/strong><br \/>\nLe CANVAS 77\" est dot\u00e9 d'une large surface de travail et d'une structure stable, ce qui lui permet de s'adapter \u00e0 toutes les situations, m\u00eame si vous souhaitez int\u00e9grer un syst\u00e8me \u00e0 votre int\u00e9rieur. Pour que vous puissiez profiter d'une \u00e9l\u00e9gante solution de rechange, ou d'une installation traditionnelle pour une simple installation d'\u00e9clairage, le CANVAS 77\" est dot\u00e9 d'une face avant qui vous permet de profiter d'une solution personnalis\u00e9e et tranquille. Avec ces modules de montage flexibles, il est possible d'ajuster le niveau d'\u00e9clairage afin de r\u00e9duire la consommation d'\u00e9nergie et, si cela est n\u00e9cessaire, de placer des modules de montage flexibles et de les placer \u00e0 l'avant du t\u00e9l\u00e9viseur ou de les placer dans le t\u00e9l\u00e9viseur.<\/p>\n<p>Voir la boutique en ligne internationale de CANVAS ici\u00a0<a title=\"CANVAS HiFi\" href=\"https:\/\/canvashifi.com\/fr\/\" target=\"_blank\" rel=\"noopener\">www.canvashifi.com<\/a><\/p>","protected":false},"excerpt":{"rendered":"<p>CANVAS er mere end et produkt\u00a0\u2014\u00a0det er en innovativ id\u00e9 Introduktionen af CANVAS 77\" markerer en ny \u00e6ra inden for kompakt og stilfuld\u00a0lydteknologi. Med sin raffinerede valn\u00f8dsfront er denne model designet til at tilf\u00f8re et touch af elegance til ethvert rum, uden at g\u00e5 p\u00e5 kompromis med lydkvaliteten. Falder perfekt ind i indretningen i en [&hellip;]<\/p>\n","protected":false},"featured_media":6113,"template":"","meta":{"_acf_changed":false},"size":[577],"product_brand":[],"product_cat":[153],"product_tag":[106,99],"farve":[87],"maerker":[],"serier":[],"kampagne":[],"tempcat":[],"class_list":{"0":"post-50","1":"product","2":"type-product","3":"status-publish","4":"has-post-thumbnail","6":"size-577","7":"product_cat-canvas","8":"product_tag-canvas-77","9":"product_tag-quickrequest","10":"product_shipping_class-free","11":"farve-moerk-trae","13":"first","14":"instock","15":"taxable","16":"shipping-taxable","17":"purchasable","18":"product-type-simple"},"acf":[],"_links":{"self":[{"href":"https:\/\/canvashifi.com\/fr\/wp-json\/wp\/v2\/product\/50","targetHints":{"allow":["GET"]}}],"collection":[{"href":"https:\/\/canvashifi.com\/fr\/wp-json\/wp\/v2\/product"}],"about":[{"href":"https:\/\/canvashifi.com\/fr\/wp-json\/wp\/v2\/types\/product"}],"wp:featuredmedia":[{"embeddable":true,"href":"https:\/\/canvashifi.com\/fr\/wp-json\/wp\/v2\/media\/6113"}],"wp:attachment":[{"href":"https:\/\/canvashifi.com\/fr\/wp-json\/wp\/v2\/media?parent=50"}],"wp:term":[{"taxonomy":"size","embeddable":true,"href":"https:\/\/canvashifi.com\/fr\/wp-json\/wp\/v2\/size?post=50"},{"taxonomy":"product_brand","embeddable":true,"href":"https:\/\/canvashifi.com\/fr\/wp-json\/wp\/v2\/product_brand?post=50"},{"taxonomy":"product_cat","embeddable":true,"href":"https:\/\/canvashifi.com\/fr\/wp-json\/wp\/v2\/product_cat?post=50"},{"taxonomy":"product_tag","embeddable":true,"href":"https:\/\/canvashifi.com\/fr\/wp-json\/wp\/v2\/product_tag?post=50"},{"taxonomy":"farve","embeddable":true,"href":"https:\/\/canvashifi.com\/fr\/wp-json\/wp\/v2\/farve?post=50"},{"taxonomy":"maerker","embeddable":true,"href":"https:\/\/canvashifi.com\/fr\/wp-json\/wp\/v2\/maerker?post=50"},{"taxonomy":"serie","embeddable":true,"href":"https:\/\/canvashifi.com\/fr\/wp-json\/wp\/v2\/serier?post=50"},{"taxonomy":"kampagne","embeddable":true,"href":"https:\/\/canvashifi.com\/fr\/wp-json\/wp\/v2\/kampagne?post=50"},{"taxonomy":"tempcat","embeddable":true,"href":"https:\/\/canvashifi.com\/fr\/wp-json\/wp\/v2\/tempcat?post=50"}],"curies":[{"name":"wp","href":"https:\/\/api.w.org\/{rel}","templated":true}]}}