{"id":52,"date":"2023-10-23T13:43:16","date_gmt":"2023-10-23T11:43:16","guid":{"rendered":"https:\/\/lbs.dk\/cnvshf\/produkt\/canvas-77-dark-blue\/"},"modified":"2026-04-15T13:57:14","modified_gmt":"2026-04-15T11:57:14","slug":"canvas-77-dark-blue","status":"publish","type":"product","link":"https:\/\/canvashifi.com\/fr\/products\/canvas-77-dark-blue\/","title":{"rendered":"CANVAS 77\" Bleu fonc\u00e9"},"content":{"rendered":"<h2>CANVAS est un simple produit fini\u00a0<span style=\"color: #70757a; font-family: arial, sans-serif; font-size: 14px;\">-<\/span>\u00a0det er en innovativ ide<\/h2>\n<p>L'introduction du CANVAS 77\" marque une nouvelle \u00e8re dans le domaine de la technologie lyrique compacte et durable. Gr\u00e2ce \u00e0 sa fa\u00e7ade raffin\u00e9e, ce mod\u00e8le est con\u00e7u pour apporter une touche d'\u00e9l\u00e9gance \u00e0 l'ensemble de la salle de bain, mais aussi pour faire des compromis en mati\u00e8re de qualit\u00e9 de l'air. Il s'agit d'une solution id\u00e9ale pour l'installation dans une grande salle de bain. CANVAS 77\" est un m\u00e9lange id\u00e9al de forme et de fonction.<\/p>\n<p><strong>Panneau d'affichage en toile CANVAS<br \/>\n<\/strong>Sur la base d'une simple structure de base, le CANVAS 77\" est \u00e9quip\u00e9 de composants lyriques de pointe, ce qui lui conf\u00e8re un niveau de puissance sup\u00e9rieur \u00e0 celui des autres syst\u00e8mes de longue dur\u00e9e. Les composants haut de gamme de SB Acoustics et un r\u00e9glage pr\u00e9cis de la tension permettent d'obtenir une tonalit\u00e9 et des d\u00e9tails optimaux gr\u00e2ce \u00e0 un r\u00e9glage pr\u00e9cis de la tension. Ce mod\u00e8le est id\u00e9al pour tous ceux qui recherchent un niveau d'\u00e9coute \u00e9lev\u00e9 pour un prix modique.<\/p>\n<p><strong>Rumkorrektion med BACCH 3D teknologi<br \/>\n<\/strong>Gr\u00e2ce \u00e0 sa correction intelligente des bruits et \u00e0 la technologie BACCH 3D, CANVAS 77\" est parfaitement adapt\u00e9 \u00e0 l'esth\u00e9tique de la maison, garantissant ainsi une lumi\u00e8re intense et d\u00e9taill\u00e9e, m\u00eame dans les endroits les plus exigus. Ce mod\u00e8le est le fruit d'un travail de longue haleine et d'un design complet.<\/p>\n<p><strong>Un am\u00e9nagement parfait pour tous les t\u00e9l\u00e9viseurs de 77 pouces<\/strong><br \/>\nDesignet af CANVAS 77\" med m\u00f8rkebl\u00e5\u00a0front er n\u00f8je udformet for at komplementere og forbedre enhver 77\" tommer TV-oplevelse. Med sin universelle tilpasning garanterer denne model, at uanset hvilken 77\" tommer TV du har, vil CANVAS 77\" integrere sig problemfrit og\u00a0forbedre din audiovisuelle underholdning. Oplev en s\u00f8ml\u00f8s og harmonisk kombination af visuel og auditiv kvalitet i dit hjem.<\/p>\n<p><strong>Le montage de la flamme - en place ou \u00e0 l'arr\u00eat<\/strong><br \/>\nCANVAS 77\" kommer med b\u00e5de v\u00e6gh\u00e6ngt og st\u00e5ende beslag, hvilket giver dig fuld frihed til at v\u00e6lge, hvordan du \u00f8nsker at integrere systemet i dit hjem. Uanset om du foretr\u00e6kker en elegant v\u00e6gh\u00e6ngt ops\u00e6tning for at spare plads, eller en traditionel st\u00e5ende placering for en mere fleksibel tilstedev\u00e6relse, har CANVAS 77\" med m\u00f8rkebl\u00e5\u00a0front alt, hvad du beh\u00f8ver for en personlig og stilfuld ops\u00e6tning. Med disse fleksible monteringsmuligheder kan du skr\u00e6ddersy din lydoplevelse til netop din boligindretning og hvis dine behov med tiden \u00e6ndres sikre fleksibel placering og mulighed for front i anden st\u00f8rrelse eller farve en nem tilpasning til anden tv-st\u00f8rrelse eller placering.<\/p>\n<p>Voir la boutique en ligne internationale de CANVAS ici\u00a0<a title=\"CANVAS HiFi\" href=\"https:\/\/canvashifi.com\/fr\/\" target=\"_blank\" rel=\"noopener\">www.canvashifi.com<\/a><\/p>","protected":false},"excerpt":{"rendered":"<p>CANVAS er mere end et produkt\u00a0\u2014\u00a0det er en innovativ id\u00e9 Introduktionen af CANVAS 77\" markerer en ny \u00e6ra inden for kompakt og stilfuld\u00a0lydteknologi. Med sin raffinerede m\u00f8rkebl\u00e5\u00a0front er denne model designet til at tilf\u00f8re et touch af elegance til ethvert rum, uden at g\u00e5 p\u00e5 kompromis med lydkvaliteten. Falder perfekt ind i indretningen i en [&hellip;]<\/p>\n","protected":false},"featured_media":4209,"template":"","meta":{"_acf_changed":false},"size":[577],"product_brand":[],"product_cat":[153],"product_tag":[106,99],"farve":[121],"maerker":[],"serier":[],"kampagne":[],"tempcat":[],"class_list":{"0":"post-52","1":"product","2":"type-product","3":"status-publish","4":"has-post-thumbnail","6":"size-577","7":"product_cat-canvas","8":"product_tag-canvas-77","9":"product_tag-quickrequest","10":"product_shipping_class-free","11":"farve-blaa","13":"first","14":"instock","15":"taxable","16":"shipping-taxable","17":"purchasable","18":"product-type-simple"},"acf":[],"_links":{"self":[{"href":"https:\/\/canvashifi.com\/fr\/wp-json\/wp\/v2\/product\/52","targetHints":{"allow":["GET"]}}],"collection":[{"href":"https:\/\/canvashifi.com\/fr\/wp-json\/wp\/v2\/product"}],"about":[{"href":"https:\/\/canvashifi.com\/fr\/wp-json\/wp\/v2\/types\/product"}],"wp:featuredmedia":[{"embeddable":true,"href":"https:\/\/canvashifi.com\/fr\/wp-json\/wp\/v2\/media\/4209"}],"wp:attachment":[{"href":"https:\/\/canvashifi.com\/fr\/wp-json\/wp\/v2\/media?parent=52"}],"wp:term":[{"taxonomy":"size","embeddable":true,"href":"https:\/\/canvashifi.com\/fr\/wp-json\/wp\/v2\/size?post=52"},{"taxonomy":"product_brand","embeddable":true,"href":"https:\/\/canvashifi.com\/fr\/wp-json\/wp\/v2\/product_brand?post=52"},{"taxonomy":"product_cat","embeddable":true,"href":"https:\/\/canvashifi.com\/fr\/wp-json\/wp\/v2\/product_cat?post=52"},{"taxonomy":"product_tag","embeddable":true,"href":"https:\/\/canvashifi.com\/fr\/wp-json\/wp\/v2\/product_tag?post=52"},{"taxonomy":"farve","embeddable":true,"href":"https:\/\/canvashifi.com\/fr\/wp-json\/wp\/v2\/farve?post=52"},{"taxonomy":"maerker","embeddable":true,"href":"https:\/\/canvashifi.com\/fr\/wp-json\/wp\/v2\/maerker?post=52"},{"taxonomy":"serie","embeddable":true,"href":"https:\/\/canvashifi.com\/fr\/wp-json\/wp\/v2\/serier?post=52"},{"taxonomy":"kampagne","embeddable":true,"href":"https:\/\/canvashifi.com\/fr\/wp-json\/wp\/v2\/kampagne?post=52"},{"taxonomy":"tempcat","embeddable":true,"href":"https:\/\/canvashifi.com\/fr\/wp-json\/wp\/v2\/tempcat?post=52"}],"curies":[{"name":"wp","href":"https:\/\/api.w.org\/{rel}","templated":true}]}}